{"id":1016003,"date":"2024-06-17T15:03:09","date_gmt":"2024-06-17T07:03:09","guid":{"rendered":"https:\/\/vimaterial.de\/product\/zinc-metalico\/"},"modified":"2025-03-27T16:30:41","modified_gmt":"2025-03-27T08:30:41","slug":"zinc-metalico","status":"publish","type":"product","link":"https:\/\/vimaterial.de\/es\/product\/zinc-metalico\/","title":{"rendered":"Zinc met\u00e1lico"},"content":{"rendered":"<p><span style=\"font-family: arial, helvetica, sans-serif; font-size: 12pt;\">El zinc met\u00e1lico es un metal de transici\u00f3n blanco azulado, brillante y antimagn\u00e9tico. Es ligeramente menos denso que el hierro y tiene una estructura cristalina hexagonal.<\/span><\/p>\n<p><span style=\"font-family: arial, helvetica, sans-serif; font-size: 12pt;\">VIMATERIAL puede proporcionar objetivos de zinc en varios paquetes y especificaciones. Los blancos de zinc producidos por nuestra empresa se caracterizan por su alta pureza y excelente calidad, y nuestros clientes han respondido muy favorablemente a la calidad de este producto. El zinc es qu\u00edmicamente m\u00e1s activo y tiene un papel indispensable en la producci\u00f3n industrial pr\u00e1ctica. <\/span><\/p>\n<p><span style=\"color: #0000ff; font-family: arial, helvetica, sans-serif; font-size: 12pt;\"><a style=\"color: #0000ff;\" href=\"https:\/\/vimaterial.de\/es\/contacto\/\">Cont\u00e1ctenos.<\/a><\/span><\/p>\n<h2><span style=\"font-family: arial, helvetica, sans-serif; font-size: 14pt;\">Propiedades f\u00edsicas:<\/span><\/h2>\n<p><span style=\"font-family: arial, helvetica, sans-serif; font-size: 12pt;\">F\u00f3rmula molecular: Zn.<\/span><\/p>\n<p><span style=\"font-family: arial, helvetica, sans-serif; font-size: 12pt;\">Peso molecular: 65,39.<\/span><\/p>\n<p><span style=\"font-family: arial, helvetica, sans-serif; font-size: 12pt;\">Aspecto: gris plateado<\/span><\/p>\n<p><span style=\"font-family: arial, helvetica, sans-serif; font-size: 12pt;\">Punto de fusi\u00f3n:692.68 K (419.53 \u00b0C, 787.15 \u00b0F)<\/span><\/p>\n<p><span style=\"font-family: arial, helvetica, sans-serif; font-size: 12pt;\">Punto de ebullici\u00f3n:1180 K (907 \u00b0C, 1665 \u00b0F)<\/span><\/p>\n<p><span style=\"font-family: arial, helvetica, sans-serif; font-size: 12pt;\">Densidad (cerca de r.t.):7.14 g\/cm3 <\/span><\/p>\n<p><span style=\"font-family: arial, helvetica, sans-serif; font-size: 12pt;\">Estructura cristalina: Sistema cristalino hexagonal compacto.<\/span><\/p>\n<h2><span style=\"font-family: arial, helvetica, sans-serif; font-size: 14pt;\">Aplicaci\u00f3n:<\/span><\/h2>\n<p><span style=\"font-family: arial, helvetica, sans-serif; font-size: 12pt;\">Es un metal insustituible y bastante importante en la fabricaci\u00f3n de bater\u00edas. Se pueden formar diferentes tipos de aleaciones de zinc a baja temperatura agregando otros elementos.<\/span><\/p>\n<p><span style=\"font-family: arial, helvetica, sans-serif; font-size: 12pt;\">Muchas aleaciones lo contienen. El lat\u00f3n, por ejemplo, es una aleaci\u00f3n de zinc y cobre. Otros metales que pueden formar aleaciones binarias con el zinc son el aluminio, el antimonio, la plata, el esta\u00f1o, el magnesio, el cobalto, el n\u00edquel, el telurio, el cadmio, el plomo, el titanio y el sodio.<\/span><\/p>\n<h2><span style=\"font-family: arial, helvetica, sans-serif; font-size: 14pt;\">Embalaje y almacenamiento:<\/span><\/h2>\n<p>El objetivo de pulverizaci\u00f3n cat\u00f3dica de metal de zinc se empaqueta en una bolsa de vac\u00edo o una botella de vac\u00edo en una caja de cart\u00f3n para garantizar un transporte seguro.<\/p>\n<p><span style=\"font-family: arial, helvetica, sans-serif; font-size: 12pt;\">El zinc met\u00e1lico debe almacenarse en un ambiente seco, fresco y ventilado, sellado contra la humedad, evitando el contacto con sustancias corrosivas y evitando la oxidaci\u00f3n y la contaminaci\u00f3n. Control:<\/span><\/p>\n<p><span style=\"font-family: arial, helvetica, sans-serif; font-size: 12pt;\">Cada lote de productos tiene un COA adjunto y un informe de an\u00e1lisis, todos los productos est\u00e1n calificados, tenga la seguridad de que el pedido.<\/span><\/p>\n","protected":false},"excerpt":{"rendered":"<p><span style=\"font-family: arial, helvetica, sans-serif; font-size: 12pt;\">El zinc met\u00e1lico es un metal de transici\u00f3n blanco azulado, brillante y antimagn\u00e9tico. Es ligeramente menos denso que el hierro y tiene una estructura cristalina hexagonal.<\/span><\/p>\n<p><span style=\"font-family: arial, helvetica, sans-serif; font-size: 12pt;\">VIMATERIAL puede proporcionar objetivos de zinc en varios paquetes y especificaciones. Los blancos de zinc producidos por nuestra empresa se caracterizan por su alta pureza y excelente calidad, y nuestros clientes han respondido muy favorablemente a la calidad de este producto. El zinc es qu\u00edmicamente m\u00e1s activo y tiene un papel indispensable en la producci\u00f3n industrial pr\u00e1ctica. <\/span><\/p>\n","protected":false},"featured_media":1003464,"comment_status":"open","ping_status":"closed","template":"","meta":{"_acf_changed":false},"product_brand":[],"product_cat":[178],"product_tag":[],"class_list":{"0":"post-1016003","1":"product","2":"type-product","3":"status-publish","4":"has-post-thumbnail","6":"product_cat-catodos-para-sputtering-planar","8":"first","9":"instock","10":"shipping-taxable","11":"purchasable","12":"product-type-variable"},"acf":[],"_links":{"self":[{"href":"https:\/\/vimaterial.de\/es\/wp-json\/wp\/v2\/product\/1016003","targetHints":{"allow":["GET"]}}],"collection":[{"href":"https:\/\/vimaterial.de\/es\/wp-json\/wp\/v2\/product"}],"about":[{"href":"https:\/\/vimaterial.de\/es\/wp-json\/wp\/v2\/types\/product"}],"replies":[{"embeddable":true,"href":"https:\/\/vimaterial.de\/es\/wp-json\/wp\/v2\/comments?post=1016003"}],"wp:featuredmedia":[{"embeddable":true,"href":"https:\/\/vimaterial.de\/es\/wp-json\/wp\/v2\/media\/1003464"}],"wp:attachment":[{"href":"https:\/\/vimaterial.de\/es\/wp-json\/wp\/v2\/media?parent=1016003"}],"wp:term":[{"taxonomy":"product_brand","embeddable":true,"href":"https:\/\/vimaterial.de\/es\/wp-json\/wp\/v2\/product_brand?post=1016003"},{"taxonomy":"product_cat","embeddable":true,"href":"https:\/\/vimaterial.de\/es\/wp-json\/wp\/v2\/product_cat?post=1016003"},{"taxonomy":"product_tag","embeddable":true,"href":"https:\/\/vimaterial.de\/es\/wp-json\/wp\/v2\/product_tag?post=1016003"}],"curies":[{"name":"wp","href":"https:\/\/api.w.org\/{rel}","templated":true}]}}