{"id":1015999,"date":"2024-06-17T15:03:12","date_gmt":"2024-06-17T07:03:12","guid":{"rendered":"https:\/\/vimaterial.de\/product\/estannato-de-zinc-zto-oxido-de-zinc-y-estano\/"},"modified":"2025-03-26T18:03:09","modified_gmt":"2025-03-26T10:03:09","slug":"estannato-de-zinc-zto-oxido-de-zinc-y-estano","status":"publish","type":"product","link":"https:\/\/vimaterial.de\/es\/product\/estannato-de-zinc-zto-oxido-de-zinc-y-estano\/","title":{"rendered":"Estannato de zinc (ZTO) (\u00f3xido de zinc y esta\u00f1o)"},"content":{"rendered":"<p><span style=\"font-family: arial, helvetica, sans-serif; font-size: 12pt;\">Los gr\u00e1nulos ZTO son part\u00edculas de \u00f3xido de zinc-esta\u00f1o. Es un \u00f3xido met\u00e1lico compuesto por los elementos zinc (Zn), esta\u00f1o (Sn) y ox\u00edgeno (O). <\/span><\/p>\n<p><span style=\"font-family: arial, helvetica, sans-serif; font-size: 12pt;\">VIMATERIAL puede proporcionar gr\u00e1nulos ZTO en varios paquetes y especificaciones, nuestra empresa produce gr\u00e1nulos ZTO con alta pureza y excelente calidad, nuestros clientes responden a que la calidad del producto es muy buena. ZTO tiene buenas propiedades \u00f3pticas, alta actividad fotocatal\u00edtica, estabilidad qu\u00edmica, tiene un papel indispensable en la producci\u00f3n industrial real.<\/span><\/p>\n<p><span style=\"color: #0000ff; font-family: arial, helvetica, sans-serif; font-size: 12pt;\"><a style=\"color: #0000ff;\" href=\"https:\/\/vimaterial.de\/es\/contacto\/\">Cont\u00e1ctenos.<\/a><\/span><\/p>\n<h2><span style=\"font-family: arial, helvetica, sans-serif; font-size: 14pt;\">Propiedades f\u00edsicas:<\/span><\/h2>\n<p><span style=\"font-family: arial, helvetica, sans-serif; font-size: 12pt;\">F\u00f3rmula molecular: ZnSnO\u2083<\/span><\/p>\n<p><span style=\"font-family: arial, helvetica, sans-serif; font-size: 12pt;\">Peso molecular: 232.087<\/span><\/p>\n<p><span style=\"font-family: arial, helvetica, sans-serif; font-size: 12pt;\">Aspecto: Blanco a blanco blanquecino<\/span><\/p>\n<p><span style=\"font-family: arial, helvetica, sans-serif; font-size: 12pt;\">Densidad: 4,25 g\/cm\u00b3<\/span><\/p>\n<p><span style=\"font-family: arial, helvetica, sans-serif; font-size: 12pt;\">Estructura cristalina: Tiene una estructura cristalina de tipo calcogenuro, en la que los iones de zinc (Zn\u00b2\u207a) y los iones de esta\u00f1o (Sn\u2074\u207a) ocupan juntos el sitio B en la estructura de calcogenuro, y los iones de ox\u00edgeno (O\u00b2-) forman una red c\u00fabica centrada en las caras.<\/span><\/p>\n<h2><span style=\"font-family: arial, helvetica, sans-serif; font-size: 14pt;\">Aplicaci\u00f3n:<\/span><\/h2>\n<p><span style=\"font-family: arial, helvetica, sans-serif; font-size: 12pt;\">Dispositivos electr\u00f3nicos: Se pueden utilizar como materiales de canal o materiales de capa activa en dispositivos semiconductores como transistores y tubos de efecto de campo. <\/span><\/p>\n<p><span style=\"font-family: arial, helvetica, sans-serif; font-size: 12pt;\">Pel\u00edculas conductoras transparentes: Se puede utilizar para preparar pel\u00edculas conductoras transparentes. Este tipo de pel\u00edcula tiene una amplia gama de aplicaciones en pantallas t\u00e1ctiles, pantallas de cristal l\u00edquido (LCD), pantallas de diodos emisores de luz org\u00e1nica (OLED) y otros campos. <\/span><\/p>\n<p><span style=\"font-family: arial, helvetica, sans-serif; font-size: 12pt;\">Campo del sensor: Debido a la sensibilidad de las part\u00edculas a ciertos gases (por ejemplo, hidr\u00f3geno, mon\u00f3xido de carbono, etc.), se puede utilizar para preparar sensores de gas.<\/span><\/p>\n<h2><span style=\"font-family: arial, helvetica, sans-serif; font-size: 14pt;\">Embalaje y almacenamiento:<\/span><\/h2>\n<p><span style=\"font-family: arial, helvetica, sans-serif; font-size: 12pt;\">El embalaje puede ser personalizable. Seleccionaremos el material de embalaje adecuado de acuerdo con la naturaleza del material granular. <\/span><\/p>\n<p>Los gr\u00e1nulos de estannato de zinc deben almacenarse en un ambiente seco, sellado y a prueba de humedad, mantenerse a temperatura ambiente y protegerse de la luz, almacenarse verticalmente y mantenerse alejado de \u00e1cidos y \u00e1lcalis y otras fuentes de contaminaci\u00f3n.<\/p>\n<h2><span style=\"font-family: arial, helvetica, sans-serif; font-size: 14pt;\">Control de calidad:<\/span><\/h2>\n<p><span style=\"font-family: arial, helvetica, sans-serif; font-size: 12pt;\">Cada lote de productos va acompa\u00f1ado de un COA y un informe de an\u00e1lisis, todos los productos est\u00e1n calificados, no dude en realizar un pedido.<\/span><\/p>\n","protected":false},"excerpt":{"rendered":"<p><span style=\"font-family: arial, helvetica, sans-serif; font-size: 12pt;\">Los gr\u00e1nulos ZTO son part\u00edculas de \u00f3xido de zinc-esta\u00f1o. Es un \u00f3xido met\u00e1lico compuesto por los elementos zinc (Zn), esta\u00f1o (Sn) y ox\u00edgeno (O). <\/span><\/p>\n<p><span style=\"font-family: arial, helvetica, sans-serif; font-size: 12pt;\">VIMATERIAL puede proporcionar gr\u00e1nulos ZTO en varios paquetes y especificaciones, nuestra empresa produce gr\u00e1nulos ZTO con alta pureza y excelente calidad, nuestros clientes responden a que la calidad del producto es muy buena. ZTO tiene buenas propiedades \u00f3pticas, alta actividad fotocatal\u00edtica, estabilidad qu\u00edmica, tiene un papel indispensable en la producci\u00f3n industrial real.<\/span><\/p>\n","protected":false},"featured_media":1003498,"comment_status":"open","ping_status":"closed","template":"","meta":{"_acf_changed":false},"product_brand":[],"product_cat":[179],"product_tag":[],"class_list":{"0":"post-1015999","1":"product","2":"type-product","3":"status-publish","4":"has-post-thumbnail","6":"product_cat-materiales-de-evaporacion","8":"first","9":"instock","10":"shipping-taxable","11":"product-type-variable"},"acf":[],"_links":{"self":[{"href":"https:\/\/vimaterial.de\/es\/wp-json\/wp\/v2\/product\/1015999","targetHints":{"allow":["GET"]}}],"collection":[{"href":"https:\/\/vimaterial.de\/es\/wp-json\/wp\/v2\/product"}],"about":[{"href":"https:\/\/vimaterial.de\/es\/wp-json\/wp\/v2\/types\/product"}],"replies":[{"embeddable":true,"href":"https:\/\/vimaterial.de\/es\/wp-json\/wp\/v2\/comments?post=1015999"}],"wp:featuredmedia":[{"embeddable":true,"href":"https:\/\/vimaterial.de\/es\/wp-json\/wp\/v2\/media\/1003498"}],"wp:attachment":[{"href":"https:\/\/vimaterial.de\/es\/wp-json\/wp\/v2\/media?parent=1015999"}],"wp:term":[{"taxonomy":"product_brand","embeddable":true,"href":"https:\/\/vimaterial.de\/es\/wp-json\/wp\/v2\/product_brand?post=1015999"},{"taxonomy":"product_cat","embeddable":true,"href":"https:\/\/vimaterial.de\/es\/wp-json\/wp\/v2\/product_cat?post=1015999"},{"taxonomy":"product_tag","embeddable":true,"href":"https:\/\/vimaterial.de\/es\/wp-json\/wp\/v2\/product_tag?post=1015999"}],"curies":[{"name":"wp","href":"https:\/\/api.w.org\/{rel}","templated":true}]}}