{"id":1015985,"date":"2024-06-17T15:04:20","date_gmt":"2024-06-17T07:04:20","guid":{"rendered":"https:\/\/vimaterial.de\/product\/arseniuro-de-zinc-2\/"},"modified":"2025-03-26T17:31:37","modified_gmt":"2025-03-26T09:31:37","slug":"arseniuro-de-zinc-2","status":"publish","type":"product","link":"https:\/\/vimaterial.de\/es\/product\/arseniuro-de-zinc-2\/","title":{"rendered":"Arseniuro de zinc"},"content":{"rendered":"<p><span style=\"font-family: arial, helvetica, sans-serif; font-size: 12pt;\">El arseniuro de zinc (Zn3As2) es un compuesto binario de zinc con ars\u00e9nico que forma cristales tetragonales grises.<\/span><\/p>\n<p><span style=\"font-family: arial, helvetica, sans-serif; font-size: 12pt;\">VIMATERIAL puede proporcionar gr\u00e1nulos de arseniuro de zinc en varios paquetes y especificaciones, nuestra empresa produce gr\u00e1nulos de arseniuro de zinc con alta pureza y excelente calidad, nuestros clientes tienen una muy buena respuesta a la calidad del producto. El arseniuro de zinc tiene propiedades estables, oxidantes y reductoras, que son indispensables en la producci\u00f3n industrial pr\u00e1ctica. <\/span><\/p>\n<p><span style=\"color: #0000ff; font-family: arial, helvetica, sans-serif; font-size: 12pt;\"><a style=\"color: #0000ff;\" href=\"https:\/\/vimaterial.de\/es\/contacto\/\">Cont\u00e1ctenos.<\/a><\/span><\/p>\n<h2><span style=\"font-family: arial, helvetica, sans-serif; font-size: 14pt;\">Propiedades f\u00edsicas:<\/span><\/h2>\n<p><span style=\"font-family: arial, helvetica, sans-serif; font-size: 12pt;\">F\u00f3rmula qu\u00edmica:Zn3As2<\/span><\/p>\n<p><span style=\"font-family: arial, helvetica, sans-serif; font-size: 12pt;\">Peso molecular: aprox. 347,27 g\/mol <\/span><\/p>\n<p><span style=\"font-family: arial, helvetica, sans-serif; font-size: 12pt;\">Aspecto:Gris oscuro s\u00f3lidoMolar<\/span><\/p>\n<p><span style=\"font-family: arial, helvetica, sans-serif; font-size: 12pt;\">Densidad:5.62g\u00b7cm-3<\/span><\/p>\n<p><span style=\"font-family: arial, helvetica, sans-serif; font-size: 12pt;\">Punto de fusi\u00f3n: 1015\u00b0C.<\/span><\/p>\n<p><span style=\"font-family: arial, helvetica, sans-serif; font-size: 12pt;\">Estructura cristalina: cristales tetragonales grises con una estructura cristalina tetragonal centrada en el cuerpo, sus par\u00e1metros celulares, contiene tres \u00e1tomos de zinc cristalogr\u00e1ficamente diferentes, todos los cuales est\u00e1n coordinados en tetraedros por \u00e1tomos de ars\u00e9nico, y a temperaturas elevadas, se producir\u00e1n transformaciones a otras estructuras.<\/span><\/p>\n<h2><span style=\"font-family: arial, helvetica, sans-serif; font-size: 12pt;\">\u00c1reas de aplicaci\u00f3n:<\/span><\/h2>\n<p><span style=\"font-family: arial, helvetica, sans-serif; font-size: 12pt;\">Reactivo experimental: se utiliza como reactivo en algunos experimentos o investigaciones qu\u00edmicas.<\/span><\/p>\n<p><span style=\"font-family: arial, helvetica, sans-serif; font-size: 12pt;\">Productos qu\u00edmicos finos: Se puede utilizar en el campo de los productos qu\u00edmicos finos para producir productos qu\u00edmicos o materiales espec\u00edficos.<\/span><\/p>\n<p><span style=\"font-family: arial, helvetica, sans-serif; font-size: 12pt;\">Productos intermedios farmac\u00e9uticos: se utilizan como productos intermedios farmac\u00e9uticos para participar en la s\u00edntesis o en el proceso de investigaci\u00f3n y desarrollo de algunos medicamentos.<\/span><\/p>\n<p><span style=\"font-family: arial, helvetica, sans-serif; font-size: 12pt;\">Intermedios materiales: en el campo de la ciencia de los materiales, se utilizan en la preparaci\u00f3n de materiales espec\u00edficos, como los materiales semiconductores.<\/span><\/p>\n<h2><span style=\"font-family: arial, helvetica, sans-serif; font-size: 12pt;\">Embalaje y almacenamiento:<\/span><\/h2>\n<p><span style=\"font-family: arial, helvetica, sans-serif; font-size: 12pt;\">El embalaje puede ser personalizable. Seleccionaremos el material de embalaje adecuado de acuerdo con la naturaleza del material granular. <\/span><\/p>\n<p><span style=\"font-family: arial, helvetica, sans-serif; font-size: 12pt;\">Los materiales de grano se proporcionan en bolsas, botellas y envases al vac\u00edo para garantizar la estabilidad de los materiales.<\/span><\/p>\n<h2><span style=\"font-family: arial, helvetica, sans-serif; font-size: 12pt;\">Control de calidad:<\/span><\/h2>\n<p><span style=\"font-family: arial, helvetica, sans-serif; font-size: 12pt;\">Cada lote de productos va acompa\u00f1ado de un COA y un informe de an\u00e1lisis, todos los productos est\u00e1n calificados, no dude en realizar un pedido.<\/span><\/p>\n","protected":false},"excerpt":{"rendered":"<p><span style=\"font-family: arial, helvetica, sans-serif; font-size: 12pt;\">El arseniuro de zinc (Zn3As2) es un compuesto binario de zinc con ars\u00e9nico que forma cristales tetragonales grises.<\/span><\/p>\n<p><span style=\"font-family: arial, helvetica, sans-serif; font-size: 12pt;\">VIMATERIAL puede proporcionar gr\u00e1nulos de arseniuro de zinc en varios paquetes y especificaciones, nuestra empresa produce gr\u00e1nulos de arseniuro de zinc con alta pureza y excelente calidad, nuestros clientes tienen una muy buena respuesta a la calidad del producto. El arseniuro de zinc tiene propiedades estables, oxidantes y reductoras, que son indispensables en la producci\u00f3n industrial pr\u00e1ctica.<\/span><\/p>\n","protected":false},"featured_media":1003505,"comment_status":"open","ping_status":"closed","template":"","meta":{"_acf_changed":false},"product_brand":[],"product_cat":[179],"product_tag":[],"class_list":{"0":"post-1015985","1":"product","2":"type-product","3":"status-publish","4":"has-post-thumbnail","6":"product_cat-materiales-de-evaporacion","8":"first","9":"instock","10":"shipping-taxable","11":"purchasable","12":"product-type-variable"},"acf":[],"_links":{"self":[{"href":"https:\/\/vimaterial.de\/es\/wp-json\/wp\/v2\/product\/1015985","targetHints":{"allow":["GET"]}}],"collection":[{"href":"https:\/\/vimaterial.de\/es\/wp-json\/wp\/v2\/product"}],"about":[{"href":"https:\/\/vimaterial.de\/es\/wp-json\/wp\/v2\/types\/product"}],"replies":[{"embeddable":true,"href":"https:\/\/vimaterial.de\/es\/wp-json\/wp\/v2\/comments?post=1015985"}],"wp:featuredmedia":[{"embeddable":true,"href":"https:\/\/vimaterial.de\/es\/wp-json\/wp\/v2\/media\/1003505"}],"wp:attachment":[{"href":"https:\/\/vimaterial.de\/es\/wp-json\/wp\/v2\/media?parent=1015985"}],"wp:term":[{"taxonomy":"product_brand","embeddable":true,"href":"https:\/\/vimaterial.de\/es\/wp-json\/wp\/v2\/product_brand?post=1015985"},{"taxonomy":"product_cat","embeddable":true,"href":"https:\/\/vimaterial.de\/es\/wp-json\/wp\/v2\/product_cat?post=1015985"},{"taxonomy":"product_tag","embeddable":true,"href":"https:\/\/vimaterial.de\/es\/wp-json\/wp\/v2\/product_tag?post=1015985"}],"curies":[{"name":"wp","href":"https:\/\/api.w.org\/{rel}","templated":true}]}}