{"id":1015972,"date":"2024-06-17T15:04:24","date_gmt":"2024-06-17T07:04:24","guid":{"rendered":"https:\/\/vimaterial.de\/product\/arseniuro-de-zinc\/"},"modified":"2025-03-26T17:16:49","modified_gmt":"2025-03-26T09:16:49","slug":"arseniuro-de-zinc","status":"publish","type":"product","link":"https:\/\/vimaterial.de\/es\/product\/arseniuro-de-zinc\/","title":{"rendered":"Arseniuro de zinc"},"content":{"rendered":"<p><span style=\"font-family: arial, helvetica, sans-serif; font-size: 12pt;\">El arseniuro de zinc es un compuesto inorg\u00e1nico. Es un material semiconductor importante.<\/span><\/p>\n<p><span style=\"font-family: arial, helvetica, sans-serif; font-size: 12pt;\">VIMATERIAL puede suministrar polvo de arseniuro de zinc en varios paquetes y especificaciones, nuestra empresa lo produce con alta pureza y excelente calidad, y la respuesta de nuestros clientes a la calidad de este producto es muy buena. Tiene propiedades oxidantes y reductoras, y tiene un papel indispensable en la producci\u00f3n industrial pr\u00e1ctica.<\/span><\/p>\n<p><span style=\"color: #0000ff;\"><a style=\"color: #0000ff;\" href=\"https:\/\/vimaterial.de\/es\/contacto\/\">Cont\u00e1ctenos.<\/a><\/span><\/p>\n<h2><span style=\"font-family: arial, helvetica, sans-serif; font-size: 14pt;\">Propiedades f\u00edsicas:<\/span><\/h2>\n<p><span style=\"font-family: arial, helvetica, sans-serif; font-size: 12pt;\">F\u00f3rmula molecular: Zn3As2.<\/span><\/p>\n<p><span style=\"font-family: arial, helvetica, sans-serif; font-size: 12pt;\">Peso molecular: 347,27 g \/ mol m\u00e1s o menos.<\/span><\/p>\n<p><span style=\"font-family: arial, helvetica, sans-serif; font-size: 12pt;\">Aspecto: cristal tetragonal gris.<\/span><\/p>\n<p><span style=\"font-family: arial, helvetica, sans-serif; font-size: 12pt;\">Densidad: no encontrada.<\/span><\/p>\n<p><span style=\"font-family: arial, helvetica, sans-serif; font-size: 12pt;\">Punto de fusi\u00f3n: No se han encontrado datos claros.<\/span><\/p>\n<p><span style=\"font-family: arial, helvetica, sans-serif; font-size: 12pt;\">Punto de ebullici\u00f3n: No se han encontrado datos claros.<\/span><\/p>\n<p><span style=\"font-family: arial, helvetica, sans-serif; font-size: 12pt;\">Estructura cristalina: Sistema cristalino tetragonal.<\/span><\/p>\n<h2><span style=\"font-family: arial, helvetica, sans-serif; font-size: 14pt;\">Aplicaciones:<\/span><\/h2>\n<p><span style=\"font-family: arial, helvetica, sans-serif; font-size: 12pt;\">Fabricaci\u00f3n de dispositivos electr\u00f3nicos: es un importante material semiconductor utilizado en la fabricaci\u00f3n de dispositivos electr\u00f3nicos como transistores, diodos y circuitos integrados.<\/span><\/p>\n<p><span style=\"font-family: arial, helvetica, sans-serif; font-size: 12pt;\">Investigaci\u00f3n y desarrollo de dispositivos optoelectr\u00f3nicos: tambi\u00e9n tiene importantes aplicaciones en dispositivos optoelectr\u00f3nicos, como diodos emisores de luz (LED) y diodos l\u00e1ser.<\/span><\/p>\n<p><span style=\"font-family: arial, helvetica, sans-serif; font-size: 12pt;\">Producci\u00f3n de c\u00e9lulas solares: se puede utilizar como material de la capa de absorci\u00f3n de las c\u00e9lulas solares, su coeficiente de absorci\u00f3n de la luz solar es alto, puede convertir la energ\u00eda solar en electricidad de manera m\u00e1s efectiva, mejorar la eficiencia de conversi\u00f3n fotoel\u00e9ctrica de las c\u00e9lulas solares.<\/span><\/p>\n<p><span style=\"font-family: arial, helvetica, sans-serif; font-size: 12pt;\">Fabricaci\u00f3n de detectores: se puede utilizar para fabricar detectores infrarrojos debido a sus buenas caracter\u00edsticas de absorci\u00f3n y respuesta a la luz infrarroja.<\/span><\/p>\n<p><span style=\"font-family: arial, helvetica, sans-serif; font-size: 12pt;\">Reactivo experimental: En experimentos qu\u00edmicos, se puede utilizar como reactivo especial para reacciones qu\u00edmicas espec\u00edficas o investigaci\u00f3n experimental para ayudar a los cient\u00edficos a explorar nuevos fen\u00f3menos qu\u00edmicos y m\u00e9todos de s\u00edntesis.<\/span><\/p>\n<h2><span style=\"font-family: arial, helvetica, sans-serif; font-size: 14pt;\">Embalaje y almacenamiento:<\/span><\/h2>\n<p><span style=\"font-family: arial, helvetica, sans-serif; font-size: 12pt;\">El embalaje se puede personalizar. Los materiales en polvo se pueden envasar en bolsas de vac\u00edo, frascos de vac\u00edo, botellas de vac\u00edo, etc. <\/span><\/p>\n<p><span style=\"font-family: arial, helvetica, sans-serif; font-size: 12pt;\">Los materiales en polvo se almacenan secos y se empaquetan en paquetes sellados para garantizar la estabilidad del material.<\/span><\/p>\n<h2><span style=\"font-family: arial, helvetica, sans-serif; font-size: 14pt;\">Control de calidad:<\/span><\/h2>\n<p><span style=\"font-family: arial, helvetica, sans-serif; font-size: 12pt;\">Cada lote de productos tiene un COA adjunto y un informe de an\u00e1lisis, todos los productos est\u00e1n calificados, tenga la seguridad de que el pedido.<\/span><\/p>\n","protected":false},"excerpt":{"rendered":"<p><span style=\"font-family: arial, helvetica, sans-serif; font-size: 12pt;\">El arseniuro de zinc es un compuesto inorg\u00e1nico. Es un material semiconductor importante.<\/span><\/p>\n<p><span style=\"font-family: arial, helvetica, sans-serif; font-size: 12pt;\">VIMATERIAL puede suministrar polvo de arseniuro de zinc en varios paquetes y especificaciones, nuestra empresa lo produce con alta pureza y excelente calidad, y la respuesta de nuestros clientes a la calidad de este producto es muy buena. Tiene propiedades oxidantes y reductoras, y tiene un papel indispensable en la producci\u00f3n industrial pr\u00e1ctica.<\/span><\/p>\n","protected":false},"featured_media":1003512,"comment_status":"open","ping_status":"closed","template":"","meta":{"_acf_changed":false},"product_brand":[],"product_cat":[194],"product_tag":[],"class_list":{"0":"post-1015972","1":"product","2":"type-product","3":"status-publish","4":"has-post-thumbnail","6":"product_cat-materiales-fosforados","8":"first","9":"instock","10":"shipping-taxable","11":"product-type-variable"},"acf":[],"_links":{"self":[{"href":"https:\/\/vimaterial.de\/es\/wp-json\/wp\/v2\/product\/1015972","targetHints":{"allow":["GET"]}}],"collection":[{"href":"https:\/\/vimaterial.de\/es\/wp-json\/wp\/v2\/product"}],"about":[{"href":"https:\/\/vimaterial.de\/es\/wp-json\/wp\/v2\/types\/product"}],"replies":[{"embeddable":true,"href":"https:\/\/vimaterial.de\/es\/wp-json\/wp\/v2\/comments?post=1015972"}],"wp:featuredmedia":[{"embeddable":true,"href":"https:\/\/vimaterial.de\/es\/wp-json\/wp\/v2\/media\/1003512"}],"wp:attachment":[{"href":"https:\/\/vimaterial.de\/es\/wp-json\/wp\/v2\/media?parent=1015972"}],"wp:term":[{"taxonomy":"product_brand","embeddable":true,"href":"https:\/\/vimaterial.de\/es\/wp-json\/wp\/v2\/product_brand?post=1015972"},{"taxonomy":"product_cat","embeddable":true,"href":"https:\/\/vimaterial.de\/es\/wp-json\/wp\/v2\/product_cat?post=1015972"},{"taxonomy":"product_tag","embeddable":true,"href":"https:\/\/vimaterial.de\/es\/wp-json\/wp\/v2\/product_tag?post=1015972"}],"curies":[{"name":"wp","href":"https:\/\/api.w.org\/{rel}","templated":true}]}}