{"id":1015921,"date":"2024-06-17T14:51:32","date_gmt":"2024-06-17T06:51:32","guid":{"rendered":"https:\/\/vimaterial.de\/product\/cromato-de-niquel-oxido-de-niquel-y-cromo\/"},"modified":"2025-04-15T17:11:59","modified_gmt":"2025-04-15T09:11:59","slug":"cromato-de-niquel-oxido-de-niquel-y-cromo","status":"publish","type":"product","link":"https:\/\/vimaterial.de\/es\/product\/cromato-de-niquel-oxido-de-niquel-y-cromo\/","title":{"rendered":"cromato de n\u00edquel (\u00f3xido de n\u00edquel y cromo)"},"content":{"rendered":"<p>El polvo de cromato de n\u00edquel es un polvo compuesto que contiene los elementos n\u00edquel y cromo, generalmente de color verde o amarillo, es qu\u00edmicamente estable y tiene un papel que desempe\u00f1ar en industrias como el enchapado, pigmentos, catalizadores, etc. Debe almacenarse y usarse con cuidado para evitar peligros para los seres humanos y el medio ambiente. <\/p>\n<p>VIAMTERIAL suministra polvo Inconel 600, nuestro polvo se caracteriza por su alta pureza, tama\u00f1o de part\u00edcula uniforme, buena fluidez, buena compactaci\u00f3n, fuerte estabilidad qu\u00edmica y apoyamos el envasado y pedido de lotes peque\u00f1os. Contamos con un equipo profesional de investigaci\u00f3n y desarrollo t\u00e9cnico, aceptamos la personalizaci\u00f3n del producto y los experimentos,<span style=\"color: #0000ff;\"><a style=\"color: #0000ff;\" href=\"https:\/\/vimaterial.de\/en\/contact-us\/\"> cont\u00e1ctenos.<\/a><\/span> <\/p>\n<h2><span style=\"font-size: 14pt;\">Propiedades f\u00edsicas<\/span><\/h2>\n<p>F\u00f3rmula molecular: NiCrO3<\/p>\n<p>Peso molecular: alrededor de 158.69<\/p>\n<p>Aspecto: generalmente polvo verde o verde oscuro<\/p>\n<p>Estructura cristalina: generalmente ortorr\u00f3mbica<\/p>\n<h2><span style=\"font-size: 14pt;\">Aplicaciones<\/span><\/h2>\n<p>Cer\u00e1mica: El polvo de cromato de n\u00edquel se puede utilizar para preparar materiales cer\u00e1micos con propiedades especiales y mejorar las propiedades el\u00e9ctricas y magn\u00e9ticas de la cer\u00e1mica.<\/p>\n<p>Campo electr\u00f3nico: En la fabricaci\u00f3n de componentes electr\u00f3nicos, se puede utilizar como aditivo o materias primas para la producci\u00f3n de pastas electr\u00f3nicas, condensadores cer\u00e1micos multicapa y otros componentes electr\u00f3nicos.<\/p>\n<p>Campo catal\u00edtico: Se puede utilizar como catalizador para diversas reacciones qu\u00edmicas para mejorar la eficiencia y la selectividad de la reacci\u00f3n.<\/p>\n<p>Campo energ\u00e9tico: Se puede aplicar a la preparaci\u00f3n de materiales de almacenamiento y conversi\u00f3n de energ\u00eda, como bater\u00edas de iones de litio, para mejorar el rendimiento de la bater\u00eda.<\/p>\n<p>Campo metal\u00fargico: Se puede utilizar como aditivo de elementos de aleaci\u00f3n para mejorar el rendimiento de los materiales met\u00e1licos, como la dureza y la resistencia a la corrosi\u00f3n.<\/p>\n<h2><span style=\"font-size: 14pt;\">Control de calidad<\/span><\/h2>\n<p><span style=\"color: #0000ff;\"><a style=\"color: #0000ff;\" href=\"https:\/\/vimaterial.de\/en\/quality-control\/\">El control de calidad<\/a> <\/span>de cada lote de productos se lleva a cabo a lo largo de todo el proceso de adquisici\u00f3n de materias primas, producci\u00f3n y procesamiento, pruebas e inspecci\u00f3n y embalaje, siguiendo estrictamente los est\u00e1ndares internacionales y las normas de la industria. Nuestra empresa cuenta con equipos de prueba avanzados, un equipo de inspecci\u00f3n de calidad profesional y un estricto sistema de control de calidad para garantizar la calidad de los productos. <\/p>\n<h2><span style=\"font-size: 14pt;\">Embalaje y almacenamiento<\/span><\/h2>\n<p>Los polvos de cromato de n\u00edquel se envasan en botellas de doble vac\u00edo o bolsas de doble vac\u00edo en cajas de cart\u00f3n.<\/p>\n<p>Los polvos de cromato de n\u00edquel deben almacenarse en un ambiente seco, fresco y bien ventilado, lejos del fuego, el calor y el agua, fuera de la luz solar directa, y empaquetarse en un empaque sellado para evitar la humedad, la oxidaci\u00f3n y el contacto con \u00e1cidos, \u00e1lcalis y otras sustancias reactivas, as\u00ed como de acuerdo con las disposiciones de las Regulaciones de Almacenamiento de Productos Qu\u00edmicos Peligrosos para una colocaci\u00f3n adecuada.<\/p>\n","protected":false},"excerpt":{"rendered":"<p>El polvo de cromato de n\u00edquel es un polvo compuesto que contiene los elementos n\u00edquel y cromo, generalmente de color verde o amarillo, es qu\u00edmicamente estable y tiene un papel que desempe\u00f1ar en industrias como el enchapado, pigmentos, catalizadores, etc. Debe almacenarse y usarse con cuidado para evitar peligros para los seres humanos y el medio ambiente. <\/p>\n","protected":false},"featured_media":1002617,"comment_status":"open","ping_status":"closed","template":"","meta":{"_acf_changed":false},"product_brand":[],"product_cat":[187],"product_tag":[],"class_list":{"0":"post-1015921","1":"product","2":"type-product","3":"status-publish","4":"has-post-thumbnail","6":"product_cat-otros-materiales","8":"first","9":"instock","10":"shipping-taxable","11":"purchasable","12":"product-type-variable"},"acf":[],"_links":{"self":[{"href":"https:\/\/vimaterial.de\/es\/wp-json\/wp\/v2\/product\/1015921","targetHints":{"allow":["GET"]}}],"collection":[{"href":"https:\/\/vimaterial.de\/es\/wp-json\/wp\/v2\/product"}],"about":[{"href":"https:\/\/vimaterial.de\/es\/wp-json\/wp\/v2\/types\/product"}],"replies":[{"embeddable":true,"href":"https:\/\/vimaterial.de\/es\/wp-json\/wp\/v2\/comments?post=1015921"}],"wp:featuredmedia":[{"embeddable":true,"href":"https:\/\/vimaterial.de\/es\/wp-json\/wp\/v2\/media\/1002617"}],"wp:attachment":[{"href":"https:\/\/vimaterial.de\/es\/wp-json\/wp\/v2\/media?parent=1015921"}],"wp:term":[{"taxonomy":"product_brand","embeddable":true,"href":"https:\/\/vimaterial.de\/es\/wp-json\/wp\/v2\/product_brand?post=1015921"},{"taxonomy":"product_cat","embeddable":true,"href":"https:\/\/vimaterial.de\/es\/wp-json\/wp\/v2\/product_cat?post=1015921"},{"taxonomy":"product_tag","embeddable":true,"href":"https:\/\/vimaterial.de\/es\/wp-json\/wp\/v2\/product_tag?post=1015921"}],"curies":[{"name":"wp","href":"https:\/\/api.w.org\/{rel}","templated":true}]}}