{"id":1015908,"date":"2024-06-17T14:50:36","date_gmt":"2024-06-17T06:50:36","guid":{"rendered":"https:\/\/vimaterial.de\/product\/aleacion-de-niquel-y-cromo\/"},"modified":"2025-04-15T17:14:04","modified_gmt":"2025-04-15T09:14:04","slug":"aleacion-de-niquel-y-cromo","status":"publish","type":"product","link":"https:\/\/vimaterial.de\/es\/product\/aleacion-de-niquel-y-cromo\/","title":{"rendered":"Aleaci\u00f3n de n\u00edquel y cromo"},"content":{"rendered":"<p>Los objetivos de pulverizaci\u00f3n cat\u00f3dica de aleaci\u00f3n de <span style=\"color: #0000ff;\"><a style=\"color: #0000ff;\" href=\"https:\/\/vimaterial.de\/en\/product\/nickel-chromium-alloy\/\">n\u00edquel y cromo<\/a><\/span> son una aleaci\u00f3n de n\u00edquel y cromo, utilizada principalmente en el proceso de recubrimiento por pulverizaci\u00f3n cat\u00f3dica de deposici\u00f3n f\u00edsica de vapor para formar pel\u00edculas delgadas en el sustrato con buena resistencia a altas temperaturas, oxidaci\u00f3n, propiedades el\u00e9ctricas y muchas otras propiedades excelentes.<\/p>\n<p>VIMATERIAL ofrece objetivos de pulverizaci\u00f3n cat\u00f3dica de aleaci\u00f3n de n\u00edquel y cromo. Nuestros objetivos de pulverizaci\u00f3n cat\u00f3dica de aleaci\u00f3n de n\u00edquel y cromo se caracterizan por una excelente homogeneidad composicional, una pureza ultra alta y una excelente estabilidad a la pulverizaci\u00f3n cat\u00f3dica y se pueden suministrar con Tambi\u00e9n podemos proporcionar un servicio de encuadernaci\u00f3n de objetivos. Contamos con un equipo profesional del R&amp;D y podemos aceptar la personalizaci\u00f3n y los experimentos, por favor<span style=\"color: #0000ff;\"><a style=\"color: #0000ff;\" href=\"https:\/\/vimaterial.de\/en\/contact-us\/\"> cont\u00e1ctenos<\/a><\/span>.  <\/p>\n<h2><span style=\"font-size: 14pt;\">Propiedades f\u00edsicas<\/span><\/h2>\n<p>F\u00f3rmula molecular: NiCr<\/p>\n<p>Peso molecular: 55.345g\/mol<\/p>\n<p>Aspecto: gris plata s\u00f3lido<\/p>\n<p>Densidad: entre 7,9 &#8211; 8,4 g\/cm\u00b3.<\/p>\n<p>Estructura cristalina: Estructura cristalina Face Centred Cubic (FCC).<\/p>\n<h2><span style=\"font-size: 14pt;\">Aplicaciones<\/span><\/h2>\n<p>Aparatos electr\u00f3nicos y el\u00e9ctricos: Se utiliza para fabricar pel\u00edculas de resistencia en placas de circuitos electr\u00f3nicos para regular con precisi\u00f3n el valor de resistencia del circuito para garantizar el funcionamiento estable de los equipos electr\u00f3nicos.<\/p>\n<p>Recubrimiento \u00f3ptico: el material objetivo se puede utilizar para preparar pel\u00edculas antirreflectantes o altamente reflectantes para lentes \u00f3pticas, lo que puede mejorar efectivamente el rendimiento \u00f3ptico y la calidad de imagen de las lentes.<\/p>\n<p>Dispositivos m\u00e9dicos: se utilizan para el recubrimiento de la superficie de los implantes m\u00e9dicos para promover la compatibilidad de los implantes con los tejidos humanos y mejorar su capacidad antidesgaste para prolongar su vida \u00fatil.<\/p>\n<h2><span style=\"font-size: 14pt;\">Control de calidad<\/span><\/h2>\n<p><span style=\"color: #0000ff;\"><a style=\"color: #0000ff;\" href=\"https:\/\/vimaterial.de\/en\/quality-control\/\">Nuestros productos<\/a><\/span> se implementan con el sistema de gesti\u00f3n de calidad m\u00e1s estricto, los materiales entrantes, el proceso, la inspecci\u00f3n final, la inspecci\u00f3n de f\u00e1brica tienen estrictos est\u00e1ndares de inspecci\u00f3n, para el procesamiento no calificado utilizar\u00e1 estrictas medidas de aislamiento para evitar el flujo de productos no conformes al siguiente proceso, de acuerdo con los requisitos del cliente, proporcionar\u00e1 a los clientes muestras para que los clientes vuelvan a inspeccionar.<\/p>\n<h2><span style=\"font-size: 14pt;\">Embalaje y almacenamiento<\/span><\/h2>\n<p>Los objetivos de pulverizaci\u00f3n cat\u00f3dica de aleaci\u00f3n de n\u00edquel y cromo se empaquetan en bolsas y cartones de vac\u00edo dobles.<\/p>\n<p>Los objetivos de pulverizaci\u00f3n cat\u00f3dica de aleaci\u00f3n de n\u00edquel y cromo deben almacenarse en ambientes secos y bien ventilados con temperatura y humedad relativamente estables, evitando el contacto con sustancias corrosivas y evitando da\u00f1os f\u00edsicos como colisiones violentas, extrusi\u00f3n, etc., y es mejor utilizar materiales de embalaje especiales y estantes para el almacenamiento de clasificaci\u00f3n.<\/p>\n","protected":false},"excerpt":{"rendered":"<p>Los objetivos de pulverizaci\u00f3n cat\u00f3dica de aleaci\u00f3n de <span style=\"color: #0000ff;\"><a style=\"color: #0000ff;\" href=\"https:\/\/vimaterial.de\/en\/product\/nickel-chromium-alloy\/\">n\u00edquel y cromo<\/a><\/span> son una aleaci\u00f3n de n\u00edquel y cromo, utilizada principalmente en el proceso de recubrimiento por pulverizaci\u00f3n cat\u00f3dica de deposici\u00f3n f\u00edsica de vapor para formar pel\u00edculas delgadas en el sustrato con buena resistencia a altas temperaturas, oxidaci\u00f3n, propiedades el\u00e9ctricas y muchas otras propiedades excelentes.<\/p>\n","protected":false},"featured_media":1002538,"comment_status":"open","ping_status":"closed","template":"","meta":{"_acf_changed":false},"product_brand":[],"product_cat":[178],"product_tag":[],"class_list":{"0":"post-1015908","1":"product","2":"type-product","3":"status-publish","4":"has-post-thumbnail","6":"product_cat-catodos-para-sputtering-planar","8":"first","9":"instock","10":"shipping-taxable","11":"purchasable","12":"product-type-variable"},"acf":[],"_links":{"self":[{"href":"https:\/\/vimaterial.de\/es\/wp-json\/wp\/v2\/product\/1015908","targetHints":{"allow":["GET"]}}],"collection":[{"href":"https:\/\/vimaterial.de\/es\/wp-json\/wp\/v2\/product"}],"about":[{"href":"https:\/\/vimaterial.de\/es\/wp-json\/wp\/v2\/types\/product"}],"replies":[{"embeddable":true,"href":"https:\/\/vimaterial.de\/es\/wp-json\/wp\/v2\/comments?post=1015908"}],"wp:featuredmedia":[{"embeddable":true,"href":"https:\/\/vimaterial.de\/es\/wp-json\/wp\/v2\/media\/1002538"}],"wp:attachment":[{"href":"https:\/\/vimaterial.de\/es\/wp-json\/wp\/v2\/media?parent=1015908"}],"wp:term":[{"taxonomy":"product_brand","embeddable":true,"href":"https:\/\/vimaterial.de\/es\/wp-json\/wp\/v2\/product_brand?post=1015908"},{"taxonomy":"product_cat","embeddable":true,"href":"https:\/\/vimaterial.de\/es\/wp-json\/wp\/v2\/product_cat?post=1015908"},{"taxonomy":"product_tag","embeddable":true,"href":"https:\/\/vimaterial.de\/es\/wp-json\/wp\/v2\/product_tag?post=1015908"}],"curies":[{"name":"wp","href":"https:\/\/api.w.org\/{rel}","templated":true}]}}