{"id":1015887,"date":"2024-06-17T14:51:35","date_gmt":"2024-06-17T06:51:35","guid":{"rendered":"https:\/\/vimaterial.de\/product\/aleacion-de-niquel-cromo-y-aluminio\/"},"modified":"2025-04-15T17:09:28","modified_gmt":"2025-04-15T09:09:28","slug":"aleacion-de-niquel-cromo-y-aluminio","status":"publish","type":"product","link":"https:\/\/vimaterial.de\/es\/product\/aleacion-de-niquel-cromo-y-aluminio\/","title":{"rendered":"Aleaci\u00f3n de n\u00edquel, cromo y aluminio"},"content":{"rendered":"<p><span style=\"color: #0000ff;\"><a style=\"color: #0000ff;\" href=\"https:\/\/vimaterial.de\/en\/product\/nickel-chromium-alloy\/\">N\u00edquel Cromo Aluminio<\/a> <\/span>El objetivo de pulverizaci\u00f3n cat\u00f3dica de aleaci\u00f3n es un objetivo de pulverizaci\u00f3n cat\u00f3dica de aleaci\u00f3n compuesto de n\u00edquel, cromo y aluminio, que tiene buena resistencia a altas temperaturas, oxidaci\u00f3n y corrosi\u00f3n, y se puede utilizar para la deposici\u00f3n de pel\u00edculas delgadas de alto rendimiento mediante el proceso de pulverizaci\u00f3n cat\u00f3dica en los campos de electr\u00f3nica, \u00f3ptica y modificaci\u00f3n de la superficie de los materiales.<\/p>\n<p>VIMATERIAL proporciona objetivos de pulverizaci\u00f3n cat\u00f3dica de aleaci\u00f3n de n\u00edquel, cromo y aluminio. Nuestros objetivos de pulverizaci\u00f3n cat\u00f3dica de aleaci\u00f3n de n\u00edquel, cromo y aluminio se caracterizan por una excelente homogeneidad de composici\u00f3n, una pureza ultra alta y una excelente estabilidad al pulverizaci\u00f3n cat\u00f3dica, y tambi\u00e9n podemos proporcionar servicios de uni\u00f3n de objetivos. Contamos con un equipo profesional del R&amp;D y podemos aceptar la personalizaci\u00f3n y los experimentos, por favor<span style=\"color: #0000ff;\"><a style=\"color: #0000ff;\" href=\"https:\/\/vimaterial.de\/en\/contact-us\/\"> cont\u00e1ctenos.<\/a><\/span>  <\/p>\n<h2><span style=\"font-size: 14pt;\">Propiedades f\u00edsicas<\/span><\/h2>\n<p>F\u00f3rmula molecular: NiCrAl<\/p>\n<p>Aspecto: gris plata s\u00f3lido<\/p>\n<h2><span style=\"font-size: 14pt;\">Aplicaciones<\/span><\/h2>\n<p>Campo electr\u00f3nico: El objetivo de pulverizaci\u00f3n cat\u00f3dica de NiCrAl se utiliza para la metalizaci\u00f3n superficial de chips electr\u00f3nicos. La pel\u00edcula delgada formada por deposici\u00f3n cat\u00f3dica se puede usar como capa de barrera o capa conductora, lo que mejora efectivamente el rendimiento y la confiabilidad del chip y evita problemas como la migraci\u00f3n de electrones. <\/p>\n<p>Aeroespacial: Desempe\u00f1a un papel en la preparaci\u00f3n de recubrimientos protectores de superficie para componentes de motores aeroespaciales, y las pel\u00edculas depositadas pueden mejorar la resistencia antioxidante y a altas temperaturas de los componentes, resistiendo el lavado de gases a alta temperatura y la corrosi\u00f3n, y prolongando la vida \u00fatil de los componentes.<\/p>\n<p>Automoci\u00f3n: utilizadas en el tratamiento superficial de los componentes de los sistemas de turbocompresor de los motores de automoci\u00f3n, las finas pel\u00edculas formadas por pulverizaci\u00f3n cat\u00f3dica pueden mejorar la resistencia al desgaste y a la corrosi\u00f3n de los componentes y optimizar su rendimiento a altas temperaturas, altas presiones y altas velocidades.<\/p>\n<p>Campo \u00f3ptico: Como material de deposici\u00f3n para lentes y pel\u00edculas \u00f3pticas, los objetivos de pulverizaci\u00f3n cat\u00f3dica de NiCrAl se pueden usar para preparar pel\u00edculas con propiedades \u00f3pticas espec\u00edficas, como pel\u00edculas de mejora de la transmitancia y pel\u00edculas reflectantes, etc., que pueden mejorar los par\u00e1metros \u00f3pticos como la transmitancia y la reflectancia de los componentes \u00f3pticos.<\/p>\n<p>Nuevo campo de energ\u00eda: aplicadas en la preparaci\u00f3n de electrodos y recubrimientos protectores para paneles solares, las pel\u00edculas depositadas ayudan a mejorar la conductividad y la resistencia a la corrosi\u00f3n de los paneles, y mejoran la estabilidad y la eficiencia de conversi\u00f3n fotovoltaica de las c\u00e9lulas solares en diversos entornos.<\/p>\n<h2><span style=\"font-size: 14pt;\">Control de calidad<\/span><\/h2>\n<p><span style=\"color: #0000ff;\"><a style=\"color: #0000ff;\" href=\"https:\/\/vimaterial.de\/en\/quality-control\/\">Nuestros productos<\/a><\/span> se implementan con el sistema de gesti\u00f3n de calidad m\u00e1s estricto, los materiales entrantes, el proceso, la inspecci\u00f3n final, la inspecci\u00f3n de f\u00e1brica tienen estrictos est\u00e1ndares de inspecci\u00f3n, para el procesamiento no calificado utilizar\u00e1 estrictas medidas de aislamiento para evitar el flujo de productos no conformes al siguiente proceso, de acuerdo con los requisitos del cliente, proporcionar\u00e1 a los clientes muestras para que los clientes vuelvan a inspeccionar.<\/p>\n<h2><span style=\"font-size: 14pt;\">Embalaje y almacenamiento<\/span><\/h2>\n<p>Los objetivos de pulverizaci\u00f3n cat\u00f3dica de aleaci\u00f3n de n\u00edquel, cromo y aluminio se empaquetan en bolsas y cartones de vac\u00edo dobles.<\/p>\n<p>Los objetivos de pulverizaci\u00f3n cat\u00f3dica de aleaci\u00f3n de n\u00edquel, cromo y aluminio deben almacenarse en un ambiente seco, bien ventilado, estable a la temperatura y limpio, evitando la humedad, la oxidaci\u00f3n, la contaminaci\u00f3n con impurezas y da\u00f1os f\u00edsicos, y lejos de sustancias corrosivas y fuentes de campos magn\u00e9ticos fuertes.<\/p>\n","protected":false},"excerpt":{"rendered":"<p><span style=\"color: #0000ff;\"><a style=\"color: #0000ff;\" href=\"https:\/\/vimaterial.de\/en\/product\/nickel-chromium-alloy\/\">N\u00edquel Cromo Aluminio<\/a> <\/span>El objetivo de pulverizaci\u00f3n cat\u00f3dica de aleaci\u00f3n es un objetivo de pulverizaci\u00f3n cat\u00f3dica de aleaci\u00f3n compuesto de n\u00edquel, cromo y aluminio, que tiene buena resistencia a altas temperaturas, oxidaci\u00f3n y corrosi\u00f3n, y se puede utilizar para la deposici\u00f3n de pel\u00edculas delgadas de alto rendimiento mediante el proceso de pulverizaci\u00f3n cat\u00f3dica en los campos de electr\u00f3nica, \u00f3ptica y modificaci\u00f3n de la superficie de los materiales.<\/p>\n","protected":false},"featured_media":1002562,"comment_status":"open","ping_status":"closed","template":"","meta":{"_acf_changed":false},"product_brand":[],"product_cat":[178],"product_tag":[],"class_list":{"0":"post-1015887","1":"product","2":"type-product","3":"status-publish","4":"has-post-thumbnail","6":"product_cat-catodos-para-sputtering-planar","8":"first","9":"instock","10":"shipping-taxable","11":"product-type-variable"},"acf":[],"_links":{"self":[{"href":"https:\/\/vimaterial.de\/es\/wp-json\/wp\/v2\/product\/1015887","targetHints":{"allow":["GET"]}}],"collection":[{"href":"https:\/\/vimaterial.de\/es\/wp-json\/wp\/v2\/product"}],"about":[{"href":"https:\/\/vimaterial.de\/es\/wp-json\/wp\/v2\/types\/product"}],"replies":[{"embeddable":true,"href":"https:\/\/vimaterial.de\/es\/wp-json\/wp\/v2\/comments?post=1015887"}],"wp:featuredmedia":[{"embeddable":true,"href":"https:\/\/vimaterial.de\/es\/wp-json\/wp\/v2\/media\/1002562"}],"wp:attachment":[{"href":"https:\/\/vimaterial.de\/es\/wp-json\/wp\/v2\/media?parent=1015887"}],"wp:term":[{"taxonomy":"product_brand","embeddable":true,"href":"https:\/\/vimaterial.de\/es\/wp-json\/wp\/v2\/product_brand?post=1015887"},{"taxonomy":"product_cat","embeddable":true,"href":"https:\/\/vimaterial.de\/es\/wp-json\/wp\/v2\/product_cat?post=1015887"},{"taxonomy":"product_tag","embeddable":true,"href":"https:\/\/vimaterial.de\/es\/wp-json\/wp\/v2\/product_tag?post=1015887"}],"curies":[{"name":"wp","href":"https:\/\/api.w.org\/{rel}","templated":true}]}}