{"id":1015860,"date":"2024-06-17T14:51:36","date_gmt":"2024-06-17T06:51:36","guid":{"rendered":"https:\/\/vimaterial.de\/product\/inconel-600-aleacion-de-niquel-cromo-hierro\/"},"modified":"2025-04-15T17:00:21","modified_gmt":"2025-04-15T09:00:21","slug":"inconel-600-aleacion-de-niquel-cromo-hierro","status":"publish","type":"product","link":"https:\/\/vimaterial.de\/es\/product\/inconel-600-aleacion-de-niquel-cromo-hierro\/","title":{"rendered":"Inconel 600- Aleaci\u00f3n de n\u00edquel, cromo y hierro"},"content":{"rendered":"<p>El objetivo de pulverizaci\u00f3n cat\u00f3dica Inconel 600 es un objetivo de pulverizaci\u00f3n cat\u00f3dica de alto rendimiento con n\u00edquel como componente principal y cromo y otros elementos de aleaci\u00f3n, con buena resistencia a la corrosi\u00f3n, estabilidad a alta temperatura y resistencia a la oxidaci\u00f3n, con un brillo met\u00e1lico, utilizado principalmente en la deposici\u00f3n f\u00edsica de vapor para preparar pel\u00edculas delgadas de alta calidad que se pueden usar en entornos corrosivos y de alta temperatura.<\/p>\n<p>VIMATERIAL proporciona objetivos de pulverizaci\u00f3n cat\u00f3dica Inconel 600. Nuestros objetivos de pulverizaci\u00f3n cat\u00f3dica Inconel 600 tienen las caracter\u00edsticas de alta pureza, bajas impurezas, objetivo homog\u00e9neo, alta densificaci\u00f3n, alta eficiencia de pulverizaci\u00f3n cat\u00f3dica y tambi\u00e9n podemos brindarle un servicio de uni\u00f3n de objetivos. Contamos con un equipo profesional de investigaci\u00f3n y desarrollo t\u00e9cnico, podemos aceptar la personalizaci\u00f3n y experimentaci\u00f3n del producto, <span style=\"color: #0000ff;\"><a style=\"color: #0000ff;\" href=\"https:\/\/vimaterial.de\/en\/contact-us\/\">cont\u00e1ctenos<\/a><\/span>.  <\/p>\n<h2><span style=\"font-size: 14pt;\">Propiedades f\u00edsicas<\/span><\/h2>\n<p>F\u00f3rmula molecular: NiCrFe<\/p>\n<p>Aspecto: Gris plateado s\u00f3lido con brillo met\u00e1lico<\/p>\n<p>Densidad: aprox. 8,4 g\/cm\u00b3.<\/p>\n<p>Estructura cristalina: estructura cristalina c\u00fabica centrada en las caras (FCC)<\/p>\n<h2><span style=\"font-size: 14pt;\">Aplicaciones<\/span><\/h2>\n<p>Industria electr\u00f3nica: Los objetivos de pulverizaci\u00f3n cat\u00f3dica Inconel 600 se utilizan en la industria electr\u00f3nica para la deposici\u00f3n de capas de interconexi\u00f3n met\u00e1licas en la fabricaci\u00f3n de chips. Con su buena conductividad y estabilidad a altas temperaturas, garantiza la transmisi\u00f3n eficiente y estable de se\u00f1ales electr\u00f3nicas y mejora el rendimiento de los chips en condiciones de trabajo complejas. <\/p>\n<p>Campo de equipos qu\u00edmicos: En la fabricaci\u00f3n de equipos qu\u00edmicos, el objetivo de pulverizaci\u00f3n cat\u00f3dica se puede utilizar en el recubrimiento de reactores, tuber\u00edas, etc., utilizando su excelente resistencia a la corrosi\u00f3n para resistir la erosi\u00f3n de una variedad de \u00e1cidos fuertes, \u00e1lcalis y otros medios qu\u00edmicos, para garantizar la seguridad de la producci\u00f3n qu\u00edmica y prolongar la vida \u00fatil del equipo.<\/p>\n<p>Aeroespacial: Para componentes aeroespaciales, los objetivos de pulverizaci\u00f3n cat\u00f3dica Inconel 600 se utilizan para el recubrimiento de componentes de motores de alta temperatura y las superficies exteriores de aeronaves, confiando en su excelente resistencia a la oxidaci\u00f3n y corrosi\u00f3n a alta temperatura para mejorar la confiabilidad y durabilidad de los componentes en entornos extremos.<\/p>\n<p>Energ\u00eda: En la industria energ\u00e9tica, los objetivos de pulverizaci\u00f3n cat\u00f3dica Inconel 600 se utilizan para el recubrimiento de componentes clave en centrales nucleares y t\u00e9rmicas, donde su resistencia a las altas temperaturas y la radiaci\u00f3n garantiza un funcionamiento estable en entornos de alta temperatura y alta radiaci\u00f3n.<\/p>\n<h2><span style=\"font-size: 14pt;\">Control de calidad<\/span><\/h2>\n<p><span style=\"color: #0000ff;\"><a style=\"color: #0000ff;\" href=\"https:\/\/vimaterial.de\/en\/quality-control\/\">Nuestros productos<\/a><\/span> se implementan con el sistema de gesti\u00f3n de calidad m\u00e1s estricto, los materiales entrantes, el proceso, la inspecci\u00f3n final, la inspecci\u00f3n de f\u00e1brica tienen estrictos est\u00e1ndares de inspecci\u00f3n, para el procesamiento no calificado utilizar\u00e1 estrictas medidas de aislamiento para evitar el flujo de productos no conformes al siguiente proceso, de acuerdo con los requisitos del cliente, proporcionar\u00e1 a los clientes muestras para que los clientes vuelvan a inspeccionar.<\/p>\n<h2><span style=\"font-size: 14pt;\">Embalaje y almacenamiento<\/span><\/h2>\n<p>Los objetivos de pulverizaci\u00f3n cat\u00f3dica Inconel 600 se empaquetan en bolsas de vac\u00edo dobles y cartones.<\/p>\n<p>Los blancos de pulverizaci\u00f3n cat\u00f3dica Inconel 600 deben almacenarse en un ambiente seco, limpio y bien ventilado para evitar la humedad, la oxidaci\u00f3n y la contaminaci\u00f3n por otros contaminantes, y deben mantenerse alejados de sustancias corrosivas para evitar que su rendimiento se vea afectado.<\/p>\n","protected":false},"excerpt":{"rendered":"<p>El objetivo de pulverizaci\u00f3n cat\u00f3dica Inconel 600 es un objetivo de pulverizaci\u00f3n cat\u00f3dica de alto rendimiento con n\u00edquel como componente principal y cromo y otros elementos de aleaci\u00f3n, con buena resistencia a la corrosi\u00f3n, estabilidad a alta temperatura y resistencia a la oxidaci\u00f3n, con un brillo met\u00e1lico, utilizado principalmente en la deposici\u00f3n f\u00edsica de vapor para preparar pel\u00edculas delgadas de alta calidad que se pueden usar en entornos corrosivos y de alta temperatura.<\/p>\n","protected":false},"featured_media":1002577,"comment_status":"open","ping_status":"closed","template":"","meta":{"_acf_changed":false},"product_brand":[],"product_cat":[178],"product_tag":[],"class_list":{"0":"post-1015860","1":"product","2":"type-product","3":"status-publish","4":"has-post-thumbnail","6":"product_cat-catodos-para-sputtering-planar","8":"first","9":"instock","10":"shipping-taxable","11":"product-type-variable"},"acf":[],"_links":{"self":[{"href":"https:\/\/vimaterial.de\/es\/wp-json\/wp\/v2\/product\/1015860","targetHints":{"allow":["GET"]}}],"collection":[{"href":"https:\/\/vimaterial.de\/es\/wp-json\/wp\/v2\/product"}],"about":[{"href":"https:\/\/vimaterial.de\/es\/wp-json\/wp\/v2\/types\/product"}],"replies":[{"embeddable":true,"href":"https:\/\/vimaterial.de\/es\/wp-json\/wp\/v2\/comments?post=1015860"}],"wp:featuredmedia":[{"embeddable":true,"href":"https:\/\/vimaterial.de\/es\/wp-json\/wp\/v2\/media\/1002577"}],"wp:attachment":[{"href":"https:\/\/vimaterial.de\/es\/wp-json\/wp\/v2\/media?parent=1015860"}],"wp:term":[{"taxonomy":"product_brand","embeddable":true,"href":"https:\/\/vimaterial.de\/es\/wp-json\/wp\/v2\/product_brand?post=1015860"},{"taxonomy":"product_cat","embeddable":true,"href":"https:\/\/vimaterial.de\/es\/wp-json\/wp\/v2\/product_cat?post=1015860"},{"taxonomy":"product_tag","embeddable":true,"href":"https:\/\/vimaterial.de\/es\/wp-json\/wp\/v2\/product_tag?post=1015860"}],"curies":[{"name":"wp","href":"https:\/\/api.w.org\/{rel}","templated":true}]}}