{"id":1015847,"date":"2024-06-17T14:51:37","date_gmt":"2024-06-17T06:51:37","guid":{"rendered":"https:\/\/vimaterial.de\/product\/aleacion-inconel-625-2\/"},"modified":"2025-04-15T16:28:02","modified_gmt":"2025-04-15T08:28:02","slug":"aleacion-inconel-625-2","status":"publish","type":"product","link":"https:\/\/vimaterial.de\/es\/product\/aleacion-inconel-625-2\/","title":{"rendered":"Aleaci\u00f3n INCONEL 625"},"content":{"rendered":"<p>El objetivo de pulverizaci\u00f3n cat\u00f3dica de aleaci\u00f3n INCONEL 625 es un objetivo de pulverizaci\u00f3n cat\u00f3dica de aleaci\u00f3n de alto rendimiento hecho de n\u00edquel &#8211; cromo &#8211; molibdeno &#8211; niobio, con brillo met\u00e1lico, excelente resistencia a la corrosi\u00f3n, resistencia a altas temperaturas y resistencia a la oxidaci\u00f3n, que se utiliza principalmente en la deposici\u00f3n f\u00edsica de vapor para la preparaci\u00f3n de pel\u00edculas delgadas con excelente rendimiento en entornos corrosivos y de alta temperatura.<\/p>\n<p>VIMATERIAL proporciona objetivos de pulverizaci\u00f3n cat\u00f3dica de aleaci\u00f3n INCONEL 625, nuestros objetivos de pulverizaci\u00f3n cat\u00f3dica de aleaci\u00f3n INCONEL 625 tienen altas densidades, homogeneidad dentro del objetivo, bajas impurezas, alto acabado superficial, alta eficiencia de pulverizaci\u00f3n cat\u00f3dica de objetivos, y tambi\u00e9n podemos proporcionar servicios de uni\u00f3n de objetivos. Contamos con un equipo profesional del R&amp;D y podemos aceptar la personalizaci\u00f3n y los experimentos, por favor <span style=\"color: #0000ff;\"><a style=\"color: #0000ff;\" href=\"https:\/\/vimaterial.de\/en\/contact-us\/\">cont\u00e1ctenos<\/a><\/span>. <\/p>\n<h2><span style=\"font-size: 14pt;\">Propiedades f\u00edsicas<\/span><\/h2>\n<p>F\u00f3rmula molecular: NiCrFeCo<\/p>\n<p>Aspecto: gris plata metalizado s\u00f3lido<\/p>\n<p>Densidad: aprox. 8,44 g\/cm\u00b3.<\/p>\n<p>Estructura cristalina: estructura cristalina c\u00fabica centrada en la cara (FCC).<\/p>\n<h2><span style=\"font-size: 14pt;\">Aplicaciones<\/span><\/h2>\n<p>Aeroespacial: El objetivo de pulverizaci\u00f3n cat\u00f3dica de aleaci\u00f3n INCONEL 625 se puede utilizar en la preparaci\u00f3n de recubrimientos para palas de motores aeron\u00e1uticos. Con su excelente resistencia a altas temperaturas y propiedades resistentes a la corrosi\u00f3n, puede resistir eficazmente la erosi\u00f3n del gas a alta temperatura y el impacto de las tensiones mec\u00e1nicas, prolongando la vida \u00fatil de las palas y mejorando el rendimiento del motor. <\/p>\n<p>Campo de la ingenier\u00eda marina: en el campo de la ingenier\u00eda marina, el objetivo de pulverizaci\u00f3n cat\u00f3dica puede depositar una pel\u00edcula protectora en la superficie del equipo marino, y su excelente resistencia a la corrosi\u00f3n del agua de mar puede evitar que el sustrato met\u00e1lico sea erosionado por iones de cloro y otra erosi\u00f3n, para garantizar que las plataformas de perforaci\u00f3n marina, las h\u00e9lices de los barcos y otros equipos funcionen de manera confiable en entornos marinos hostiles.<\/p>\n<p>Industria petroqu\u00edmica: Para la industria petroqu\u00edmica, el objetivo de pulverizaci\u00f3n cat\u00f3dica de aleaci\u00f3n INCONEL 625 se puede utilizar para recubrir la pared interna del reactor, confiando en su excelente resistencia a la oxidaci\u00f3n a alta temperatura y resistencia a la corrosi\u00f3n qu\u00edmica, para resistir el entorno de reacci\u00f3n a alta temperatura y alta presi\u00f3n de una variedad de \u00e1cidos fuertes, \u00e1lcalis y otros medios de corrosi\u00f3n, para proteger la seguridad y la estabilidad de la producci\u00f3n qu\u00edmica.<\/p>\n<p>Industria electr\u00f3nica: En la industria electr\u00f3nica, el objetivo de pulverizaci\u00f3n cat\u00f3dica se puede aplicar a la deposici\u00f3n de la capa de interconexi\u00f3n met\u00e1lica en el proceso de fabricaci\u00f3n de chips, haciendo uso de su buena conductividad el\u00e9ctrica y estabilidad para garantizar una transmisi\u00f3n precisa y de alta velocidad de se\u00f1ales electr\u00f3nicas, y mejorando el rendimiento general y la confiabilidad del chip.<\/p>\n<h2><span style=\"font-size: 14pt;\">Control de calidad<\/span><\/h2>\n<p><span style=\"color: #0000ff;\"><a style=\"color: #0000ff;\" href=\"https:\/\/vimaterial.de\/en\/quality-control\/\">Nuestros productos<\/a><\/span> se implementan con el sistema de gesti\u00f3n de calidad m\u00e1s estricto, los materiales entrantes, el proceso, la inspecci\u00f3n final, la inspecci\u00f3n de f\u00e1brica tienen estrictos est\u00e1ndares de inspecci\u00f3n, para el procesamiento no calificado utilizar\u00e1 estrictas medidas de aislamiento para evitar el flujo de productos no conformes al siguiente proceso, de acuerdo con los requisitos del cliente, proporcionar\u00e1 a los clientes muestras para que los clientes vuelvan a inspeccionar.<\/p>\n<h2><span style=\"font-size: 14pt;\">Embalaje y almacenamiento<\/span><\/h2>\n<p>Los objetivos de pulverizaci\u00f3n cat\u00f3dica de aleaci\u00f3n INCONEL 625 se empaquetan en bolsas de vac\u00edo dobles y cartones.<\/p>\n<p>Los objetivos de pulverizaci\u00f3n cat\u00f3dica de aleaci\u00f3n INCONEL 625 deben almacenarse en un ambiente seco, a temperatura constante, bien ventilado y limpio, evitando la humedad, el polvo y las sustancias corrosivas, evitando colisiones y fricciones violentas y, al mismo tiempo, manteniendo una cierta distancia del campo magn\u00e9tico fuerte y las fuentes de electricidad est\u00e1tica, para garantizar la estabilidad de su rendimiento,  y para facilitar el uso de la pulverizaci\u00f3n cat\u00f3dica.<\/p>\n","protected":false},"excerpt":{"rendered":"<p>El objetivo de pulverizaci\u00f3n cat\u00f3dica de aleaci\u00f3n INCONEL 625 es un objetivo de pulverizaci\u00f3n cat\u00f3dica de aleaci\u00f3n de alto rendimiento hecho de n\u00edquel &#8211; cromo &#8211; molibdeno &#8211; niobio, con brillo met\u00e1lico, excelente resistencia a la corrosi\u00f3n, resistencia a altas temperaturas y resistencia a la oxidaci\u00f3n, que se utiliza principalmente en la deposici\u00f3n f\u00edsica de vapor para la preparaci\u00f3n de pel\u00edculas delgadas con excelente rendimiento en entornos corrosivos y de alta temperatura.<\/p>\n","protected":false},"featured_media":1002596,"comment_status":"open","ping_status":"closed","template":"","meta":{"_acf_changed":false},"product_brand":[],"product_cat":[178],"product_tag":[],"class_list":{"0":"post-1015847","1":"product","2":"type-product","3":"status-publish","4":"has-post-thumbnail","6":"product_cat-catodos-para-sputtering-planar","8":"first","9":"instock","10":"shipping-taxable","11":"product-type-variable"},"acf":[],"_links":{"self":[{"href":"https:\/\/vimaterial.de\/es\/wp-json\/wp\/v2\/product\/1015847","targetHints":{"allow":["GET"]}}],"collection":[{"href":"https:\/\/vimaterial.de\/es\/wp-json\/wp\/v2\/product"}],"about":[{"href":"https:\/\/vimaterial.de\/es\/wp-json\/wp\/v2\/types\/product"}],"replies":[{"embeddable":true,"href":"https:\/\/vimaterial.de\/es\/wp-json\/wp\/v2\/comments?post=1015847"}],"wp:featuredmedia":[{"embeddable":true,"href":"https:\/\/vimaterial.de\/es\/wp-json\/wp\/v2\/media\/1002596"}],"wp:attachment":[{"href":"https:\/\/vimaterial.de\/es\/wp-json\/wp\/v2\/media?parent=1015847"}],"wp:term":[{"taxonomy":"product_brand","embeddable":true,"href":"https:\/\/vimaterial.de\/es\/wp-json\/wp\/v2\/product_brand?post=1015847"},{"taxonomy":"product_cat","embeddable":true,"href":"https:\/\/vimaterial.de\/es\/wp-json\/wp\/v2\/product_cat?post=1015847"},{"taxonomy":"product_tag","embeddable":true,"href":"https:\/\/vimaterial.de\/es\/wp-json\/wp\/v2\/product_tag?post=1015847"}],"curies":[{"name":"wp","href":"https:\/\/api.w.org\/{rel}","templated":true}]}}