{"id":1015841,"date":"2024-06-17T14:51:36","date_gmt":"2024-06-17T06:51:36","guid":{"rendered":"https:\/\/vimaterial.de\/product\/aleacion-inconel-625\/"},"modified":"2025-04-15T16:56:09","modified_gmt":"2025-04-15T08:56:09","slug":"aleacion-inconel-625","status":"publish","type":"product","link":"https:\/\/vimaterial.de\/es\/product\/aleacion-inconel-625\/","title":{"rendered":"Aleaci\u00f3n INCONEL 625"},"content":{"rendered":"<p>El polvo de <a href=\"https:\/\/vimaterial.de\/en\/product\/inconel-625-alloy-2\/\"><span style=\"color: #0000ff;\">aleaci\u00f3n INCONEL 625<\/span><\/a> es un polvo de aleaci\u00f3n a base de n\u00edquel con excelente resistencia a la corrosi\u00f3n, resistencia a altas temperaturas y resistencia a la oxidaci\u00f3n, que se puede utilizar en la fabricaci\u00f3n de piezas de alto rendimiento para campos aeroespaciales, qu\u00edmicos, marinos y otros a trav\u00e9s de una variedad de procesos.<\/p>\n<p>VIMATERIAL ofrece INCONEL 625 Alloy Powder. Nuestro polvo de aleaci\u00f3n IINCONEL 625 se caracteriza por su alta pureza, bajas impurezas, tama\u00f1o de part\u00edcula uniforme, tama\u00f1o de paquete peque\u00f1o y MOQ peque\u00f1o. Contamos con un equipo profesional de investigaci\u00f3n y desarrollo t\u00e9cnico, podemos aceptar la personalizaci\u00f3n y experimentaci\u00f3n del producto, <span style=\"color: #0000ff;\"><a style=\"color: #0000ff;\" href=\"https:\/\/vimaterial.de\/en\/contact-us\/\">cont\u00e1ctenos<\/a>.<\/span>  <\/p>\n<h2><span style=\"font-size: 14pt;\">Propiedades f\u00edsicas<\/span><\/h2>\n<p>F\u00f3rmula molecular: NiCrFeCo<\/p>\n<p>Aspecto: polvo gris o gris plateado<\/p>\n<p>Densidad: aprox. 8,44 g\/cm\u00b3.<\/p>\n<p>Estructura cristalina: estructura cristalina c\u00fabica centrada en las caras (FCC)<\/p>\n<h2><span style=\"font-size: 14pt;\">Aplicaciones<\/span><\/h2>\n<p>Aeroespacial: Los polvos de aleaci\u00f3n Inconel 625 se utilizan en la fabricaci\u00f3n de componentes de alta temperatura para motores aeron\u00e1uticos, como \u00e1labes de turbinas, c\u00e1maras de combusti\u00f3n, etc. Son capaces de soportar el impacto del gas a alta temperatura y tensiones mec\u00e1nicas complejas para garantizar un funcionamiento fiable del motor en condiciones extremas. <\/p>\n<p>Petroqu\u00edmico: Se utiliza en la fabricaci\u00f3n de equipos qu\u00edmicos, como reactores, tuber\u00edas, etc. Su excelente resistencia a la corrosi\u00f3n puede resistir una variedad de \u00e1cidos fuertes, \u00e1lcalis y corrosi\u00f3n ambiental a alta temperatura y alta presi\u00f3n, para garantizar la seguridad del proceso de producci\u00f3n qu\u00edmica y la estabilidad a largo plazo del equipo. <\/p>\n<p>Ingenier\u00eda marina: Se utiliza en la construcci\u00f3n de plataformas marinas y la fabricaci\u00f3n de equipos marinos, como dispositivos de desalinizaci\u00f3n de agua de mar, tuber\u00edas submarinas, etc. Puede resistir la corrosi\u00f3n del agua de mar y la erosi\u00f3n del medio marino y prolongar la vida \u00fatil del equipo. <\/p>\n<p>Campo de la energ\u00eda nuclear: se puede utilizar en la fabricaci\u00f3n de algunas piezas clave dentro del reactor nuclear, como las piezas del mecanismo de accionamiento de la barra de control, etc. Su buena resistencia a la radiaci\u00f3n y resistencia a altas temperaturas ayudan a trabajar de manera segura y estable en el entorno nuclear. <\/p>\n<p>Industria automotriz: Se utiliza para fabricar piezas de alta temperatura, como piezas de turbocompresores de motores de autom\u00f3viles de alto rendimiento, para mejorar el rendimiento y la confiabilidad del motor, y para aprovechar sus ventajas de resistencia a altas temperaturas y resistencia a la abrasi\u00f3n en condiciones de trabajo a altas temperaturas y altas revoluciones.<\/p>\n<h2><span style=\"font-size: 14pt;\">Control de calidad<\/span><\/h2>\n<p><span style=\"color: #0000ff;\"><a style=\"color: #0000ff;\" href=\"https:\/\/vimaterial.de\/en\/quality-control\/\">Nuestros productos<\/a> <\/span>se implementan con el sistema de gesti\u00f3n de calidad m\u00e1s estricto, los materiales entrantes, el proceso, la inspecci\u00f3n final, la inspecci\u00f3n de f\u00e1brica tienen estrictos est\u00e1ndares de inspecci\u00f3n, para el procesamiento no calificado utilizar\u00e1 estrictas medidas de aislamiento para evitar el flujo de productos no conformes al siguiente proceso, de acuerdo con los requisitos del cliente, proporcionar\u00e1 a los clientes muestras para que los clientes vuelvan a inspeccionar.<\/p>\n<h2><span style=\"font-size: 14pt;\">Embalaje y almacenamiento<\/span><\/h2>\n<p>Los polvos de aleaci\u00f3n INCONEL 625 se envasan en bolsas de doble vac\u00edo o botellas de doble vac\u00edo y se envasan en cajas de cart\u00f3n.<\/p>\n<p>Los polvos de aleaci\u00f3n INCONEL 625 deben almacenarse en un ambiente seco y bien ventilado con una temperatura y humedad relativamente estables para evitar la humedad, la oxidaci\u00f3n y las impurezas, y lejos de fuentes de ignici\u00f3n y materiales inflamables. Se deben tomar las medidas adecuadas para evitar el polvo y la acumulaci\u00f3n est\u00e1tica del polvo. <\/p>\n","protected":false},"excerpt":{"rendered":"<p>El polvo de aleaci\u00f3n INCONEL 625 es un polvo de aleaci\u00f3n a base de n\u00edquel con excelente resistencia a la corrosi\u00f3n, resistencia a altas temperaturas y resistencia a la oxidaci\u00f3n, que se puede utilizar en la fabricaci\u00f3n de piezas de alto rendimiento para campos aeroespaciales, qu\u00edmicos, marinos y otros a trav\u00e9s de una variedad de procesos.<\/p>\n","protected":false},"featured_media":1002589,"comment_status":"open","ping_status":"closed","template":"","meta":{"_acf_changed":false},"product_brand":[],"product_cat":[185],"product_tag":[],"class_list":{"0":"post-1015841","1":"product","2":"type-product","3":"status-publish","4":"has-post-thumbnail","6":"product_cat-polvo-esferico-para-impresion-3d","8":"first","9":"instock","10":"shipping-taxable","11":"product-type-variable"},"acf":[],"_links":{"self":[{"href":"https:\/\/vimaterial.de\/es\/wp-json\/wp\/v2\/product\/1015841","targetHints":{"allow":["GET"]}}],"collection":[{"href":"https:\/\/vimaterial.de\/es\/wp-json\/wp\/v2\/product"}],"about":[{"href":"https:\/\/vimaterial.de\/es\/wp-json\/wp\/v2\/types\/product"}],"replies":[{"embeddable":true,"href":"https:\/\/vimaterial.de\/es\/wp-json\/wp\/v2\/comments?post=1015841"}],"wp:featuredmedia":[{"embeddable":true,"href":"https:\/\/vimaterial.de\/es\/wp-json\/wp\/v2\/media\/1002589"}],"wp:attachment":[{"href":"https:\/\/vimaterial.de\/es\/wp-json\/wp\/v2\/media?parent=1015841"}],"wp:term":[{"taxonomy":"product_brand","embeddable":true,"href":"https:\/\/vimaterial.de\/es\/wp-json\/wp\/v2\/product_brand?post=1015841"},{"taxonomy":"product_cat","embeddable":true,"href":"https:\/\/vimaterial.de\/es\/wp-json\/wp\/v2\/product_cat?post=1015841"},{"taxonomy":"product_tag","embeddable":true,"href":"https:\/\/vimaterial.de\/es\/wp-json\/wp\/v2\/product_tag?post=1015841"}],"curies":[{"name":"wp","href":"https:\/\/api.w.org\/{rel}","templated":true}]}}