{"id":1015832,"date":"2024-06-17T14:51:37","date_gmt":"2024-06-17T06:51:37","guid":{"rendered":"https:\/\/vimaterial.de\/product\/aleacion-de-niquel-cromo-molibdeno-y-niobio-inconel-625\/"},"modified":"2025-04-15T15:29:52","modified_gmt":"2025-04-15T07:29:52","slug":"aleacion-de-niquel-cromo-molibdeno-y-niobio-inconel-625","status":"publish","type":"product","link":"https:\/\/vimaterial.de\/es\/product\/aleacion-de-niquel-cromo-molibdeno-y-niobio-inconel-625\/","title":{"rendered":"Aleaci\u00f3n de n\u00edquel, cromo, molibdeno y niobio (INCONEL 625)"},"content":{"rendered":"<p>El polvo de aleaci\u00f3n de n\u00edquel, cromo, molibdeno y niobio es un polvo de aleaci\u00f3n a base de n\u00edquel, el color suele ser gris plateado, part\u00edculas finas y uniformes, con excelente resistencia a la corrosi\u00f3n, estabilidad a altas temperaturas, buena procesabilidad, es ampliamente utilizado en la industria aeroespacial, qu\u00edmica, ingenier\u00eda marina y otras \u00e1reas que requieren propiedades materiales exigentes de materiales en polvo de alto rendimiento.<\/p>\n<p>VIMATERIAL proporciona polvo de aleaci\u00f3n de n\u00edquel, cromo, molibdeno y niobio. Nuestro polvo INCONEL 625 se caracteriza por su alta pureza, tama\u00f1o de part\u00edcula uniforme, paquete peque\u00f1o y precio bajo con un MOQ peque\u00f1o. Contamos con un equipo profesional de investigaci\u00f3n y desarrollo t\u00e9cnico, podemos aceptar la personalizaci\u00f3n y experimentaci\u00f3n del producto, <span style=\"color: #0000ff;\"><a style=\"color: #0000ff;\" href=\"https:\/\/vimaterial.de\/en\/contact-us\/\">cont\u00e1ctenos<\/a><\/span>.  <\/p>\n<h2><span style=\"font-size: 14pt;\">Propiedades f\u00edsicas<\/span><\/h2>\n<p>F\u00f3rmula molecular: NiCrMoNb<\/p>\n<p>Aspecto: polvo gris plateado<\/p>\n<p>Densidad: aprox. 8,44 g\/cm\u00b3.<\/p>\n<p>Estructura cristalina: estructura de celos\u00eda c\u00fabica centrada en las caras<\/p>\n<h2><span style=\"font-size: 14pt;\">Aplicaciones<\/span><\/h2>\n<p>Aeroespacial: Se utiliza en la fabricaci\u00f3n de piezas de alta temperatura de motores de aviones, como \u00e1labes de turbinas y c\u00e1maras de combusti\u00f3n, con su excelente resistencia a altas temperaturas y resistencia a la fluencia, puede soportar eficazmente temperaturas extremadamente altas y entornos de alta tensi\u00f3n, y mejorar la confiabilidad y eficiencia del motor.<\/p>\n<p>Industria petroqu\u00edmica: En la industria petroqu\u00edmica, el polvo se utiliza en la fabricaci\u00f3n de reactores, tuber\u00edas y v\u00e1lvulas y otros equipos, utilizando su excelente resistencia a la corrosi\u00f3n, capaz de resistir \u00e1cidos fuertes, \u00e1lcalis fuertes y una variedad de medios corrosivos a alta temperatura y alta presi\u00f3n, para garantizar la seguridad y estabilidad del proceso de producci\u00f3n qu\u00edmica.<\/p>\n<p>Campo de la ingenier\u00eda marina: para la ingenier\u00eda marina, este polvo de aleaci\u00f3n se utiliza para fabricar h\u00e9lices de barcos, unidades de desalinizaci\u00f3n y componentes clave de plataformas en alta mar, a trav\u00e9s de su buena resistencia a la corrosi\u00f3n del agua de mar y sus propiedades de bioadherencia anti-agua de mar, para prolongar la vida \u00fatil del equipo en entornos marinos hostiles.<\/p>\n<p>Dispositivos m\u00e9dicos: En dispositivos m\u00e9dicos, los polvos de aleaci\u00f3n de n\u00edquel, cromo, molibdeno y niobio se utilizan en la fabricaci\u00f3n de dispositivos m\u00e9dicos implantables, como articulaciones artificiales e implantes dentales, para proporcionar soluciones m\u00e9dicas seguras y duraderas para los pacientes en funci\u00f3n de su buena biocompatibilidad y resistencia a la corrosi\u00f3n.<\/p>\n<h2><span style=\"font-size: 14pt;\">Control de calidad<\/span><\/h2>\n<p><span style=\"color: #0000ff;\"><a style=\"color: #0000ff;\" href=\"https:\/\/vimaterial.de\/en\/quality-control\/\">Nuestros productos<\/a><\/span> se implementan con el sistema de gesti\u00f3n de calidad m\u00e1s estricto, los materiales entrantes, el proceso, la inspecci\u00f3n final, la inspecci\u00f3n de f\u00e1brica tienen estrictos est\u00e1ndares de inspecci\u00f3n, para el procesamiento no calificado utilizar\u00e1 estrictas medidas de aislamiento para evitar el flujo de productos no conformes al siguiente proceso, de acuerdo con los requisitos del cliente, proporcionar\u00e1 a los clientes muestras para que los clientes vuelvan a inspeccionar.<\/p>\n<h2><span style=\"font-size: 14pt;\">Embalaje y almacenamiento<\/span><\/h2>\n<p>Los polvos de aleaci\u00f3n de n\u00edquel, cromo, molibdeno y niobio se envasan en bolsas de vac\u00edo dobles o botellas de vac\u00edo dobles con cajas de cart\u00f3n exteriores.<\/p>\n<p>El polvo de aleaci\u00f3n de n\u00edquel, cromo, molibdeno y niobio debe almacenarse en un ambiente seco, fresco y bien ventilado, sellado para evitar la humedad, la oxidaci\u00f3n y la contaminaci\u00f3n por impurezas, y debe mantenerse alejado de fuentes de ignici\u00f3n, calor y sustancias corrosivas, y al mismo tiempo, un buen marcado y medidas de protecci\u00f3n para evitar da\u00f1os mec\u00e1nicos que afecten su rendimiento.<\/p>\n","protected":false},"excerpt":{"rendered":"<p>El polvo de aleaci\u00f3n de n\u00edquel, cromo, molibdeno y niobio es un polvo de aleaci\u00f3n a base de n\u00edquel, el color suele ser gris plateado, part\u00edculas finas y uniformes, con excelente resistencia a la corrosi\u00f3n, estabilidad a altas temperaturas, buena procesabilidad, es ampliamente utilizado en la industria aeroespacial, qu\u00edmica, ingenier\u00eda marina y otras \u00e1reas que requieren propiedades materiales exigentes de materiales en polvo de alto rendimiento.<\/p>\n","protected":false},"featured_media":1002611,"comment_status":"open","ping_status":"closed","template":"","meta":{"_acf_changed":false},"product_brand":[],"product_cat":[185],"product_tag":[],"class_list":{"0":"post-1015832","1":"product","2":"type-product","3":"status-publish","4":"has-post-thumbnail","6":"product_cat-polvo-esferico-para-impresion-3d","8":"first","9":"instock","10":"shipping-taxable","11":"product-type-variable"},"acf":[],"_links":{"self":[{"href":"https:\/\/vimaterial.de\/es\/wp-json\/wp\/v2\/product\/1015832","targetHints":{"allow":["GET"]}}],"collection":[{"href":"https:\/\/vimaterial.de\/es\/wp-json\/wp\/v2\/product"}],"about":[{"href":"https:\/\/vimaterial.de\/es\/wp-json\/wp\/v2\/types\/product"}],"replies":[{"embeddable":true,"href":"https:\/\/vimaterial.de\/es\/wp-json\/wp\/v2\/comments?post=1015832"}],"wp:featuredmedia":[{"embeddable":true,"href":"https:\/\/vimaterial.de\/es\/wp-json\/wp\/v2\/media\/1002611"}],"wp:attachment":[{"href":"https:\/\/vimaterial.de\/es\/wp-json\/wp\/v2\/media?parent=1015832"}],"wp:term":[{"taxonomy":"product_brand","embeddable":true,"href":"https:\/\/vimaterial.de\/es\/wp-json\/wp\/v2\/product_brand?post=1015832"},{"taxonomy":"product_cat","embeddable":true,"href":"https:\/\/vimaterial.de\/es\/wp-json\/wp\/v2\/product_cat?post=1015832"},{"taxonomy":"product_tag","embeddable":true,"href":"https:\/\/vimaterial.de\/es\/wp-json\/wp\/v2\/product_tag?post=1015832"}],"curies":[{"name":"wp","href":"https:\/\/api.w.org\/{rel}","templated":true}]}}