{"id":1015828,"date":"2024-06-17T14:51:37","date_gmt":"2024-06-17T06:51:37","guid":{"rendered":"https:\/\/vimaterial.de\/product\/inconel-718\/"},"modified":"2025-04-15T15:32:39","modified_gmt":"2025-04-15T07:32:39","slug":"inconel-718","status":"publish","type":"product","link":"https:\/\/vimaterial.de\/es\/product\/inconel-718\/","title":{"rendered":"INCONEL 718"},"content":{"rendered":"<p>El polvo INCONEL 718 es un polvo de aleaci\u00f3n de alta temperatura a base de n\u00edquel, de color gris plateado, con morfolog\u00eda de part\u00edculas finas y uniformes, excelente resistencia a altas temperaturas, resistencia a la fatiga, resistencia a la corrosi\u00f3n, y es un material clave para la fabricaci\u00f3n aditiva y la pulvimetalurgia en la industria aeroespacial, la energ\u00eda y otros campos.<\/p>\n<p>VIMATERIAL ofrece polvos INCONEL 718. Nuestros polvos INCONEL 718 se caracterizan por su alta pureza, tama\u00f1o de part\u00edcula homog\u00e9neo, tama\u00f1o de paquete peque\u00f1o y bajo precio con un MOQ peque\u00f1o. Contamos con un equipo profesional de investigaci\u00f3n y desarrollo t\u00e9cnico, podemos aceptar la personalizaci\u00f3n y experimentaci\u00f3n del producto, <span style=\"color: #3366ff;\"><a style=\"color: #3366ff;\" href=\"https:\/\/vimaterial.de\/en\/contact-us\/\">cont\u00e1ctenos<\/a>.<\/span>  <\/p>\n<h2><span style=\"font-size: 14pt;\">Propiedades f\u00edsicas<\/span><\/h2>\n<p>F\u00f3rmula molecular: NiCrFeNbMoCo<\/p>\n<p>Aspecto: polvo gris plateado<\/p>\n<p>Densidad: aprox. 8,19 g\/cm\u00b3<\/p>\n<p>Estructura cristalina: estructura cristalina c\u00fabica centrada en la cara (FCC).<\/p>\n<h2><span style=\"font-size: 14pt;\">Aplicaciones<\/span><\/h2>\n<p>Automoci\u00f3n: En la industria automotriz, el polvo se utiliza en la fabricaci\u00f3n de sistemas de escape, turbocompresores y otros componentes de alta temperatura para mejorar el rendimiento y la durabilidad de los autom\u00f3viles en entornos de alta temperatura.<\/p>\n<p>Petroqu\u00edmica: En la industria petroqu\u00edmica, los polvos INCONEL 718 se utilizan en la fabricaci\u00f3n de tuber\u00edas, reactores, v\u00e1lvulas y otros equipos para la estabilidad a largo plazo en medios \u00e1cidos o corrosivos.<\/p>\n<p>Energ\u00eda: En el sector energ\u00e9tico, los polvos INCONEL 718 se utilizan en la fabricaci\u00f3n de componentes de alta temperatura como componentes de turbinas, c\u00e1maras de combusti\u00f3n y \u00e1labes de turbinas de gas en centrales t\u00e9rmicas y nucleares para mejorar la eficiencia y la estabilidad de los equipos energ\u00e9ticos.<\/p>\n<p>M\u00e9dico: En la industria m\u00e9dica, los polvos INCONEL 718 se utilizan en la fabricaci\u00f3n de implantes quir\u00fargicos, pr\u00f3tesis y dispositivos m\u00e9dicos, donde su biocompatibilidad, fuerza y resistencia a la corrosi\u00f3n son necesarias para un uso a largo plazo en el cuerpo humano.<\/p>\n<p>Procesamiento de metales: En el procesamiento de metales, los polvos INCONEL 718 se utilizan en la fabricaci\u00f3n de moldes de extrusi\u00f3n, moldes de trabajo en caliente, etc. para mejorar la vida \u00fatil de los moldes y mejorar la precisi\u00f3n del mecanizado.<\/p>\n<h2><span style=\"font-size: 14pt;\">Control de calidad<\/span><\/h2>\n<p><span style=\"color: #3366ff;\"><a style=\"color: #3366ff;\" href=\"https:\/\/vimaterial.de\/en\/quality-control\/\">Nuestros productos<\/a><\/span> se implementan con el sistema de gesti\u00f3n de calidad m\u00e1s estricto, los materiales entrantes, el proceso, la inspecci\u00f3n final, la inspecci\u00f3n de f\u00e1brica tienen estrictos est\u00e1ndares de inspecci\u00f3n, para el procesamiento no calificado utilizar\u00e1 estrictas medidas de aislamiento para evitar el flujo de productos no conformes al siguiente proceso, de acuerdo con los requisitos del cliente, proporcionar\u00e1 a los clientes muestras para que los clientes vuelvan a inspeccionar.<\/p>\n<h2><span style=\"font-size: 14pt;\">Embalaje y almacenamiento<\/span><\/h2>\n<p>Los polvos INCONEL 718 se envasan en bolsas de doble vac\u00edo o botellas de doble vac\u00edo y se envasan en cajas de cart\u00f3n.<\/p>\n<p>Los polvos INCONEL 718 deben almacenarse en un ambiente seco, fresco y bien ventilado, sellados para evitar la humedad y la oxidaci\u00f3n, evitar el contacto con sustancias corrosivas, colocados en una posici\u00f3n estable para evitar vuelcos y fugas, y bien etiquetados y protegidos de fuentes de ignici\u00f3n y calor.<\/p>\n","protected":false},"excerpt":{"rendered":"<p>El polvo INCONEL 718 es un polvo de aleaci\u00f3n de alta temperatura a base de n\u00edquel, de color gris plateado, con morfolog\u00eda de part\u00edculas finas y uniformes, excelente resistencia a altas temperaturas, resistencia a la fatiga, resistencia a la corrosi\u00f3n, y es un material clave para la fabricaci\u00f3n aditiva y la pulvimetalurgia en la industria aeroespacial, la energ\u00eda y otros campos.<\/p>\n","protected":false},"featured_media":1002603,"comment_status":"open","ping_status":"closed","template":"","meta":{"_acf_changed":false},"product_brand":[],"product_cat":[185],"product_tag":[],"class_list":{"0":"post-1015828","1":"product","2":"type-product","3":"status-publish","4":"has-post-thumbnail","6":"product_cat-polvo-esferico-para-impresion-3d","8":"first","9":"instock","10":"shipping-taxable","11":"product-type-variable"},"acf":[],"_links":{"self":[{"href":"https:\/\/vimaterial.de\/es\/wp-json\/wp\/v2\/product\/1015828","targetHints":{"allow":["GET"]}}],"collection":[{"href":"https:\/\/vimaterial.de\/es\/wp-json\/wp\/v2\/product"}],"about":[{"href":"https:\/\/vimaterial.de\/es\/wp-json\/wp\/v2\/types\/product"}],"replies":[{"embeddable":true,"href":"https:\/\/vimaterial.de\/es\/wp-json\/wp\/v2\/comments?post=1015828"}],"wp:featuredmedia":[{"embeddable":true,"href":"https:\/\/vimaterial.de\/es\/wp-json\/wp\/v2\/media\/1002603"}],"wp:attachment":[{"href":"https:\/\/vimaterial.de\/es\/wp-json\/wp\/v2\/media?parent=1015828"}],"wp:term":[{"taxonomy":"product_brand","embeddable":true,"href":"https:\/\/vimaterial.de\/es\/wp-json\/wp\/v2\/product_brand?post=1015828"},{"taxonomy":"product_cat","embeddable":true,"href":"https:\/\/vimaterial.de\/es\/wp-json\/wp\/v2\/product_cat?post=1015828"},{"taxonomy":"product_tag","embeddable":true,"href":"https:\/\/vimaterial.de\/es\/wp-json\/wp\/v2\/product_tag?post=1015828"}],"curies":[{"name":"wp","href":"https:\/\/api.w.org\/{rel}","templated":true}]}}