{"id":1015814,"date":"2024-06-17T14:51:41","date_gmt":"2024-06-17T06:51:41","guid":{"rendered":"https:\/\/vimaterial.de\/product\/niquel-cobre\/"},"modified":"2025-04-15T15:26:57","modified_gmt":"2025-04-15T07:26:57","slug":"niquel-cobre","status":"publish","type":"product","link":"https:\/\/vimaterial.de\/es\/product\/niquel-cobre\/","title":{"rendered":"N\u00edquel Cobre"},"content":{"rendered":"<p>El objetivo de pulverizaci\u00f3n cat\u00f3dica de n\u00edquel y cobre es un objetivo de pulverizaci\u00f3n cat\u00f3dica de aleaci\u00f3n de n\u00edquel y cobre, brillo met\u00e1lico, buena conductividad el\u00e9ctrica, conductividad t\u00e9rmica y resistencia a la corrosi\u00f3n, utilizado principalmente en la tecnolog\u00eda de deposici\u00f3n f\u00edsica de vapor para preparar materiales de pel\u00edcula delgada con propiedades espec\u00edficas.<\/p>\n<p>VIMATERIAL proporciona objetivos de pulverizaci\u00f3n cat\u00f3dica de n\u00edquel y cobre. Nuestros objetivos de pulverizaci\u00f3n cat\u00f3dica de n\u00edquel-cobre se caracterizan por altas densidades, homogeneidad dentro del objetivo, bajas impurezas, alto acabado superficial, alta eficiencia de pulverizaci\u00f3n cat\u00f3dica del objetivo y servicios de uni\u00f3n de objetivos disponibles. Contamos con un equipo profesional del R&amp;D y podemos aceptar la personalizaci\u00f3n y los experimentos, por favor <span style=\"color: #0000ff;\"><a style=\"color: #0000ff;\" href=\"https:\/\/vimaterial.de\/en\/contact-us\/\">cont\u00e1ctenos<\/a><\/span>.  <\/p>\n<h2><span style=\"font-size: 14pt;\">Propiedades f\u00edsicas<\/span><\/h2>\n<p>F\u00f3rmula molecular: NiCu<\/p>\n<p>Peso molecular: 61,12 g\/mol<\/p>\n<p>Aspecto: Rosa p\u00e1lido o blanco plateado s\u00f3lido con brillo met\u00e1lico<\/p>\n<p>Estructura cristalina: estructura cristalina c\u00fabica centrada en las caras<\/p>\n<h2><span style=\"font-size: 14pt;\">Aplicaciones<\/span><\/h2>\n<p>Industria electr\u00f3nica: En la industria electr\u00f3nica, se puede utilizar para la preparaci\u00f3n de l\u00edneas de interconexi\u00f3n en circuitos integrados. Con su buena conductividad y resistencia a la corrosi\u00f3n, puede garantizar la transmisi\u00f3n estable de se\u00f1ales electr\u00f3nicas y prolongar la vida \u00fatil de las l\u00edneas. <\/p>\n<p>Recubrimiento decorativo: en el campo del recubrimiento decorativo, el objetivo de pulverizaci\u00f3n cat\u00f3dica puede depositar una pel\u00edcula delgada con brillo met\u00e1lico y buena resistencia a la corrosi\u00f3n en la superficie de todo tipo de sustratos, lo que hace que los productos se vean exquisitos y duraderos, y es ampliamente utilizado en el tratamiento de superficies de joyas, relojes y accesorios para el hogar de alta calidad y otros art\u00edculos decorativos.<\/p>\n<p>Aeroespacial: Para piezas aeroespaciales, se puede utilizar para fabricar recubrimientos especiales para mejorar el rendimiento antidesgaste y anticorrosi\u00f3n de las piezas en entornos extremos, mientras que su buena conductividad t\u00e9rmica ayuda a disipar el calor y garantizar el funcionamiento confiable de las partes clave de la aeronave.<\/p>\n<p>Fabricaci\u00f3n de autom\u00f3viles: En la fabricaci\u00f3n de autom\u00f3viles, el objetivo de pulverizaci\u00f3n cat\u00f3dica se puede utilizar para el recubrimiento de la superficie de las piezas interiores de autom\u00f3viles para mejorar su textura y resistencia a la intemperie, y tambi\u00e9n se puede aplicar a componentes clave como motores de autom\u00f3viles para mejorar su resistencia al choque t\u00e9rmico y a la corrosi\u00f3n y prolongar la vida \u00fatil de los componentes.<\/p>\n<h2><span style=\"font-size: 14pt;\">Control de calidad<\/span><\/h2>\n<p><span style=\"color: #0000ff;\"><a style=\"color: #0000ff;\" href=\"https:\/\/vimaterial.de\/en\/quality-control\/\">Nuestros productos<\/a><\/span> se implementan con el sistema de gesti\u00f3n de calidad m\u00e1s estricto, los materiales entrantes, el proceso, la inspecci\u00f3n final, la inspecci\u00f3n de f\u00e1brica tienen estrictos est\u00e1ndares de inspecci\u00f3n, para el procesamiento no calificado utilizar\u00e1 estrictas medidas de aislamiento para evitar el flujo de productos no conformes al siguiente proceso, de acuerdo con los requisitos del cliente, proporcionar\u00e1 a los clientes muestras para que los clientes vuelvan a inspeccionar.<\/p>\n<h2><span style=\"font-size: 14pt;\">Embalaje y almacenamiento<\/span><\/h2>\n<p>Los objetivos de pulverizaci\u00f3n cat\u00f3dica de n\u00edquel y cobre se empaquetan en bolsas y cartones de vac\u00edo dobles.<\/p>\n<p>Los objetivos de pulverizaci\u00f3n cat\u00f3dica de n\u00edquel-cobre deben almacenarse en un ambiente seco y bien ventilado con una temperatura y humedad relativamente estables para evitar la humedad, la oxidaci\u00f3n y el da\u00f1o f\u00edsico, y deben mantenerse alejados de sustancias corrosivas y fuentes de campos magn\u00e9ticos fuertes, y preferiblemente colocarse en estantes de almacenamiento apoyados y protegidos.<\/p>\n","protected":false},"excerpt":{"rendered":"<p>El objetivo de pulverizaci\u00f3n cat\u00f3dica de n\u00edquel y cobre es un objetivo de pulverizaci\u00f3n cat\u00f3dica de aleaci\u00f3n de n\u00edquel y cobre, brillo met\u00e1lico, buena conductividad el\u00e9ctrica, conductividad t\u00e9rmica y resistencia a la corrosi\u00f3n, utilizado principalmente en la tecnolog\u00eda de deposici\u00f3n f\u00edsica de vapor para preparar materiales de pel\u00edcula delgada con propiedades espec\u00edficas.<\/p>\n","protected":false},"featured_media":1002624,"comment_status":"open","ping_status":"closed","template":"","meta":{"_acf_changed":false},"product_brand":[],"product_cat":[178],"product_tag":[],"class_list":{"0":"post-1015814","1":"product","2":"type-product","3":"status-publish","4":"has-post-thumbnail","6":"product_cat-catodos-para-sputtering-planar","8":"first","9":"instock","10":"shipping-taxable","11":"product-type-variable"},"acf":[],"_links":{"self":[{"href":"https:\/\/vimaterial.de\/es\/wp-json\/wp\/v2\/product\/1015814","targetHints":{"allow":["GET"]}}],"collection":[{"href":"https:\/\/vimaterial.de\/es\/wp-json\/wp\/v2\/product"}],"about":[{"href":"https:\/\/vimaterial.de\/es\/wp-json\/wp\/v2\/types\/product"}],"replies":[{"embeddable":true,"href":"https:\/\/vimaterial.de\/es\/wp-json\/wp\/v2\/comments?post=1015814"}],"wp:featuredmedia":[{"embeddable":true,"href":"https:\/\/vimaterial.de\/es\/wp-json\/wp\/v2\/media\/1002624"}],"wp:attachment":[{"href":"https:\/\/vimaterial.de\/es\/wp-json\/wp\/v2\/media?parent=1015814"}],"wp:term":[{"taxonomy":"product_brand","embeddable":true,"href":"https:\/\/vimaterial.de\/es\/wp-json\/wp\/v2\/product_brand?post=1015814"},{"taxonomy":"product_cat","embeddable":true,"href":"https:\/\/vimaterial.de\/es\/wp-json\/wp\/v2\/product_cat?post=1015814"},{"taxonomy":"product_tag","embeddable":true,"href":"https:\/\/vimaterial.de\/es\/wp-json\/wp\/v2\/product_tag?post=1015814"}],"curies":[{"name":"wp","href":"https:\/\/api.w.org\/{rel}","templated":true}]}}