{"id":1015790,"date":"2024-06-17T14:52:28","date_gmt":"2024-06-17T06:52:28","guid":{"rendered":"https:\/\/vimaterial.de\/product\/aleacion-de-hierro-y-niquel-3\/"},"modified":"2025-04-15T14:52:18","modified_gmt":"2025-04-15T06:52:18","slug":"aleacion-de-hierro-y-niquel-3","status":"publish","type":"product","link":"https:\/\/vimaterial.de\/es\/product\/aleacion-de-hierro-y-niquel-3\/","title":{"rendered":"Aleaci\u00f3n de n\u00edquel y hierro"},"content":{"rendered":"<p><span style=\"color: #0000ff;\"><a style=\"color: #0000ff;\" href=\"https:\/\/vimaterial.de\/en\/product\/nickel-iron-alloy-2\/\">Aleaci\u00f3n de n\u00edquel y hierro<\/a> <\/span>El polvo es un material granular fino hecho de aleaci\u00f3n de n\u00edquel y hierro, que es de color gris plateado con brillo met\u00e1lico, tiene buenas propiedades magn\u00e9ticas y cierta estabilidad qu\u00edmica y se utiliza en la fabricaci\u00f3n de materiales magn\u00e9ticos, piezas met\u00e1licas y muchos otros productos.<\/p>\n<p>VIMATERIAL ofrece polvos de aleaci\u00f3n de n\u00edquel y hierro. Nuestros polvos tienen alta pureza, buena uniformidad del tama\u00f1o de part\u00edcula, bajas impurezas, empaque peque\u00f1o y MOQ peque\u00f1o. Contamos con un equipo profesional de investigaci\u00f3n y desarrollo t\u00e9cnico, podemos aceptar la personalizaci\u00f3n del producto y los experimentos, <span style=\"color: #0000ff;\"><a style=\"color: #0000ff;\" href=\"https:\/\/vimaterial.de\/en\/contact-us\/\">cont\u00e1ctenos.<\/a><\/span>  <\/p>\n<h2><span style=\"font-size: 14pt;\">Propiedades f\u00edsicas<\/span><\/h2>\n<p>F\u00f3rmula molecular: NiFe<\/p>\n<p>Peso molecular: alrededor de 57,27 g \/ mol<\/p>\n<p>Aspecto: polvo met\u00e1lico gris plata<\/p>\n<h2><span style=\"font-size: 14pt;\">Aplicaciones<\/span><\/h2>\n<p>Campo de material magn\u00e9tico: se puede utilizar para fabricar materiales magn\u00e9ticos blandos, a trav\u00e9s de un proceso adecuado de moldeo y tratamiento t\u00e9rmico, puede formar componentes magn\u00e9ticos con alta permeabilidad y baja coercitividad, como el n\u00facleo del transformador y el n\u00facleo del inductor, que pueden mejorar efectivamente el rendimiento del equipo electromagn\u00e9tico.<\/p>\n<p>Campo de pulvimetalurgia: El polvo de aleaci\u00f3n de n\u00edquel y hierro es una materia prima importante, se puede prensar, sinterizar y otros procesos para fabricar una variedad de piezas met\u00e1licas de precisi\u00f3n, sus productos tienen una alta densidad y buenas propiedades mec\u00e1nicas, ampliamente utilizados en la fabricaci\u00f3n de maquinaria y la industria automotriz y otros campos.<\/p>\n<p>Campo de encapsulaci\u00f3n electr\u00f3nica: se puede utilizar como material de relleno agregado al material de encapsulaci\u00f3n, utilizando su buena conductividad t\u00e9rmica y propiedades de blindaje electromagn\u00e9tico, lo que ayuda a proteger los componentes electr\u00f3nicos de interferencias electromagn\u00e9ticas externas y, al mismo tiempo, puede disipar eficazmente el calor y prolongar la vida \u00fatil de los componentes electr\u00f3nicos.<\/p>\n<p>Impresi\u00f3n 3D: El polvo de aleaci\u00f3n de n\u00edquel y hierro es un material de impresi\u00f3n ideal. A trav\u00e9s de la fusi\u00f3n selectiva por l\u00e1ser o la fusi\u00f3n por haz de electrones y otras tecnolog\u00edas de impresi\u00f3n 3D, se pueden fabricar directamente piezas met\u00e1licas con geometr\u00edas complejas para satisfacer las necesidades de las industrias aeroespacial y de dispositivos m\u00e9dicos de piezas personalizadas y de alto rendimiento. <\/p>\n<h2><span style=\"font-size: 14pt;\">Control de calidad<\/span><\/h2>\n<p><span style=\"color: #0000ff;\"><a style=\"color: #0000ff;\" href=\"https:\/\/vimaterial.de\/en\/quality-control\/\">Nuestros productos<\/a> <\/span>se implementan con el sistema de gesti\u00f3n de calidad m\u00e1s estricto, los materiales entrantes, el proceso, la inspecci\u00f3n final, la inspecci\u00f3n de f\u00e1brica tienen estrictos est\u00e1ndares de inspecci\u00f3n, para el procesamiento no calificado utilizar\u00e1 estrictas medidas de aislamiento para evitar el flujo de productos no conformes al siguiente proceso, de acuerdo con los requisitos del cliente, proporcionar\u00e1 a los clientes muestras para que los clientes vuelvan a inspeccionar.<\/p>\n<h2><span style=\"font-size: 14pt;\">Embalaje y almacenamiento<\/span><\/h2>\n<p>Los polvos de aleaci\u00f3n de n\u00edquel y hierro se envasan en bolsas de vac\u00edo dobles o botellas de vac\u00edo dobles con cajas de cart\u00f3n exteriores.<\/p>\n<p>Los polvos de aleaci\u00f3n de n\u00edquel y hierro deben almacenarse en un ambiente seco, fresco, bien ventilado y sellado, protegidos de la humedad y la oxidaci\u00f3n, lejos de fuentes de ignici\u00f3n, calor y sustancias corrosivas, y en estantes estables para evitar fugas de polvo debido al vuelco de los contenedores.<\/p>\n","protected":false},"excerpt":{"rendered":"<p><span style=\"color: #0000ff;\"><a style=\"color: #0000ff;\" href=\"https:\/\/vimaterial.de\/en\/product\/nickel-iron-alloy-2\/\">Aleaci\u00f3n de n\u00edquel y hierro<\/a> <\/span>El polvo es un material granular fino hecho de aleaci\u00f3n de n\u00edquel y hierro, que es de color gris plateado con brillo met\u00e1lico, tiene buenas propiedades magn\u00e9ticas y cierta estabilidad qu\u00edmica y se utiliza en la fabricaci\u00f3n de materiales magn\u00e9ticos, piezas met\u00e1licas y muchos otros productos.<\/p>\n","protected":false},"featured_media":1002652,"comment_status":"open","ping_status":"closed","template":"","meta":{"_acf_changed":false},"product_brand":[],"product_cat":[193],"product_tag":[],"class_list":{"0":"post-1015790","1":"product","2":"type-product","3":"status-publish","4":"has-post-thumbnail","6":"product_cat-polvo-de-aleaciones-y-metales-puros","8":"first","9":"instock","10":"shipping-taxable","11":"purchasable","12":"product-type-variable"},"acf":[],"_links":{"self":[{"href":"https:\/\/vimaterial.de\/es\/wp-json\/wp\/v2\/product\/1015790","targetHints":{"allow":["GET"]}}],"collection":[{"href":"https:\/\/vimaterial.de\/es\/wp-json\/wp\/v2\/product"}],"about":[{"href":"https:\/\/vimaterial.de\/es\/wp-json\/wp\/v2\/types\/product"}],"replies":[{"embeddable":true,"href":"https:\/\/vimaterial.de\/es\/wp-json\/wp\/v2\/comments?post=1015790"}],"wp:featuredmedia":[{"embeddable":true,"href":"https:\/\/vimaterial.de\/es\/wp-json\/wp\/v2\/media\/1002652"}],"wp:attachment":[{"href":"https:\/\/vimaterial.de\/es\/wp-json\/wp\/v2\/media?parent=1015790"}],"wp:term":[{"taxonomy":"product_brand","embeddable":true,"href":"https:\/\/vimaterial.de\/es\/wp-json\/wp\/v2\/product_brand?post=1015790"},{"taxonomy":"product_cat","embeddable":true,"href":"https:\/\/vimaterial.de\/es\/wp-json\/wp\/v2\/product_cat?post=1015790"},{"taxonomy":"product_tag","embeddable":true,"href":"https:\/\/vimaterial.de\/es\/wp-json\/wp\/v2\/product_tag?post=1015790"}],"curies":[{"name":"wp","href":"https:\/\/api.w.org\/{rel}","templated":true}]}}