{"id":1015778,"date":"2024-06-17T14:52:28","date_gmt":"2024-06-17T06:52:28","guid":{"rendered":"https:\/\/vimaterial.de\/product\/aleacion-de-hierro-y-niquel-2\/"},"modified":"2025-04-15T14:53:49","modified_gmt":"2025-04-15T06:53:49","slug":"aleacion-de-hierro-y-niquel-2","status":"publish","type":"product","link":"https:\/\/vimaterial.de\/es\/product\/aleacion-de-hierro-y-niquel-2\/","title":{"rendered":"Aleaci\u00f3n de n\u00edquel y hierro"},"content":{"rendered":"<p>Los pellets de <span style=\"color: #0000ff;\"><a style=\"color: #0000ff;\" href=\"https:\/\/vimaterial.de\/en\/product\/nickel-iron-alloy-3\/\">aleaci\u00f3n de n\u00edquel y hierro<\/a> <\/span>son part\u00edculas de aleaci\u00f3n compuestas de n\u00edquel y hierro con brillo met\u00e1lico, que se pueden utilizar como materias primas para la preparaci\u00f3n de materiales de aleaci\u00f3n o para la producci\u00f3n de materiales funcionales como propiedades magn\u00e9ticas a trav\u00e9s de procesos especiales.<\/p>\n<p>VIMATERIAL ofrece pellets de aleaci\u00f3n de n\u00edquel y hierro con alta pureza, tama\u00f1os de part\u00edcula uniformes y personalizados, buena consistencia, bajas impurezas, empaque peque\u00f1o y MOQ bajo. Contamos con un equipo profesional de investigaci\u00f3n y desarrollo t\u00e9cnico, podemos aceptar la personalizaci\u00f3n del producto y los experimentos, <span style=\"color: #0000ff;\"><a style=\"color: #0000ff;\" href=\"https:\/\/vimaterial.de\/en\/contact-us\/\">cont\u00e1ctenos<\/a><\/span>. <\/p>\n<h2><span style=\"font-size: 14pt;\">Propiedades f\u00edsicas<\/span><\/h2>\n<p>F\u00f3rmula molecular: NiFe<\/p>\n<p>Peso molecular: alrededor de 57,27 g \/ mol<\/p>\n<p>Aspecto: Gris plata s\u00f3lido con brillo met\u00e1lico, la forma se puede personalizar.<\/p>\n<h2><span style=\"font-size: 14pt;\">Aplicaciones<\/span><\/h2>\n<p>Materiales magn\u00e9ticos: Se puede utilizar en la fabricaci\u00f3n de materiales magn\u00e9ticos blandos de alto rendimiento, que se pueden utilizar en transformadores, inductores y otros equipos de potencia para reducir eficazmente la p\u00e9rdida de energ\u00eda y mejorar la eficiencia de la conversi\u00f3n electromagn\u00e9tica.<\/p>\n<p>Fortalecimiento de materiales met\u00e1licos: La adici\u00f3n de part\u00edculas de aleaci\u00f3n de n\u00edquel y hierro a la preparaci\u00f3n de materiales met\u00e1licos puede refinar la estructura del grano, aumentar la resistencia y tenacidad del metal base y mejorar las propiedades mec\u00e1nicas generales de los materiales met\u00e1licos.<\/p>\n<p>Fabricaci\u00f3n de productos electr\u00f3nicos: Como componente de relleno en materiales de embalaje electr\u00f3nico, las part\u00edculas de aleaci\u00f3n de n\u00edquel y hierro pueden ayudar a mejorar la conductividad t\u00e9rmica y las propiedades de blindaje electromagn\u00e9tico de los materiales de embalaje y garantizar el funcionamiento estable de los dispositivos electr\u00f3nicos.<\/p>\n<p>Campo de la impresi\u00f3n 3D: como materia prima met\u00e1lica para la impresi\u00f3n 3D, puede construir con precisi\u00f3n piezas con formas complejas y propiedades espec\u00edficas para satisfacer la demanda de piezas personalizadas en la industria aeroespacial, la fabricaci\u00f3n de autom\u00f3viles y otros campos.<\/p>\n<h2><span style=\"font-size: 14pt;\">Control de calidad<\/span><\/h2>\n<p><span style=\"color: #0000ff;\"><a style=\"color: #0000ff;\" href=\"https:\/\/vimaterial.de\/en\/quality-control\/\">Nuestros productos<\/a> <\/span>se implementan con el sistema de gesti\u00f3n de calidad m\u00e1s estricto, los materiales entrantes, el proceso, la inspecci\u00f3n final, la inspecci\u00f3n de f\u00e1brica tienen estrictos est\u00e1ndares de inspecci\u00f3n, para el procesamiento no calificado utilizar\u00e1 estrictas medidas de aislamiento para evitar el flujo de productos no conformes al siguiente proceso, de acuerdo con los requisitos del cliente, proporcionar\u00e1 a los clientes muestras para que los clientes vuelvan a inspeccionar.<\/p>\n<h2><span style=\"font-size: 14pt;\">Embalaje y almacenamiento<\/span><\/h2>\n<p>Los gr\u00e1nulos de aleaci\u00f3n de n\u00edquel y hierro se empaquetan en bolsas de vac\u00edo de doble capa o botellas de vac\u00edo de doble capa con cajas de cart\u00f3n exteriores.<\/p>\n<p>Los pellets de aleaci\u00f3n de n\u00edquel y hierro deben almacenarse en un ambiente seco, fresco y bien ventilado, evitando la humedad, la oxidaci\u00f3n y la contaminaci\u00f3n por otras impurezas. Es aconsejable sellar los pellets en recipientes adecuados y colocarlos lejos de fuentes de ignici\u00f3n, \u00e1cidos, \u00e1lcalis y otros productos qu\u00edmicos, y al mismo tiempo marcarlos bien para distinguir entre los diferentes tama\u00f1os de pellets. <\/p>\n","protected":false},"excerpt":{"rendered":"<p>Los pellets de <span style=\"color: #0000ff;\"><a style=\"color: #0000ff;\" href=\"https:\/\/vimaterial.de\/en\/product\/nickel-iron-alloy-3\/\">aleaci\u00f3n de n\u00edquel y hierro<\/a> <\/span>son part\u00edculas de aleaci\u00f3n compuestas de n\u00edquel y hierro con brillo met\u00e1lico, que se pueden utilizar como materias primas para la preparaci\u00f3n de materiales de aleaci\u00f3n o para la producci\u00f3n de materiales funcionales como propiedades magn\u00e9ticas a trav\u00e9s de procesos especiales.<\/p>\n","protected":false},"featured_media":1002645,"comment_status":"open","ping_status":"closed","template":"","meta":{"_acf_changed":false},"product_brand":[],"product_cat":[179],"product_tag":[],"class_list":{"0":"post-1015778","1":"product","2":"type-product","3":"status-publish","4":"has-post-thumbnail","6":"product_cat-materiales-de-evaporacion","8":"first","9":"instock","10":"shipping-taxable","11":"product-type-variable"},"acf":[],"_links":{"self":[{"href":"https:\/\/vimaterial.de\/es\/wp-json\/wp\/v2\/product\/1015778","targetHints":{"allow":["GET"]}}],"collection":[{"href":"https:\/\/vimaterial.de\/es\/wp-json\/wp\/v2\/product"}],"about":[{"href":"https:\/\/vimaterial.de\/es\/wp-json\/wp\/v2\/types\/product"}],"replies":[{"embeddable":true,"href":"https:\/\/vimaterial.de\/es\/wp-json\/wp\/v2\/comments?post=1015778"}],"wp:featuredmedia":[{"embeddable":true,"href":"https:\/\/vimaterial.de\/es\/wp-json\/wp\/v2\/media\/1002645"}],"wp:attachment":[{"href":"https:\/\/vimaterial.de\/es\/wp-json\/wp\/v2\/media?parent=1015778"}],"wp:term":[{"taxonomy":"product_brand","embeddable":true,"href":"https:\/\/vimaterial.de\/es\/wp-json\/wp\/v2\/product_brand?post=1015778"},{"taxonomy":"product_cat","embeddable":true,"href":"https:\/\/vimaterial.de\/es\/wp-json\/wp\/v2\/product_cat?post=1015778"},{"taxonomy":"product_tag","embeddable":true,"href":"https:\/\/vimaterial.de\/es\/wp-json\/wp\/v2\/product_tag?post=1015778"}],"curies":[{"name":"wp","href":"https:\/\/api.w.org\/{rel}","templated":true}]}}