{"id":1015732,"date":"2024-06-17T14:52:30","date_gmt":"2024-06-17T06:52:30","guid":{"rendered":"https:\/\/vimaterial.de\/product\/niquel-manganeso\/"},"modified":"2025-04-15T14:49:03","modified_gmt":"2025-04-15T06:49:03","slug":"niquel-manganeso","status":"publish","type":"product","link":"https:\/\/vimaterial.de\/es\/product\/niquel-manganeso\/","title":{"rendered":"N\u00edquel Manganeso"},"content":{"rendered":"<p>El objetivo de pulverizaci\u00f3n cat\u00f3dica de <span style=\"color: #0000ff;\"><a style=\"color: #0000ff;\" href=\"https:\/\/vimaterial.de\/en\/product\/nickel-manganese-gallium\/\">n\u00edquel-manganeso<\/a><\/span> es un material compuesto de n\u00edquel y manganeso utilizado en la tecnolog\u00eda de deposici\u00f3n f\u00edsica de vapor (PVD). Tiene buena conductividad el\u00e9ctrica y estabilidad t\u00e9rmica, y puede depositar de manera eficiente \u00e1tomos de n\u00edquel y manganeso en el sustrato durante la pulverizaci\u00f3n cat\u00f3dica para ser utilizados en la preparaci\u00f3n de materiales de pel\u00edcula delgada, que juegan un papel importante en los campos de materiales magn\u00e9ticos, dispositivos electr\u00f3nicos, etc. <\/p>\n<p>VIMATERIAL proporciona objetivos de pulverizaci\u00f3n cat\u00f3dica de n\u00edquel-manganeso. Nuestros objetivos de pulverizaci\u00f3n cat\u00f3dica tienen alta densidad, alta pureza, bajas impurezas, estructura interna uniforme del producto y servicio de uni\u00f3n de objetivos. Nuestra empresa apoya la personalizaci\u00f3n y experimentaci\u00f3n de productos, y contamos con el equipo t\u00e9cnico de investigaci\u00f3n y desarrollo m\u00e1s profesional,<span style=\"color: #0000ff;\"><a style=\"color: #0000ff;\" href=\"https:\/\/vimaterial.de\/en\/contact-us\/\"> cont\u00e1ctenos.<\/a><\/span>  <\/p>\n<h2><span style=\"font-size: 14pt;\">Propiedades f\u00edsicas<\/span><\/h2>\n<p>F\u00f3rmula molecular: NiMn<\/p>\n<p>Peso molecular: alrededor de 56.815 g \/ mol<\/p>\n<p>Aspecto: bulto met\u00e1lico gris plata<\/p>\n<h2><span style=\"font-size: 14pt;\">Aplicaciones<\/span><\/h2>\n<p>Electr\u00f3nica: En el campo de la electr\u00f3nica, los objetivos de pulverizaci\u00f3n cat\u00f3dica de n\u00edquel-manganeso se utilizan en la fabricaci\u00f3n de componentes electr\u00f3nicos, como condensadores de pel\u00edcula, cuyas buenas propiedades el\u00e9ctricas pueden ayudar a mejorar el rendimiento de los condensadores, para satisfacer la demanda de miniaturizaci\u00f3n y alta estabilidad de los productos electr\u00f3nicos de alto rendimiento.<\/p>\n<p>Materiales magn\u00e9ticos: En el campo de los materiales magn\u00e9ticos, los objetivos de pulverizaci\u00f3n cat\u00f3dica se pueden utilizar para preparar pel\u00edculas delgadas con propiedades magn\u00e9ticas especiales, por ejemplo, para la fabricaci\u00f3n de nuevos sensores magn\u00e9ticos, donde la pel\u00edcula pulverizada es capaz de detectar con precisi\u00f3n cambios en campos magn\u00e9ticos d\u00e9biles.<\/p>\n<p>Energ\u00eda: En el campo de la energ\u00eda, especialmente en la preparaci\u00f3n de materiales de electrodos de bater\u00edas, los objetivos de pulverizaci\u00f3n cat\u00f3dica de n\u00edquel-manganeso se pueden utilizar para fabricar pel\u00edculas de electrodos de bater\u00eda de alto rendimiento, que pueden ayudar a mejorar la eficiencia de carga y descarga y el ciclo de vida de las bater\u00edas, y promover el progreso de la tecnolog\u00eda de bater\u00edas de nueva energ\u00eda.<\/p>\n<p>\u00d3ptica: En el campo de la \u00f3ptica, este objetivo de pulverizaci\u00f3n cat\u00f3dica se puede utilizar en la preparaci\u00f3n de pel\u00edculas \u00f3pticas, como la fabricaci\u00f3n de recubrimientos antirreflectantes. A trav\u00e9s del control preciso del proceso de pulverizaci\u00f3n cat\u00f3dica, se pueden obtener pel\u00edculas con un \u00edndice de refracci\u00f3n espec\u00edfico, que puede reducir efectivamente la reflexi\u00f3n en la superficie de los componentes \u00f3pticos y mejorar la calidad de imagen de los instrumentos \u00f3pticos. <\/p>\n<h2><span style=\"font-size: 14pt;\">Control de calidad<\/span><\/h2>\n<p><span style=\"color: #0000ff;\"><a style=\"color: #0000ff;\" href=\"https:\/\/vimaterial.de\/en\/quality-control\/\">Cada lote<\/a> <\/span>de productos en el proceso de producci\u00f3n para implementar un estricto sistema de gesti\u00f3n de calidad, tenemos estrictos est\u00e1ndares de inspecci\u00f3n para los materiales entrantes, los productos no conformes tienen un tratamiento perfecto y medidas de aislamiento. Utilizamos instrumentos de prueba de alta precisi\u00f3n para garantizar la calidad de los productos que salen de la f\u00e1brica, tambi\u00e9n podemos proporcionar muestras de acuerdo con los requisitos del cliente de las organizaciones de inspecci\u00f3n de terceros y, en \u00faltima instancia, fabricar nuestros productos para cumplir con los requisitos del cliente. <\/p>\n<h2><span style=\"font-size: 14pt;\">Embalaje y almacenamiento<\/span><\/h2>\n<p>Los objetivos de pulverizaci\u00f3n cat\u00f3dica de n\u00edquel-manganeso se empaquetan en bolsas de vac\u00edo dobles y se empaquetan en cajas de cart\u00f3n exteriores.<\/p>\n<p>Los objetivos de pulverizaci\u00f3n cat\u00f3dica de n\u00edquel-manganeso deben almacenarse en un ambiente seco y bien ventilado con una temperatura y humedad relativamente estables, y deben protegerse contra da\u00f1os f\u00edsicos, contaminaci\u00f3n qu\u00edmica y contacto con sustancias reactivas, y estar bien sellados para evitar la oxidaci\u00f3n.<\/p>\n","protected":false},"excerpt":{"rendered":"<p>El objetivo de pulverizaci\u00f3n cat\u00f3dica de <span style=\"color: #0000ff;\"><a style=\"color: #0000ff;\" href=\"https:\/\/vimaterial.de\/en\/product\/nickel-manganese-gallium\/\">n\u00edquel-manganeso<\/a><\/span> es un material compuesto de n\u00edquel y manganeso utilizado en la tecnolog\u00eda de deposici\u00f3n f\u00edsica de vapor (PVD). Tiene buena conductividad el\u00e9ctrica y estabilidad t\u00e9rmica, y puede depositar de manera eficiente \u00e1tomos de n\u00edquel y manganeso en el sustrato durante la pulverizaci\u00f3n cat\u00f3dica para ser utilizados en la preparaci\u00f3n de materiales de pel\u00edcula delgada, que juegan un papel importante en los campos de materiales magn\u00e9ticos, dispositivos electr\u00f3nicos, etc. <\/p>\n","protected":false},"featured_media":1002673,"comment_status":"open","ping_status":"closed","template":"","meta":{"_acf_changed":false},"product_brand":[],"product_cat":[178],"product_tag":[],"class_list":{"0":"post-1015732","1":"product","2":"type-product","3":"status-publish","4":"has-post-thumbnail","6":"product_cat-catodos-para-sputtering-planar","8":"first","9":"instock","10":"shipping-taxable","11":"product-type-variable"},"acf":[],"_links":{"self":[{"href":"https:\/\/vimaterial.de\/es\/wp-json\/wp\/v2\/product\/1015732","targetHints":{"allow":["GET"]}}],"collection":[{"href":"https:\/\/vimaterial.de\/es\/wp-json\/wp\/v2\/product"}],"about":[{"href":"https:\/\/vimaterial.de\/es\/wp-json\/wp\/v2\/types\/product"}],"replies":[{"embeddable":true,"href":"https:\/\/vimaterial.de\/es\/wp-json\/wp\/v2\/comments?post=1015732"}],"wp:featuredmedia":[{"embeddable":true,"href":"https:\/\/vimaterial.de\/es\/wp-json\/wp\/v2\/media\/1002673"}],"wp:attachment":[{"href":"https:\/\/vimaterial.de\/es\/wp-json\/wp\/v2\/media?parent=1015732"}],"wp:term":[{"taxonomy":"product_brand","embeddable":true,"href":"https:\/\/vimaterial.de\/es\/wp-json\/wp\/v2\/product_brand?post=1015732"},{"taxonomy":"product_cat","embeddable":true,"href":"https:\/\/vimaterial.de\/es\/wp-json\/wp\/v2\/product_cat?post=1015732"},{"taxonomy":"product_tag","embeddable":true,"href":"https:\/\/vimaterial.de\/es\/wp-json\/wp\/v2\/product_tag?post=1015732"}],"curies":[{"name":"wp","href":"https:\/\/api.w.org\/{rel}","templated":true}]}}