{"id":1015714,"date":"2024-06-17T14:52:30","date_gmt":"2024-06-17T06:52:30","guid":{"rendered":"https:\/\/vimaterial.de\/product\/niquel-molibdeno\/"},"modified":"2025-04-15T14:45:54","modified_gmt":"2025-04-15T06:45:54","slug":"niquel-molibdeno","status":"publish","type":"product","link":"https:\/\/vimaterial.de\/es\/product\/niquel-molibdeno\/","title":{"rendered":"N\u00edquel Molibdeno"},"content":{"rendered":"<p><span style=\"color: #0000ff;\"><a style=\"color: #0000ff;\" href=\"https:\/\/vimaterial.de\/en\/product\/nickel-molybdate-nickel-molybdenum-oxide\/\">N\u00edquel El<\/a><\/span> objetivo de pulverizaci\u00f3n cat\u00f3dica de molibdeno es un material compuesto por n\u00edquel y molibdeno utilizado en la tecnolog\u00eda de deposici\u00f3n f\u00edsica de vapor, mediante la cual los \u00e1tomos de n\u00edquel y molibdeno se pulverizan y depositan en la superficie de un sustrato mediante bombardeo i\u00f3nico, que se puede utilizar para preparar recubrimientos de pel\u00edcula delgada con propiedades especiales.<\/p>\n<p>VIMATERIAL proporciona objetivos de pulverizaci\u00f3n cat\u00f3dica de n\u00edquel y molibdeno, nuestros objetivos de pulverizaci\u00f3n cat\u00f3dica tienen alta densificaci\u00f3n, uniformidad dentro del objetivo, bajas impurezas en el producto, buenas propiedades de la superficie del objetivo y servicio de uni\u00f3n de objetivos, contamos con un equipo t\u00e9cnico profesional del R&amp;D, podemos aceptar la personalizaci\u00f3n y la experimentaci\u00f3n de los productos, por favor <span style=\"color: #0000ff;\"><a style=\"color: #0000ff;\" href=\"https:\/\/vimaterial.de\/en\/contact-us\/\">p\u00f3ngase en contacto con nosotros<\/a><\/span>.<\/p>\n<h2><span style=\"font-size: 14pt;\">Propiedades f\u00edsicas<\/span><\/h2>\n<p>F\u00f3rmula molecular: NiMo<\/p>\n<p>Peso molecular: alrededor de 77.315 g \/ mol<\/p>\n<p>Aspecto: Gris plata s\u00f3lido con brillo met\u00e1lico, la forma se puede personalizar.<\/p>\n<h2><span style=\"font-size: 14pt;\">Aplicaciones<\/span><\/h2>\n<p>Industria electr\u00f3nica: Se utiliza en la preparaci\u00f3n de resistencias de pel\u00edcula delgada en circuitos integrados, que pueden proporcionar un rendimiento de resistencia estable y ayudar a mejorar la precisi\u00f3n y confiabilidad de los componentes electr\u00f3nicos.<\/p>\n<p>Campo semiconductor: se puede utilizar para formar una capa de metalizaci\u00f3n, como en la estructura de interconexi\u00f3n de los chips, que puede mejorar el rendimiento de contacto entre el metal y el semiconductor y reducir la resistencia de contacto.<\/p>\n<p>Campo \u00f3ptico: se puede utilizar para depositar pel\u00edcula \u00f3ptica, como el recubrimiento del reflector, ajustando el grosor y la composici\u00f3n de la capa de pel\u00edcula, puede controlar la reflectividad y la selectividad de la longitud de onda, y mejorar el rendimiento reflectante de los instrumentos \u00f3pticos.<\/p>\n<p>Solar fotovoltaica: se puede utilizar para preparar una pel\u00edcula de electrodos, lo que ayuda a mejorar la eficiencia de conversi\u00f3n fotoel\u00e9ctrica de la bater\u00eda y la estabilidad de la bater\u00eda, y mejorar el rendimiento y la vida \u00fatil de la bater\u00eda.<\/p>\n<h2><span style=\"font-size: 14pt;\">Control de calidad<\/span><\/h2>\n<p><span style=\"color: #0000ff;\"><a style=\"color: #0000ff;\" href=\"https:\/\/vimaterial.de\/en\/quality-control\/\">Nuestros productos<\/a><\/span> se implementan con el sistema de gesti\u00f3n de calidad m\u00e1s estricto, los materiales entrantes, el proceso, la inspecci\u00f3n final, la inspecci\u00f3n de f\u00e1brica tienen estrictos est\u00e1ndares de inspecci\u00f3n, para el procesamiento no calificado utilizar\u00e1 estrictas medidas de aislamiento para evitar el flujo de productos no conformes al siguiente proceso, de acuerdo con los requisitos del cliente, proporcionar\u00e1 a los clientes muestras para que los clientes vuelvan a inspeccionar.<\/p>\n<h2><span style=\"font-size: 14pt;\">Embalaje y almacenamiento<\/span><\/h2>\n<p>Los objetivos de pulverizaci\u00f3n cat\u00f3dica de n\u00edquel y molibdeno se empaquetan en bolsas y cajas de vac\u00edo de doble capa y se empaquetan en cajas de cart\u00f3n.<\/p>\n<p>Los objetivos de pulverizaci\u00f3n cat\u00f3dica de n\u00edquel molibdeno deben almacenarse en un ambiente seco, limpio y bien ventilado para evitar la humedad, la oxidaci\u00f3n y la contaminaci\u00f3n por otras impurezas y, al mismo tiempo, debemos prestar atenci\u00f3n para evitar da\u00f1os f\u00edsicos a los objetivos, y es mejor clasificarlos y almacenarlos de acuerdo con sus especificaciones para facilitar su manejo y acceso.<\/p>\n","protected":false},"excerpt":{"rendered":"<p><span style=\"color: #0000ff;\"><a style=\"color: #0000ff;\" href=\"https:\/\/vimaterial.de\/en\/product\/nickel-molybdate-nickel-molybdenum-oxide\/\">N\u00edquel El<\/a><\/span> objetivo de pulverizaci\u00f3n cat\u00f3dica de molibdeno es un material compuesto por n\u00edquel y molibdeno utilizado en la tecnolog\u00eda de deposici\u00f3n f\u00edsica de vapor, mediante la cual los \u00e1tomos de n\u00edquel y molibdeno se pulverizan y depositan en la superficie de un sustrato mediante bombardeo i\u00f3nico, que se puede utilizar para preparar recubrimientos de pel\u00edcula delgada con propiedades especiales.<\/p>\n","protected":false},"featured_media":1002687,"comment_status":"open","ping_status":"closed","template":"","meta":{"_acf_changed":false},"product_brand":[],"product_cat":[178],"product_tag":[],"class_list":{"0":"post-1015714","1":"product","2":"type-product","3":"status-publish","4":"has-post-thumbnail","6":"product_cat-catodos-para-sputtering-planar","8":"first","9":"instock","10":"shipping-taxable","11":"product-type-variable"},"acf":[],"_links":{"self":[{"href":"https:\/\/vimaterial.de\/es\/wp-json\/wp\/v2\/product\/1015714","targetHints":{"allow":["GET"]}}],"collection":[{"href":"https:\/\/vimaterial.de\/es\/wp-json\/wp\/v2\/product"}],"about":[{"href":"https:\/\/vimaterial.de\/es\/wp-json\/wp\/v2\/types\/product"}],"replies":[{"embeddable":true,"href":"https:\/\/vimaterial.de\/es\/wp-json\/wp\/v2\/comments?post=1015714"}],"wp:featuredmedia":[{"embeddable":true,"href":"https:\/\/vimaterial.de\/es\/wp-json\/wp\/v2\/media\/1002687"}],"wp:attachment":[{"href":"https:\/\/vimaterial.de\/es\/wp-json\/wp\/v2\/media?parent=1015714"}],"wp:term":[{"taxonomy":"product_brand","embeddable":true,"href":"https:\/\/vimaterial.de\/es\/wp-json\/wp\/v2\/product_brand?post=1015714"},{"taxonomy":"product_cat","embeddable":true,"href":"https:\/\/vimaterial.de\/es\/wp-json\/wp\/v2\/product_cat?post=1015714"},{"taxonomy":"product_tag","embeddable":true,"href":"https:\/\/vimaterial.de\/es\/wp-json\/wp\/v2\/product_tag?post=1015714"}],"curies":[{"name":"wp","href":"https:\/\/api.w.org\/{rel}","templated":true}]}}