{"id":1015700,"date":"2024-06-17T14:52:34","date_gmt":"2024-06-17T06:52:34","guid":{"rendered":"https:\/\/vimaterial.de\/product\/niquel-aleacion-de-niobio\/"},"modified":"2025-04-15T14:40:27","modified_gmt":"2025-04-15T06:40:27","slug":"niquel-aleacion-de-niobio","status":"publish","type":"product","link":"https:\/\/vimaterial.de\/es\/product\/niquel-aleacion-de-niobio\/","title":{"rendered":"Aleaci\u00f3n de n\u00edquel niobio"},"content":{"rendered":"<p>El objetivo de pulverizaci\u00f3n cat\u00f3dica de <span style=\"color: #0000ff;\"><a style=\"color: #0000ff;\" href=\"https:\/\/vimaterial.de\/en\/product\/nickel-niobium-titanium-alloy\/\">aleaci\u00f3n de n\u00edquel niobio<\/a><\/span> es un material de aleaci\u00f3n con n\u00edquel y niobio como componentes principales. En el proceso de pulverizaci\u00f3n cat\u00f3dica de la deposici\u00f3n f\u00edsica de vapor, los \u00e1tomos objetivo se depositan en la superficie del sustrato para formar una pel\u00edcula delgada por bombardeo de iones, que se utiliza principalmente en los campos de la electr\u00f3nica, la \u00f3ptica, los semiconductores, etc., para la preparaci\u00f3n de pel\u00edculas delgadas con propiedades el\u00e9ctricas, magn\u00e9ticas u \u00f3pticas especiales. <\/p>\n<p>VIMATERIAL ofrece objetivos de pulverizaci\u00f3n cat\u00f3dica de aleaci\u00f3n de n\u00edquel niobio. Nuestros objetivos se caracterizan por su alta pureza, uniformidad dentro del objetivo, bajas impurezas y alta planitud de la superficie. Nuestra empresa puede proporcionar a los clientes servicios de encuadernaci\u00f3n de objetivos, pero tambi\u00e9n apoyar la personalizaci\u00f3n de productos y experimentos, contamos con el equipo t\u00e9cnico de investigaci\u00f3n y desarrollo m\u00e1s profesional, <span style=\"color: #0000ff;\"><a style=\"color: #0000ff;\" href=\"https:\/\/vimaterial.de\/en\/contact-us\/\">cont\u00e1ctenos<\/a><\/span>.  <\/p>\n<h2><span style=\"font-size: 14pt;\">Propiedades f\u00edsicas<\/span><\/h2>\n<p>F\u00f3rmula molecular: NiNb<\/p>\n<p>Peso molecular: alrededor de 151.6<\/p>\n<h2><span style=\"font-size: 14pt;\">Aplicaciones<\/span><\/h2>\n<p>Campo electr\u00f3nico: utilizado en la fabricaci\u00f3n de dispositivos electr\u00f3nicos, se puede depositar en la superficie del chip y otros componentes de la pel\u00edcula delgada, para mejorar la conductividad el\u00e9ctrica y la resistencia a la corrosi\u00f3n de los componentes electr\u00f3nicos, mejorando as\u00ed su rendimiento y vida \u00fatil.<\/p>\n<p>Semiconductores: En el proceso de fabricaci\u00f3n de semiconductores, se pueden depositar pel\u00edculas delgadas para ajustar las propiedades el\u00e9ctricas de los materiales semiconductores, por ejemplo, para crear capas de metalizaci\u00f3n, lo que ayuda a lograr tama\u00f1os de chip m\u00e1s peque\u00f1os y una mayor integraci\u00f3n.<\/p>\n<p>Campo \u00f3ptico: el objetivo de pulverizaci\u00f3n cat\u00f3dica se puede utilizar en lentes \u00f3pticas, recubrimientos, etc., para cambiar las propiedades \u00f3pticas de las lentes depositando un espesor espec\u00edfico de pel\u00edcula delgada, como mejora de la transmitancia, reflexi\u00f3n, etc., para cumplir con los requisitos de alta precisi\u00f3n de los instrumentos \u00f3pticos.<\/p>\n<p>Campo de materiales magn\u00e9ticos: en la producci\u00f3n de materiales magn\u00e9ticos, se puede depositar con una pel\u00edcula magn\u00e9tica especial, utilizada para fabricar medios de almacenamiento magn\u00e9ticos de alto rendimiento o sensores magn\u00e9ticos, para mejorar las propiedades magn\u00e9ticas de los materiales magn\u00e9ticos.<\/p>\n<p>Aeroespacial: En la protecci\u00f3n de la superficie de los equipos aeroespaciales, los objetivos de pulverizaci\u00f3n cat\u00f3dica de NiNb se pueden utilizar para depositar pel\u00edculas delgadas para mejorar la resistencia a altas temperaturas, al desgaste y a la oxidaci\u00f3n de las superficies del material, y para garantizar la confiabilidad de los equipos aeroespaciales en entornos extremos.<\/p>\n<h2><span style=\"font-size: 14pt;\">Control de calidad<\/span><\/h2>\n<p><a href=\"https:\/\/vimaterial.de\/en\/quality-control\/\"><span style=\"color: #0000ff;\">Cada lote<\/span><\/a> de productos en el proceso de producci\u00f3n para implementar un estricto sistema de gesti\u00f3n de calidad, tenemos estrictos est\u00e1ndares de inspecci\u00f3n para los materiales entrantes, los productos no conformes tienen un tratamiento perfecto y medidas de aislamiento. Utilizamos instrumentos de prueba de alta precisi\u00f3n para garantizar la calidad de los productos que salen de la f\u00e1brica, tambi\u00e9n podemos proporcionar muestras de acuerdo con los requisitos del cliente de las organizaciones de inspecci\u00f3n de terceros y, en \u00faltima instancia, fabricar nuestros productos para cumplir con los requisitos del cliente. <\/p>\n<h2><span style=\"font-size: 14pt;\">Embalaje y almacenamiento<\/span><\/h2>\n<p>Los objetivos de pulverizaci\u00f3n cat\u00f3dica de aleaci\u00f3n de n\u00edquel niobio se empaquetan en bolsas de vac\u00edo dobles y luego se empaquetan.<\/p>\n<p>Aleaci\u00f3n de n\u00edquel niobio Los objetivos de pulverizaci\u00f3n cat\u00f3dica de aleaci\u00f3n de n\u00edquel niobio deben almacenarse en un ambiente seco, limpio y bien ventilado con una temperatura y humedad relativamente estables para evitar humedad, oxidaci\u00f3n, contaminaci\u00f3n con impurezas y da\u00f1os por impacto f\u00edsico, y deben aislarse de productos qu\u00edmicos corrosivos.<\/p>\n","protected":false},"excerpt":{"rendered":"<p>El objetivo de pulverizaci\u00f3n cat\u00f3dica de <span style=\"color: #0000ff;\"><a style=\"color: #0000ff;\" href=\"https:\/\/vimaterial.de\/en\/product\/nickel-niobium-titanium-alloy\/\">aleaci\u00f3n de n\u00edquel niobio<\/a><\/span> es un material de aleaci\u00f3n con n\u00edquel y niobio como componentes principales. En el proceso de pulverizaci\u00f3n cat\u00f3dica de la deposici\u00f3n f\u00edsica de vapor, los \u00e1tomos objetivo se depositan en la superficie del sustrato para formar una pel\u00edcula delgada por bombardeo de iones, que se utiliza principalmente en los campos de la electr\u00f3nica, la \u00f3ptica, los semiconductores, etc., para la preparaci\u00f3n de pel\u00edculas delgadas con propiedades el\u00e9ctricas, magn\u00e9ticas u \u00f3pticas especiales. <\/p>\n","protected":false},"featured_media":1002702,"comment_status":"open","ping_status":"closed","template":"","meta":{"_acf_changed":false},"product_brand":[],"product_cat":[178],"product_tag":[],"class_list":{"0":"post-1015700","1":"product","2":"type-product","3":"status-publish","4":"has-post-thumbnail","6":"product_cat-catodos-para-sputtering-planar","8":"first","9":"instock","10":"shipping-taxable","11":"product-type-variable"},"acf":[],"_links":{"self":[{"href":"https:\/\/vimaterial.de\/es\/wp-json\/wp\/v2\/product\/1015700","targetHints":{"allow":["GET"]}}],"collection":[{"href":"https:\/\/vimaterial.de\/es\/wp-json\/wp\/v2\/product"}],"about":[{"href":"https:\/\/vimaterial.de\/es\/wp-json\/wp\/v2\/types\/product"}],"replies":[{"embeddable":true,"href":"https:\/\/vimaterial.de\/es\/wp-json\/wp\/v2\/comments?post=1015700"}],"wp:featuredmedia":[{"embeddable":true,"href":"https:\/\/vimaterial.de\/es\/wp-json\/wp\/v2\/media\/1002702"}],"wp:attachment":[{"href":"https:\/\/vimaterial.de\/es\/wp-json\/wp\/v2\/media?parent=1015700"}],"wp:term":[{"taxonomy":"product_brand","embeddable":true,"href":"https:\/\/vimaterial.de\/es\/wp-json\/wp\/v2\/product_brand?post=1015700"},{"taxonomy":"product_cat","embeddable":true,"href":"https:\/\/vimaterial.de\/es\/wp-json\/wp\/v2\/product_cat?post=1015700"},{"taxonomy":"product_tag","embeddable":true,"href":"https:\/\/vimaterial.de\/es\/wp-json\/wp\/v2\/product_tag?post=1015700"}],"curies":[{"name":"wp","href":"https:\/\/api.w.org\/{rel}","templated":true}]}}