{"id":1015640,"date":"2024-06-17T14:52:35","date_gmt":"2024-06-17T06:52:35","guid":{"rendered":"https:\/\/vimaterial.de\/product\/oxido-de-niquel\/"},"modified":"2025-04-15T14:08:04","modified_gmt":"2025-04-15T06:08:04","slug":"oxido-de-niquel","status":"publish","type":"product","link":"https:\/\/vimaterial.de\/es\/product\/oxido-de-niquel\/","title":{"rendered":"\u00d3xido de n\u00edquel"},"content":{"rendered":"<p><span style=\"color: #0000ff;\"><a style=\"color: #0000ff;\" href=\"https:\/\/vimaterial.de\/en\/product\/nickel-oxide-2\/\">El polvo de \u00f3xido de n\u00edquel<\/a> <\/span>es una sustancia pulverulenta de color verde o negro-verde con alta estabilidad qu\u00edmica, buena estabilidad t\u00e9rmica y conductividad el\u00e9ctrica, que tiene una amplia gama de aplicaciones en cat\u00e1lisis, bater\u00edas, cer\u00e1mica y muchos otros campos.<\/p>\n<p>VIMATERIAL ofrece una amplia gama de polvo de \u00f3xido de n\u00edquel, nuestro polvo de \u00f3xido de n\u00edquel tiene un tama\u00f1o de part\u00edcula diverso y uniforme, alta pureza, baja impureza, MOQ bajo y suficientes productos en stock. Nuestra empresa cuenta con un equipo profesional de investigaci\u00f3n y desarrollo de tecnolog\u00eda, puede aceptar la personalizaci\u00f3n del producto, puede ser peque\u00f1as cantidades del pedido, apurarse a <span style=\"color: #0000ff;\"><a style=\"color: #0000ff;\" href=\"https:\/\/vimaterial.de\/es\/contacto\/\">contactarnos<\/a><\/span>. <\/p>\n<h2><span style=\"font-size: 14pt;\">Propiedades f\u00edsicas<\/span><\/h2>\n<p>F\u00f3rmula molecular: NiO<\/p>\n<p>Peso molecular: 74.71<\/p>\n<p>Aspecto: Por lo general, el polvo verde se volver\u00e1 verde-amarillo cuando se sobrecaliente.<\/p>\n<p>Densidad: aprox. 6,67 g\/cm\u00b3.<\/p>\n<p>Punto de fusi\u00f3n: alrededor de 1980\u00b120 \u00b0C.<\/p>\n<p>Estructura cristalina: Igual que el NaCl, pertenece al sistema cristalino c\u00fabico.<\/p>\n<h2><span style=\"font-size: 14pt;\">Aplicaciones<\/span><\/h2>\n<p>Electr\u00f3nica: El polvo de NiO es un material cat\u00f3dico importante para bater\u00edas de iones de litio y bater\u00edas de hidruro met\u00e1lico de n\u00edquel, etc. Puede mejorar la eficiencia de carga y descarga y la vida \u00fatil de las bater\u00edas. <\/p>\n<p>Cer\u00e1mica: Se utiliza en la fabricaci\u00f3n de materiales cer\u00e1micos, como termistores y varistores en cer\u00e1micas el\u00e9ctricas, as\u00ed como cer\u00e1micas de ferrita de n\u00edquel-zinc, vidrio y pigmentos de vidrio.<\/p>\n<p>Campo energ\u00e9tico: como componente de las bater\u00edas de n\u00edquel-hierro y las pilas de combustible, as\u00ed como precursor para la preparaci\u00f3n de una variedad de sales de n\u00edquel, y como catalizador multifuncional para la hidrogenaci\u00f3n y otras reacciones.<\/p>\n<p>Campo del sensor: se puede utilizar para fabricar sensores de gas, y su recubrimiento puede mejorar la sensibilidad y selectividad del sensor debido a su resistencia a la corrosi\u00f3n y propiedad electrocatal\u00edtica.<\/p>\n<h2><span style=\"font-size: 14pt;\">Control de calidad<\/span><\/h2>\n<p>Implementamos el <span style=\"color: #0000ff;\"><a style=\"color: #0000ff;\" href=\"https:\/\/vimaterial.de\/es\/control-de-calidad\/\">m\u00e1s estricto<\/a> <\/span>sistema de gesti\u00f3n de calidad para cada lote de productos, con registros completos desde las materias primas hasta los productos finales para una f\u00e1cil trazabilidad. Adoptamos estrictas medidas de segregaci\u00f3n para el manejo de productos no conformes para garantizar que ninguno de los productos no conformes fluya hacia el siguiente proceso. <\/p>\n<h2><span style=\"font-size: 14pt;\">Embalaje y almacenamiento<\/span><\/h2>\n<p>El polvo de \u00f3xido de n\u00edquel se envasa en bolsas de vac\u00edo dobles o botellas de vac\u00edo dobles con cartones en el exterior.<\/p>\n<p>El polvo de \u00f3xido de n\u00edquel debe almacenarse en un ambiente seco, fresco y bien ventilado, lejos del fuego, el calor y las sustancias incompatibles, y debe sellarse para evitar la humedad, el cambio de oxidaci\u00f3n y otros contaminantes.<\/p>\n","protected":false},"excerpt":{"rendered":"<p>El polvo de \u00f3xido de n\u00edquel es una sustancia pulverulenta de color verde o negro-verde con alta estabilidad qu\u00edmica, buena estabilidad t\u00e9rmica y conductividad el\u00e9ctrica, que tiene una amplia gama de aplicaciones en cat\u00e1lisis, bater\u00edas, cer\u00e1mica y muchos otros campos.<\/p>\n<p>VIMATERIAL ofrece una amplia gama de polvo de \u00f3xido de n\u00edquel, nuestro polvo de \u00f3xido de n\u00edquel tiene un tama\u00f1o de part\u00edcula diverso y uniforme, alta pureza, baja impureza, MOQ bajo y suficientes productos en stock. Nuestra empresa cuenta con un equipo profesional de investigaci\u00f3n y desarrollo de tecnolog\u00eda, puede aceptar la personalizaci\u00f3n del producto, puede ser peque\u00f1as cantidades del pedido, apurarse a contactarnos. <\/p>\n","protected":false},"featured_media":1002725,"comment_status":"open","ping_status":"closed","template":"","meta":{"_acf_changed":false},"product_brand":[],"product_cat":[186],"product_tag":[],"class_list":{"0":"post-1015640","1":"product","2":"type-product","3":"status-publish","4":"has-post-thumbnail","6":"product_cat-materiales-de-oxido-hidroxido","8":"first","9":"instock","10":"shipping-taxable","11":"purchasable","12":"product-type-variable"},"acf":[],"_links":{"self":[{"href":"https:\/\/vimaterial.de\/es\/wp-json\/wp\/v2\/product\/1015640","targetHints":{"allow":["GET"]}}],"collection":[{"href":"https:\/\/vimaterial.de\/es\/wp-json\/wp\/v2\/product"}],"about":[{"href":"https:\/\/vimaterial.de\/es\/wp-json\/wp\/v2\/types\/product"}],"replies":[{"embeddable":true,"href":"https:\/\/vimaterial.de\/es\/wp-json\/wp\/v2\/comments?post=1015640"}],"wp:featuredmedia":[{"embeddable":true,"href":"https:\/\/vimaterial.de\/es\/wp-json\/wp\/v2\/media\/1002725"}],"wp:attachment":[{"href":"https:\/\/vimaterial.de\/es\/wp-json\/wp\/v2\/media?parent=1015640"}],"wp:term":[{"taxonomy":"product_brand","embeddable":true,"href":"https:\/\/vimaterial.de\/es\/wp-json\/wp\/v2\/product_brand?post=1015640"},{"taxonomy":"product_cat","embeddable":true,"href":"https:\/\/vimaterial.de\/es\/wp-json\/wp\/v2\/product_cat?post=1015640"},{"taxonomy":"product_tag","embeddable":true,"href":"https:\/\/vimaterial.de\/es\/wp-json\/wp\/v2\/product_tag?post=1015640"}],"curies":[{"name":"wp","href":"https:\/\/api.w.org\/{rel}","templated":true}]}}