{"id":1015609,"date":"2024-06-17T14:52:36","date_gmt":"2024-06-17T06:52:36","guid":{"rendered":"https:\/\/vimaterial.de\/product\/sulfuro-de-niquel-ii-2\/"},"modified":"2024-10-12T14:25:51","modified_gmt":"2024-10-12T06:25:51","slug":"sulfuro-de-niquel-ii-2","status":"publish","type":"product","link":"https:\/\/vimaterial.de\/es\/product\/sulfuro-de-niquel-ii-2\/","title":{"rendered":"Sulfuro de n\u00edquel (II)"},"content":{"rendered":"<p>Las part\u00edculas de sulfuro de n\u00edquel (II) son la forma granular del sulfuro de n\u00edquel (II).<\/p>\n<p>&nbsp;<\/p>\n<p>Informaci\u00f3n b\u00e1sica:<\/p>\n<p>&nbsp;<\/p>\n<p>Apariencia: Por lo general, part\u00edculas de polvo negro, el color es m\u00e1s uniforme.<\/p>\n<p>Densidad: Tiene una densidad relativamente alta.<\/p>\n<p>Punto de fusi\u00f3n: El punto de fusi\u00f3n es relativamente alto, alrededor de 797 \u00b0 C, lo que hace que las part\u00edculas de NiS a\u00fan puedan mantener una buena estabilidad en un entorno de alta temperatura y se puedan aplicar a algunas reacciones de alta temperatura o \u00e1reas que requieren resistencia a altas temperaturas de los materiales.<\/p>\n<p>Estructura cristalina: NiS tiene una variedad de estructuras cristalinas, el sistema cristalino hexagonal com\u00fan.<\/p>\n<p>&nbsp;<\/p>\n<p>M\u00e9todo de preparaci\u00f3n:<\/p>\n<p>&nbsp;<\/p>\n<p>M\u00e9todo de s\u00edntesis directa: La reacci\u00f3n de la soluci\u00f3n de sal de n\u00edquel (como cloruro de n\u00edquel, sulfato de n\u00edquel, etc.) con gas de sulfuro de hidr\u00f3geno puede preparar part\u00edculas de sulfuro de n\u00edquel (II).<\/p>\n<p>&nbsp;<\/p>\n<p>M\u00e9todo de fase s\u00f3lida a alta temperatura: el polvo de n\u00edquel y el polvo de azufre se mezclan en una cierta proporci\u00f3n, y la reacci\u00f3n en fase s\u00f3lida se lleva a cabo a alta temperatura, lo que tambi\u00e9n puede preparar part\u00edculas de NiS.<\/p>\n<p>&nbsp;<\/p>\n<p>Catalizador: En algunas reacciones qu\u00edmicas, las part\u00edculas de NiS se pueden utilizar como catalizador, como en el proceso de reacci\u00f3n de hidrogenaci\u00f3n, reacci\u00f3n de desulfuraci\u00f3n, etc., para acelerar la reacci\u00f3n y mejorar la eficiencia de la reacci\u00f3n.<\/p>\n<p>&nbsp;<\/p>\n<p>Materiales de las bater\u00edas: Debido a sus propiedades qu\u00edmicas \u00fanicas y a su estructura electr\u00f3nica, las part\u00edculas de NiS tienen aplicaciones potenciales en el campo de las bater\u00edas, que pueden utilizarse como materiales de electrodos en dispositivos de almacenamiento de energ\u00eda, como las bater\u00edas de iones de litio y los supercondensadores.<\/p>\n","protected":false},"excerpt":{"rendered":"<p>Las part\u00edculas de sulfuro de n\u00edquel (II) son la forma granular del sulfuro de n\u00edquel.<\/p>\n<p>Materiales de las bater\u00edas: Debido a sus propiedades qu\u00edmicas \u00fanicas y a su estructura electr\u00f3nica, las part\u00edculas de sulfuro de n\u00edquel (II) tienen aplicaciones potenciales en el campo de las bater\u00edas, que pueden utilizarse como materiales de electrodos en dispositivos de almacenamiento de energ\u00eda, como bater\u00edas de iones de litio y supercondensadores.<\/p>\n","protected":false},"featured_media":1002750,"comment_status":"open","ping_status":"closed","template":"","meta":{"_acf_changed":false},"product_brand":[],"product_cat":[179],"product_tag":[],"class_list":{"0":"post-1015609","1":"product","2":"type-product","3":"status-publish","4":"has-post-thumbnail","6":"product_cat-materiales-de-evaporacion","8":"first","9":"instock","10":"shipping-taxable","11":"product-type-variable"},"acf":[],"_links":{"self":[{"href":"https:\/\/vimaterial.de\/es\/wp-json\/wp\/v2\/product\/1015609","targetHints":{"allow":["GET"]}}],"collection":[{"href":"https:\/\/vimaterial.de\/es\/wp-json\/wp\/v2\/product"}],"about":[{"href":"https:\/\/vimaterial.de\/es\/wp-json\/wp\/v2\/types\/product"}],"replies":[{"embeddable":true,"href":"https:\/\/vimaterial.de\/es\/wp-json\/wp\/v2\/comments?post=1015609"}],"wp:featuredmedia":[{"embeddable":true,"href":"https:\/\/vimaterial.de\/es\/wp-json\/wp\/v2\/media\/1002750"}],"wp:attachment":[{"href":"https:\/\/vimaterial.de\/es\/wp-json\/wp\/v2\/media?parent=1015609"}],"wp:term":[{"taxonomy":"product_brand","embeddable":true,"href":"https:\/\/vimaterial.de\/es\/wp-json\/wp\/v2\/product_brand?post=1015609"},{"taxonomy":"product_cat","embeddable":true,"href":"https:\/\/vimaterial.de\/es\/wp-json\/wp\/v2\/product_cat?post=1015609"},{"taxonomy":"product_tag","embeddable":true,"href":"https:\/\/vimaterial.de\/es\/wp-json\/wp\/v2\/product_tag?post=1015609"}],"curies":[{"name":"wp","href":"https:\/\/api.w.org\/{rel}","templated":true}]}}