{"id":1015595,"date":"2024-06-17T14:52:37","date_gmt":"2024-06-17T06:52:37","guid":{"rendered":"https:\/\/vimaterial.de\/product\/seleniuro-de-niquel-2\/"},"modified":"2024-10-12T11:04:02","modified_gmt":"2024-10-12T03:04:02","slug":"selenide-de-niquel-2","status":"publish","type":"product","link":"https:\/\/vimaterial.de\/es\/product\/selenide-de-niquel-2\/","title":{"rendered":"Selenide de n\u00edquel"},"content":{"rendered":"<p>Las part\u00edculas de Selenide de n\u00edquel son un importante material compuesto inorg\u00e1nico.<\/p>\n<p>&nbsp;<\/p>\n<p>Propiedades b\u00e1sicas:<\/p>\n<p>&nbsp;<\/p>\n<p>F\u00f3rmula qu\u00edmica: NiSe<\/p>\n<p>Peso molecular: 137,65 g\/mol<\/p>\n<p>Aspecto: Por lo general, part\u00edculas de polvo negro, pero pueden parecer plateadas en estados cristalinos m\u00e1s grandes<\/p>\n<p>Estructura cristalina: Su estructura cristalina es m\u00e1s compleja, hay muchos estados de fase. Para los Selenides de n\u00edquel divalente, el cambio de estado de fase afectar\u00e1 sus propiedades f\u00edsicas y qu\u00edmicas<\/p>\n<p>Conductividad el\u00e9ctrica: pertenece a los materiales semiconductores, tiene un cierto grado de conductividad el\u00e9ctrica, pero la conductividad el\u00e9ctrica es d\u00e9bil en comparaci\u00f3n con los materiales met\u00e1licos.<\/p>\n<p>Punto de fusi\u00f3n: Tiene un alto punto de fusi\u00f3n, lo que hace que a\u00fan mantenga una buena estabilidad en un entorno de alta temperatura.<\/p>\n<p>Dureza: Tiene cierta dureza, lo que lo hace potencialmente \u00fatil en algunos escenarios de aplicaci\u00f3n donde se requiere resistencia al desgaste.<\/p>\n<p>&nbsp;<\/p>\n<p>M\u00e9todo de preparaci\u00f3n:<\/p>\n<p>&nbsp;<\/p>\n<p>M\u00e9todo de reacci\u00f3n en fase s\u00f3lida: la fuente de n\u00edquel (como polvo de n\u00edquel, \u00f3xido de n\u00edquel, etc.) y la fuente de selenio (como polvo de selenio, seleniuro de hidr\u00f3geno, etc.) se mezclan en una cierta proporci\u00f3n, y la reacci\u00f3n en fase s\u00f3lida se lleva a cabo a alta temperatura para preparar part\u00edculas de NiSe.<\/p>\n<p>&nbsp;<\/p>\n<p>M\u00e9todo de deposici\u00f3n qu\u00edmica de vapor: El compuesto org\u00e1nico de n\u00edquel y el compuesto de selenio se utilizan para depositar part\u00edculas de Selenide de n\u00edquel en el sustrato en la condici\u00f3n de fase gaseosa.<\/p>\n<p>&nbsp;<\/p>\n<p>M\u00e9todo solvot\u00e9rmico: las part\u00edculas de Selenide de n\u00edquel de tama\u00f1o nanom\u00e9trico se pueden preparar mediante la reacci\u00f3n de la fuente de sal de n\u00edquel y selenio en solvente org\u00e1nico a alta temperatura y alta presi\u00f3n.<\/p>\n<p>&nbsp;<\/p>\n<p>Campo de aplicaci\u00f3n:<\/p>\n<p>&nbsp;<\/p>\n<p>Campo catal\u00edtico: NiSe se puede utilizar como catalizador en una variedad de reacciones qu\u00edmicas, como reacci\u00f3n de hidrogenaci\u00f3n, reacci\u00f3n de deshidrogenaci\u00f3n, reacci\u00f3n de descomposici\u00f3n de agua, etc. En la descomposici\u00f3n electrocatal\u00edtica del agua, las part\u00edculas de NiSe se pueden utilizar como un catalizador eficiente para promover la generaci\u00f3n de hidr\u00f3geno.<\/p>\n<p>&nbsp;<\/p>\n<p>Campo de almacenamiento de energ\u00eda: En dispositivos de almacenamiento de energ\u00eda, como bater\u00edas y supercondensadores, las part\u00edculas de NiSe se pueden usar como materiales de electrodo para mejorar el rendimiento de los dispositivos de almacenamiento de energ\u00eda mediante el uso de sus buenas propiedades electroqu\u00edmicas.<\/p>\n<p>&nbsp;<\/p>\n<p>Campo \u00f3ptico no lineal: Se puede utilizar para aplicaciones \u00f3pticas no lineales, como la conversi\u00f3n de frecuencia del infrarrojo medio.<\/p>\n","protected":false},"excerpt":{"rendered":"<p>Las part\u00edculas de Selenide de n\u00edquel son un importante material compuesto inorg\u00e1nico.<\/p>\n<p>Campo catal\u00edtico: se puede utilizar como catalizador en una variedad de reacciones qu\u00edmicas, como la reacci\u00f3n de hidrogenaci\u00f3n, la reacci\u00f3n de deshidrogenaci\u00f3n, la reacci\u00f3n de descomposici\u00f3n del agua, etc. En la descomposici\u00f3n electrocatal\u00edtica del agua, las part\u00edculas de Selenide de n\u00edquel se pueden utilizar como un catalizador eficiente para promover la generaci\u00f3n de hidr\u00f3geno.<\/p>\n<p>Campo de almacenamiento de energ\u00eda: En dispositivos de almacenamiento de energ\u00eda, como bater\u00edas y supercondensadores, las part\u00edculas de NiSe se pueden usar como materiales de electrodo para mejorar el rendimiento de los dispositivos de almacenamiento de energ\u00eda mediante el uso de sus buenas propiedades electroqu\u00edmicas.<\/p>\n<p>&nbsp;<\/p>\n<p>&nbsp;<\/p>\n","protected":false},"featured_media":1002763,"comment_status":"open","ping_status":"closed","template":"","meta":{"_acf_changed":false},"product_brand":[],"product_cat":[179],"product_tag":[],"class_list":{"0":"post-1015595","1":"product","2":"type-product","3":"status-publish","4":"has-post-thumbnail","6":"product_cat-materiales-de-evaporacion","8":"first","9":"instock","10":"shipping-taxable","11":"product-type-variable"},"acf":[],"_links":{"self":[{"href":"https:\/\/vimaterial.de\/es\/wp-json\/wp\/v2\/product\/1015595","targetHints":{"allow":["GET"]}}],"collection":[{"href":"https:\/\/vimaterial.de\/es\/wp-json\/wp\/v2\/product"}],"about":[{"href":"https:\/\/vimaterial.de\/es\/wp-json\/wp\/v2\/types\/product"}],"replies":[{"embeddable":true,"href":"https:\/\/vimaterial.de\/es\/wp-json\/wp\/v2\/comments?post=1015595"}],"wp:featuredmedia":[{"embeddable":true,"href":"https:\/\/vimaterial.de\/es\/wp-json\/wp\/v2\/media\/1002763"}],"wp:attachment":[{"href":"https:\/\/vimaterial.de\/es\/wp-json\/wp\/v2\/media?parent=1015595"}],"wp:term":[{"taxonomy":"product_brand","embeddable":true,"href":"https:\/\/vimaterial.de\/es\/wp-json\/wp\/v2\/product_brand?post=1015595"},{"taxonomy":"product_cat","embeddable":true,"href":"https:\/\/vimaterial.de\/es\/wp-json\/wp\/v2\/product_cat?post=1015595"},{"taxonomy":"product_tag","embeddable":true,"href":"https:\/\/vimaterial.de\/es\/wp-json\/wp\/v2\/product_tag?post=1015595"}],"curies":[{"name":"wp","href":"https:\/\/api.w.org\/{rel}","templated":true}]}}