{"id":1015556,"date":"2024-06-17T14:54:10","date_gmt":"2024-06-17T06:54:10","guid":{"rendered":"https:\/\/vimaterial.de\/product\/siliciuro-de-niquel\/"},"modified":"2025-04-15T13:57:24","modified_gmt":"2025-04-15T05:57:24","slug":"siliciuro-de-niquel","status":"publish","type":"product","link":"https:\/\/vimaterial.de\/es\/product\/siliciuro-de-niquel\/","title":{"rendered":"Siliciuro de n\u00edquel"},"content":{"rendered":"<p>El objetivo de pulverizaci\u00f3n cat\u00f3dica <span style=\"color: #0000ff;\"><a style=\"color: #0000ff;\" href=\"https:\/\/vimaterial.de\/en\/product\/nickel-silicide\/\">de siluro de n\u00edquel<\/a> <\/span>es un material clave con alta pureza, excelente conductividad el\u00e9ctrica y estabilidad t\u00e9rmica, que se puede utilizar en semiconductores y otros campos para preparar pel\u00edculas delgadas de alto rendimiento mediante el proceso de pulverizaci\u00f3n cat\u00f3dica.<\/p>\n<p>VIMATERIAL proporciona objetivos de pulverizaci\u00f3n cat\u00f3dica de siliciuro de n\u00edquel. Nuestros objetivos de pulverizaci\u00f3n cat\u00f3dica de siluro de n\u00edquel tienen altas densidades, bajas impurezas, objetivos homog\u00e9neos, fuerte uni\u00f3n con el sustrato y tambi\u00e9n podemos proporcionar servicios de uni\u00f3n de objetivos. Nuestra empresa cuenta con un equipo profesional de investigaci\u00f3n y desarrollo de tecnolog\u00eda, puede aceptar la personalizaci\u00f3n del producto, puede ser peque\u00f1as cantidades del pedido, apurarse a <span style=\"color: #0000ff;\"><a style=\"color: #0000ff;\" href=\"https:\/\/vimaterial.de\/en\/contact-us\/\">contactarnos.<\/a><\/span>  <\/p>\n<h2><span style=\"font-size: 14pt;\">Propiedades f\u00edsicas<\/span><\/h2>\n<p>F\u00f3rmula molecular: Ni\u2082Si<\/p>\n<p>Peso molecular: 145.472 g\/mol m\u00e1s o menos<\/p>\n<p>Densidad: aprox. 7,40 g\/cm\u00b3.<\/p>\n<p>Punto de fusi\u00f3n: alrededor de 1255 \u00b0C<\/p>\n<p>Estructura cristalina: sistema cristalino ortorr\u00f3mbico, grupo espacial Pnma, No.62, constantes de red a = 0,502 nm, b = 0,374 nm, c = 0,708 nm, el n\u00famero de mol\u00e9culas en la c\u00e9lula (Z) es 4.<\/p>\n<h2><span style=\"font-size: 14pt;\">Aplicaciones<\/span><\/h2>\n<p>Fabricaci\u00f3n de semiconductores: se puede utilizar para formar capas de contacto de siliciuro met\u00e1lico de alta calidad, lo que reduce eficazmente la resistencia de contacto y mejora el rendimiento del chip.<\/p>\n<p>Industria de empaquetado de dispositivos electr\u00f3nicos: la pulverizaci\u00f3n cat\u00f3dica dirigida de Ni\u2082Si para generar una pel\u00edcula delgada ayuda a mejorar la confiabilidad de la conexi\u00f3n entre el pin y el chip, y mejora la estabilidad general del paquete.<\/p>\n<p>Optoelectr\u00f3nica: Los objetivos de Ni\u2082Si pueden mejorar las caracter\u00edsticas el\u00e9ctricas de los componentes fotovoltaicos, la eficiencia de conversi\u00f3n fotoel\u00e9ctrica.<\/p>\n<h2><span style=\"font-size: 14pt;\">Control de calidad<\/span><\/h2>\n<p>Implementamos el <span style=\"color: #0000ff;\"><a style=\"color: #0000ff;\" href=\"https:\/\/vimaterial.de\/en\/quality-control\/\">m\u00e1s estricto<\/a><\/span> sistema de gesti\u00f3n de calidad para cada lote de productos, con registros completos desde las materias primas hasta los productos finales para una f\u00e1cil trazabilidad. Adoptamos estrictas medidas de segregaci\u00f3n para el manejo de productos no conformes para garantizar que ninguno de los productos no conformes fluya hacia el siguiente proceso. <\/p>\n<h2><span style=\"font-size: 14pt;\">Embalaje y almacenamiento<\/span><\/h2>\n<p>Los objetivos de pulverizaci\u00f3n cat\u00f3dica de siliciuro de n\u00edquel se empaquetan en bolsas de vac\u00edo dobles y luego se empaquetan, afuera en cajas de cart\u00f3n.<\/p>\n<p>Los objetivos de pulverizaci\u00f3n cat\u00f3dica de siliciuro de n\u00edquel deben almacenarse en un lugar seco, fresco y bien ventilado, evitando el contacto con productos qu\u00edmicos, utilizando el embalaje original o las bolsas antiest\u00e1ticas, y prestar atenci\u00f3n a la protecci\u00f3n contra el polvo, la anticolisi\u00f3n y verificar regularmente el estado.<\/p>\n","protected":false},"excerpt":{"rendered":"<p>El objetivo de pulverizaci\u00f3n cat\u00f3dica <span style=\"color: #0000ff;\"><a style=\"color: #0000ff;\" href=\"https:\/\/vimaterial.de\/en\/product\/nickel-silicide\/\">de siluro de n\u00edquel<\/a> <\/span>es un material clave con alta pureza, excelente conductividad el\u00e9ctrica y estabilidad t\u00e9rmica, que se puede utilizar en semiconductores y otros campos para preparar pel\u00edculas delgadas de alto rendimiento mediante el proceso de pulverizaci\u00f3n cat\u00f3dica.<\/p>\n","protected":false},"featured_media":1002780,"comment_status":"open","ping_status":"closed","template":"","meta":{"_acf_changed":false},"product_brand":[],"product_cat":[178],"product_tag":[],"class_list":{"0":"post-1015556","1":"product","2":"type-product","3":"status-publish","4":"has-post-thumbnail","6":"product_cat-catodos-para-sputtering-planar","8":"first","9":"instock","10":"shipping-taxable","11":"product-type-variable"},"acf":[],"_links":{"self":[{"href":"https:\/\/vimaterial.de\/es\/wp-json\/wp\/v2\/product\/1015556","targetHints":{"allow":["GET"]}}],"collection":[{"href":"https:\/\/vimaterial.de\/es\/wp-json\/wp\/v2\/product"}],"about":[{"href":"https:\/\/vimaterial.de\/es\/wp-json\/wp\/v2\/types\/product"}],"replies":[{"embeddable":true,"href":"https:\/\/vimaterial.de\/es\/wp-json\/wp\/v2\/comments?post=1015556"}],"wp:featuredmedia":[{"embeddable":true,"href":"https:\/\/vimaterial.de\/es\/wp-json\/wp\/v2\/media\/1002780"}],"wp:attachment":[{"href":"https:\/\/vimaterial.de\/es\/wp-json\/wp\/v2\/media?parent=1015556"}],"wp:term":[{"taxonomy":"product_brand","embeddable":true,"href":"https:\/\/vimaterial.de\/es\/wp-json\/wp\/v2\/product_brand?post=1015556"},{"taxonomy":"product_cat","embeddable":true,"href":"https:\/\/vimaterial.de\/es\/wp-json\/wp\/v2\/product_cat?post=1015556"},{"taxonomy":"product_tag","embeddable":true,"href":"https:\/\/vimaterial.de\/es\/wp-json\/wp\/v2\/product_tag?post=1015556"}],"curies":[{"name":"wp","href":"https:\/\/api.w.org\/{rel}","templated":true}]}}