{"id":1015536,"date":"2024-06-17T14:54:11","date_gmt":"2024-06-17T06:54:11","guid":{"rendered":"https:\/\/vimaterial.de\/product\/aleacion-de-niquel-tanralum\/"},"modified":"2025-04-15T13:55:57","modified_gmt":"2025-04-15T05:55:57","slug":"aleacion-de-niquel-tanralum","status":"publish","type":"product","link":"https:\/\/vimaterial.de\/es\/product\/aleacion-de-niquel-tanralum\/","title":{"rendered":"Aleaci\u00f3n de n\u00edquel y tantalio"},"content":{"rendered":"<p>Los objetivos de pulverizaci\u00f3n cat\u00f3dica de <a href=\"https:\/\/vimaterial.de\/en\/product\/nickel-terbium-alloy\/\"><span style=\"color: #0000ff;\">aleaci\u00f3n de n\u00edquel y tantalio<\/span><\/a> son materiales clave con propiedades f\u00edsico-qu\u00edmicas espec\u00edficas que proporcionan una fuente de aleaciones de n\u00edquel y tantalio para la preparaci\u00f3n de pel\u00edculas delgadas de alta calidad en el proceso de recubrimiento por pulverizaci\u00f3n cat\u00f3dica.<\/p>\n<p>VIMATERIAL ofrece objetivos de pulverizaci\u00f3n cat\u00f3dica de aleaci\u00f3n de n\u00edquel y tantalio. Nuestros objetivos de pulverizaci\u00f3n cat\u00f3dica de aleaci\u00f3n de n\u00edquel y tantalio tienen una composici\u00f3n uniforme y estable, altas densidades, buenas tasas de pulverizaci\u00f3n cat\u00f3dica, bajo contenido de impurezas, y tambi\u00e9n podemos proporcionar servicios de uni\u00f3n de objetivos. Contamos con un equipo profesional del R&amp;D, podemos personalizar y desarrollar diversos productos, por favor <span style=\"color: #0000ff;\"><a style=\"color: #0000ff;\" href=\"https:\/\/vimaterial.de\/en\/contact-us\/\">p\u00f3ngase en contacto con nosotros<\/a><\/span> si usted necesita.  <\/p>\n<h2><span style=\"font-size: 14pt;\">Propiedades f\u00edsicas<\/span><\/h2>\n<p>F\u00f3rmula molecular: NiTa<\/p>\n<p>Peso molecular: alrededor de 239.64<\/p>\n<p>Aspecto: generalmente objetivos de brillo met\u00e1lico gris plateado<\/p>\n<p>Punto de fusi\u00f3n: por encima de aproximadamente 1500 \u00b0C<\/p>\n<p>Punto de ebullici\u00f3n: por encima de 2730\u00b0C.<\/p>\n<h2><span style=\"font-size: 14pt;\">Aplicaciones<\/span><\/h2>\n<p>Campo electr\u00f3nico: se puede utilizar para fabricar capas de electrodos en circuitos integrados de alto rendimiento, con su buena conductividad y estabilidad, mejora efectivamente la eficiencia de transmisi\u00f3n de se\u00f1ales y la confiabilidad de los dispositivos electr\u00f3nicos.<\/p>\n<p>Recubrimiento \u00f3ptico: Ampliamente utilizado en el recubrimiento de lentes \u00f3pticas, la pel\u00edcula delgada formada por pulverizaci\u00f3n cat\u00f3dica puede controlar con precisi\u00f3n la reflectividad y el \u00edndice de refracci\u00f3n de la lente, mejorando significativamente la claridad de la imagen y la reproducci\u00f3n del color de los instrumentos \u00f3pticos.<\/p>\n<p>Campo de semiconductores: utilizado en el proceso de metalizaci\u00f3n de la fabricaci\u00f3n de chips semiconductores, sus propiedades f\u00edsicas y qu\u00edmicas \u00fanicas ayudan a formar l\u00edneas met\u00e1licas finas y uniformes, mejorando el rendimiento el\u00e9ctrico y la capacidad antiinterferente del chip.<\/p>\n<p>Campo aeroespacial: se pueden preparar recubrimientos protectores especiales para equipos aeroespaciales, con la ayuda de pel\u00edculas delgadas generadas por pulverizaci\u00f3n cat\u00f3dica de objetivos de aleaci\u00f3n, mejorando efectivamente la resistencia a altas temperaturas, resistencia a la corrosi\u00f3n y resistencia a la radiaci\u00f3n del material, lo que garantiza el funcionamiento confiable de los componentes clave en entornos extremos.<\/p>\n<h2><span style=\"font-size: 14pt;\">Control de calidad<\/span><\/h2>\n<p>Implementamos el <span style=\"color: #0000ff;\"><a style=\"color: #0000ff;\" href=\"https:\/\/vimaterial.de\/en\/quality-control\/\">m\u00e1s estricto<\/a> <\/span>sistema de gesti\u00f3n de calidad para cada lote de productos, con registros completos desde las materias primas hasta los productos finales para una f\u00e1cil trazabilidad. Adoptamos estrictas medidas de segregaci\u00f3n para el manejo de productos no conformes para garantizar que ninguno de los productos no conformes fluya hacia el siguiente proceso. <\/p>\n<h2><span style=\"font-size: 14pt;\">Embalaje y almacenamiento<\/span><\/h2>\n<p>Los objetivos de pulverizaci\u00f3n cat\u00f3dica de aleaci\u00f3n de n\u00edquel y tantalio se empaquetan en bolsas de vac\u00edo dobles y luego se empaquetan, afuera en cajas de cart\u00f3n.<\/p>\n<p>Los objetivos de pulverizaci\u00f3n cat\u00f3dica de aleaci\u00f3n de n\u00edquel y tantalio deben almacenarse en un ambiente seco, limpio y bien ventilado con temperatura y humedad relativamente estables, evitando el contacto con sustancias corrosivas, evitando la oxidaci\u00f3n por humedad y el impacto f\u00edsico para garantizar que las propiedades f\u00edsicas y qu\u00edmicas de los objetivos no se da\u00f1en.<\/p>\n","protected":false},"excerpt":{"rendered":"<p>Los objetivos de pulverizaci\u00f3n cat\u00f3dica de <a href=\"https:\/\/vimaterial.de\/en\/product\/nickel-terbium-alloy\/\"><span style=\"color: #0000ff;\">aleaci\u00f3n de n\u00edquel y tantalio<\/span><\/a> son materiales clave con propiedades f\u00edsico-qu\u00edmicas espec\u00edficas que proporcionan una fuente de aleaciones de n\u00edquel y tantalio para la preparaci\u00f3n de pel\u00edculas delgadas de alta calidad en el proceso de recubrimiento por pulverizaci\u00f3n cat\u00f3dica.<\/p>\n<p>VIMATERIAL ofrece objetivos de pulverizaci\u00f3n cat\u00f3dica de aleaci\u00f3n de n\u00edquel y tantalio. Nuestros objetivos de pulverizaci\u00f3n cat\u00f3dica de aleaci\u00f3n de n\u00edquel y tantalio tienen una composici\u00f3n uniforme y estable, altas densidades, buenas tasas de pulverizaci\u00f3n cat\u00f3dica, bajo contenido de impurezas, y tambi\u00e9n podemos proporcionar servicios de uni\u00f3n de objetivos. Contamos con un equipo profesional del R&amp;D, podemos personalizar y desarrollar diversos productos, por favor <span style=\"color: #0000ff;\"><a style=\"color: #0000ff;\" href=\"https:\/\/vimaterial.de\/en\/contact-us\/\">p\u00f3ngase en contacto con nosotros<\/a><\/span> si usted necesita.  <\/p>\n","protected":false},"featured_media":1002789,"comment_status":"open","ping_status":"closed","template":"","meta":{"_acf_changed":false},"product_brand":[],"product_cat":[178],"product_tag":[],"class_list":{"0":"post-1015536","1":"product","2":"type-product","3":"status-publish","4":"has-post-thumbnail","6":"product_cat-catodos-para-sputtering-planar","8":"first","9":"instock","10":"shipping-taxable","11":"purchasable","12":"product-type-variable"},"acf":[],"_links":{"self":[{"href":"https:\/\/vimaterial.de\/es\/wp-json\/wp\/v2\/product\/1015536","targetHints":{"allow":["GET"]}}],"collection":[{"href":"https:\/\/vimaterial.de\/es\/wp-json\/wp\/v2\/product"}],"about":[{"href":"https:\/\/vimaterial.de\/es\/wp-json\/wp\/v2\/types\/product"}],"replies":[{"embeddable":true,"href":"https:\/\/vimaterial.de\/es\/wp-json\/wp\/v2\/comments?post=1015536"}],"wp:featuredmedia":[{"embeddable":true,"href":"https:\/\/vimaterial.de\/es\/wp-json\/wp\/v2\/media\/1002789"}],"wp:attachment":[{"href":"https:\/\/vimaterial.de\/es\/wp-json\/wp\/v2\/media?parent=1015536"}],"wp:term":[{"taxonomy":"product_brand","embeddable":true,"href":"https:\/\/vimaterial.de\/es\/wp-json\/wp\/v2\/product_brand?post=1015536"},{"taxonomy":"product_cat","embeddable":true,"href":"https:\/\/vimaterial.de\/es\/wp-json\/wp\/v2\/product_cat?post=1015536"},{"taxonomy":"product_tag","embeddable":true,"href":"https:\/\/vimaterial.de\/es\/wp-json\/wp\/v2\/product_tag?post=1015536"}],"curies":[{"name":"wp","href":"https:\/\/api.w.org\/{rel}","templated":true}]}}