{"id":1015523,"date":"2024-06-17T14:54:15","date_gmt":"2024-06-17T06:54:15","guid":{"rendered":"https:\/\/vimaterial.de\/product\/aleacion-de-niquel-y-titanio-2\/"},"modified":"2025-04-15T13:37:44","modified_gmt":"2025-04-15T05:37:44","slug":"aleacion-de-niquel-y-titanio-2","status":"publish","type":"product","link":"https:\/\/vimaterial.de\/es\/product\/aleacion-de-niquel-y-titanio-2\/","title":{"rendered":"Aleaci\u00f3n de n\u00edquel y titanio"},"content":{"rendered":"<p>El objetivo de pulverizaci\u00f3n cat\u00f3dica de <span style=\"color: #0000ff;\"><a style=\"color: #0000ff;\" href=\"https:\/\/vimaterial.de\/en\/product\/nickel-titanium-alloy-3\/\">aleaci\u00f3n de n\u00edquel y titanio<\/a><\/span> es un objetivo de aleaci\u00f3n compuesto de n\u00edquel y titanio con buen rendimiento de pulverizaci\u00f3n cat\u00f3dica, capaz de depositar uniformemente componentes de aleaci\u00f3n de n\u00edquel y titanio en el material del sustrato a trav\u00e9s del proceso de deposici\u00f3n f\u00edsica de vapor en un entorno de vac\u00edo, proporcionando materiales de pel\u00edcula delgada con efecto de memoria de forma, buenas propiedades mec\u00e1nicas y resistencia a la corrosi\u00f3n para los campos de la biomedicina,  aeroespacial y electr\u00f3nica.<\/p>\n<p>VIMATERIAL proporciona objetivos de pulverizaci\u00f3n cat\u00f3dica de aleaci\u00f3n de n\u00edquel y titanio con varias purezas, nuestros objetivos de pulverizaci\u00f3n cat\u00f3dica de aleaci\u00f3n de n\u00edquel y titanio tienen altas densidades, buenas superficies de producto, propiedades de producto estables y tambi\u00e9n podemos proporcionar servicios de uni\u00f3n de objetivos. Contamos con un equipo profesional del R&amp;D, podemos personalizar y desarrollar diversos productos, por favor <span style=\"color: #0000ff;\"><a style=\"color: #0000ff;\" href=\"https:\/\/vimaterial.de\/en\/contact-us\/\">p\u00f3ngase en contacto con nosotros<\/a><\/span> si usted necesita. <\/p>\n<h2><span style=\"font-size: 14pt;\">Propiedades f\u00edsicas<\/span><\/h2>\n<p>F\u00f3rmula molecular: NiTi<\/p>\n<p>Peso molecular: alrededor de 106.56<\/p>\n<p>Aspecto: T\u00edpicamente brillo met\u00e1lico gris plateado.<\/p>\n<p>Densidad: La densidad es de unos 6,45 g\/cm\u00b3.<\/p>\n<p>Punto de fusi\u00f3n: generalmente entre 1240 \u00b0C y 1310 \u00b0C.<\/p>\n<p>Punto de ebullici\u00f3n: alrededor de 2980 \u00b0C.<\/p>\n<p>Estructura cristalina: Tiene un efecto de memoria de forma \u00fanico y una s\u00faper elasticidad, y su estructura cristalina experimentar\u00e1 una transformaci\u00f3n de fase martens\u00edtica a diferentes temperaturas. A bajas temperaturas, es una fase martens\u00edtica con estructura monocl\u00ednica, y cuando la temperatura sube hasta cierto punto, se transformar\u00e1 en una fase austen\u00edtica con estructura c\u00fabica. <\/p>\n<h2><span style=\"font-size: 14pt;\">Aplicaciones<\/span><\/h2>\n<p>Campo de informaci\u00f3n electr\u00f3nica: utilizado en la fabricaci\u00f3n de dispositivos semiconductores en la pel\u00edcula, puede mejorar el rendimiento y la miniaturizaci\u00f3n del chip.<\/p>\n<p>Industria de pantallas planas: se puede utilizar como preparaci\u00f3n de pel\u00edculas conductoras transparentes en los materiales del dispositivo de visualizaci\u00f3n, para mejorar el efecto de visualizaci\u00f3n y la velocidad de respuesta de la pantalla.<\/p>\n<p>Campo de energ\u00eda solar: se puede utilizar en la preparaci\u00f3n de paneles solares en parte de la funci\u00f3n de la pel\u00edcula, ayuda a mejorar la eficiencia de conversi\u00f3n fotoel\u00e9ctrica.<br \/>\nRecubrimiento \u00f3ptico: se puede utilizar en la fabricaci\u00f3n de instrumentos \u00f3pticos, equipos l\u00e1ser, espejos y pel\u00edculas de mejora de la transmitancia, etc., para mejorar el rendimiento \u00f3ptico.<\/p>\n<p>Aeroespacial: Con buena resistencia a la corrosi\u00f3n y propiedades mec\u00e1nicas, se puede utilizar para fabricar recubrimientos protectores en la superficie de algunos componentes clave en veh\u00edculos aeroespaciales.<\/p>\n<p>Automoci\u00f3n: Se puede utilizar para el recubrimiento de la superficie de motores de autom\u00f3viles, transmisiones y otras piezas para mejorar su resistencia al desgaste y a la corrosi\u00f3n.<br \/>\nCampo m\u00e9dico: Utilizando su efecto de memoria de forma y biocompatibilidad, se puede utilizar para fabricar dispositivos m\u00e9dicos como stents vasculares y alambres de ortodoncia.<\/p>\n<h2><span style=\"font-size: 14pt;\">Control de calidad<\/span><\/h2>\n<p>Implementamos el <span style=\"color: #0000ff;\"><a style=\"color: #0000ff;\" href=\"https:\/\/vimaterial.de\/en\/quality-control\/\">m\u00e1s estricto<\/a> <\/span>sistema de gesti\u00f3n de calidad para cada lote de productos, con registros completos desde las materias primas hasta los productos finales para una f\u00e1cil trazabilidad. Adoptamos estrictas medidas de segregaci\u00f3n para el manejo de productos no conformes para garantizar que ninguno de los productos no conformes fluya hacia el siguiente proceso. <\/p>\n<h2><span style=\"font-size: 14pt;\">Embalaje y almacenamiento<\/span><\/h2>\n<p>Los objetivos de pulverizaci\u00f3n cat\u00f3dica de aleaci\u00f3n de n\u00edquel y titanio se empaquetan en cajas traseras con doble bolsa de vac\u00edo con una caja de cart\u00f3n exterior.<\/p>\n<p>Los objetivos de pulverizaci\u00f3n cat\u00f3dica de aleaci\u00f3n de n\u00edquel y titanio deben almacenarse en un ambiente seco, fresco y bien ventilado, evitando la humedad y la oxidaci\u00f3n, evitando que entren en contacto con sustancias corrosivas como \u00e1cidos y \u00e1lcalis, y evitando colisiones mec\u00e1nicas violentas para mantener sus buenas propiedades f\u00edsicas y qu\u00edmicas y la integridad de los objetivos.<\/p>\n","protected":false},"excerpt":{"rendered":"<p>El objetivo de pulverizaci\u00f3n cat\u00f3dica de <span style=\"color: #0000ff;\"><a style=\"color: #0000ff;\" href=\"https:\/\/vimaterial.de\/en\/product\/nickel-titanium-alloy-3\/\">aleaci\u00f3n de n\u00edquel y titanio<\/a><\/span> es un objetivo de aleaci\u00f3n compuesto de n\u00edquel y titanio con buen rendimiento de pulverizaci\u00f3n cat\u00f3dica, capaz de depositar uniformemente componentes de aleaci\u00f3n de n\u00edquel y titanio en el material del sustrato a trav\u00e9s del proceso de deposici\u00f3n f\u00edsica de vapor en un entorno de vac\u00edo, proporcionando materiales de pel\u00edcula delgada con efecto de memoria de forma, buenas propiedades mec\u00e1nicas y resistencia a la corrosi\u00f3n para los campos de la biomedicina,  aeroespacial y electr\u00f3nica. VIMATERIAL<\/p>\n","protected":false},"featured_media":1002812,"comment_status":"open","ping_status":"closed","template":"","meta":{"_acf_changed":false},"product_brand":[],"product_cat":[178],"product_tag":[],"class_list":{"0":"post-1015523","1":"product","2":"type-product","3":"status-publish","4":"has-post-thumbnail","6":"product_cat-catodos-para-sputtering-planar","8":"first","9":"instock","10":"shipping-taxable","11":"purchasable","12":"product-type-variable"},"acf":[],"_links":{"self":[{"href":"https:\/\/vimaterial.de\/es\/wp-json\/wp\/v2\/product\/1015523","targetHints":{"allow":["GET"]}}],"collection":[{"href":"https:\/\/vimaterial.de\/es\/wp-json\/wp\/v2\/product"}],"about":[{"href":"https:\/\/vimaterial.de\/es\/wp-json\/wp\/v2\/types\/product"}],"replies":[{"embeddable":true,"href":"https:\/\/vimaterial.de\/es\/wp-json\/wp\/v2\/comments?post=1015523"}],"wp:featuredmedia":[{"embeddable":true,"href":"https:\/\/vimaterial.de\/es\/wp-json\/wp\/v2\/media\/1002812"}],"wp:attachment":[{"href":"https:\/\/vimaterial.de\/es\/wp-json\/wp\/v2\/media?parent=1015523"}],"wp:term":[{"taxonomy":"product_brand","embeddable":true,"href":"https:\/\/vimaterial.de\/es\/wp-json\/wp\/v2\/product_brand?post=1015523"},{"taxonomy":"product_cat","embeddable":true,"href":"https:\/\/vimaterial.de\/es\/wp-json\/wp\/v2\/product_cat?post=1015523"},{"taxonomy":"product_tag","embeddable":true,"href":"https:\/\/vimaterial.de\/es\/wp-json\/wp\/v2\/product_tag?post=1015523"}],"curies":[{"name":"wp","href":"https:\/\/api.w.org\/{rel}","templated":true}]}}