{"id":1015519,"date":"2024-06-17T14:54:11","date_gmt":"2024-06-17T06:54:11","guid":{"rendered":"https:\/\/vimaterial.de\/product\/niquel-telururo\/"},"modified":"2025-04-15T13:41:50","modified_gmt":"2025-04-15T05:41:50","slug":"niquel-telururo","status":"publish","type":"product","link":"https:\/\/vimaterial.de\/es\/product\/niquel-telururo\/","title":{"rendered":"Telururo de n\u00edquel"},"content":{"rendered":"<p>Los gr\u00e1nulos <span style=\"color: #0000ff;\"><a style=\"color: #0000ff;\" href=\"https:\/\/vimaterial.de\/en\/product\/lithium-telluride\/\">de telururo de n\u00edquel<\/a><\/span> son part\u00edculas compuestas compuestas de n\u00edquel y telurio, que pueden ser de aspecto negro o gris, con propiedades semiconductoras y posibles aplicaciones en electr\u00f3nica, optoelectr\u00f3nica, etc. Deben almacenarse en un entorno adecuado para mantener su estabilidad qu\u00edmica y sus propiedades f\u00edsicas. <\/p>\n<p>VIMATERIAL ofrece gr\u00e1nulos de aleaci\u00f3n de n\u00edquel y terbio. Nuestros gr\u00e1nulos de aleaci\u00f3n de n\u00edquel y terbio se caracterizan por su alta pureza, tama\u00f1o de part\u00edcula controlado, excelente cristalinidad y calidad constante. Nuestra empresa cuenta con un equipo profesional de investigaci\u00f3n y desarrollo de tecnolog\u00eda, puede aceptar la personalizaci\u00f3n del producto, puede ser peque\u00f1as cantidades del pedido, apurarse a <span style=\"color: #0000ff;\"><a style=\"color: #0000ff;\" href=\"https:\/\/vimaterial.de\/en\/contact-us\/\">contactarnos<\/a><\/span>.  <\/p>\n<h2><span style=\"font-size: 14pt;\">Propiedades f\u00edsicas<\/span><\/h2>\n<p>F\u00f3rmula molecular: NiTe<\/p>\n<p>Peso molecular: 186.2934<\/p>\n<p>Aspecto: part\u00edculas grumosas grises<\/p>\n<p>Punto de fusi\u00f3n: 860 \u00b0C<\/p>\n<p>Estructura cristalina: Estructura cristalina hexagonal.<\/p>\n<h2><span style=\"font-size: 14pt;\">Aplicaciones<\/span><\/h2>\n<p>Electr\u00f3nica: Se puede utilizar en la preparaci\u00f3n de componentes electr\u00f3nicos de alto rendimiento para mejorar la conductividad y el rendimiento de transmisi\u00f3n de se\u00f1ales de los dispositivos electr\u00f3nicos.<\/p>\n<p>Almacenamiento de energ\u00eda: Como componente clave de los materiales de los electrodos, el NiT puede ayudar a mejorar la eficiencia de carga y descarga y la estabilidad del ciclo de las bater\u00edas y otros dispositivos de almacenamiento de energ\u00eda.<\/p>\n<p>S\u00edntesis de materiales: como aditivo especial, puede optimizar las propiedades fisicoqu\u00edmicas de los materiales compuestos y ampliar la diversidad funcional de los materiales.<\/p>\n<p>Campo catal\u00edtico: a menudo se utilizan como catalizadores o cocatalizadores, acelerando eficazmente el proceso de reacciones qu\u00edmicas y mejorando la selectividad de la reacci\u00f3n.<\/p>\n<h2><span style=\"font-size: 14pt;\">Control de calidad<\/span><\/h2>\n<p>Implementamos el m\u00e1s estricto sistema de gesti\u00f3n de calidad para cada lote de productos, con registros completos desde las materias primas hasta los productos finales para una f\u00e1cil trazabilidad. Adoptamos estrictas medidas de segregaci\u00f3n para el manejo de productos no conformes para garantizar que ninguno de los productos no conformes fluya hacia el siguiente proceso. <\/p>\n<h2><span style=\"font-size: 14pt;\">Embalaje y almacenamiento<\/span><\/h2>\n<p>Los gr\u00e1nulos de telururo de n\u00edquel se suministran en bolsas de vac\u00edo dobles o botellas de vac\u00edo dobles en cajas de cart\u00f3n exteriores.<\/p>\n<p>Los gr\u00e1nulos de teluro de n\u00edquel deben almacenarse en un ambiente seco, fresco y bien ventilado, protegidos de la humedad, la oxidaci\u00f3n y el contacto con \u00e1cidos fuertes, \u00e1lcalis y otras sustancias corrosivas, y lejos de fuentes de calor e ignici\u00f3n, y preferiblemente en paquetes herm\u00e9ticamente sellados para garantizar que su estabilidad qu\u00edmica y propiedades f\u00edsicas no se vean alteradas por factores externos.<\/p>\n","protected":false},"excerpt":{"rendered":"<p>Los gr\u00e1nulos <span style=\"color: #0000ff;\"><a style=\"color: #0000ff;\" href=\"https:\/\/vimaterial.de\/en\/product\/lithium-telluride\/\">de telururo de n\u00edquel<\/a><\/span> son part\u00edculas compuestas compuestas de n\u00edquel y telurio, que pueden ser de aspecto negro o gris, con propiedades semiconductoras y posibles aplicaciones en electr\u00f3nica, optoelectr\u00f3nica, etc. Deben almacenarse en un entorno adecuado para mantener su estabilidad qu\u00edmica y sus propiedades f\u00edsicas. <\/p>\n","protected":false},"featured_media":1002804,"comment_status":"open","ping_status":"closed","template":"","meta":{"_acf_changed":false},"product_brand":[],"product_cat":[179],"product_tag":[],"class_list":{"0":"post-1015519","1":"product","2":"type-product","3":"status-publish","4":"has-post-thumbnail","6":"product_cat-materiales-de-evaporacion","8":"first","9":"instock","10":"shipping-taxable","11":"purchasable","12":"product-type-variable"},"acf":[],"_links":{"self":[{"href":"https:\/\/vimaterial.de\/es\/wp-json\/wp\/v2\/product\/1015519","targetHints":{"allow":["GET"]}}],"collection":[{"href":"https:\/\/vimaterial.de\/es\/wp-json\/wp\/v2\/product"}],"about":[{"href":"https:\/\/vimaterial.de\/es\/wp-json\/wp\/v2\/types\/product"}],"replies":[{"embeddable":true,"href":"https:\/\/vimaterial.de\/es\/wp-json\/wp\/v2\/comments?post=1015519"}],"wp:featuredmedia":[{"embeddable":true,"href":"https:\/\/vimaterial.de\/es\/wp-json\/wp\/v2\/media\/1002804"}],"wp:attachment":[{"href":"https:\/\/vimaterial.de\/es\/wp-json\/wp\/v2\/media?parent=1015519"}],"wp:term":[{"taxonomy":"product_brand","embeddable":true,"href":"https:\/\/vimaterial.de\/es\/wp-json\/wp\/v2\/product_brand?post=1015519"},{"taxonomy":"product_cat","embeddable":true,"href":"https:\/\/vimaterial.de\/es\/wp-json\/wp\/v2\/product_cat?post=1015519"},{"taxonomy":"product_tag","embeddable":true,"href":"https:\/\/vimaterial.de\/es\/wp-json\/wp\/v2\/product_tag?post=1015519"}],"curies":[{"name":"wp","href":"https:\/\/api.w.org\/{rel}","templated":true}]}}