{"id":1015505,"date":"2024-06-17T14:54:15","date_gmt":"2024-06-17T06:54:15","guid":{"rendered":"https:\/\/vimaterial.de\/product\/aleacion-de-niquel-y-titanio\/"},"modified":"2025-04-15T09:32:59","modified_gmt":"2025-04-15T01:32:59","slug":"aleacion-de-niquel-y-titanio","status":"publish","type":"product","link":"https:\/\/vimaterial.de\/es\/product\/aleacion-de-niquel-y-titanio\/","title":{"rendered":"Aleaci\u00f3n de n\u00edquel y titanio"},"content":{"rendered":"<p><span style=\"color: #0000ff;\"><a style=\"color: #0000ff;\" href=\"https:\/\/vimaterial.de\/en\/product\/nickel-titanium-alloy-3\/\">Aleaci\u00f3n de n\u00edquel y titanio<\/a> <\/span>El alambre es un alambre de aleaci\u00f3n hecho de n\u00edquel y titanio, que tiene un efecto de memoria de forma y s\u00faper elasticidad, apariencia met\u00e1lica, buenas propiedades mec\u00e1nicas y alta resistencia a la corrosi\u00f3n, y desempe\u00f1a un papel clave en muchos campos, como medicina, aeroespacial, mecatr\u00f3nica, etc.<\/p>\n<p>VIMATERIAL proporciona alambre de aleaci\u00f3n de n\u00edquel y titanio, nuestro alambre de aleaci\u00f3n de n\u00edquel y titanio tiene excelentes propiedades de memoria de forma y s\u00faper elasticidad con alta pureza y bajas impurezas. Contamos con un equipo profesional del R&amp;D, podemos personalizar y desarrollar diversos productos, por favor <span style=\"color: #0000ff;\"><a style=\"color: #0000ff;\" href=\"https:\/\/vimaterial.de\/en\/contact-us\/\">p\u00f3ngase en contacto con nosotros<\/a><\/span> si usted necesita. <\/p>\n<h2><span style=\"font-size: 14pt;\">Propiedades f\u00edsicas<\/span><\/h2>\n<p>F\u00f3rmula molecular: NiTi<\/p>\n<p>Peso molecular: alrededor de 106.56<\/p>\n<p>Aspecto: Generalmente con brillo met\u00e1lico, color de la superficie similar al gris oscuro titanio.<\/p>\n<p>Densidad: generalmente alrededor de 6,4-6,5 g\/cm\u00b3.<\/p>\n<p>Punto de fusi\u00f3n: alrededor de 1240 \u00b0C-1310 \u00b0C.<\/p>\n<h2><span style=\"font-size: 14pt;\">Aplicaciones<\/span><\/h2>\n<p>Campo m\u00e9dico: com\u00fanmente utilizado en la producci\u00f3n de stents cardiovasculares, en virtud de su efecto de memoria de forma se puede expandir con precisi\u00f3n en los vasos sangu\u00edneos humanos y mantener una estructura estable, abrir eficazmente los vasos sangu\u00edneos estrechos para restaurar el flujo sangu\u00edneo.<\/p>\n<p>Aeroespacial: Como material de componente de sensor de precisi\u00f3n para veh\u00edculos aeroespaciales, utilizando su s\u00faper elasticidad y resistencia a altas y bajas temperaturas, puede detectar y transmitir con precisi\u00f3n informaci\u00f3n f\u00edsica clave en entornos de vuelo complejos para garantizar la seguridad del vuelo y el funcionamiento estable del equipo.<\/p>\n<p>Campo electr\u00f3nico: desempe\u00f1a un papel en la l\u00ednea de conexi\u00f3n de los equipos microelectr\u00f3nicos, su buena conductividad y elasticidad se pueden adaptar al dise\u00f1o de espacio peque\u00f1o y a los cambios de expansi\u00f3n y contracci\u00f3n t\u00e9rmica dentro del equipo, para garantizar la transmisi\u00f3n estable de se\u00f1ales.<\/p>\n<p>Campo de la ingenier\u00eda mec\u00e1nica: se utiliza en la fabricaci\u00f3n de la estructura mec\u00e1nica inteligente del elemento impulsor, con la ayuda del efecto de memoria de forma para lograr dispositivos mec\u00e1nicos en diferentes temperaturas o condiciones de tensi\u00f3n de deformaci\u00f3n autom\u00e1tica y cambio de funci\u00f3n, para mejorar el nivel de inteligencia del sistema mec\u00e1nico.<\/p>\n<h2><span style=\"font-size: 14pt;\">Control de calidad<\/span><\/h2>\n<p>Implementamos el <span style=\"color: #0000ff;\"><a style=\"color: #0000ff;\" href=\"https:\/\/vimaterial.de\/en\/quality-control\/\">m\u00e1s estricto<\/a><\/span> sistema de gesti\u00f3n de calidad para cada lote de productos, con registros completos desde las materias primas hasta los productos finales para una f\u00e1cil trazabilidad. Adoptamos estrictas medidas de segregaci\u00f3n para el manejo de productos no conformes para garantizar que ninguno de los productos no conformes fluya hacia el siguiente proceso. <\/p>\n<h2><span style=\"font-size: 14pt;\">Embalaje y almacenamiento<\/span><\/h2>\n<p>El alambre de aleaci\u00f3n de n\u00edquel y titanio generalmente se encuentra en rollos, luego en pel\u00edculas exteriores, bolsas y luego en cartones.<\/p>\n<p>El alambre de aleaci\u00f3n de n\u00edquel y titanio debe almacenarse en un ambiente seco, fresco y bien ventilado, evitando el contacto con \u00e1cidos fuertes, \u00e1lcalis y otras sustancias corrosivas, evitando la humedad, la oxidaci\u00f3n y el da\u00f1o mec\u00e1nico, y al mismo tiempo manteni\u00e9ndose alejado del fuego y del entorno de alta temperatura para garantizar que su efecto de memoria de forma y sus propiedades fisicoqu\u00edmicas no se da\u00f1en.<\/p>\n","protected":false},"excerpt":{"rendered":"<p><span style=\"color: #0000ff;\"><a style=\"color: #0000ff;\" href=\"https:\/\/vimaterial.de\/en\/product\/nickel-titanium-alloy-3\/\">Aleaci\u00f3n de n\u00edquel y titanio<\/a> <\/span>El alambre es un alambre de aleaci\u00f3n hecho de n\u00edquel y titanio, que tiene un efecto de memoria de forma y s\u00faper elasticidad, apariencia met\u00e1lica, buenas propiedades mec\u00e1nicas y alta resistencia a la corrosi\u00f3n, y desempe\u00f1a un papel clave en muchos campos, como medicina, aeroespacial, mecatr\u00f3nica, etc.<\/p>\n","protected":false},"featured_media":1002819,"comment_status":"open","ping_status":"closed","template":"","meta":{"_acf_changed":false},"product_brand":[],"product_cat":[188],"product_tag":[],"class_list":{"0":"post-1015505","1":"product","2":"type-product","3":"status-publish","4":"has-post-thumbnail","6":"product_cat-perfil","8":"first","9":"instock","10":"shipping-taxable","11":"product-type-variable"},"acf":[],"_links":{"self":[{"href":"https:\/\/vimaterial.de\/es\/wp-json\/wp\/v2\/product\/1015505","targetHints":{"allow":["GET"]}}],"collection":[{"href":"https:\/\/vimaterial.de\/es\/wp-json\/wp\/v2\/product"}],"about":[{"href":"https:\/\/vimaterial.de\/es\/wp-json\/wp\/v2\/types\/product"}],"replies":[{"embeddable":true,"href":"https:\/\/vimaterial.de\/es\/wp-json\/wp\/v2\/comments?post=1015505"}],"wp:featuredmedia":[{"embeddable":true,"href":"https:\/\/vimaterial.de\/es\/wp-json\/wp\/v2\/media\/1002819"}],"wp:attachment":[{"href":"https:\/\/vimaterial.de\/es\/wp-json\/wp\/v2\/media?parent=1015505"}],"wp:term":[{"taxonomy":"product_brand","embeddable":true,"href":"https:\/\/vimaterial.de\/es\/wp-json\/wp\/v2\/product_brand?post=1015505"},{"taxonomy":"product_cat","embeddable":true,"href":"https:\/\/vimaterial.de\/es\/wp-json\/wp\/v2\/product_cat?post=1015505"},{"taxonomy":"product_tag","embeddable":true,"href":"https:\/\/vimaterial.de\/es\/wp-json\/wp\/v2\/product_tag?post=1015505"}],"curies":[{"name":"wp","href":"https:\/\/api.w.org\/{rel}","templated":true}]}}