{"id":1015486,"date":"2024-06-17T14:54:16","date_gmt":"2024-06-17T06:54:16","guid":{"rendered":"https:\/\/vimaterial.de\/product\/titanato-de-niquel-oxido-de-niquel-y-titanio\/"},"modified":"2025-04-15T09:29:08","modified_gmt":"2025-04-15T01:29:08","slug":"titanato-de-niquel-oxido-de-niquel-y-titanio","status":"publish","type":"product","link":"https:\/\/vimaterial.de\/es\/product\/titanato-de-niquel-oxido-de-niquel-y-titanio\/","title":{"rendered":"Titanato de n\u00edquel (\u00f3xido de n\u00edquel y titanio)"},"content":{"rendered":"<p>El polvo de titanato de n\u00edquel es un polvo fino compuesto de n\u00edquel y titanato, de color blanco gris\u00e1ceo o marr\u00f3n claro, con alta estabilidad qu\u00edmica, propiedades electromagn\u00e9ticas especiales, en componentes electr\u00f3nicos, catalizadores, materiales cer\u00e1micos y muchas otras \u00e1reas que juegan un papel importante.<\/p>\n<p>VIMATERIAL ofrece polvo de titanato de n\u00edquel, nuestro polvo de titanato de n\u00edquel es uniforme en tama\u00f1o de part\u00edcula, estable en rendimiento y se puede pedir en peque\u00f1as cantidades con un tiempo de entrega corto. Contamos con un equipo profesional del R&amp;D, podemos personalizar y desarrollar diversos productos, por favor <span style=\"color: #0000ff;\"><a style=\"color: #0000ff;\" href=\"https:\/\/vimaterial.de\/en\/contact-us\/\">p\u00f3ngase en contacto con nosotros<\/a><\/span> si usted necesita. <\/p>\n<h2><span style=\"font-size: 14pt;\">Propiedades f\u00edsicas<\/span><\/h2>\n<p>F\u00f3rmula molecular: NiV<\/p>\n<p>Peso molecular: 109.6349<\/p>\n<p>Aspecto: Generalmente granular de color gris plateado<\/p>\n<p>Densidad: aprox. 8,0 &#8211; 8,5 g\/cm\u00b3.<\/p>\n<p>Punto de fusi\u00f3n: aproximadamente entre 1400 \u00b0C &#8211; 1500 \u00b0C<\/p>\n<p>Punto de ebullici\u00f3n: generalmente por encima de 3000 \u00b0C<\/p>\n<p>Estructura cristalina: Las aleaciones de n\u00edquel-vanadio tienen una estructura de celos\u00eda c\u00fabica centrada en las caras. En esta estructura, los \u00e1tomos se encuentran en las ocho esquinas superiores y en el centro de las seis caras del cubo, y esta estructura compacta le da a la aleaci\u00f3n alta resistencia y buena tenacidad. <\/p>\n<h2><span style=\"font-size: 14pt;\">Aplicaciones<\/span><\/h2>\n<p>Electr\u00f3nica: se puede utilizar para fabricar condensadores, con sus buenas propiedades diel\u00e9ctricas, puede almacenar carga de manera efectiva, mejorar la estabilidad del circuito de los equipos electr\u00f3nicos.<\/p>\n<p>Cer\u00e1mica: Se utiliza como aditivo en materiales cer\u00e1micos para mejorar la dureza y tenacidad de la cer\u00e1mica ajustando la estructura cristalina de la cer\u00e1mica para producir herramientas cer\u00e1micas de alta calidad y piezas cer\u00e1micas resistentes al desgaste.<\/p>\n<p>Campo de materiales electromagn\u00e9ticos: utilizado en la preparaci\u00f3n de materiales magn\u00e9ticos, utilizando sus propiedades magn\u00e9ticas especiales, ayuda a fabricar n\u00facleos de transformadores de alta frecuencia y mejora la eficiencia de la conversi\u00f3n electromagn\u00e9tica.<\/p>\n<p>\u00d3ptica: Se utiliza en la fabricaci\u00f3n de recubrimientos \u00f3pticos para mejorar el rendimiento \u00f3ptico de los instrumentos \u00f3pticos mediante la fabricaci\u00f3n de filtros basados en su absorci\u00f3n y reflexi\u00f3n de la luz en longitudes de onda espec\u00edficas.<\/p>\n<h2><span style=\"font-size: 14pt;\">Control de calidad<\/span><\/h2>\n<p>Implementamos el <span style=\"color: #0000ff;\"><a style=\"color: #0000ff;\" href=\"https:\/\/vimaterial.de\/en\/quality-control\/\">m\u00e1s estricto<\/a><\/span> sistema de gesti\u00f3n de calidad para cada lote de productos, con registros completos desde las materias primas hasta los productos finales para una f\u00e1cil trazabilidad. Adoptamos estrictas medidas de segregaci\u00f3n para el manejo de productos no conformes para garantizar que ninguno de los productos no conformes fluya hacia el siguiente proceso. <\/p>\n<h2><span style=\"font-size: 14pt;\">Embalaje y almacenamiento<\/span><\/h2>\n<p>Los polvos de titanato de n\u00edquel se suministran en bolsas de vac\u00edo dobles o botellas de vac\u00edo dobles con una caja de cart\u00f3n exterior.<\/p>\n<p>Los polvos de titanato de n\u00edquel deben almacenarse en un ambiente seco, fresco y ventilado en recipientes sellados lejos del fuego, el agua, los \u00e1cidos, los \u00e1lcalis y los agentes oxidantes fuertes para garantizar que est\u00e9n protegidos de la humedad y la oxidaci\u00f3n para mantener su estabilidad.<\/p>\n","protected":false},"excerpt":{"rendered":"<p>El polvo de titanato de n\u00edquel es un polvo fino compuesto de n\u00edquel y titanato, de color blanco gris\u00e1ceo o marr\u00f3n claro, con alta estabilidad qu\u00edmica, propiedades electromagn\u00e9ticas especiales, en componentes electr\u00f3nicos, catalizadores, materiales cer\u00e1micos y muchas otras \u00e1reas que juegan un papel importante.<\/p>\n","protected":false},"featured_media":1002826,"comment_status":"open","ping_status":"closed","template":"","meta":{"_acf_changed":false},"product_brand":[],"product_cat":[187],"product_tag":[],"class_list":{"0":"post-1015486","1":"product","2":"type-product","3":"status-publish","4":"has-post-thumbnail","6":"product_cat-otros-materiales","8":"first","9":"instock","10":"shipping-taxable","11":"product-type-variable"},"acf":[],"_links":{"self":[{"href":"https:\/\/vimaterial.de\/es\/wp-json\/wp\/v2\/product\/1015486","targetHints":{"allow":["GET"]}}],"collection":[{"href":"https:\/\/vimaterial.de\/es\/wp-json\/wp\/v2\/product"}],"about":[{"href":"https:\/\/vimaterial.de\/es\/wp-json\/wp\/v2\/types\/product"}],"replies":[{"embeddable":true,"href":"https:\/\/vimaterial.de\/es\/wp-json\/wp\/v2\/comments?post=1015486"}],"wp:featuredmedia":[{"embeddable":true,"href":"https:\/\/vimaterial.de\/es\/wp-json\/wp\/v2\/media\/1002826"}],"wp:attachment":[{"href":"https:\/\/vimaterial.de\/es\/wp-json\/wp\/v2\/media?parent=1015486"}],"wp:term":[{"taxonomy":"product_brand","embeddable":true,"href":"https:\/\/vimaterial.de\/es\/wp-json\/wp\/v2\/product_brand?post=1015486"},{"taxonomy":"product_cat","embeddable":true,"href":"https:\/\/vimaterial.de\/es\/wp-json\/wp\/v2\/product_cat?post=1015486"},{"taxonomy":"product_tag","embeddable":true,"href":"https:\/\/vimaterial.de\/es\/wp-json\/wp\/v2\/product_tag?post=1015486"}],"curies":[{"name":"wp","href":"https:\/\/api.w.org\/{rel}","templated":true}]}}