{"id":1015464,"date":"2024-06-17T14:55:12","date_gmt":"2024-06-17T06:55:12","guid":{"rendered":"https:\/\/vimaterial.de\/product\/aleacion-de-niquel-vanadio\/"},"modified":"2025-04-15T09:16:07","modified_gmt":"2025-04-15T01:16:07","slug":"aleacion-de-niquel-vanadio","status":"publish","type":"product","link":"https:\/\/vimaterial.de\/es\/product\/aleacion-de-niquel-vanadio\/","title":{"rendered":"Aleaci\u00f3n de n\u00edquel y vanadio"},"content":{"rendered":"<p><span style=\"color: #0000ff;\"><a style=\"color: #0000ff;\" href=\"https:\/\/vimaterial.de\/en\/product\/nickel-vanadium-alloy\/\">N\u00edquel Vanadio<\/a><\/span> El objetivo de pulverizaci\u00f3n cat\u00f3dica de aleaci\u00f3n es un material de aleaci\u00f3n compuesto de n\u00edquel y vanadio, con un buen rendimiento de pulverizaci\u00f3n cat\u00f3dica, se puede depositar uniformemente en la superficie del sustrato por deposici\u00f3n f\u00edsica de vapor en un entorno de vac\u00edo, proporcionando pel\u00edculas delgadas de alta calidad para electr\u00f3nica, \u00f3ptica y muchos otros campos.<\/p>\n<p>VIMATERIAL proporciona aleaci\u00f3n de n\u00edquel vanadio, contamos con un equipo t\u00e9cnico profesional de investigaci\u00f3n y desarrollo, aceptamos todo tipo de personalizaci\u00f3n e investigaci\u00f3n y desarrollo y tenemos un peque\u00f1o MOQ, el embalaje se puede cambiar seg\u00fan los requisitos, si tiene alguna pregunta, puede <span style=\"color: #0000ff;\"><a style=\"color: #0000ff;\" href=\"https:\/\/vimaterial.de\/en\/contact-us\/\">contactarnos.<\/a><\/span><\/p>\n<h2><span style=\"font-size: 14pt;\">Propiedades f\u00edsicas<\/span><\/h2>\n<p>F\u00f3rmula molecular: NiV<\/p>\n<p>Peso molecular: alrededor de 109.63<\/p>\n<p>Aspecto: Blanco met\u00e1lico generalmente de color gris plateado.<\/p>\n<p>Densidad: aprox. 8,0 g\/cm\u00b3.<\/p>\n<p>Punto de fusi\u00f3n: Punto de fusi\u00f3n m\u00e1s alto, alrededor de 1350 \u00b0C<\/p>\n<p>Estructura cristalina: generalmente estructura cristalina c\u00fabica centrada en las caras<\/p>\n<h2><span style=\"font-size: 14pt;\">Aplicaciones<\/span><\/h2>\n<p>Electr\u00f3nica: Se utiliza para la preparaci\u00f3n de capas de interconexi\u00f3n met\u00e1lica en circuitos integrados en el campo de la electr\u00f3nica, con su buena conductividad el\u00e9ctrica y estabilidad t\u00e9rmica, reduciendo eficazmente el retraso de transmisi\u00f3n de la se\u00f1al y mejorando la confiabilidad del circuito.<\/p>\n<p>Industria de semiconductores: En la fabricaci\u00f3n de semiconductores, los objetivos de pulverizaci\u00f3n cat\u00f3dica se utilizan para depositar pel\u00edculas met\u00e1licas delgadas como electrodos de contacto para dispositivos semiconductores, mejorando el rendimiento y la eficiencia de los dispositivos semiconductores al controlar con precisi\u00f3n el grosor y la uniformidad de las pel\u00edculas.<\/p>\n<p>Campo de grabaci\u00f3n magn\u00e9tico: Utilizado en la fabricaci\u00f3n de medios de grabaci\u00f3n magn\u00e9ticos, la pulverizaci\u00f3n cat\u00f3dica de pel\u00edculas magn\u00e9ticas con alta permeabilidad y baja coercitividad permite un almacenamiento de datos de alta densidad y una r\u00e1pida lectura y escritura de datos.<\/p>\n<p>Campo \u00f3ptico: En el recubrimiento \u00f3ptico, se puede utilizar para depositar pel\u00edculas \u00f3pticas, como pel\u00edculas de mejora de la transmitancia o antirreflectantes en lentes y filtros \u00f3pticos, para mejorar la transmitancia y la calidad de la imagen de los elementos \u00f3pticos.<\/p>\n<p>Tecnolog\u00eda de visualizaci\u00f3n: En tecnolog\u00edas de visualizaci\u00f3n como las pantallas de cristal l\u00edquido (LCD) y las pantallas de diodos emisores de luz org\u00e1nicos (OLED), los objetivos de pulverizaci\u00f3n cat\u00f3dica se utilizan para preparar electrodos y pel\u00edculas conductoras para proporcionar pantallas con propiedades el\u00e9ctricas estables y efectos emisores de luz uniformes.<\/p>\n<h2><span style=\"font-size: 14pt;\">Control de calidad<\/span><\/h2>\n<p>Implementamos el <span style=\"color: #0000ff;\"><a style=\"color: #0000ff;\" href=\"https:\/\/vimaterial.de\/en\/quality-control\/\">m\u00e1s estricto<\/a><\/span> sistema de gesti\u00f3n de calidad para cada lote de productos, con registros completos desde las materias primas hasta los productos finales para una f\u00e1cil trazabilidad. Adoptamos estrictas medidas de segregaci\u00f3n para el manejo de productos no conformes para garantizar que ninguno de los productos no conformes fluya hacia el siguiente proceso. <\/p>\n<h2><span style=\"font-size: 14pt;\">Embalaje y almacenamiento<\/span><\/h2>\n<p>Los objetivos de pulverizaci\u00f3n cat\u00f3dica de aleaci\u00f3n de n\u00edquel vanadio se empaquetan en cajas de doble bolsa de vac\u00edo con una caja de cart\u00f3n exterior.<\/p>\n<p>Los objetivos de pulverizaci\u00f3n cat\u00f3dica de aleaci\u00f3n de n\u00edquel y vanadio deben almacenarse en un ambiente seco, fresco, bien ventilado y limpio, evitando la humedad, la oxidaci\u00f3n y el da\u00f1o mec\u00e1nico, y lejos de sustancias corrosivas como \u00e1cidos, \u00e1lcalis y otras sustancias corrosivas, \u00e1reas de alta temperatura y alta humedad, y al mismo tiempo deben tomar el embalaje adecuado o las medidas de protecci\u00f3n para evitar que la superficie se contamine para garantizar que sus propiedades f\u00edsicas y qu\u00edmicas sean estables.<\/p>\n","protected":false},"excerpt":{"rendered":"<p><span style=\"color: #0000ff;\"><a style=\"color: #0000ff;\" href=\"https:\/\/vimaterial.de\/en\/product\/nickel-vanadium-alloy\/\">N\u00edquel Vanadio<\/a><\/span> El objetivo de pulverizaci\u00f3n cat\u00f3dica de aleaci\u00f3n es un material de aleaci\u00f3n compuesto de n\u00edquel y vanadio, con un buen rendimiento de pulverizaci\u00f3n cat\u00f3dica, se puede depositar uniformemente en la superficie del sustrato por deposici\u00f3n f\u00edsica de vapor en un entorno de vac\u00edo, proporcionando pel\u00edculas delgadas de alta calidad para electr\u00f3nica, \u00f3ptica y muchos otros campos.<\/p>\n","protected":false},"featured_media":1002848,"comment_status":"open","ping_status":"closed","template":"","meta":{"_acf_changed":false},"product_brand":[],"product_cat":[178],"product_tag":[],"class_list":{"0":"post-1015464","1":"product","2":"type-product","3":"status-publish","4":"has-post-thumbnail","6":"product_cat-catodos-para-sputtering-planar","8":"first","9":"instock","10":"shipping-taxable","11":"purchasable","12":"product-type-variable"},"acf":[],"_links":{"self":[{"href":"https:\/\/vimaterial.de\/es\/wp-json\/wp\/v2\/product\/1015464","targetHints":{"allow":["GET"]}}],"collection":[{"href":"https:\/\/vimaterial.de\/es\/wp-json\/wp\/v2\/product"}],"about":[{"href":"https:\/\/vimaterial.de\/es\/wp-json\/wp\/v2\/types\/product"}],"replies":[{"embeddable":true,"href":"https:\/\/vimaterial.de\/es\/wp-json\/wp\/v2\/comments?post=1015464"}],"wp:featuredmedia":[{"embeddable":true,"href":"https:\/\/vimaterial.de\/es\/wp-json\/wp\/v2\/media\/1002848"}],"wp:attachment":[{"href":"https:\/\/vimaterial.de\/es\/wp-json\/wp\/v2\/media?parent=1015464"}],"wp:term":[{"taxonomy":"product_brand","embeddable":true,"href":"https:\/\/vimaterial.de\/es\/wp-json\/wp\/v2\/product_brand?post=1015464"},{"taxonomy":"product_cat","embeddable":true,"href":"https:\/\/vimaterial.de\/es\/wp-json\/wp\/v2\/product_cat?post=1015464"},{"taxonomy":"product_tag","embeddable":true,"href":"https:\/\/vimaterial.de\/es\/wp-json\/wp\/v2\/product_tag?post=1015464"}],"curies":[{"name":"wp","href":"https:\/\/api.w.org\/{rel}","templated":true}]}}