{"id":1015416,"date":"2024-06-17T14:55:14","date_gmt":"2024-06-17T06:55:14","guid":{"rendered":"https:\/\/vimaterial.de\/product\/cobre-metalico-6\/"},"modified":"2025-04-15T09:05:09","modified_gmt":"2025-04-15T01:05:09","slug":"cobre-metalico-6","status":"publish","type":"product","link":"https:\/\/vimaterial.de\/es\/product\/cobre-metalico-6\/","title":{"rendered":"Cobre Metal"},"content":{"rendered":"<p><span style=\"color: #0000ff;\"><a style=\"color: #0000ff;\" href=\"https:\/\/vimaterial.de\/en\/search\/?type=element&amp;keyword=Cu\">Metal de cobre <\/a><\/span>La placa de respaldo es un tipo de l\u00e1mina posterior hecha principalmente de metal de cobre, que tiene buena conductividad el\u00e9ctrica, conductividad t\u00e9rmica y resistencia mec\u00e1nica, con superficie plana, y puede proporcionar soporte f\u00edsico confiable, blindaje electromagn\u00e9tico y conducci\u00f3n de calor eficiente para dispositivos electr\u00f3nicos, y desempe\u00f1a un papel importante en fotovoltaica, comunicaci\u00f3n electr\u00f3nica y otros campos.<\/p>\n<p>Las placas de respaldo de cobre de VIMARERIAL se caracterizan por altas tasas de transmisi\u00f3n, bajo costo, alta eficiencia, buena disipaci\u00f3n de calor, cableado flexible y p\u00e9rdidas de transmisi\u00f3n reducidas.<\/p>\n<h2><span style=\"font-size: 14pt;\">\u00bfPor qu\u00e9 utilizar cobre como material objetivo para la placa de respaldo?<\/span><\/h2>\n<p>Conductividad t\u00e9rmica: El cobre se utiliza como l\u00e1mina posterior debido a su excelente conductividad t\u00e9rmica, que puede eliminar r\u00e1pidamente el calor generado por el objetivo durante la pulverizaci\u00f3n cat\u00f3dica, evitando que el objetivo se sobrecaliente y asegurando la estabilidad del proceso de pulverizaci\u00f3n cat\u00f3dica.<\/p>\n<p>Conductividad: Debido a que el cobre met\u00e1lico tiene buena conductividad, puede garantizar un bombardeo de iones y una transferencia de carga efectivos en entornos de pulverizaci\u00f3n cat\u00f3dica de alto voltaje y alto vac\u00edo, lo que favorece la pulverizaci\u00f3n cat\u00f3dica estable y garantiza la calidad de la pel\u00edcula.<\/p>\n<p>Resistencia mec\u00e1nica: el metal de cobre tiene suficiente resistencia mec\u00e1nica para proporcionar un soporte s\u00f3lido para el material objetivo, resistir el estr\u00e9s mec\u00e1nico y el impacto durante la pulverizaci\u00f3n cat\u00f3dica y evitar que el material objetivo se deforme o rompa.<\/p>\n<p>Rendimiento de procesamiento: el cobre es f\u00e1cil de procesar en varias formas y tama\u00f1os, lo cual es conveniente para la fabricaci\u00f3n de l\u00e1minas traseras con diferentes requisitos, y su proceso de uni\u00f3n con el material objetivo est\u00e1 maduro, lo que garantiza una conexi\u00f3n estrecha y conducci\u00f3n de calor.<\/p>\n<p>Factor de costo: el costo del cobre es relativamente bajo y abundante, usarlo como l\u00e1mina posterior puede reducir el costo total de los objetivos de pulverizaci\u00f3n cat\u00f3dica al tiempo que garantiza el rendimiento, lo que es propicio para la producci\u00f3n industrial a gran escala.<\/p>\n<p>Reutilizaci\u00f3n: Las l\u00e1minas traseras de cobre se pueden reutilizar muchas veces si se mantienen adecuadamente y solo es necesario verificar que cumplan con los indicadores de rendimiento, lo que reduce a\u00fan m\u00e1s los costos de producci\u00f3n.<\/p>\n<h2><span style=\"font-size: 14pt;\">\u00bfCobre como m\u00e9todo de uni\u00f3n de placas de respaldo?<\/span><\/h2>\n<p>Soldadura fuerte: El material de soldadura fuerte del punto de fusi\u00f3n m\u00e1s bajo se funde por calentamiento, llenando el espacio entre la l\u00e1mina posterior de cobre y el material objetivo, y formando una conexi\u00f3n s\u00f3lida despu\u00e9s del enfriamiento, incluida la soldadura convencional y la soldadura fuerte por inducci\u00f3n.<\/p>\n<p>Soldadura por difusi\u00f3n: Bajo temperatura, presi\u00f3n y tiempo espec\u00edficos, se permite que los \u00e1tomos en las superficies de contacto de la l\u00e1mina posterior de cobre y el material objetivo se difundan entre s\u00ed para lograr una conexi\u00f3n estrecha.<\/p>\n<p>Uni\u00f3n mec\u00e1nica:<\/p>\n<p>Conexi\u00f3n atornillada: Se proporcionan orificios para tornillos en los bordes de la l\u00e1mina posterior de cobre y el material objetivo, que se fijan con pernos, tuercas y arandelas, con juntas para garantizar la estanqueidad y la conducci\u00f3n t\u00e9rmica.<\/p>\n<p>Dispositivo de sujeci\u00f3n: use un accesorio especial para sujetar la placa de respaldo de cobre y el material objetivo, aplique fuerza de sujeci\u00f3n para que encajen, preste atenci\u00f3n a la uniformidad de la presi\u00f3n.<\/p>\n<p>Pegado: Utilice un buen pegamento conductor y resistente a altas temperaturas para unir la l\u00e1mina posterior de cobre y el material objetivo, operaci\u00f3n simple pero alta demanda de pegamento.<\/p>\n<p>Presi\u00f3n isost\u00e1tica t\u00e9rmica: en el entorno de alta temperatura y alta presi\u00f3n para hacer que la placa posterior de cobre y el material objetivo se combinen estrechamente, puede eliminar la porosidad y los defectos de la interfaz.<\/p>\n<p>Soldadura l\u00e1ser: Usando un rayo l\u00e1ser de alta energ\u00eda para enfocarse en la parte de conexi\u00f3n, hacer que el material se derrita para formar una uni\u00f3n, velocidad de soldadura y control estricto de par\u00e1metros.<\/p>\n","protected":false},"excerpt":{"rendered":"<p><span style=\"color: #0000ff;\"><a style=\"color: #0000ff;\" href=\"https:\/\/vimaterial.de\/en\/search\/?type=element&amp;keyword=Cu\">Metal de cobre <\/a><\/span>La placa de respaldo es un tipo de l\u00e1mina posterior hecha principalmente de metal de cobre, que tiene buena conductividad el\u00e9ctrica, conductividad t\u00e9rmica y resistencia mec\u00e1nica, con superficie plana, y puede proporcionar soporte f\u00edsico confiable, blindaje electromagn\u00e9tico y conducci\u00f3n de calor eficiente para dispositivos electr\u00f3nicos, y desempe\u00f1a un papel importante en fotovoltaica, comunicaci\u00f3n electr\u00f3nica y otros campos.<\/p>\n","protected":false},"featured_media":1002875,"comment_status":"open","ping_status":"closed","template":"","meta":{"_acf_changed":false},"product_brand":[],"product_cat":[164],"product_tag":[],"class_list":{"0":"post-1015416","1":"product","2":"type-product","3":"status-publish","4":"has-post-thumbnail","6":"product_cat-sin-categoria","8":"first","9":"instock","10":"shipping-taxable","11":"purchasable","12":"product-type-variable"},"acf":[],"_links":{"self":[{"href":"https:\/\/vimaterial.de\/es\/wp-json\/wp\/v2\/product\/1015416","targetHints":{"allow":["GET"]}}],"collection":[{"href":"https:\/\/vimaterial.de\/es\/wp-json\/wp\/v2\/product"}],"about":[{"href":"https:\/\/vimaterial.de\/es\/wp-json\/wp\/v2\/types\/product"}],"replies":[{"embeddable":true,"href":"https:\/\/vimaterial.de\/es\/wp-json\/wp\/v2\/comments?post=1015416"}],"wp:featuredmedia":[{"embeddable":true,"href":"https:\/\/vimaterial.de\/es\/wp-json\/wp\/v2\/media\/1002875"}],"wp:attachment":[{"href":"https:\/\/vimaterial.de\/es\/wp-json\/wp\/v2\/media?parent=1015416"}],"wp:term":[{"taxonomy":"product_brand","embeddable":true,"href":"https:\/\/vimaterial.de\/es\/wp-json\/wp\/v2\/product_brand?post=1015416"},{"taxonomy":"product_cat","embeddable":true,"href":"https:\/\/vimaterial.de\/es\/wp-json\/wp\/v2\/product_cat?post=1015416"},{"taxonomy":"product_tag","embeddable":true,"href":"https:\/\/vimaterial.de\/es\/wp-json\/wp\/v2\/product_tag?post=1015416"}],"curies":[{"name":"wp","href":"https:\/\/api.w.org\/{rel}","templated":true}]}}