{"id":1015372,"date":"2024-06-17T14:55:16","date_gmt":"2024-06-17T06:55:16","guid":{"rendered":"https:\/\/vimaterial.de\/product\/cobre-metalico-4\/"},"modified":"2025-04-15T09:03:41","modified_gmt":"2025-04-15T01:03:41","slug":"cobre-metalico-4","status":"publish","type":"product","link":"https:\/\/vimaterial.de\/es\/product\/cobre-metalico-4\/","title":{"rendered":"Cobre Metal"},"content":{"rendered":"<p>La l\u00e1mina <span style=\"color: #0000ff;\"><a style=\"color: #0000ff;\" href=\"https:\/\/vimaterial.de\/en\/product\/copper-metal\/\">de metal de cobre<\/a> <\/span>es una l\u00e1mina de metal de cobre extremadamente delgada con excelente conductividad el\u00e9ctrica, conductividad t\u00e9rmica, flexibilidad, superficie plana y brillante, que se puede utilizar en circuitos electr\u00f3nicos, blindaje electromagn\u00e9tico, embalaje y decoraci\u00f3n y muchos otros campos.<\/p>\n<p>VIMATERIAL ofrece una amplia gama de l\u00e1minas met\u00e1licas de cobre. La l\u00e1mina de metal de cobre procesada por nuestra empresa est\u00e1 garantizada para ser de pureza ultra alta, con excelente conductividad t\u00e9rmica, superficie lisa sin defectos, buena flexibilidad, f\u00e1cil de procesar y moldear, y rendimiento estable y confiable. Aceptamos varios productos personalizados, <span style=\"color: #0000ff;\"><a style=\"color: #0000ff;\" href=\"https:\/\/vimaterial.de\/en\/contact-us\/\">cont\u00e1ctenos<\/a><\/span>.  <\/p>\n<h2><span style=\"font-size: 14pt;\">Propiedades f\u00edsicas<\/span><\/h2>\n<p>F\u00f3rmula molecular: Cu<\/p>\n<p>Peso molecular: 63.546<\/p>\n<p>Aspecto: Generalmente en forma de escamas delgadas con un brillo met\u00e1lico ligeramente rojizo.<\/p>\n<p>Densidad: aprox. 8,89 g\/cm\u00b3 (20 \u00b0C)<\/p>\n<p>Punto de fusi\u00f3n: alrededor de 1083 \u00b0C<\/p>\n<p>Punto de ebullici\u00f3n: alrededor de 2567 \u00b0C<\/p>\n<p>Estructura cristalina: red c\u00fabica centrada en las caras, los \u00e1tomos de cobre est\u00e1n m\u00e1s estrechamente empaquetados en c\u00fabico.<\/p>\n<h2><span style=\"font-size: 14pt;\">Aplicaciones<\/span><\/h2>\n<p>Campo de blindaje electromagn\u00e9tico: utilizado en la carcasa o capa protectora interna de equipos electr\u00f3nicos, puede reflejar y absorber eficazmente las ondas electromagn\u00e9ticas, proteger el equipo de interferencias electromagn\u00e9ticas externas o prevenir su propia fuga de radiaci\u00f3n electromagn\u00e9tica.<\/p>\n<p>Campo de c\u00e9lulas solares: como material de electrodo de la c\u00e9lula solar, ayuda a recolectar y conducir corriente, y mejora la eficiencia de conversi\u00f3n fotoel\u00e9ctrica de la c\u00e9lula solar.<\/p>\n<p>Campo de la bater\u00eda de iones de litio: utilizado en el colector de la bater\u00eda de litio, puede conducir electrones r\u00e1pidamente y garantizar la estabilidad de la transmisi\u00f3n de corriente en el proceso de carga y descarga de la bater\u00eda.<\/p>\n<p>Industria automotriz: se utiliza para la conexi\u00f3n de l\u00ednea y el blindaje electromagn\u00e9tico en sistemas electr\u00f3nicos automotrices, y tambi\u00e9n desempe\u00f1a un papel en la decoraci\u00f3n interior del autom\u00f3vil para aumentar la sensaci\u00f3n de sofisticaci\u00f3n dentro del autom\u00f3vil.<\/p>\n<p>Aeroespacial: Utilizado como material de blindaje conductor y electromagn\u00e9tico en los sistemas electr\u00f3nicos de equipos aeroespaciales, sus caracter\u00edsticas livianas y de alto rendimiento ayudan a reducir el peso del equipo y garantizan el funcionamiento normal del sistema.<\/p>\n<h2><span style=\"font-size: 14pt;\">Control de calidad<\/span><\/h2>\n<p>Implementamos el<span style=\"color: #0000ff;\"><a style=\"color: #0000ff;\" href=\"https:\/\/vimaterial.de\/en\/quality-control\/\"> m\u00e1s estricto<\/a><\/span>sistema de gesti\u00f3n de calidad para cada lote de productos, con registros completos desde las materias primas hasta los productos finales para una f\u00e1cil trazabilidad. Adoptamos estrictas medidas de segregaci\u00f3n para el manejo de productos no conformes para garantizar que ninguno de los productos no conformes fluya hacia el siguiente proceso. <\/p>\n<h2><span style=\"font-size: 14pt;\">Embalaje y almacenamiento<\/span><\/h2>\n<p>La l\u00e1mina de metal de cobre se envasa al vac\u00edo en cajas.<\/p>\n<p>La l\u00e1mina de cobre metal debe almacenarse en un ambiente seco, fresco y bien ventilado, lejos de la luz solar directa, para evitar la humedad, la oxidaci\u00f3n, preferiblemente en envases sellados, y lejos de productos qu\u00edmicos corrosivos y objetos afilados, para evitar que la l\u00e1mina se da\u00f1e o reaccione qu\u00edmicamente.<\/p>\n","protected":false},"excerpt":{"rendered":"<p>La l\u00e1mina <span style=\"color: #0000ff;\"><a style=\"color: #0000ff;\" href=\"https:\/\/vimaterial.de\/en\/product\/copper-metal\/\">de metal de cobre<\/a> <\/span>es una l\u00e1mina de metal de cobre extremadamente delgada con excelente conductividad el\u00e9ctrica, conductividad t\u00e9rmica, flexibilidad, superficie plana y brillante, que se puede utilizar en circuitos electr\u00f3nicos, blindaje electromagn\u00e9tico, embalaje y decoraci\u00f3n y muchos otros campos.<\/p>\n","protected":false},"featured_media":1002885,"comment_status":"open","ping_status":"closed","template":"","meta":{"_acf_changed":false},"product_brand":[],"product_cat":[188],"product_tag":[],"class_list":{"0":"post-1015372","1":"product","2":"type-product","3":"status-publish","4":"has-post-thumbnail","6":"product_cat-perfil","8":"first","9":"instock","10":"shipping-taxable","11":"purchasable","12":"product-type-variable"},"acf":[],"_links":{"self":[{"href":"https:\/\/vimaterial.de\/es\/wp-json\/wp\/v2\/product\/1015372","targetHints":{"allow":["GET"]}}],"collection":[{"href":"https:\/\/vimaterial.de\/es\/wp-json\/wp\/v2\/product"}],"about":[{"href":"https:\/\/vimaterial.de\/es\/wp-json\/wp\/v2\/types\/product"}],"replies":[{"embeddable":true,"href":"https:\/\/vimaterial.de\/es\/wp-json\/wp\/v2\/comments?post=1015372"}],"wp:featuredmedia":[{"embeddable":true,"href":"https:\/\/vimaterial.de\/es\/wp-json\/wp\/v2\/media\/1002885"}],"wp:attachment":[{"href":"https:\/\/vimaterial.de\/es\/wp-json\/wp\/v2\/media?parent=1015372"}],"wp:term":[{"taxonomy":"product_brand","embeddable":true,"href":"https:\/\/vimaterial.de\/es\/wp-json\/wp\/v2\/product_brand?post=1015372"},{"taxonomy":"product_cat","embeddable":true,"href":"https:\/\/vimaterial.de\/es\/wp-json\/wp\/v2\/product_cat?post=1015372"},{"taxonomy":"product_tag","embeddable":true,"href":"https:\/\/vimaterial.de\/es\/wp-json\/wp\/v2\/product_tag?post=1015372"}],"curies":[{"name":"wp","href":"https:\/\/api.w.org\/{rel}","templated":true}]}}