{"id":1015319,"date":"2024-06-17T14:55:18","date_gmt":"2024-06-17T06:55:18","guid":{"rendered":"https:\/\/vimaterial.de\/product\/cobre-metalico-3\/"},"modified":"2025-04-15T08:57:01","modified_gmt":"2025-04-15T00:57:01","slug":"cobre-metalico-3","status":"publish","type":"product","link":"https:\/\/vimaterial.de\/es\/product\/cobre-metalico-3\/","title":{"rendered":"Cobre Metal"},"content":{"rendered":"<p>Los pellets <span style=\"color: #0000ff;\"><a style=\"color: #0000ff;\" href=\"https:\/\/vimaterial.de\/es\/product\/cobre-metalico-6\/\">de cobre met\u00e1lico<\/a><\/span> tienen un brillo met\u00e1lico, buena conductividad el\u00e9ctrica y t\u00e9rmica y resistencia a la corrosi\u00f3n, y se utilizan en la industria electr\u00f3nica para la fabricaci\u00f3n de placas de circuitos, en la industria qu\u00edmica como catalizadores y en la industria de la construcci\u00f3n como materiales decorativos.<\/p>\n<p>VIMATERIAL ofrece una amplia gama de pellets de Cobre Met\u00e1lico. Nuestros pellets de metal de cobre tienen una granularidad uniforme y regular, un contenido de impurezas muy bajo, una mejor conductividad el\u00e9ctrica y t\u00e9rmica. Aceptamos productos personalizados, p\u00f3ngase <span style=\"color: #0000ff;\"><a style=\"color: #0000ff;\" href=\"https:\/\/vimaterial.de\/es\/contacto\/\">en contacto con nosotros.<\/a><\/span><\/p>\n<h2><span style=\"font-size: 14pt;\">Propiedades f\u00edsicas<\/span><\/h2>\n<p>F\u00f3rmula molecular: Cu<\/p>\n<p>Peso molecular: alrededor de 63.5460<\/p>\n<p>Aspecto: generalmente granular con brillo met\u00e1lico<\/p>\n<p>Densidad: aprox. 8,96 g\/cm\u00b3.<\/p>\n<p>Punto de fusi\u00f3n: alrededor de 1083.4 \u00b0C<\/p>\n<p>Punto de ebullici\u00f3n: alrededor de 2567 \u00b0C<\/p>\n<p>Estructura cristalina: estructura cristalina c\u00fabica centrada en las caras<\/p>\n<h2><span style=\"font-size: 14pt;\">Aplicaciones<\/span><\/h2>\n<p>Industria electr\u00f3nica: Se utiliza en la fabricaci\u00f3n de placas de circuito impreso (PCB) para garantizar una transmisi\u00f3n eficiente de se\u00f1ales entre componentes electr\u00f3nicos en virtud de su excelente conductividad el\u00e9ctrica.<\/p>\n<p>Equipos el\u00e9ctricos: Utilizado en alambres y cables, su alta conductividad reduce eficazmente las p\u00e9rdidas en la transmisi\u00f3n de energ\u00eda el\u00e9ctrica.<\/p>\n<p>Ingenier\u00eda mec\u00e1nica: como materia prima para aleaciones a base de cobre, se utiliza en la fabricaci\u00f3n de una amplia gama de piezas mec\u00e1nicas para mejorar su resistencia y resistencia al desgaste.<\/p>\n<p>Industria qu\u00edmica: aplicado como catalizador para acelerar las reacciones qu\u00edmicas, por ejemplo, juega un papel clave en algunas reacciones de s\u00edntesis org\u00e1nica.<\/p>\n<p>Energ\u00eda: se utiliza en materiales de electrodos para bater\u00edas de nueva energ\u00eda para mejorar la conductividad y el rendimiento general de las bater\u00edas.<\/p>\n<h2><span style=\"font-size: 14pt;\">Control de calidad<\/span><\/h2>\n<p>Implementamos el<span style=\"color: #0000ff;\"><a style=\"color: #0000ff;\" href=\"https:\/\/vimaterial.de\/es\/control-de-calidad\/\">m\u00e1s estricto sistema de gesti\u00f3n de calidad<\/a><\/span> para cada lote de productos, con registros completos desde las materias primas hasta los productos finales para una f\u00e1cil trazabilidad. Adoptamos estrictas medidas de segregaci\u00f3n para el manejo de productos no conformes para garantizar que ninguno de los productos no conformes fluya hacia el siguiente proceso.<\/p>\n<h2><span style=\"font-size: 14pt;\">Embalaje y almacenamiento<\/span><\/h2>\n<p>Los pellets de cobre met\u00e1lico se envasan en bolsas de vac\u00edo dobles o botellas de vac\u00edo dobles. La unidad m\u00ednima de envasado es de 100 g\/botella.<\/p>\n<p>Los pellets de cobre met\u00e1lico deben almacenarse en un ambiente seco y bien ventilado, protegidos de la humedad y las sustancias corrosivas, lejos de fuentes de ignici\u00f3n y en recipientes sellados para evitar la oxidaci\u00f3n y el da\u00f1o f\u00edsico.<\/p>\n","protected":false},"excerpt":{"rendered":"<p>Los pellets <span style=\"color: #0000ff;\"><a style=\"color: #0000ff;\" href=\"https:\/\/vimaterial.de\/es\/product\/cobre-metalico-6\/\">de cobre met\u00e1lico<\/a><\/span> tienen un brillo met\u00e1lico, buena conductividad el\u00e9ctrica y t\u00e9rmica y resistencia a la corrosi\u00f3n, y se utilizan en la industria electr\u00f3nica para la fabricaci\u00f3n de placas de circuitos, en la industria qu\u00edmica como catalizadores y en la industria de la construcci\u00f3n como materiales decorativos.<\/p>\n","protected":false},"featured_media":1002897,"comment_status":"open","ping_status":"closed","template":"","meta":{"_acf_changed":false},"product_brand":[],"product_cat":[179],"product_tag":[],"class_list":{"0":"post-1015319","1":"product","2":"type-product","3":"status-publish","4":"has-post-thumbnail","6":"product_cat-materiales-de-evaporacion","8":"first","9":"instock","10":"shipping-taxable","11":"purchasable","12":"product-type-variable"},"acf":[],"_links":{"self":[{"href":"https:\/\/vimaterial.de\/es\/wp-json\/wp\/v2\/product\/1015319","targetHints":{"allow":["GET"]}}],"collection":[{"href":"https:\/\/vimaterial.de\/es\/wp-json\/wp\/v2\/product"}],"about":[{"href":"https:\/\/vimaterial.de\/es\/wp-json\/wp\/v2\/types\/product"}],"replies":[{"embeddable":true,"href":"https:\/\/vimaterial.de\/es\/wp-json\/wp\/v2\/comments?post=1015319"}],"wp:featuredmedia":[{"embeddable":true,"href":"https:\/\/vimaterial.de\/es\/wp-json\/wp\/v2\/media\/1002897"}],"wp:attachment":[{"href":"https:\/\/vimaterial.de\/es\/wp-json\/wp\/v2\/media?parent=1015319"}],"wp:term":[{"taxonomy":"product_brand","embeddable":true,"href":"https:\/\/vimaterial.de\/es\/wp-json\/wp\/v2\/product_brand?post=1015319"},{"taxonomy":"product_cat","embeddable":true,"href":"https:\/\/vimaterial.de\/es\/wp-json\/wp\/v2\/product_cat?post=1015319"},{"taxonomy":"product_tag","embeddable":true,"href":"https:\/\/vimaterial.de\/es\/wp-json\/wp\/v2\/product_tag?post=1015319"}],"curies":[{"name":"wp","href":"https:\/\/api.w.org\/{rel}","templated":true}]}}