{"id":1015232,"date":"2024-06-17T14:55:19","date_gmt":"2024-06-17T06:55:19","guid":{"rendered":"https:\/\/vimaterial.de\/product\/cobre-metalico-2\/"},"modified":"2025-04-14T18:07:00","modified_gmt":"2025-04-14T10:07:00","slug":"cobre-metalico-2","status":"publish","type":"product","link":"https:\/\/vimaterial.de\/es\/product\/cobre-metalico-2\/","title":{"rendered":"Cobre Metal"},"content":{"rendered":"<p><span style=\"color: #0000ff;\"><a style=\"color: #0000ff;\" href=\"https:\/\/vimaterial.de\/es\/product\/cobre-metalico-6\/\">El<\/a><\/span> objetivo de pulverizaci\u00f3n cat\u00f3dica de cobre met\u00e1lico es un material hecho de metal de cobre de alta pureza que se utiliza en la tecnolog\u00eda de deposici\u00f3n f\u00edsica de vapor (PVD), donde los \u00e1tomos de cobre se pulverizan por bombardeo de iones en un entorno de vac\u00edo y se depositan en la superficie de un sustrato, proporcionando pel\u00edculas de cobre de alta calidad para electr\u00f3nica, semiconductores y muchos otros campos.<\/p>\n<p>VIMATERIAL suministra objetivos de pulverizaci\u00f3n cat\u00f3dica de metal de cobre de alta pureza y alta calidad. Suministramos objetivos de pulverizaci\u00f3n cat\u00f3dica de cobre met\u00e1lico con alta densidad, buena superficie del producto, alta eficiencia de pulverizaci\u00f3n cat\u00f3dica y bajo precio. Contamos con un equipo profesional del R&amp;D, y todos los productos pueden ser personalizados y desarrollados, por favor<span style=\"color: #0000ff;\"><a style=\"color: #0000ff;\" href=\"https:\/\/vimaterial.de\/es\/contacto\/\"> cont\u00e1ctenos.<\/a><\/span><\/p>\n<h2><span style=\"font-size: 14pt;\">Propiedades f\u00edsicas<\/span><\/h2>\n<p>F\u00f3rmula molecular: Cu<\/p>\n<p>Peso molecular: 63.546<\/p>\n<p>Aspecto: metal lustre rojo viol\u00e1ceo<\/p>\n<p>Densidad: 8,92 g\/cm\u00b3<\/p>\n<p>Punto de fusi\u00f3n: 1083,4\u00b10,2 \u00b0C.<\/p>\n<p>Punto de ebullici\u00f3n: 2567\u00b0C<\/p>\n<p>Estructura cristalina: estructura cristalina c\u00fabica centrada en las caras. En la estructura c\u00fabica centrada en la cara, cada \u00e1tomo de cobre est\u00e1 rodeado por 12 \u00e1tomos de cobre vecinos m\u00e1s cercanos.<\/p>\n<h2><span style=\"font-size: 14pt;\">Aplicaci\u00f3n<\/span><\/h2>\n<p>Semiconductor: Se utiliza en la fabricaci\u00f3n de interconexiones en circuitos integrados para reducir los retrasos en la transmisi\u00f3n de se\u00f1ales y mejorar el rendimiento del chip debido a su alta conductividad.<\/p>\n<p>Pantalla electr\u00f3nica: En las pantallas de cristal l\u00edquido y las pantallas de diodos emisores de luz org\u00e1nicos (OLED), los objetivos de pulverizaci\u00f3n cat\u00f3dica de cobre y metal se utilizan para fabricar electrodos y otros componentes para garantizar pantallas precisas y estables.<\/p>\n<p>Industria fotovoltaica: Como fuente de deposici\u00f3n de materiales de electrodos, puede optimizar el rendimiento el\u00e9ctrico de las c\u00e9lulas solares y mejorar la eficiencia de la conversi\u00f3n fotoel\u00e9ctrica.<\/p>\n<p>Recubrimiento \u00f3ptico: Las pel\u00edculas delgadas de cobre se forman por pulverizaci\u00f3n cat\u00f3dica y se utilizan en el proceso de recubrimiento de lentes \u00f3pticas para mejorar las propiedades \u00f3pticas y la durabilidad de las lentes.<\/p>\n<h2><span style=\"font-size: 14pt;\">Control de calidad<\/span><\/h2>\n<p>Se implementa <span style=\"color: #0000ff;\"><a style=\"color: #0000ff;\" href=\"https:\/\/vimaterial.de\/es\/control-de-calidad\/\">el m\u00e1s estricto<\/a><\/span> sistema de gesti\u00f3n de calidad para cada lote de productos, con registros completos desde las materias primas hasta los productos finales para facilitar la trazabilidad del producto. Contamos con estrictas medidas de segregaci\u00f3n para el manejo de productos no conformes para garantizar que ning\u00fan producto no conforme pueda dejarse para el siguiente proceso.<\/p>\n<h2><span style=\"font-size: 14pt;\">Embalaje y almacenamiento<\/span><\/h2>\n<p>Los objetivos de pulverizaci\u00f3n cat\u00f3dica de cobre y metal se empaquetan en bolsas de vac\u00edo dobles y luego se empaquetan.<\/p>\n<p>Los objetivos de pulverizaci\u00f3n cat\u00f3dica de cobre met\u00e1lico deben almacenarse en un entorno seco, limpio y bien ventilado con una temperatura y humedad relativamente estables, evitando el contacto con sustancias corrosivas, metales activos y agentes oxidantes fuertes, as\u00ed como evitando la colisi\u00f3n f\u00edsica y la fricci\u00f3n, para garantizar que la calidad de la superficie y las propiedades f\u00edsico-qu\u00edmicas no se vean afectadas.<\/p>\n","protected":false},"excerpt":{"rendered":"<p><span style=\"color: #0000ff;\"><a style=\"color: #0000ff;\" href=\"https:\/\/vimaterial.de\/es\/product\/cobre-metalico-6\/\">El<\/a><\/span> objetivo de pulverizaci\u00f3n cat\u00f3dica de cobre met\u00e1lico es un material hecho de metal de cobre de alta pureza que se utiliza en la tecnolog\u00eda de deposici\u00f3n f\u00edsica de vapor (PVD), donde los \u00e1tomos de cobre se pulverizan por bombardeo de iones en un entorno de vac\u00edo y se depositan en la superficie de un sustrato, proporcionando pel\u00edculas de cobre de alta calidad para electr\u00f3nica, semiconductores y muchos otros campos.<\/p>\n","protected":false},"featured_media":1002923,"comment_status":"open","ping_status":"closed","template":"","meta":{"_acf_changed":false},"product_brand":[],"product_cat":[178],"product_tag":[],"class_list":{"0":"post-1015232","1":"product","2":"type-product","3":"status-publish","4":"has-post-thumbnail","6":"product_cat-catodos-para-sputtering-planar","8":"first","9":"instock","10":"shipping-taxable","11":"purchasable","12":"product-type-variable"},"acf":[],"_links":{"self":[{"href":"https:\/\/vimaterial.de\/es\/wp-json\/wp\/v2\/product\/1015232","targetHints":{"allow":["GET"]}}],"collection":[{"href":"https:\/\/vimaterial.de\/es\/wp-json\/wp\/v2\/product"}],"about":[{"href":"https:\/\/vimaterial.de\/es\/wp-json\/wp\/v2\/types\/product"}],"replies":[{"embeddable":true,"href":"https:\/\/vimaterial.de\/es\/wp-json\/wp\/v2\/comments?post=1015232"}],"wp:featuredmedia":[{"embeddable":true,"href":"https:\/\/vimaterial.de\/es\/wp-json\/wp\/v2\/media\/1002923"}],"wp:attachment":[{"href":"https:\/\/vimaterial.de\/es\/wp-json\/wp\/v2\/media?parent=1015232"}],"wp:term":[{"taxonomy":"product_brand","embeddable":true,"href":"https:\/\/vimaterial.de\/es\/wp-json\/wp\/v2\/product_brand?post=1015232"},{"taxonomy":"product_cat","embeddable":true,"href":"https:\/\/vimaterial.de\/es\/wp-json\/wp\/v2\/product_cat?post=1015232"},{"taxonomy":"product_tag","embeddable":true,"href":"https:\/\/vimaterial.de\/es\/wp-json\/wp\/v2\/product_tag?post=1015232"}],"curies":[{"name":"wp","href":"https:\/\/api.w.org\/{rel}","templated":true}]}}