{"id":1015228,"date":"2024-06-17T14:55:18","date_gmt":"2024-06-17T06:55:18","guid":{"rendered":"https:\/\/vimaterial.de\/product\/cobre-metalico\/"},"modified":"2025-04-14T18:36:29","modified_gmt":"2025-04-14T10:36:29","slug":"cobre-metalico","status":"publish","type":"product","link":"https:\/\/vimaterial.de\/es\/product\/cobre-metalico\/","title":{"rendered":"Cobre Metal"},"content":{"rendered":"<p><a href=\"https:\/\/vimaterial.de\/es\/product\/cobre-metalico-6\/\"><span style=\"color: #0000ff;\">Cobre Metal<\/span><\/a> son part\u00edculas finas de mon\u00f3meros de cobre que han sido triturados y procesados para producir una buena conductividad el\u00e9ctrica y t\u00e9rmica y actividad qu\u00edmica. Se utilizan principalmente en la industria electr\u00f3nica para fabricar pastas conductoras, en la industria qu\u00edmica como catalizadores, en el moldeo por inyecci\u00f3n de metales para fabricar productos de cobre de formas complejas y en pulvimetalurgia para producir componentes a base de cobre de alto rendimiento.<\/p>\n<p>VIMATERIAL ofrece polvos met\u00e1licos de cobre. Procesamos polvos met\u00e1licos de cobre en una amplia gama de tama\u00f1os de part\u00edcula, a precios bajos, con alta pureza y bajas impurezas, en peque\u00f1as cantidades, en stock y de forma personalizada. <span style=\"color: #0000ff;\"><a style=\"color: #0000ff;\" href=\"https:\/\/vimaterial.de\/es\/contacto\/\"> P\u00f3ngase en contacto con nosotros<\/a><\/span> para obtener m\u00e1s informaci\u00f3n.<\/p>\n<h2><span style=\"font-size: 14pt;\">Propiedades f\u00edsicas<\/span><\/h2>\n<p>F\u00f3rmula molecular: Cu<\/p>\n<p>Peso molecular: 63.55<\/p>\n<p>Aspecto: polvo met\u00e1lico con brillo rojo<\/p>\n<p>Densidad: Densidad relativa alrededor de 8,92 g\/cm\u00b3 (agua = 1)<\/p>\n<p>Punto de fusi\u00f3n: alrededor de 1083 \u00b0C<\/p>\n<p>Punto de ebullici\u00f3n: alrededor de 2567 \u00b0C<\/p>\n<p>Estructura cristalina: estructura cristalina c\u00fabica centrada en las caras. En la estructura c\u00fabica centrada en la cara, cada \u00e1tomo de cobre est\u00e1 rodeado por 12 \u00e1tomos de cobre equidistantes, y esta estructura compacta hace que el cobre tenga buena conductividad el\u00e9ctrica, conductividad t\u00e9rmica y ductilidad y otras propiedades f\u00edsicas.<\/p>\n<h2><span style=\"font-size: 14pt;\">Aplicaciones<\/span><\/h2>\n<p>Electr\u00f3nica: Se utiliza en la fabricaci\u00f3n de componentes electr\u00f3nicos en pasta conductora, puede lograr conexiones conductoras eficientes entre circuitos diminutos, para mejorar el rendimiento de los equipos electr\u00f3nicos.<\/p>\n<p>Pulvimetalurgia: En el proceso de pulvimetalurgia, es una materia prima clave para la fabricaci\u00f3n de componentes a base de cobre, que se pueden prensar y sinterizar para producir componentes mec\u00e1nicos de alta precisi\u00f3n y alto rendimiento.<\/p>\n<p>Industria qu\u00edmica: Se utiliza como catalizador en una variedad de reacciones qu\u00edmicas, como en la s\u00edntesis org\u00e1nica, que puede acelerar eficazmente el proceso de reacci\u00f3n y mejorar la eficiencia de la reacci\u00f3n.<\/p>\n<p>Tecnolog\u00eda de impresi\u00f3n 3D: Cobre Los polvos met\u00e1licos son materiales de impresi\u00f3n importantes en la impresi\u00f3n 3D de metal y pueden utilizarse para fabricar productos de cobre o aleaciones de cobre con geometr\u00edas complejas.<\/p>\n<p>Nuevo campo de energ\u00eda: utilizado como componente de los materiales de los electrodos en la fabricaci\u00f3n de bater\u00edas, ayuda a mejorar la conductividad y el rendimiento de carga\/descarga de las bater\u00edas.<\/p>\n<h2><span style=\"font-size: 14pt;\">Control de calidad<\/span><\/h2>\n<p>Implementamos el m\u00e1s estricto sistema de<span style=\"color: #0000ff;\"><a style=\"color: #0000ff;\" href=\"https:\/\/vimaterial.de\/es\/control-de-calidad\/\"> gesti\u00f3n de calidad<\/a> <\/span>para cada lote de productos, con registros completos desde las materias primas hasta los productos finales para una f\u00e1cil trazabilidad. Adoptamos estrictas medidas de segregaci\u00f3n para el manejo de productos no conformes para garantizar que ninguno de los productos no conformes fluya hacia el siguiente proceso.<\/p>\n<h2><span style=\"font-size: 14pt;\">Embalaje y almacenamiento<\/span><\/h2>\n<p>Los polvos de cobre met\u00e1lico se envasan en bolsas de doble vac\u00edo o botellas de doble vac\u00edo. La unidad m\u00ednima de envasado es de 100 g\/botella.<\/p>\n<p>Los polvos met\u00e1licos de cobre deben almacenarse en un entorno seco, fresco, bien ventilado y sellado, lejos del fuego, el agua y los agentes oxidantes fuertes, y lejos de sustancias corrosivas como \u00e1cidos y \u00e1lcalis, y preferiblemente en recipientes protegidos contra la humedad y la oxidaci\u00f3n, por ejemplo, colocando desecantes y gases inertes.<\/p>\n","protected":false},"excerpt":{"rendered":"<p><a href=\"https:\/\/vimaterial.de\/es\/product\/cobre-metalico-6\/\"><span style=\"color: #0000ff;\">Cobre Metal<\/span><\/a> son part\u00edculas finas de mon\u00f3meros de cobre que han sido triturados y procesados para producir una buena conductividad el\u00e9ctrica y t\u00e9rmica y actividad qu\u00edmica. Se utilizan principalmente en la industria electr\u00f3nica para fabricar pastas conductoras, en la industria qu\u00edmica como catalizadores, en el moldeo por inyecci\u00f3n de metales para fabricar productos de cobre de formas complejas y en pulvimetalurgia para producir componentes a base de cobre de alto rendimiento.<\/p>\n","protected":false},"featured_media":1002911,"comment_status":"open","ping_status":"closed","template":"","meta":{"_acf_changed":false},"product_brand":[],"product_cat":[193],"product_tag":[],"class_list":{"0":"post-1015228","1":"product","2":"type-product","3":"status-publish","4":"has-post-thumbnail","6":"product_cat-polvo-de-aleaciones-y-metales-puros","8":"first","9":"instock","10":"shipping-taxable","11":"purchasable","12":"product-type-variable"},"acf":[],"_links":{"self":[{"href":"https:\/\/vimaterial.de\/es\/wp-json\/wp\/v2\/product\/1015228","targetHints":{"allow":["GET"]}}],"collection":[{"href":"https:\/\/vimaterial.de\/es\/wp-json\/wp\/v2\/product"}],"about":[{"href":"https:\/\/vimaterial.de\/es\/wp-json\/wp\/v2\/types\/product"}],"replies":[{"embeddable":true,"href":"https:\/\/vimaterial.de\/es\/wp-json\/wp\/v2\/comments?post=1015228"}],"wp:featuredmedia":[{"embeddable":true,"href":"https:\/\/vimaterial.de\/es\/wp-json\/wp\/v2\/media\/1002911"}],"wp:attachment":[{"href":"https:\/\/vimaterial.de\/es\/wp-json\/wp\/v2\/media?parent=1015228"}],"wp:term":[{"taxonomy":"product_brand","embeddable":true,"href":"https:\/\/vimaterial.de\/es\/wp-json\/wp\/v2\/product_brand?post=1015228"},{"taxonomy":"product_cat","embeddable":true,"href":"https:\/\/vimaterial.de\/es\/wp-json\/wp\/v2\/product_cat?post=1015228"},{"taxonomy":"product_tag","embeddable":true,"href":"https:\/\/vimaterial.de\/es\/wp-json\/wp\/v2\/product_tag?post=1015228"}],"curies":[{"name":"wp","href":"https:\/\/api.w.org\/{rel}","templated":true}]}}