{"id":1015220,"date":"2024-06-17T14:55:21","date_gmt":"2024-06-17T06:55:21","guid":{"rendered":"https:\/\/vimaterial.de\/product\/oxido-cuproso-i-3\/"},"modified":"2025-04-14T17:52:53","modified_gmt":"2025-04-14T09:52:53","slug":"oxido-cuproso-i-3","status":"publish","type":"product","link":"https:\/\/vimaterial.de\/es\/product\/oxido-cuproso-i-3\/","title":{"rendered":"\u00d3xido cuproso (I)"},"content":{"rendered":"<p>Los gr\u00e1nulos <span style=\"color: #0000ff;\"><a style=\"color: #0000ff;\" href=\"https:\/\/vimaterial.de\/es\/product\/oxido-cuproso-i\/\">de \u00f3xido cuproso (I) son de<\/a><\/span> color rojo o rojo oscuro y tienen propiedades semiconductoras que son \u00fatiles en muchas \u00e1reas, como la conversi\u00f3n fotoel\u00e9ctrica y la cat\u00e1lisis.<\/p>\n<p>VIMATERIAL suministra gr\u00e1nulos de \u00f3xido cuproso (I) de alta pureza y alta calidad, suministramos gr\u00e1nulos de \u00f3xido cuproso (I) con alta pureza, buena granularidad, MOQ peque\u00f1o, tiempo de entrega corto y precio barato. Apoyamos la personalizaci\u00f3n del producto y la investigaci\u00f3n y el desarrollo, <span style=\"color: #0000ff;\"><a style=\"color: #0000ff;\" href=\"https:\/\/vimaterial.de\/es\/contacto\/\">cont\u00e1ctenos.<\/a><\/span><\/p>\n<h2><span style=\"font-size: 14pt;\">Propiedades f\u00edsicas<\/span><\/h2>\n<p>F\u00f3rmula molecular: Cu\u2082O<\/p>\n<p>Peso molecular: 143,09 g\/mol<\/p>\n<p>Aspecto: generalmente part\u00edculas de color rojo oscuro o marr\u00f3n oscuro<\/p>\n<p>Densidad: 6,0 g\/cm\u00b3<\/p>\n<p>Punto de fusi\u00f3n: 1232\u00b0C<\/p>\n<p>Punto de ebullici\u00f3n: 1800 \u00b0C, a esta temperatura se descompondr\u00e1 en cobre met\u00e1lico y liberar\u00e1 ox\u00edgeno.<\/p>\n<p>Estructura cristalina: sistema cristalino c\u00fabico, grupo espacial Pn3m, constante de red a = 4,2696 \u00c5. Los \u00e1tomos de cobre est\u00e1n dispuestos en una subred c\u00fabica centrada en la cara, los \u00e1tomos de ox\u00edgeno est\u00e1n dispuestos en una subred c\u00fabica centrada en el cuerpo, donde una subred se traslada en un cuarto a lo largo de la diagonal del cuerpo con respecto a la otra subred.<\/p>\n<h2><span style=\"font-size: 14pt;\">Aplicaci\u00f3n<\/span><\/h2>\n<p>Campo fotovoltaico: Se puede utilizar como capa absorbente de luz en c\u00e9lulas solares para mejorar la eficiencia de conversi\u00f3n fotoel\u00e9ctrica.<\/p>\n<p>Campo catal\u00edtico: Con sus buenas propiedades catal\u00edticas, se puede utilizar como catalizador para una variedad de reacciones qu\u00edmicas para mejorar la eficiencia de la reacci\u00f3n.<\/p>\n<p>Campo electr\u00f3nico: Debido a su excelente conductividad, es adecuado para la fabricaci\u00f3n de componentes electr\u00f3nicos, como balastos y resistencias.<\/p>\n<p>Energ\u00eda: Se puede a\u00f1adir como agente conductor al electrodo de hidr\u00f3geno impermeable en las pilas de combustible de hidr\u00f3xido alcalino para reducir su polarizaci\u00f3n resistiva.<\/p>\n<h2><span style=\"font-size: 14pt;\">Control de calidad<\/span><\/h2>\n<p>Se implementa <span style=\"color: #0000ff;\"><a style=\"color: #0000ff;\" href=\"https:\/\/vimaterial.de\/es\/control-de-calidad\/\">el m\u00e1s estricto<\/a><\/span> sistema de gesti\u00f3n de calidad para cada lote de productos, con registros completos desde las materias primas hasta los productos finales para facilitar la trazabilidad del producto. Contamos con estrictas medidas de segregaci\u00f3n para el manejo de productos no conformes para garantizar que ning\u00fan producto no conforme pueda dejarse para el siguiente proceso.<\/p>\n<h2><span style=\"font-size: 14pt;\">Embalaje y almacenamiento<\/span><\/h2>\n<p>Los gr\u00e1nulos de \u00f3xido cuproso (I) se envasan en bolsas de doble vac\u00edo o botellas de doble vac\u00edo.<\/p>\n<p>Los gr\u00e1nulos de \u00f3xido cuproso (I) deben almacenarse en un ambiente fresco, seco y bien ventilado, lejos del fuego, el calor, el agua y los agentes oxidantes fuertes, y en un recipiente sellado para evitar el deterioro debido a la humedad, la oxidaci\u00f3n o la reacci\u00f3n qu\u00edmica con otras sustancias.<\/p>\n","protected":false},"excerpt":{"rendered":"<p>Los gr\u00e1nulos <span style=\"color: #0000ff;\"><a style=\"color: #0000ff;\" href=\"https:\/\/vimaterial.de\/es\/product\/oxido-cuproso-i\/\">de \u00f3xido cuproso (I) son de<\/a><\/span> color rojo o rojo oscuro y tienen propiedades semiconductoras que son \u00fatiles en muchas \u00e1reas, como la conversi\u00f3n fotoel\u00e9ctrica y la cat\u00e1lisis.<\/p>\n<p>VIMATERIAL suministra gr\u00e1nulos de \u00f3xido cuproso (I) de alta pureza y alta calidad, suministramos gr\u00e1nulos de \u00f3xido cuproso (I) con alta pureza, buena granularidad, MOQ peque\u00f1o, tiempo de entrega corto y precio barato. Apoyamos la personalizaci\u00f3n del producto y la investigaci\u00f3n y el desarrollo, <span style=\"color: #0000ff;\"><a style=\"color: #0000ff;\" href=\"https:\/\/vimaterial.de\/es\/contacto\/\">cont\u00e1ctenos.<\/a><\/span><\/p>\n","protected":false},"featured_media":1002958,"comment_status":"open","ping_status":"closed","template":"","meta":{"_acf_changed":false},"product_brand":[],"product_cat":[179],"product_tag":[],"class_list":{"0":"post-1015220","1":"product","2":"type-product","3":"status-publish","4":"has-post-thumbnail","6":"product_cat-materiales-de-evaporacion","8":"first","9":"instock","10":"shipping-taxable","11":"product-type-variable"},"acf":[],"_links":{"self":[{"href":"https:\/\/vimaterial.de\/es\/wp-json\/wp\/v2\/product\/1015220","targetHints":{"allow":["GET"]}}],"collection":[{"href":"https:\/\/vimaterial.de\/es\/wp-json\/wp\/v2\/product"}],"about":[{"href":"https:\/\/vimaterial.de\/es\/wp-json\/wp\/v2\/types\/product"}],"replies":[{"embeddable":true,"href":"https:\/\/vimaterial.de\/es\/wp-json\/wp\/v2\/comments?post=1015220"}],"wp:featuredmedia":[{"embeddable":true,"href":"https:\/\/vimaterial.de\/es\/wp-json\/wp\/v2\/media\/1002958"}],"wp:attachment":[{"href":"https:\/\/vimaterial.de\/es\/wp-json\/wp\/v2\/media?parent=1015220"}],"wp:term":[{"taxonomy":"product_brand","embeddable":true,"href":"https:\/\/vimaterial.de\/es\/wp-json\/wp\/v2\/product_brand?post=1015220"},{"taxonomy":"product_cat","embeddable":true,"href":"https:\/\/vimaterial.de\/es\/wp-json\/wp\/v2\/product_cat?post=1015220"},{"taxonomy":"product_tag","embeddable":true,"href":"https:\/\/vimaterial.de\/es\/wp-json\/wp\/v2\/product_tag?post=1015220"}],"curies":[{"name":"wp","href":"https:\/\/api.w.org\/{rel}","templated":true}]}}