{"id":1015188,"date":"2024-06-17T14:41:35","date_gmt":"2024-06-17T06:41:35","guid":{"rendered":"https:\/\/vimaterial.de\/product\/boruro-de-hierro-4\/"},"modified":"2025-04-17T09:26:56","modified_gmt":"2025-04-17T01:26:56","slug":"boruro-de-hierro-4","status":"publish","type":"product","link":"https:\/\/vimaterial.de\/es\/product\/boruro-de-hierro-4\/","title":{"rendered":"Boruro de hierro"},"content":{"rendered":"<p>El objetivo de pulverizaci\u00f3n cat\u00f3dica de <span style=\"color: #0000ff;\"><a style=\"color: #0000ff;\" href=\"https:\/\/vimaterial.de\/en\/product\/iron-boride-3\/\">boruro de hierro<\/a> <\/span>es un material compuesto principalmente de hierro y boro, tiene alta dureza, buena resistencia al desgaste y estabilidad qu\u00edmica, en el proceso de pulverizaci\u00f3n cat\u00f3dica se puede depositar una composici\u00f3n de boruro de hierro en el sustrato para formar una pel\u00edcula delgada con propiedades especiales, que se puede utilizar en muchos campos, como la electr\u00f3nica, la protecci\u00f3n mec\u00e1nica, etc.<\/p>\n<p>VIMATERIAL ofrece blancos de pulverizaci\u00f3n cat\u00f3dica Iron Boride. Nuestros objetivos de pulverizaci\u00f3n cat\u00f3dica de boruro de hierro se caracterizan por su alta pureza, alta densidad, buena estructura cristalina, excelentes propiedades de pel\u00edcula delgada, alta precisi\u00f3n dimensional y estabilidad al pulverizaci\u00f3n cat\u00f3dica. Y tambi\u00e9n podemos proporcionar un servicio de encuadernaci\u00f3n, aceptamos su personalizaci\u00f3n y experimento, \u00a1 <span style=\"color: #0000ff;\"><a style=\"color: #0000ff;\" href=\"https:\/\/vimaterial.de\/en\/contact-us\/\">cont\u00e1ctenos<\/a><\/span>!  <\/p>\n<h2><span style=\"font-size: 14pt;\">Propiedades f\u00edsicas<\/span><\/h2>\n<p>F\u00f3rmula molecular: FeB<\/p>\n<p>Peso molecular: alrededor de 66.7<\/p>\n<p>Aspecto: Blanco generalmente gris a negro con brillo met\u00e1lico.<\/p>\n<p>Densidad: aprox. 7,15 g\/cm\u00b3.<\/p>\n<p>Punto de fusi\u00f3n: alrededor de 1652 \u00b0C<\/p>\n<p>Estructura cristalina: sistema cristalino ortorr\u00f3mbico<\/p>\n<h2><span style=\"font-size: 14pt;\">Aplicaciones<\/span><\/h2>\n<p>Electr\u00f3nica: Se utiliza en la fabricaci\u00f3n de pel\u00edculas magn\u00e9ticas en dispositivos electr\u00f3nicos para mejorar las propiedades electromagn\u00e9ticas de los componentes electr\u00f3nicos y satisfacer las necesidades de los dispositivos electr\u00f3nicos miniaturizados y de alto rendimiento.<\/p>\n<p>Campo de tratamiento de superficies met\u00e1licas: se aplica a la superficie met\u00e1lica como material de recubrimiento para mejorar la dureza y la resistencia al desgaste del metal y prolongar su vida \u00fatil, como en la aplicaci\u00f3n de herramientas de corte y moldes.<\/p>\n<p>Nuevo campo de energ\u00eda: se puede utilizar para preparar la capa protectora de los materiales de los electrodos de la bater\u00eda o componentes relacionados, mejorar la estabilidad y durabilidad de la bater\u00eda y ayudar al desarrollo de la nueva industria energ\u00e9tica.<\/p>\n<h2><span style=\"font-size: 14pt;\">Control de calidad<\/span><\/h2>\n<p><span style=\"color: #0000ff;\"><a style=\"color: #0000ff;\" href=\"https:\/\/vimaterial.de\/en\/quality-control\/\">El control de calidad<\/a><\/span> de nuestros productos es muy estricto, desde la selecci\u00f3n de materias primas estables y de alta pureza, hasta el uso de equipos de precisi\u00f3n avanzados y tecnolog\u00eda rigurosa para controlar con precisi\u00f3n todo el proceso de producci\u00f3n, hasta el uso de m\u00e9todos de prueba profesionales sobre las propiedades f\u00edsicas, qu\u00edmicas, microestructurales y otras propiedades del producto de toda la gama de pruebas en profundidad,  Cada enlace sigue estrictamente los altos est\u00e1ndares internacionales, para garantizar que cada lote de materiales se entregue con excelente calidad y estabilidad, para brindar a los clientes una garant\u00eda de calidad s\u00f3lida y confiable. Nos comprometemos a garantizar que cada lote de materiales entregados tenga una excelente calidad y estabilidad, brindando a los clientes una garant\u00eda de calidad s\u00f3lida y confiable. <\/p>\n<h2><span style=\"font-size: 14pt;\">Embalaje y almacenamiento<\/span><\/h2>\n<p>Los objetivos de pulverizaci\u00f3n cat\u00f3dica Iron Boride se empaquetan en bolsas y cajas de vac\u00edo de doble capa, y el exterior se empaqueta en cajas de cart\u00f3n.<\/p>\n<p>Los objetivos de pulverizaci\u00f3n cat\u00f3dica de boruro de hierro deben almacenarse en un ambiente seco y bien ventilado con una temperatura estable, evitando la humedad y el contacto con productos qu\u00edmicos corrosivos como \u00e1cidos y \u00e1lcalis, as\u00ed como evitando la colisi\u00f3n violenta y la luz solar directa, para mantener su estabilidad qu\u00edmica e integridad f\u00edsica, y para garantizar que su rendimiento no se vea afectado.<\/p>\n","protected":false},"excerpt":{"rendered":"<p>El objetivo de pulverizaci\u00f3n cat\u00f3dica de <span style=\"color: #0000ff;\"><a style=\"color: #0000ff;\" href=\"https:\/\/vimaterial.de\/en\/product\/iron-boride-3\/\">boruro de hierro<\/a> <\/span>es un material compuesto principalmente de hierro y boro, tiene alta dureza, buena resistencia al desgaste y estabilidad qu\u00edmica, en el proceso de pulverizaci\u00f3n cat\u00f3dica se puede depositar una composici\u00f3n de boruro de hierro en el sustrato para formar una pel\u00edcula delgada con propiedades especiales, que se puede utilizar en muchos campos, como la electr\u00f3nica, la protecci\u00f3n mec\u00e1nica, etc.<\/p>\n","protected":false},"featured_media":1001860,"comment_status":"open","ping_status":"closed","template":"","meta":{"_acf_changed":false},"product_brand":[],"product_cat":[178],"product_tag":[],"class_list":{"0":"post-1015188","1":"product","2":"type-product","3":"status-publish","4":"has-post-thumbnail","6":"product_cat-catodos-para-sputtering-planar","8":"first","9":"instock","10":"shipping-taxable","11":"product-type-variable"},"acf":[],"_links":{"self":[{"href":"https:\/\/vimaterial.de\/es\/wp-json\/wp\/v2\/product\/1015188","targetHints":{"allow":["GET"]}}],"collection":[{"href":"https:\/\/vimaterial.de\/es\/wp-json\/wp\/v2\/product"}],"about":[{"href":"https:\/\/vimaterial.de\/es\/wp-json\/wp\/v2\/types\/product"}],"replies":[{"embeddable":true,"href":"https:\/\/vimaterial.de\/es\/wp-json\/wp\/v2\/comments?post=1015188"}],"wp:featuredmedia":[{"embeddable":true,"href":"https:\/\/vimaterial.de\/es\/wp-json\/wp\/v2\/media\/1001860"}],"wp:attachment":[{"href":"https:\/\/vimaterial.de\/es\/wp-json\/wp\/v2\/media?parent=1015188"}],"wp:term":[{"taxonomy":"product_brand","embeddable":true,"href":"https:\/\/vimaterial.de\/es\/wp-json\/wp\/v2\/product_brand?post=1015188"},{"taxonomy":"product_cat","embeddable":true,"href":"https:\/\/vimaterial.de\/es\/wp-json\/wp\/v2\/product_cat?post=1015188"},{"taxonomy":"product_tag","embeddable":true,"href":"https:\/\/vimaterial.de\/es\/wp-json\/wp\/v2\/product_tag?post=1015188"}],"curies":[{"name":"wp","href":"https:\/\/api.w.org\/{rel}","templated":true}]}}