{"id":1015171,"date":"2024-06-17T14:41:35","date_gmt":"2024-06-17T06:41:35","guid":{"rendered":"https:\/\/vimaterial.de\/product\/bromuro-de-hierro\/"},"modified":"2025-04-17T09:10:57","modified_gmt":"2025-04-17T01:10:57","slug":"bromuro-de-hierro","status":"publish","type":"product","link":"https:\/\/vimaterial.de\/es\/product\/bromuro-de-hierro\/","title":{"rendered":"Bromuro de hierro"},"content":{"rendered":"<p>El polvo de bromuro de hierro es un polvo compuesto inorg\u00e1nico de color amarillo parduzco a marr\u00f3n oscuro que consta de iones de hierro y bromuro, que es f\u00e1cilmente delicuescente y soluble en agua, y desempe\u00f1a un papel en \u00e1reas como las reacciones catal\u00edticas en la s\u00edntesis org\u00e1nica.<\/p>\n<p>VIAMTERIAL suministra polvo de bromuro de hierro, nuestro polvo tiene las caracter\u00edsticas de alta pureza, tama\u00f1o de part\u00edcula uniforme, propiedades qu\u00edmicas estables, etc. Tambi\u00e9n admitimos el embalaje y la realizaci\u00f3n de pedidos en lotes peque\u00f1os. Contamos con un equipo profesional de investigaci\u00f3n y desarrollo t\u00e9cnico, aceptamos la personalizaci\u00f3n y experimentaci\u00f3n del producto, <span style=\"color: #0000ff;\"><a style=\"color: #0000ff;\" href=\"https:\/\/vimaterial.de\/en\/contact-us\/\">cont\u00e1ctenos.<\/a><\/span>  <\/p>\n<h2><span style=\"font-size: 14pt;\">Propiedades f\u00edsicas<\/span><\/h2>\n<p>F\u00f3rmula molecular: FeBr\u2082<\/p>\n<p>Peso molecular: 215.65<\/p>\n<p>Aspecto: polvo de color amarillo claro a gris claro<\/p>\n<p>Densidad: aprox. 4,63 g\/cm\u00b3.<\/p>\n<p>Punto de fusi\u00f3n: alrededor de 684 \u00b0C<\/p>\n<p>Punto de ebullici\u00f3n: alrededor de 934 \u00b0C<\/p>\n<p>Estructura cristalina: sistema cristalino monocl\u00ednico<\/p>\n<h2><span style=\"font-size: 14pt;\">Aplicaciones<\/span><\/h2>\n<p>S\u00edntesis org\u00e1nica: Como catalizador importante, participa en muchas reacciones org\u00e1nicas, por ejemplo, en la reacci\u00f3n de bromaci\u00f3n de ciertos hidrocarburos arom\u00e1ticos, puede promover la sustituci\u00f3n selectiva de \u00e1tomos de bromo por \u00e1tomos de hidr\u00f3geno en el anillo arom\u00e1tico, promover eficazmente la agrupaci\u00f3n funcional de compuestos org\u00e1nicos y sintetizar varios tipos de bromuros org\u00e1nicos con estructuras y funciones espec\u00edficas,  Proporcionando intermedios clave para la preparaci\u00f3n de productos qu\u00edmicos finos como medicamentos y materiales.<\/p>\n<p>Campo farmac\u00e9utico: se puede utilizar como materia prima clave o intermedio de reacci\u00f3n en algunas rutas de s\u00edntesis de medicamentos, y el ion ferroso y el ion bromo contenidos en ellos pueden participar en el proceso de formaci\u00f3n y ruptura de enlaces qu\u00edmicos espec\u00edficos y promover la construcci\u00f3n de los ingredientes activos de los medicamentos a trav\u00e9s del control preciso de las condiciones de reacci\u00f3n,  proporcionando una base material para la investigaci\u00f3n, el desarrollo y la producci\u00f3n de nuevos tipos de medicamentos, y contribuyendo a la innovaci\u00f3n y el desarrollo de la industria farmac\u00e9utica.<\/p>\n<h2><span style=\"font-size: 14pt;\">Control de calidad<\/span><\/h2>\n<p><span style=\"color: #0000ff;\"><a style=\"color: #0000ff;\" href=\"https:\/\/vimaterial.de\/en\/quality-control\/\">El control de calidad<\/a><\/span> de cada lote de productos se lleva a cabo a lo largo de todo el proceso de adquisici\u00f3n de materias primas, producci\u00f3n y procesamiento, pruebas e inspecci\u00f3n y embalaje, siguiendo estrictamente los est\u00e1ndares internacionales y las normas de la industria. Contamos con equipos de prueba avanzados, equipo profesional de control de calidad y un estricto sistema de control de calidad para garantizar la calidad del producto. <\/p>\n<h2><span style=\"font-size: 14pt;\">Embalaje y almacenamiento<\/span><\/h2>\n<p>El polvo de bromuro de hierro se empaqueta en una bolsa de vac\u00edo de doble capa o en una botella de vac\u00edo de doble capa, y el paquete exterior se empaqueta en una caja de cart\u00f3n.<\/p>\n<p>El polvo de bromuro de hierro debe almacenarse en un ambiente seco, fresco y bien ventilado, lejos del fuego, el calor y el agua, y almacenarse separado de agentes oxidantes fuertes, \u00e1lcalis y otras sustancias incompatibles para evitar delicuescencia, deterioro y reacci\u00f3n qu\u00edmica.<\/p>\n","protected":false},"excerpt":{"rendered":"<p>El polvo de bromuro de hierro es un polvo compuesto inorg\u00e1nico de color amarillo parduzco a marr\u00f3n oscuro que consta de iones de hierro y bromuro, que es f\u00e1cilmente delicuescente y soluble en agua, y desempe\u00f1a un papel en \u00e1reas como las reacciones catal\u00edticas en la s\u00edntesis org\u00e1nica.<\/p>\n","protected":false},"featured_media":1001871,"comment_status":"open","ping_status":"closed","template":"","meta":{"_acf_changed":false},"product_brand":[],"product_cat":[182],"product_tag":[],"class_list":{"0":"post-1015171","1":"product","2":"type-product","3":"status-publish","4":"has-post-thumbnail","6":"product_cat-materiales-halogenados","8":"first","9":"instock","10":"shipping-taxable","11":"purchasable","12":"product-type-variable"},"acf":[],"_links":{"self":[{"href":"https:\/\/vimaterial.de\/es\/wp-json\/wp\/v2\/product\/1015171","targetHints":{"allow":["GET"]}}],"collection":[{"href":"https:\/\/vimaterial.de\/es\/wp-json\/wp\/v2\/product"}],"about":[{"href":"https:\/\/vimaterial.de\/es\/wp-json\/wp\/v2\/types\/product"}],"replies":[{"embeddable":true,"href":"https:\/\/vimaterial.de\/es\/wp-json\/wp\/v2\/comments?post=1015171"}],"wp:featuredmedia":[{"embeddable":true,"href":"https:\/\/vimaterial.de\/es\/wp-json\/wp\/v2\/media\/1001871"}],"wp:attachment":[{"href":"https:\/\/vimaterial.de\/es\/wp-json\/wp\/v2\/media?parent=1015171"}],"wp:term":[{"taxonomy":"product_brand","embeddable":true,"href":"https:\/\/vimaterial.de\/es\/wp-json\/wp\/v2\/product_brand?post=1015171"},{"taxonomy":"product_cat","embeddable":true,"href":"https:\/\/vimaterial.de\/es\/wp-json\/wp\/v2\/product_cat?post=1015171"},{"taxonomy":"product_tag","embeddable":true,"href":"https:\/\/vimaterial.de\/es\/wp-json\/wp\/v2\/product_tag?post=1015171"}],"curies":[{"name":"wp","href":"https:\/\/api.w.org\/{rel}","templated":true}]}}