{"id":1015154,"date":"2024-06-17T14:41:59","date_gmt":"2024-06-17T06:41:59","guid":{"rendered":"https:\/\/vimaterial.de\/product\/cloruro-de-hierro-dihidratado\/"},"modified":"2025-04-17T09:07:41","modified_gmt":"2025-04-17T01:07:41","slug":"cloruro-de-hierro-dihidratado","status":"publish","type":"product","link":"https:\/\/vimaterial.de\/es\/product\/cloruro-de-hierro-dihidratado\/","title":{"rendered":"Cloruro de hierro dihidratado"},"content":{"rendered":"<p>El polvo de cloruro de hierro dihidratado es un compuesto inorg\u00e1nico en forma de cristales de color marr\u00f3n amarillento, f\u00e1cilmente solubles en agua, que desempe\u00f1a un papel en muchos campos, como la industria qu\u00edmica, el tratamiento de aguas, etc. Por ejemplo, se puede utilizar como grabador en la producci\u00f3n de placas de circuito impreso. <\/p>\n<p>VIAMTERIAL suministra polvo dihidratado de cloruro de hierro, nuestro polvo tiene las caracter\u00edsticas de alta pureza, tama\u00f1o de part\u00edcula uniforme, propiedades qu\u00edmicas estables, etc. Tambi\u00e9n admitimos el embalaje y la realizaci\u00f3n de pedidos en lotes peque\u00f1os. Contamos con un equipo profesional de investigaci\u00f3n y desarrollo t\u00e9cnico, aceptamos la personalizaci\u00f3n y experimentaci\u00f3n del producto, <span style=\"color: #0000ff;\"><a style=\"color: #0000ff;\" href=\"https:\/\/vimaterial.de\/en\/contact-us\/\">cont\u00e1ctenos.<\/a><\/span>  <\/p>\n<h2><span style=\"font-size: 14pt;\">Propiedades f\u00edsicas<\/span><\/h2>\n<p>F\u00f3rmula molecular: FeCl2\u20222H2O<\/p>\n<p>Peso molecular: 198.5<\/p>\n<p>Aspecto: polvo cristalino de color marr\u00f3n amarillento<\/p>\n<p>Densidad: aprox. 2,8 g\/cm3<\/p>\n<p>Punto de fusi\u00f3n: 670 &#8211; 674 \u00b0C (despu\u00e9s de la p\u00e9rdida de agua de cristalizaci\u00f3n)<\/p>\n<p>Punto de ebullici\u00f3n: cloruro f\u00e9rrico anhidro aprox. 319\u00b0C (descomposici\u00f3n) <\/p>\n<p>Estructura cristalina: Sistema cristalino hexagonal<\/p>\n<h2><span style=\"font-size: 14pt;\">Aplicaciones<\/span><\/h2>\n<p>Campo de tratamiento de aguas residuales: utilizado para eliminar la materia suspendida y los iones de metales pesados en las aguas residuales, el coloide de hidr\u00f3xido de hierro formado por hidr\u00f3lisis puede adsorber y flocular las impurezas para purificar el agua.<\/p>\n<p>En el campo de la industria electr\u00f3nica: como grabador, se utiliza en el proceso de fabricaci\u00f3n de placas de circuito impreso para corroer con precisi\u00f3n las l\u00e1minas de cobre no deseadas con el fin de formar un patr\u00f3n de circuito espec\u00edfico y garantizar la conexi\u00f3n normal y la realizaci\u00f3n de la funci\u00f3n de los componentes electr\u00f3nicos.<\/p>\n<p>Industria de impresi\u00f3n y te\u00f1ido: utilizado como mordiente, puede ayudar a que los tintes se adhieran mejor a las fibras de la tela, mejorar la solidez al te\u00f1ido y la viveza de los colores, satisfacer las necesidades de impresi\u00f3n y te\u00f1ido de diferentes telas y mejorar la calidad de los productos impresos y te\u00f1idos.<\/p>\n<p>Industria farmac\u00e9utica: puede participar en la reacci\u00f3n catal\u00edtica en el proceso de s\u00edntesis de ciertos medicamentos, promover la formaci\u00f3n o ruptura de enlaces qu\u00edmicos espec\u00edficos, ayudar a la preparaci\u00f3n de ingredientes activos de medicamentos y promover el proceso de investigaci\u00f3n, desarrollo y producci\u00f3n de medicamentos.<\/p>\n<h2><span style=\"font-size: 14pt;\">Control de calidad<\/span><\/h2>\n<p><span style=\"color: #0000ff;\"><a style=\"color: #0000ff;\" href=\"https:\/\/vimaterial.de\/en\/quality-control\/\">El control de calidad<\/a> <\/span>de cada lote de productos se lleva a cabo a lo largo de todo el proceso de adquisici\u00f3n de materias primas, producci\u00f3n y procesamiento, pruebas e inspecci\u00f3n y embalaje, siguiendo estrictamente los est\u00e1ndares internacionales y las normas de la industria. Contamos con equipos de prueba avanzados, equipo profesional de control de calidad y un estricto sistema de control de calidad para garantizar la calidad del producto. <\/p>\n<h2><span style=\"font-size: 14pt;\">Embalaje y almacenamiento<\/span><\/h2>\n<p>El polvo de cloruro de hierro dihidratado se empaqueta en botellas de vac\u00edo de doble capa y el paquete exterior se empaqueta en cajas de cart\u00f3n.<\/p>\n<p>El polvo de cloruro de hierro dihidratado debe almacenarse en un lugar fresco, seco y bien ventilado, lejos del fuego, el calor, el agua y los agentes oxidantes y \u00e1lcalis fuertes, y debe mantenerse en un lugar sellado para evitar la humedad, la oxidaci\u00f3n y la reacci\u00f3n con otras sustancias incompatibles.<\/p>\n","protected":false},"excerpt":{"rendered":"<p>El polvo de cloruro de hierro dihidratado es un compuesto inorg\u00e1nico en forma de cristales de color marr\u00f3n amarillento, f\u00e1cilmente solubles en agua, que desempe\u00f1a un papel en muchos campos, como la industria qu\u00edmica, el tratamiento de aguas, etc. Por ejemplo, se puede utilizar como grabador en la producci\u00f3n de placas de circuito impreso. <\/p>\n","protected":false},"featured_media":1030092,"comment_status":"open","ping_status":"closed","template":"","meta":{"_acf_changed":false},"product_brand":[],"product_cat":[182],"product_tag":[],"class_list":{"0":"post-1015154","1":"product","2":"type-product","3":"status-publish","4":"has-post-thumbnail","6":"product_cat-materiales-halogenados","8":"first","9":"instock","10":"shipping-taxable","11":"purchasable","12":"product-type-variable"},"acf":[],"_links":{"self":[{"href":"https:\/\/vimaterial.de\/es\/wp-json\/wp\/v2\/product\/1015154","targetHints":{"allow":["GET"]}}],"collection":[{"href":"https:\/\/vimaterial.de\/es\/wp-json\/wp\/v2\/product"}],"about":[{"href":"https:\/\/vimaterial.de\/es\/wp-json\/wp\/v2\/types\/product"}],"replies":[{"embeddable":true,"href":"https:\/\/vimaterial.de\/es\/wp-json\/wp\/v2\/comments?post=1015154"}],"wp:featuredmedia":[{"embeddable":true,"href":"https:\/\/vimaterial.de\/es\/wp-json\/wp\/v2\/media\/1030092"}],"wp:attachment":[{"href":"https:\/\/vimaterial.de\/es\/wp-json\/wp\/v2\/media?parent=1015154"}],"wp:term":[{"taxonomy":"product_brand","embeddable":true,"href":"https:\/\/vimaterial.de\/es\/wp-json\/wp\/v2\/product_brand?post=1015154"},{"taxonomy":"product_cat","embeddable":true,"href":"https:\/\/vimaterial.de\/es\/wp-json\/wp\/v2\/product_cat?post=1015154"},{"taxonomy":"product_tag","embeddable":true,"href":"https:\/\/vimaterial.de\/es\/wp-json\/wp\/v2\/product_tag?post=1015154"}],"curies":[{"name":"wp","href":"https:\/\/api.w.org\/{rel}","templated":true}]}}