{"id":1015150,"date":"2024-06-17T14:41:58","date_gmt":"2024-06-17T06:41:58","guid":{"rendered":"https:\/\/vimaterial.de\/product\/cloruro-de-hierro-2\/"},"modified":"2025-04-17T09:09:22","modified_gmt":"2025-04-17T01:09:22","slug":"cloruro-de-hierro-2","status":"publish","type":"product","link":"https:\/\/vimaterial.de\/es\/product\/cloruro-de-hierro-2\/","title":{"rendered":"Cloruro de hierro"},"content":{"rendered":"<p><span style=\"color: #0000ff;\"><a style=\"color: #0000ff;\" href=\"https:\/\/vimaterial.de\/en\/product\/iron-chloride-2\/\">Cloruro de hierro<\/a> <\/span>El polvo es un compuesto inorg\u00e1nico de color blanco o verde claro que es soluble en agua y desempe\u00f1a un papel importante en la s\u00edntesis qu\u00edmica, el tratamiento de aguas residuales, la metalurgia y otros campos y tiene fuertes propiedades reductoras.<\/p>\n<p>VIAMTERIAL suministra polvo de cloruro de hierro, nuestros polvos tienen alta pureza, tama\u00f1o de part\u00edcula uniforme, propiedades qu\u00edmicas estables, etc. Tambi\u00e9n admitimos el embalaje y la realizaci\u00f3n de pedidos en lotes peque\u00f1os. Contamos con un equipo profesional de investigaci\u00f3n y desarrollo t\u00e9cnico, aceptamos la personalizaci\u00f3n y experimentaci\u00f3n del producto, por favor <span style=\"color: #0000ff;\"><a style=\"color: #0000ff;\" href=\"https:\/\/vimaterial.de\/en\/contact-us\/\">cont\u00e1ctenos.<\/a><\/span>  <\/p>\n<h2><span style=\"font-size: 14pt;\">Propiedades f\u00edsicas<\/span><\/h2>\n<p>F\u00f3rmula molecular: FeCl\u2082<\/p>\n<p>Peso molecular: 126.75<\/p>\n<p>Aspecto: polvo verde claro<\/p>\n<p>Densidad: aprox. 3,16 g\/cm\u00b3.<\/p>\n<p>Punto de fusi\u00f3n: 670 &#8211; 674\u00b0C<\/p>\n<p>Punto de ebullici\u00f3n: 1023\u00b0C<\/p>\n<p>Estructura cristalina: sistema cristalino monocl\u00ednico.<\/p>\n<h2><span style=\"font-size: 14pt;\">Aplicaciones<\/span><\/h2>\n<p>Campo de tratamiento de aguas residuales: como agente reductor y floculante, se puede utilizar para tratar aguas residuales de metales pesados que contienen cromo y otros metales pesados, para purificar la calidad del agua mediante la eliminaci\u00f3n de iones de metales pesados en estado de alta valencia despu\u00e9s de la reducci\u00f3n y la precipitaci\u00f3n.<\/p>\n<p>Campo de s\u00edntesis qu\u00edmica: act\u00faa como agente reductor y catalizador en la s\u00edntesis org\u00e1nica, participa en la reacci\u00f3n de preparaci\u00f3n de muchos tipos de compuestos y promueve la s\u00edntesis de productos qu\u00edmicos finos como medicamentos y tintes.<\/p>\n<p>En el campo de la industria metal\u00fargica: se utiliza en el proceso de refinaci\u00f3n de metales, extrayendo ciertos metales a trav\u00e9s de una reacci\u00f3n de reemplazo, mejorando la pureza de los metales e impulsando la producci\u00f3n de hierro y acero y otros materiales met\u00e1licos.<\/p>\n<h2><span style=\"font-size: 14pt;\">Control de calidad<\/span><\/h2>\n<p><span style=\"color: #0000ff;\"><a style=\"color: #0000ff;\" href=\"https:\/\/vimaterial.de\/en\/quality-control\/\">El control de calidad<\/a> <\/span>de cada lote de productos se lleva a cabo a lo largo de todo el proceso de adquisici\u00f3n de materias primas, producci\u00f3n y procesamiento, pruebas e inspecci\u00f3n y embalaje, siguiendo estrictamente los est\u00e1ndares internacionales y las normas de la industria. Contamos con equipos de prueba avanzados, equipo profesional de control de calidad y un estricto sistema de control de calidad para garantizar la calidad del producto. <\/p>\n<h2><span style=\"font-size: 14pt;\">Embalaje y almacenamiento<\/span><\/h2>\n<p>El polvo dihidratado de cloruro de hierro se empaqueta en una bolsa de vac\u00edo de doble capa o en una botella de vac\u00edo de doble capa, y el paquete exterior se empaqueta en una caja de cart\u00f3n.<\/p>\n<p>El polvo de cloruro de hierro debe almacenarse en un ambiente seco, fresco y bien ventilado, lejos del fuego, el calor y el agua, y almacenarse separado de los \u00e1lcalis y otras sustancias incompatibles para evitar la delicuescencia, el deterioro y la reacci\u00f3n qu\u00edmica.<\/p>\n","protected":false},"excerpt":{"rendered":"<p><span style=\"color: #0000ff;\"><a style=\"color: #0000ff;\" href=\"https:\/\/vimaterial.de\/en\/product\/iron-chloride-2\/\">Cloruro de hierro<\/a> <\/span>El polvo es un compuesto inorg\u00e1nico de color blanco o verde claro que es soluble en agua y desempe\u00f1a un papel importante en la s\u00edntesis qu\u00edmica, el tratamiento de aguas residuales, la metalurgia y otros campos y tiene fuertes propiedades reductoras.<\/p>\n","protected":false},"featured_media":1001878,"comment_status":"open","ping_status":"closed","template":"","meta":{"_acf_changed":false},"product_brand":[],"product_cat":[182],"product_tag":[],"class_list":{"0":"post-1015150","1":"product","2":"type-product","3":"status-publish","4":"has-post-thumbnail","6":"product_cat-materiales-halogenados","8":"first","9":"instock","10":"shipping-taxable","11":"purchasable","12":"product-type-variable"},"acf":[],"_links":{"self":[{"href":"https:\/\/vimaterial.de\/es\/wp-json\/wp\/v2\/product\/1015150","targetHints":{"allow":["GET"]}}],"collection":[{"href":"https:\/\/vimaterial.de\/es\/wp-json\/wp\/v2\/product"}],"about":[{"href":"https:\/\/vimaterial.de\/es\/wp-json\/wp\/v2\/types\/product"}],"replies":[{"embeddable":true,"href":"https:\/\/vimaterial.de\/es\/wp-json\/wp\/v2\/comments?post=1015150"}],"wp:featuredmedia":[{"embeddable":true,"href":"https:\/\/vimaterial.de\/es\/wp-json\/wp\/v2\/media\/1001878"}],"wp:attachment":[{"href":"https:\/\/vimaterial.de\/es\/wp-json\/wp\/v2\/media?parent=1015150"}],"wp:term":[{"taxonomy":"product_brand","embeddable":true,"href":"https:\/\/vimaterial.de\/es\/wp-json\/wp\/v2\/product_brand?post=1015150"},{"taxonomy":"product_cat","embeddable":true,"href":"https:\/\/vimaterial.de\/es\/wp-json\/wp\/v2\/product_cat?post=1015150"},{"taxonomy":"product_tag","embeddable":true,"href":"https:\/\/vimaterial.de\/es\/wp-json\/wp\/v2\/product_tag?post=1015150"}],"curies":[{"name":"wp","href":"https:\/\/api.w.org\/{rel}","templated":true}]}}