{"id":1015141,"date":"2024-06-17T14:42:02","date_gmt":"2024-06-17T06:42:02","guid":{"rendered":"https:\/\/vimaterial.de\/product\/aleacion-de-hierro-cromo-y-aluminio\/"},"modified":"2025-04-17T09:03:42","modified_gmt":"2025-04-17T01:03:42","slug":"aleacion-de-hierro-cromo-y-aluminio","status":"publish","type":"product","link":"https:\/\/vimaterial.de\/es\/product\/aleacion-de-hierro-cromo-y-aluminio\/","title":{"rendered":"Hierro, cromo, aleaci\u00f3n de aluminio"},"content":{"rendered":"<p>Hierro Cromo El objetivo de pulverizaci\u00f3n cat\u00f3dica de aleaci\u00f3n de aluminio es un tipo de objetivo de aleaci\u00f3n compuesto de hierro, cromo y aluminio, que tiene buena resistencia a altas temperaturas, oxidaci\u00f3n y corrosi\u00f3n, y a trav\u00e9s del proceso de pulverizaci\u00f3n cat\u00f3dica, se puede depositar en el sustrato con este excelente rendimiento de la pel\u00edcula delgada, que tiene una amplia gama de aplicaciones en el campo de los recubrimientos protectores de alta temperatura,  componentes el\u00e9ctricos y t\u00e9rmicos, y dispositivos electr\u00f3nicos.<\/p>\n<p>VIMATERIAL ofrece objetivos de pulverizaci\u00f3n cat\u00f3dica de aleaci\u00f3n de hierro, cromo y aluminio. Nuestros objetivos de pulverizaci\u00f3n cat\u00f3dica de aleaci\u00f3n de hierro, cromo y aluminio se caracterizan por su alta pureza, buena densidad, buena estructura cristalina, excelentes propiedades de pel\u00edcula delgada, alta precisi\u00f3n dimensional y alta eficiencia de pulverizaci\u00f3n cat\u00f3dica. Podemos aceptar productos y experimentos personalizados,<span style=\"color: #0000ff;\"><a style=\"color: #0000ff;\" href=\"https:\/\/vimaterial.de\/en\/contact-us\/\"> cont\u00e1ctenos<\/a><\/span> pronto.  <\/p>\n<h2><span style=\"font-size: 14pt;\">Propiedades f\u00edsicas<\/span><\/h2>\n<p>F\u00f3rmula molecular: FeCrAl<\/p>\n<p>Aspecto: Brillo met\u00e1lico generalmente gris plateado, material objetivo de superficie lisa.<\/p>\n<p>Densidad: aprox. 7,0 &#8211; 7,9 g\/cm\u00b3.<\/p>\n<p>Punto de fusi\u00f3n: aproximadamente en el rango de 1400 &#8211; 1500 \u00b0C m\u00e1s o menos<\/p>\n<h2><span style=\"font-size: 14pt;\">Aplicaciones<\/span><\/h2>\n<p>Campo aeroespacial: se utiliza como recubrimiento protector de superficie para piezas de motores de aviones, resistiendo la oxidaci\u00f3n y la corrosi\u00f3n a alta temperatura y garantizando un rendimiento estable de las piezas.<\/p>\n<p>Industria electr\u00f3nica: se utiliza como material de pel\u00edcula delgada resistiva para componentes electr\u00f3nicos para regular con precisi\u00f3n la resistencia y satisfacer las necesidades espec\u00edficas de los circuitos electr\u00f3nicos.<\/p>\n<p>En el campo de la energ\u00eda y la electricidad: convertido en la capa calefactora de los elementos calefactores el\u00e9ctricos, generaci\u00f3n de calor eficiente y resistencia a altas temperaturas, para mejorar la eficiencia de la conversi\u00f3n de energ\u00eda y la vida \u00fatil.<\/p>\n<h2><span style=\"font-size: 14pt;\">Control de calidad<\/span><\/h2>\n<p><span style=\"color: #0000ff;\"><a style=\"color: #0000ff;\" href=\"https:\/\/vimaterial.de\/en\/quality-control\/\">El control de calidad<\/a><\/span> de nuestros productos es muy estricto, desde la selecci\u00f3n de materias primas estables y de alta pureza, hasta el uso de equipos de precisi\u00f3n avanzados y tecnolog\u00eda rigurosa en todo el control preciso del proceso de producci\u00f3n, hasta el uso de m\u00e9todos de prueba profesionales sobre las propiedades f\u00edsicas, qu\u00edmicas, microestructurales y otras propiedades del producto de la gama completa de pruebas en profundidad,  Cada enlace sigue estrictamente los altos est\u00e1ndares internacionales, para garantizar que cada lote de materiales se entregue con excelente calidad y estabilidad, para brindar a los clientes una garant\u00eda de calidad s\u00f3lida y confiable. Nos comprometemos a garantizar que cada lote de materiales entregados tenga una excelente calidad y estabilidad, brindando a los clientes una garant\u00eda de calidad s\u00f3lida y confiable. <\/p>\n<h2><span style=\"font-size: 14pt;\">Embalaje y almacenamiento<\/span><\/h2>\n<p>Los objetivos de pulverizaci\u00f3n cat\u00f3dica de aleaci\u00f3n de hierro, cromo y aluminio se empaquetan en bolsas y cajas de vac\u00edo de doble capa, y el exterior se empaqueta en cajas de cart\u00f3n.<\/p>\n<p>Los objetivos de pulverizaci\u00f3n cat\u00f3dica de hierro, cromo y aluminio deben almacenarse en un ambiente seco y bien ventilado con una temperatura estable y protegidos de la luz, evitando la humedad y el contacto con sustancias corrosivas como \u00e1cidos y \u00e1lcalis fuertes, y al mismo tiempo evitando estar sujetos a impactos y vibraciones severos para garantizar que su rendimiento no se vea afectado.<\/p>\n","protected":false},"excerpt":{"rendered":"<p>Hierro Cromo El objetivo de pulverizaci\u00f3n cat\u00f3dica de aleaci\u00f3n de aluminio es un tipo de objetivo de aleaci\u00f3n compuesto de hierro, cromo y aluminio, que tiene buena resistencia a altas temperaturas, oxidaci\u00f3n y corrosi\u00f3n, y a trav\u00e9s del proceso de pulverizaci\u00f3n cat\u00f3dica, se puede depositar en el sustrato con este excelente rendimiento de la pel\u00edcula delgada, que tiene una amplia gama de aplicaciones en el campo de los recubrimientos protectores de alta temperatura,  componentes el\u00e9ctricos y t\u00e9rmicos, y dispositivos electr\u00f3nicos.<\/p>\n","protected":false},"featured_media":1001895,"comment_status":"open","ping_status":"closed","template":"","meta":{"_acf_changed":false},"product_brand":[],"product_cat":[178],"product_tag":[],"class_list":{"0":"post-1015141","1":"product","2":"type-product","3":"status-publish","4":"has-post-thumbnail","6":"product_cat-catodos-para-sputtering-planar","8":"first","9":"instock","10":"shipping-taxable","11":"product-type-variable"},"acf":[],"_links":{"self":[{"href":"https:\/\/vimaterial.de\/es\/wp-json\/wp\/v2\/product\/1015141","targetHints":{"allow":["GET"]}}],"collection":[{"href":"https:\/\/vimaterial.de\/es\/wp-json\/wp\/v2\/product"}],"about":[{"href":"https:\/\/vimaterial.de\/es\/wp-json\/wp\/v2\/types\/product"}],"replies":[{"embeddable":true,"href":"https:\/\/vimaterial.de\/es\/wp-json\/wp\/v2\/comments?post=1015141"}],"wp:featuredmedia":[{"embeddable":true,"href":"https:\/\/vimaterial.de\/es\/wp-json\/wp\/v2\/media\/1001895"}],"wp:attachment":[{"href":"https:\/\/vimaterial.de\/es\/wp-json\/wp\/v2\/media?parent=1015141"}],"wp:term":[{"taxonomy":"product_brand","embeddable":true,"href":"https:\/\/vimaterial.de\/es\/wp-json\/wp\/v2\/product_brand?post=1015141"},{"taxonomy":"product_cat","embeddable":true,"href":"https:\/\/vimaterial.de\/es\/wp-json\/wp\/v2\/product_cat?post=1015141"},{"taxonomy":"product_tag","embeddable":true,"href":"https:\/\/vimaterial.de\/es\/wp-json\/wp\/v2\/product_tag?post=1015141"}],"curies":[{"name":"wp","href":"https:\/\/api.w.org\/{rel}","templated":true}]}}