{"id":1015125,"date":"2024-06-17T14:42:02","date_gmt":"2024-06-17T06:42:02","guid":{"rendered":"https:\/\/vimaterial.de\/product\/hierro-cromo-molibdeno-biobio-boro-aleacion\/"},"modified":"2025-04-17T09:02:22","modified_gmt":"2025-04-17T01:02:22","slug":"hierro-cromo-molibdeno-biobio-boro-aleacion","status":"publish","type":"product","link":"https:\/\/vimaterial.de\/es\/product\/hierro-cromo-molibdeno-biobio-boro-aleacion\/","title":{"rendered":"Aleaci\u00f3n de hierro, cromo, molibdeno, niobio y boro"},"content":{"rendered":"<p>Hierro Cromo Molibdeno Niobio Boro aleaci\u00f3n El objetivo de pulverizaci\u00f3n cat\u00f3dica es un tipo de objetivo de aleaci\u00f3n compuesto de hierro, cromo, molibdeno, niobio y boro, que tiene alta dureza, buena resistencia a la abrasi\u00f3n, resistencia a la corrosi\u00f3n y estabilidad a altas temperaturas, etc. Se puede utilizar en muchos campos, como la aviaci\u00f3n y la industria aeroespacial, la fabricaci\u00f3n de maquinaria y la electr\u00f3nica, etc., para depositar pel\u00edculas delgadas de alto rendimiento en el sustrato mediante pulverizaci\u00f3n cat\u00f3dica. Aeroespacial, ingenier\u00eda mec\u00e1nica, electr\u00f3nica y muchos otros campos.  <\/p>\n<p>VIMATERIAL proporciona objetivos de pulverizaci\u00f3n cat\u00f3dica de aleaci\u00f3n de hierro, cromo, molibdeno, niobio y boro, nuestros objetivos de pulverizaci\u00f3n cat\u00f3dica de aleaci\u00f3n de hierro, cromo, molibdeno, niobio y boro se caracterizan por su alta pureza, alta densidad, buena estructura cristalina, excelentes propiedades de pel\u00edcula delgada, alta precisi\u00f3n dimensional y estabilidad a la pulverizaci\u00f3n cat\u00f3dica. Y tambi\u00e9n podemos proporcionar un servicio de encuadernaci\u00f3n, aceptamos su personalizaci\u00f3n y experimento, \u00a1 <span style=\"color: #0000ff;\"><a style=\"color: #0000ff;\" href=\"https:\/\/vimaterial.de\/en\/contact-us\/\">cont\u00e1ctenos<\/a><\/span>! <\/p>\n<h2><span style=\"font-size: 14pt;\">Propiedades f\u00edsicas<\/span><\/h2>\n<p>F\u00f3rmula molecular: FeCrMoNbB<\/p>\n<p>Aspecto: Generalmente brillo met\u00e1lico gris plateado, la superficie puede ser relativamente lisa, textura uniforme del material objetivo<\/p>\n<p>Densidad: aproximadamente entre 7 &#8211; 9 g\/cm\u00b3.<\/p>\n<p>Punto de fusi\u00f3n: aproximadamente 1300 &#8211; 1600 \u00b0C<\/p>\n<h2><span style=\"font-size: 14pt;\">Aplicaciones<\/span><\/h2>\n<p>Campo aeroespacial: se utiliza para recubrir las palas del motor aeron\u00e1utico, para mejorar su resistencia a altas temperaturas y al desgaste, y para garantizar el funcionamiento estable del motor en condiciones de trabajo extremas.<\/p>\n<p>Campo de fabricaci\u00f3n de autom\u00f3viles: se utiliza como material de refuerzo de superficie para piezas clave de motores de autom\u00f3viles para mejorar la resistencia a la fatiga y la corrosi\u00f3n de las piezas y prolongar la vida \u00fatil de los autom\u00f3viles.<\/p>\n<p>En el campo de la industria electr\u00f3nica, se utiliza como material de deposici\u00f3n de pel\u00edculas de funciones especiales en la fabricaci\u00f3n de chips semiconductores, optimizando el rendimiento el\u00e9ctrico y la estabilidad del chip.<\/p>\n<p>En el campo del mecanizado: convertidos en recubrimientos para herramientas de corte, mejoran la dureza y la resistencia al desgaste de las herramientas de corte, mejoran efectivamente la eficiencia y precisi\u00f3n del procesamiento de corte.<\/p>\n<h2><span style=\"font-size: 14pt;\">Control de calidad<\/span><\/h2>\n<p><span style=\"color: #0000ff;\"><a style=\"color: #0000ff;\" href=\"https:\/\/vimaterial.de\/en\/quality-control\/\">El control de calidad<\/a> <\/span>de nuestros productos es muy estricto, desde la selecci\u00f3n de materias primas estables y de alta pureza, hasta el uso de equipos de precisi\u00f3n avanzados y tecnolog\u00eda rigurosa en todo el control preciso del proceso de producci\u00f3n, hasta el uso de m\u00e9todos de prueba profesionales sobre las propiedades f\u00edsicas, qu\u00edmicas, microestructurales y otras propiedades del producto de la gama completa de pruebas en profundidad,  Cada enlace sigue estrictamente los altos est\u00e1ndares internacionales, para garantizar que cada lote de materiales se entregue con excelente calidad y estabilidad, para brindar a los clientes una garant\u00eda de calidad s\u00f3lida y confiable. Nos comprometemos a garantizar que cada lote de materiales entregados tenga una excelente calidad y estabilidad, brindando a los clientes una garant\u00eda de calidad s\u00f3lida y confiable. <\/p>\n<h2><span style=\"font-size: 14pt;\">Embalaje y almacenamiento<\/span><\/h2>\n<p>Los objetivos de pulverizaci\u00f3n cat\u00f3dica de aleaci\u00f3n de hierro, cromo, molibdeno, niobio, boro, se empaquetan en bolsas y cajas de vac\u00edo de doble capa, y el exterior se empaqueta en cajas de cart\u00f3n.<\/p>\n<p>Los objetivos de pulverizaci\u00f3n cat\u00f3dica de aleaci\u00f3n de hierro, cromo, molibdeno, niobio, boro, deben almacenarse en un ambiente seco, fresco y bien ventilado, evitando la humedad, evitando el contacto con sustancias corrosivas como \u00e1cidos y \u00e1lcalis, y evitando el impacto violento y la luz solar directa, para garantizar que sus propiedades f\u00edsicas y qu\u00edmicas sean estables, a fin de garantizar el rendimiento normal del material en el proceso de pulverizaci\u00f3n cat\u00f3dica.<\/p>\n","protected":false},"excerpt":{"rendered":"<p>Hierro Cromo Molibdeno Niobio Boro aleaci\u00f3n El objetivo de pulverizaci\u00f3n cat\u00f3dica es un tipo de objetivo de aleaci\u00f3n compuesto de hierro, cromo, molibdeno, niobio y boro, que tiene alta dureza, buena resistencia a la abrasi\u00f3n, resistencia a la corrosi\u00f3n y estabilidad a altas temperaturas, etc. Se puede utilizar en muchos campos, como la aviaci\u00f3n y la industria aeroespacial, la fabricaci\u00f3n de maquinaria y la electr\u00f3nica, etc., para depositar pel\u00edculas delgadas de alto rendimiento en el sustrato mediante pulverizaci\u00f3n cat\u00f3dica. Aeroespacial, ingenier\u00eda mec\u00e1nica, electr\u00f3nica y muchos otros campos.  <\/p>\n","protected":false},"featured_media":1001902,"comment_status":"open","ping_status":"closed","template":"","meta":{"_acf_changed":false},"product_brand":[],"product_cat":[178],"product_tag":[],"class_list":{"0":"post-1015125","1":"product","2":"type-product","3":"status-publish","4":"has-post-thumbnail","6":"product_cat-catodos-para-sputtering-planar","8":"first","9":"instock","10":"shipping-taxable","11":"product-type-variable"},"acf":[],"_links":{"self":[{"href":"https:\/\/vimaterial.de\/es\/wp-json\/wp\/v2\/product\/1015125","targetHints":{"allow":["GET"]}}],"collection":[{"href":"https:\/\/vimaterial.de\/es\/wp-json\/wp\/v2\/product"}],"about":[{"href":"https:\/\/vimaterial.de\/es\/wp-json\/wp\/v2\/types\/product"}],"replies":[{"embeddable":true,"href":"https:\/\/vimaterial.de\/es\/wp-json\/wp\/v2\/comments?post=1015125"}],"wp:featuredmedia":[{"embeddable":true,"href":"https:\/\/vimaterial.de\/es\/wp-json\/wp\/v2\/media\/1001902"}],"wp:attachment":[{"href":"https:\/\/vimaterial.de\/es\/wp-json\/wp\/v2\/media?parent=1015125"}],"wp:term":[{"taxonomy":"product_brand","embeddable":true,"href":"https:\/\/vimaterial.de\/es\/wp-json\/wp\/v2\/product_brand?post=1015125"},{"taxonomy":"product_cat","embeddable":true,"href":"https:\/\/vimaterial.de\/es\/wp-json\/wp\/v2\/product_cat?post=1015125"},{"taxonomy":"product_tag","embeddable":true,"href":"https:\/\/vimaterial.de\/es\/wp-json\/wp\/v2\/product_tag?post=1015125"}],"curies":[{"name":"wp","href":"https:\/\/api.w.org\/{rel}","templated":true}]}}