{"id":1015115,"date":"2024-06-17T14:42:40","date_gmt":"2024-06-17T06:42:40","guid":{"rendered":"https:\/\/vimaterial.de\/product\/aleacion-de-hierro-y-galio-2\/"},"modified":"2025-04-17T08:59:17","modified_gmt":"2025-04-17T00:59:17","slug":"aleacion-de-hierro-y-galio-2","status":"publish","type":"product","link":"https:\/\/vimaterial.de\/es\/product\/aleacion-de-hierro-y-galio-2\/","title":{"rendered":"Aleaci\u00f3n de hierro y galio"},"content":{"rendered":"<p>Los gr\u00e1nulos de <span style=\"color: #0000ff;\"><a style=\"color: #0000ff;\" href=\"https:\/\/vimaterial.de\/en\/product\/iron-gallium-alloy-2\/\">aleaci\u00f3n de hierro y galio<\/a><\/span> son un tipo de gr\u00e1nulos de aleaci\u00f3n compuestos de hierro y galio, que generalmente tienen buenas propiedades magn\u00e9ticas, cierta flexibilidad y resistencia a la corrosi\u00f3n, y tienen aplicaciones importantes en sensores, actuadores, transductores y otros campos.<\/p>\n<p>VIMATERIAL proporciona part\u00edculas de aleaci\u00f3n de hierro y galio, nuestros gr\u00e1nulos son uniformes y estables en composici\u00f3n, alta pureza, fuerte dureza, tama\u00f1o de part\u00edcula controlable, etc. y podemos aceptar productos y experimentos personalizados, contamos con un equipo profesional de investigaci\u00f3n y desarrollo t\u00e9cnico, <span style=\"color: #0000ff;\"><a style=\"color: #0000ff;\" href=\"https:\/\/vimaterial.de\/en\/contact-us\/\">cont\u00e1ctenos<\/a><\/span>.<\/p>\n<h2><span style=\"font-size: 14pt;\">Propiedades f\u00edsicas<\/span><\/h2>\n<p>F\u00f3rmula molecular: FeGa<\/p>\n<p>Aspecto: Generalmente brillo met\u00e1lico gris plateado, superficie lisa.<\/p>\n<p>Densidad: aprox. 7,2-7,5 g\/cm\u00b3.<\/p>\n<p>Punto de fusi\u00f3n: alrededor de 1200 \u00b0C-1300 \u00b0C.<\/p>\n<p>Estructura cristalina: C\u00fabica centrada en el cuerpo o c\u00fabica centrada en la cara, etc. La estructura cristalina afecta sus propiedades f\u00edsicas y qu\u00edmicas. <\/p>\n<h2><span style=\"font-size: 14pt;\">Aplicaciones<\/span><\/h2>\n<p>Campo electr\u00f3nico: utilizado en equipos electr\u00f3nicos, con sus propiedades electromagn\u00e9ticas \u00fanicas, puede mejorar la sensibilidad y la estabilidad del rendimiento de los componentes electr\u00f3nicos.<\/p>\n<p>Sensores: Las part\u00edculas de aleaci\u00f3n de hierro y galio se utilizan en sensores para mediciones de precisi\u00f3n en una amplia gama de aplicaciones, ya que responden con precisi\u00f3n a los cambios en los campos magn\u00e9ticos.<\/p>\n<p>M\u00e9dico: Las part\u00edculas de aleaci\u00f3n de hierro y galio se utilizan en dispositivos m\u00e9dicos, como equipos de imagen, donde sus propiedades se utilizan para ayudar a obtener im\u00e1genes de diagn\u00f3stico m\u00e1s claras y precisas.<\/p>\n<p>Aeroespacial: En aplicaciones aeroespaciales, las part\u00edculas de aleaci\u00f3n se utilizan en la fabricaci\u00f3n de componentes cr\u00edticos que funcionan de manera confiable en entornos complejos y cumplen con requisitos de rendimiento espec\u00edficos.<\/p>\n<h2><span style=\"font-size: 14pt;\">Control de calidad<\/span><\/h2>\n<p><span style=\"color: #0000ff;\"><a style=\"color: #0000ff;\" href=\"https:\/\/vimaterial.de\/en\/quality-control\/\">Cada lote<\/a><\/span> de productos protege estrictamente la calidad, desde la selecci\u00f3n de los proveedores de materias primas, hasta el uso de equipos de prueba avanzados para monitorear con precisi\u00f3n todo el proceso de producci\u00f3n, hasta el producto terminado a trav\u00e9s de muchas rondas de muestreo severo y certificaci\u00f3n autorizada de terceros, para garantizar que cada lote de productos cumpla y supere los altos est\u00e1ndares de la industria con un  Sistema de control de calidad de tolerancia cero, para proporcionar a nuestros clientes la mejor calidad y los productos m\u00e1s estables.<\/p>\n<h2><span style=\"font-size: 14pt;\">Embalaje y almacenamiento<\/span><\/h2>\n<p>Los gr\u00e1nulos de aleaci\u00f3n de hierro y galio se empaquetan en bolsas de vac\u00edo o botellas de vac\u00edo en cajas de cart\u00f3n.<\/p>\n<p>Los gr\u00e1nulos de aleaci\u00f3n de hierro y galio deben almacenarse en un lugar seco, ventilado y fresco, protegidos de la humedad, la oxidaci\u00f3n y el contacto con sustancias corrosivas, y pueden almacenarse en recipientes sellados para prolongar su vida \u00fatil.<\/p>\n","protected":false},"excerpt":{"rendered":"<p>Los gr\u00e1nulos de <span style=\"color: #0000ff;\"><a style=\"color: #0000ff;\" href=\"https:\/\/vimaterial.de\/en\/product\/iron-gallium-alloy-2\/\">aleaci\u00f3n de hierro y galio<\/a><\/span> son un tipo de gr\u00e1nulos de aleaci\u00f3n compuestos de hierro y galio, que generalmente tienen buenas propiedades magn\u00e9ticas, cierta flexibilidad y resistencia a la corrosi\u00f3n, y tienen aplicaciones importantes en sensores, actuadores, transductores y otros campos.<\/p>\n","protected":false},"featured_media":1001916,"comment_status":"open","ping_status":"closed","template":"","meta":{"_acf_changed":false},"product_brand":[],"product_cat":[179],"product_tag":[],"class_list":{"0":"post-1015115","1":"product","2":"type-product","3":"status-publish","4":"has-post-thumbnail","6":"product_cat-materiales-de-evaporacion","8":"first","9":"instock","10":"shipping-taxable","11":"product-type-variable"},"acf":[],"_links":{"self":[{"href":"https:\/\/vimaterial.de\/es\/wp-json\/wp\/v2\/product\/1015115","targetHints":{"allow":["GET"]}}],"collection":[{"href":"https:\/\/vimaterial.de\/es\/wp-json\/wp\/v2\/product"}],"about":[{"href":"https:\/\/vimaterial.de\/es\/wp-json\/wp\/v2\/types\/product"}],"replies":[{"embeddable":true,"href":"https:\/\/vimaterial.de\/es\/wp-json\/wp\/v2\/comments?post=1015115"}],"wp:featuredmedia":[{"embeddable":true,"href":"https:\/\/vimaterial.de\/es\/wp-json\/wp\/v2\/media\/1001916"}],"wp:attachment":[{"href":"https:\/\/vimaterial.de\/es\/wp-json\/wp\/v2\/media?parent=1015115"}],"wp:term":[{"taxonomy":"product_brand","embeddable":true,"href":"https:\/\/vimaterial.de\/es\/wp-json\/wp\/v2\/product_brand?post=1015115"},{"taxonomy":"product_cat","embeddable":true,"href":"https:\/\/vimaterial.de\/es\/wp-json\/wp\/v2\/product_cat?post=1015115"},{"taxonomy":"product_tag","embeddable":true,"href":"https:\/\/vimaterial.de\/es\/wp-json\/wp\/v2\/product_tag?post=1015115"}],"curies":[{"name":"wp","href":"https:\/\/api.w.org\/{rel}","templated":true}]}}