{"id":1015109,"date":"2024-06-17T14:42:06","date_gmt":"2024-06-17T06:42:06","guid":{"rendered":"https:\/\/vimaterial.de\/product\/fluoruro-de-hierro\/"},"modified":"2025-04-17T09:00:55","modified_gmt":"2025-04-17T01:00:55","slug":"fluoruro-de-hierro","status":"publish","type":"product","link":"https:\/\/vimaterial.de\/es\/product\/fluoruro-de-hierro\/","title":{"rendered":"Fluoruro de hierro"},"content":{"rendered":"<p>El polvo de fluoruro de hierro es un tipo de polvo compuesto por compuestos inorg\u00e1nicos compuestos de hierro y fl\u00faor, el color suele ser blanco o blanquecino, ligeramente soluble en agua y juega un papel importante en el campo de los materiales de bater\u00edas, catalizadores, etc.<\/p>\n<p>VIAMTERIAL suministra polvo de fluoruro de hierro, nuestro polvo tiene las caracter\u00edsticas de alta pureza, tama\u00f1o de part\u00edcula uniforme, buena fluidez, propiedades qu\u00edmicas estables, etc. Tambi\u00e9n admitimos el embalaje y los pedidos de peque\u00f1as cantidades. Contamos con un equipo profesional de investigaci\u00f3n y desarrollo t\u00e9cnico, aceptamos la personalizaci\u00f3n y experimentaci\u00f3n del producto, <span style=\"color: #0000ff;\"><a style=\"color: #0000ff;\" href=\"https:\/\/vimaterial.de\/en\/contact-us\/\">cont\u00e1ctenos.<\/a><\/span>  <\/p>\n<h2><span style=\"font-size: 14pt;\">Propiedades f\u00edsicas<\/span><\/h2>\n<p>F\u00f3rmula molecular: FeF3<\/p>\n<p>Peso molecular: 112,84 g\/mol<\/p>\n<p>Aspecto: polvo verde claro<\/p>\n<p>Densidad: 3,87 g\/cm\u00b3<\/p>\n<p>Punto de fusi\u00f3n: &gt;1000 \u00b0C<\/p>\n<p>Estructura cristalina: pertenece al sistema cristalino tripartito, el grupo espacial es R3c, constante de red a = b = 0.519nm, c = 1.334nm, \u03b1 = \u03b2 = 90 \u00b0, \u03b3 = 120 \u00b0, volumen de celda V = 0.3113nm\u00b3<\/p>\n<h2><span style=\"font-size: 14pt;\">Aplicaciones<\/span><\/h2>\n<p>Campo de la bater\u00eda de iones de litio: el polvo de fluoruro de hierro como material activo del \u00e1nodo, con su ventaja de capacidad espec\u00edfica te\u00f3rica, puede mejorar la densidad de energ\u00eda de la bater\u00eda, proporcionar un soporte de energ\u00eda m\u00e1s duradero para veh\u00edculos el\u00e9ctricos y otros veh\u00edculos el\u00e9ctricos, y promover el desarrollo de la industria de nueva energ\u00eda.<\/p>\n<p>Campo de tratamiento de superficies met\u00e1licas: en el proceso de grabado de metales, la soluci\u00f3n de polvo de fluoruro de hierro puede eliminar con precisi\u00f3n una parte espec\u00edfica de la superficie met\u00e1lica y, al controlar la velocidad y el grado de grabado, puede lograr un procesamiento fino de la microestructura de la superficie de los productos met\u00e1licos para satisfacer las necesidades de la fabricaci\u00f3n de productos de alta precisi\u00f3n, como chips electr\u00f3nicos.<\/p>\n<p>Materiales \u00f3pticos: Se puede utilizar para preparar vidrio \u00f3ptico y, ajustando su proporci\u00f3n en la f\u00f3rmula del vidrio, puede cambiar el \u00edndice de refracci\u00f3n, la dispersi\u00f3n y otras propiedades \u00f3pticas del vidrio, proporcionando materiales clave para la fabricaci\u00f3n de lentes \u00f3pticas de alta calidad, fibras \u00f3pticas, etc., y promoviendo la mejora del rendimiento de los instrumentos \u00f3pticos.<\/p>\n<p>Campo catal\u00edtico: Como catalizador, el polvo de fluoruro de hierro puede reducir la energ\u00eda de activaci\u00f3n de la reacci\u00f3n, acelerar la velocidad de reacci\u00f3n y mejorar la selectividad del producto objetivo en la reacci\u00f3n de s\u00edntesis org\u00e1nica, como la reacci\u00f3n de alquilaci\u00f3n de hidrocarburos arom\u00e1ticos, que es de gran valor en la industria de s\u00edntesis qu\u00edmica.<\/p>\n<h2><span style=\"font-size: 14pt;\">Control de calidad<\/span><\/h2>\n<p><span style=\"color: #0000ff;\"><a style=\"color: #0000ff;\" href=\"https:\/\/vimaterial.de\/en\/quality-control\/\">El control de calidad<\/a> <\/span>de cada lote de productos se lleva a cabo a lo largo de todo el proceso de adquisici\u00f3n de materias primas, producci\u00f3n y procesamiento, pruebas e inspecci\u00f3n y embalaje, siguiendo estrictamente los est\u00e1ndares internacionales y las normas de la industria. Contamos con equipos de prueba avanzados, equipo profesional de control de calidad y un estricto sistema de control de calidad para garantizar la calidad del producto. <\/p>\n<h2><span style=\"font-size: 14pt;\">Embalaje y almacenamiento<\/span><\/h2>\n<p>El polvo de fluoruro de hierro se empaqueta en una bolsa de vac\u00edo de doble capa o en una botella de vac\u00edo de doble capa, y el paquete exterior se empaqueta en una caja de cart\u00f3n.<\/p>\n<p>El polvo de fluoruro de hierro debe almacenarse en un ambiente seco, fresco y bien ventilado, sellado, evitando el contacto con agua, aire h\u00famedo, \u00e1lcalis fuertes y sustancias susceptibles a reacciones qu\u00edmicas, y debe colocarse de acuerdo con las disposiciones del almacenamiento de productos qu\u00edmicos, lejos de fuentes de fuego y calor.<\/p>\n","protected":false},"excerpt":{"rendered":"<p>El polvo de fluoruro de hierro es un tipo de polvo compuesto por compuestos inorg\u00e1nicos compuestos de hierro y fl\u00faor, el color suele ser blanco o blanquecino, ligeramente soluble en agua y juega un papel importante en el campo de los materiales de bater\u00edas, catalizadores, etc.<\/p>\n","protected":false},"featured_media":1001909,"comment_status":"open","ping_status":"closed","template":"","meta":{"_acf_changed":false},"product_brand":[],"product_cat":[182],"product_tag":[],"class_list":{"0":"post-1015109","1":"product","2":"type-product","3":"status-publish","4":"has-post-thumbnail","6":"product_cat-materiales-halogenados","8":"first","9":"instock","10":"shipping-taxable","11":"purchasable","12":"product-type-variable"},"acf":[],"_links":{"self":[{"href":"https:\/\/vimaterial.de\/es\/wp-json\/wp\/v2\/product\/1015109","targetHints":{"allow":["GET"]}}],"collection":[{"href":"https:\/\/vimaterial.de\/es\/wp-json\/wp\/v2\/product"}],"about":[{"href":"https:\/\/vimaterial.de\/es\/wp-json\/wp\/v2\/types\/product"}],"replies":[{"embeddable":true,"href":"https:\/\/vimaterial.de\/es\/wp-json\/wp\/v2\/comments?post=1015109"}],"wp:featuredmedia":[{"embeddable":true,"href":"https:\/\/vimaterial.de\/es\/wp-json\/wp\/v2\/media\/1001909"}],"wp:attachment":[{"href":"https:\/\/vimaterial.de\/es\/wp-json\/wp\/v2\/media?parent=1015109"}],"wp:term":[{"taxonomy":"product_brand","embeddable":true,"href":"https:\/\/vimaterial.de\/es\/wp-json\/wp\/v2\/product_brand?post=1015109"},{"taxonomy":"product_cat","embeddable":true,"href":"https:\/\/vimaterial.de\/es\/wp-json\/wp\/v2\/product_cat?post=1015109"},{"taxonomy":"product_tag","embeddable":true,"href":"https:\/\/vimaterial.de\/es\/wp-json\/wp\/v2\/product_tag?post=1015109"}],"curies":[{"name":"wp","href":"https:\/\/api.w.org\/{rel}","templated":true}]}}