{"id":1015101,"date":"2024-06-17T14:42:44","date_gmt":"2024-06-17T06:42:44","guid":{"rendered":"https:\/\/vimaterial.de\/product\/hierro-magnesio\/"},"modified":"2025-04-17T08:56:23","modified_gmt":"2025-04-17T00:56:23","slug":"hierro-magnesio","status":"publish","type":"product","link":"https:\/\/vimaterial.de\/es\/product\/hierro-magnesio\/","title":{"rendered":"Hierro Magnesio"},"content":{"rendered":"<p>Hierro Los objetivos de pulverizaci\u00f3n cat\u00f3dica de magnesio son materiales compuestos por hierro y magnesio, que se utilizan principalmente en la deposici\u00f3n f\u00edsica de vapor. Durante el proceso de pulverizaci\u00f3n cat\u00f3dica, los \u00e1tomos de hierro y magnesio se depositan en el sustrato para formar pel\u00edculas delgadas con propiedades f\u00edsico-qu\u00edmicas especiales, que son \u00fatiles en los campos de la electr\u00f3nica y la protecci\u00f3n de materiales. <\/p>\n<p>VIMATERIAL proporciona objetivos de pulverizaci\u00f3n cat\u00f3dica de hierro y magnesio, nuestros objetivos de pulverizaci\u00f3n cat\u00f3dica de hierro y magnesio tienen las ventajas de alta pureza, buena densidad, buena estructura cristalina, excelentes propiedades de pel\u00edcula delgada, alta precisi\u00f3n dimensional y alta eficiencia de pulverizaci\u00f3n cat\u00f3dica y podemos proporcionar un servicio de uni\u00f3n, podemos aceptar personalizaci\u00f3n y experimentos, \u00a1 <span style=\"color: #0000ff;\"><a style=\"color: #0000ff;\" href=\"https:\/\/vimaterial.de\/en\/contact-us\/\">cont\u00e1ctenos<\/a><\/span> pronto! P\u00f3ngase en contacto con nosotros. <\/p>\n<h2><span style=\"font-size: 14pt;\">Propiedades f\u00edsicas<\/span><\/h2>\n<p>F\u00f3rmula molecular: FeMg<\/p>\n<p>Aspecto: color gris plateado metalizado, puede tener brillo met\u00e1lico en la superficie del material objetivo.<\/p>\n<p>Densidad: aproximadamente 3,5 &#8211; 7,9 g\/cm\u00b3.<\/p>\n<p>Punto de fusi\u00f3n: aproximadamente 649 &#8211; 1538 \u00b0C<\/p>\n<h2><span style=\"font-size: 14pt;\">Aplicaciones<\/span><\/h2>\n<p>Campo electr\u00f3nico: utilizado en la fabricaci\u00f3n de la capa de blindaje electromagn\u00e9tico de los componentes electr\u00f3nicos, reduce eficazmente la interferencia electromagn\u00e9tica para garantizar el funcionamiento estable de los equipos electr\u00f3nicos.<\/p>\n<p>Campo de fabricaci\u00f3n de autom\u00f3viles: se utiliza como material de recubrimiento resistente al desgaste para piezas de motor para mejorar la resistencia al desgaste de las piezas y mejorar la vida \u00fatil del motor.<\/p>\n<p>Campo aeroespacial: se aplica a la superficie de las partes estructurales ligeras de las aeronaves, para garantizar un cierto grado de resistencia al tiempo que se reduce el peso y se mejora el rendimiento de la aeronave.<\/p>\n<h2><span style=\"font-size: 14pt;\">Control de calidad<\/span><\/h2>\n<p><span style=\"color: #0000ff;\"><a style=\"color: #0000ff;\" href=\"https:\/\/vimaterial.de\/en\/quality-control\/\">El control de calidad<\/a><\/span> de nuestros productos es muy estricto, desde la selecci\u00f3n de materias primas estables y de alta pureza, hasta el uso de equipos de precisi\u00f3n avanzados y tecnolog\u00eda rigurosa en todo el control preciso del proceso de producci\u00f3n, hasta el uso de m\u00e9todos de prueba profesionales sobre las propiedades f\u00edsicas, qu\u00edmicas, microestructurales y otras propiedades del producto de la gama completa de pruebas en profundidad,  Cada enlace sigue estrictamente los altos est\u00e1ndares internacionales, para garantizar que cada lote de materiales se entregue con excelente calidad y estabilidad, para brindar a los clientes una garant\u00eda de calidad s\u00f3lida y confiable. Nos comprometemos a garantizar que cada lote de materiales entregados tenga una excelente calidad y estabilidad, brindando a los clientes una garant\u00eda de calidad s\u00f3lida y confiable. <\/p>\n<h2><span style=\"font-size: 14pt;\">Embalaje y almacenamiento<\/span><\/h2>\n<p>Los objetivos de pulverizaci\u00f3n cat\u00f3dica de hierro y magnesio se empaquetan en bolsas y cajas de vac\u00edo dobles, y el exterior se empaqueta en cajas de cart\u00f3n.<\/p>\n<p>Los objetivos de pulverizaci\u00f3n cat\u00f3dica de hierro y magnesio deben almacenarse en un ambiente seco, fresco y bien ventilado, evitando la humedad, evitando el contacto con sustancias corrosivas como \u00e1cidos y \u00e1lcalis, y tambi\u00e9n evitando colisiones violentas y la luz solar directa para mantener la estabilidad de sus propiedades f\u00edsicas y qu\u00edmicas.<\/p>\n","protected":false},"excerpt":{"rendered":"<p>Hierro Los objetivos de pulverizaci\u00f3n cat\u00f3dica de magnesio son materiales compuestos por hierro y magnesio, que se utilizan principalmente en la deposici\u00f3n f\u00edsica de vapor. Durante el proceso de pulverizaci\u00f3n cat\u00f3dica, los \u00e1tomos de hierro y magnesio se depositan en el sustrato para formar pel\u00edculas delgadas con propiedades f\u00edsico-qu\u00edmicas especiales, que son \u00fatiles en los campos de la electr\u00f3nica y la protecci\u00f3n de materiales. <\/p>\n","protected":false},"featured_media":1001925,"comment_status":"open","ping_status":"closed","template":"","meta":{"_acf_changed":false},"product_brand":[],"product_cat":[178],"product_tag":[],"class_list":{"0":"post-1015101","1":"product","2":"type-product","3":"status-publish","4":"has-post-thumbnail","6":"product_cat-catodos-para-sputtering-planar","8":"first","9":"instock","10":"shipping-taxable","11":"product-type-variable"},"acf":[],"_links":{"self":[{"href":"https:\/\/vimaterial.de\/es\/wp-json\/wp\/v2\/product\/1015101","targetHints":{"allow":["GET"]}}],"collection":[{"href":"https:\/\/vimaterial.de\/es\/wp-json\/wp\/v2\/product"}],"about":[{"href":"https:\/\/vimaterial.de\/es\/wp-json\/wp\/v2\/types\/product"}],"replies":[{"embeddable":true,"href":"https:\/\/vimaterial.de\/es\/wp-json\/wp\/v2\/comments?post=1015101"}],"wp:featuredmedia":[{"embeddable":true,"href":"https:\/\/vimaterial.de\/es\/wp-json\/wp\/v2\/media\/1001925"}],"wp:attachment":[{"href":"https:\/\/vimaterial.de\/es\/wp-json\/wp\/v2\/media?parent=1015101"}],"wp:term":[{"taxonomy":"product_brand","embeddable":true,"href":"https:\/\/vimaterial.de\/es\/wp-json\/wp\/v2\/product_brand?post=1015101"},{"taxonomy":"product_cat","embeddable":true,"href":"https:\/\/vimaterial.de\/es\/wp-json\/wp\/v2\/product_cat?post=1015101"},{"taxonomy":"product_tag","embeddable":true,"href":"https:\/\/vimaterial.de\/es\/wp-json\/wp\/v2\/product_tag?post=1015101"}],"curies":[{"name":"wp","href":"https:\/\/api.w.org\/{rel}","templated":true}]}}