{"id":1015099,"date":"2024-06-17T14:42:44","date_gmt":"2024-06-17T06:42:44","guid":{"rendered":"https:\/\/vimaterial.de\/product\/aleacion-de-hierro-y-galio\/"},"modified":"2025-04-17T08:57:54","modified_gmt":"2025-04-17T00:57:54","slug":"aleacion-de-hierro-y-galio","status":"publish","type":"product","link":"https:\/\/vimaterial.de\/es\/product\/aleacion-de-hierro-y-galio\/","title":{"rendered":"Aleaci\u00f3n de hierro y galio"},"content":{"rendered":"<p>El objetivo de pulverizaci\u00f3n cat\u00f3dica de aleaci\u00f3n de <span style=\"color: #0000ff;\"><a style=\"color: #0000ff;\" href=\"https:\/\/vimaterial.de\/en\/product\/iron-gallium-alloy\/\">hierro y galio<\/a><\/span> es un tipo de objetivo de aleaci\u00f3n compuesto de hierro y galio, este tipo de objetivo puede depositar \u00e1tomos de hierro y galio en el sustrato en el proceso de deposici\u00f3n f\u00edsica de vapor para formar una pel\u00edcula delgada con propiedades magnetostrictivas \u00fanicas, buena conductividad el\u00e9ctrica y un cierto grado de resistencia a la corrosi\u00f3n, que tiene un futuro prometedor en el campo de los sistemas microelectromec\u00e1nicos,  sensores y actuadores.<\/p>\n<p>VIMATERIAL proporciona objetivos de pulverizaci\u00f3n cat\u00f3dica de aleaci\u00f3n de hierro y galio, nuestros objetivos de pulverizaci\u00f3n cat\u00f3dica de aleaci\u00f3n de hierro y galio tienen las ventajas de alta pureza, buena densidad, buena estructura cristalina, excelentes propiedades de pel\u00edcula delgada, alta precisi\u00f3n dimensional, alta eficiencia de pulverizaci\u00f3n cat\u00f3dica y podemos proporcionar un servicio de uni\u00f3n, podemos aceptar la personalizaci\u00f3n y experimentaci\u00f3n de los productos. <span style=\"color: #0000ff;\"><a style=\"color: #0000ff;\" href=\"https:\/\/vimaterial.de\/en\/contact-us\/\"> P\u00f3ngase en contacto con nosotros<\/a><\/span> pronto. <\/p>\n<h2><span style=\"font-size: 14pt;\">Propiedades f\u00edsicas<\/span><\/h2>\n<p>F\u00f3rmula molecular: FeGa<\/p>\n<p>Aspecto: Brillo met\u00e1lico gris plateado, material objetivo de superficie lisa.<\/p>\n<p>Densidad: generalmente alrededor de 7 &#8211; 8 g\/cm\u00b3.<\/p>\n<p>Punto de fusi\u00f3n: aproximadamente en el rango de 1200 &#8211; 1400 \u00b0C<\/p>\n<p>Estructura cristalina: estructura c\u00fabica centrada en el cuerpo<\/p>\n<h2><span style=\"font-size: 14pt;\">Aplicaciones<\/span><\/h2>\n<p>Campo de informaci\u00f3n electr\u00f3nica: Se utiliza en la preparaci\u00f3n de sensores magn\u00e9ticos y actuadores en chips semiconductores para mejorar el rendimiento del chip.<\/p>\n<p>Sistemas microelectromec\u00e1nicos: se utilizan como material clave para fabricar componentes de pel\u00edcula delgada de alta precisi\u00f3n en sistemas microelectromec\u00e1nicos, como micro-nano sensores y micro-nano actuadores.<\/p>\n<p>Campo de materiales magn\u00e9ticos: se pueden preparar materiales magnetostrictivos de alto rendimiento y aplicarlos a transformadores, inductores, etc. para optimizar el rendimiento electromagn\u00e9tico.<\/p>\n<p>Campo aeroespacial: se utiliza en la fabricaci\u00f3n de recubrimientos y componentes magn\u00e9ticos resistentes a la corrosi\u00f3n y a altas temperaturas en equipos aeroespaciales para mejorar la confiabilidad del equipo.<\/p>\n<p>Campo de energ\u00eda: en bater\u00edas de nueva energ\u00eda y c\u00e9lulas solares, se pueden utilizar como materiales de electrodos o materiales de pel\u00edcula funcional para mejorar el rendimiento y la eficiencia de la bater\u00eda.<\/p>\n<h2><span style=\"font-size: 14pt;\">Control de calidad<\/span><\/h2>\n<p><span style=\"color: #0000ff;\"><a style=\"color: #0000ff;\" href=\"https:\/\/vimaterial.de\/en\/quality-control\/\">El control de calidad<\/a> <\/span>de nuestros productos es muy estricto, desde la selecci\u00f3n de materias primas estables y de alta pureza, hasta el uso de equipos de precisi\u00f3n avanzados y tecnolog\u00eda rigurosa en todo el control preciso del proceso de producci\u00f3n, hasta el uso de m\u00e9todos de prueba profesionales sobre las propiedades f\u00edsicas, qu\u00edmicas, microestructurales y otras propiedades del producto de la gama completa de pruebas en profundidad,  Cada enlace sigue estrictamente los altos est\u00e1ndares internacionales, para garantizar que cada lote de materiales se entregue con excelente calidad y estabilidad, para brindar a los clientes una garant\u00eda de calidad s\u00f3lida y confiable. Nos comprometemos a garantizar que cada lote de materiales entregados tenga una excelente calidad y estabilidad, brindando a los clientes una garant\u00eda de calidad s\u00f3lida y confiable. <\/p>\n<h2><span style=\"font-size: 14pt;\">Embalaje y almacenamiento<\/span><\/h2>\n<p>Los objetivos de pulverizaci\u00f3n cat\u00f3dica de aleaci\u00f3n de hierro y galio se empaquetan en bolsas y cajas de vac\u00edo de doble capa, y el exterior se empaqueta en cajas de cart\u00f3n.<\/p>\n<p>Los objetivos de pulverizaci\u00f3n cat\u00f3dica de aleaci\u00f3n de hierro y galio deben almacenarse en un ambiente seco y bien ventilado a una temperatura estable, protegidos de la humedad, la oxidaci\u00f3n y las sustancias corrosivas, y protegidos del impacto f\u00edsico violento para garantizar que sus propiedades f\u00edsicas y qu\u00edmicas no se da\u00f1en.<\/p>\n","protected":false},"excerpt":{"rendered":"<p>El objetivo de pulverizaci\u00f3n cat\u00f3dica de aleaci\u00f3n de <span style=\"color: #0000ff;\"><a style=\"color: #0000ff;\" href=\"https:\/\/vimaterial.de\/en\/product\/iron-gallium-alloy\/\">hierro y galio<\/a><\/span> es un tipo de objetivo de aleaci\u00f3n compuesto de hierro y galio, este tipo de objetivo puede depositar \u00e1tomos de hierro y galio en el sustrato en el proceso de deposici\u00f3n f\u00edsica de vapor para formar una pel\u00edcula delgada con propiedades magnetostrictivas \u00fanicas, buena conductividad el\u00e9ctrica y un cierto grado de resistencia a la corrosi\u00f3n, que tiene un futuro prometedor en el campo de los sistemas microelectromec\u00e1nicos,  sensores y actuadores.<\/p>\n","protected":false},"featured_media":1001916,"comment_status":"open","ping_status":"closed","template":"","meta":{"_acf_changed":false},"product_brand":[],"product_cat":[178],"product_tag":[],"class_list":{"0":"post-1015099","1":"product","2":"type-product","3":"status-publish","4":"has-post-thumbnail","6":"product_cat-catodos-para-sputtering-planar","8":"first","9":"instock","10":"shipping-taxable","11":"product-type-variable"},"acf":[],"_links":{"self":[{"href":"https:\/\/vimaterial.de\/es\/wp-json\/wp\/v2\/product\/1015099","targetHints":{"allow":["GET"]}}],"collection":[{"href":"https:\/\/vimaterial.de\/es\/wp-json\/wp\/v2\/product"}],"about":[{"href":"https:\/\/vimaterial.de\/es\/wp-json\/wp\/v2\/types\/product"}],"replies":[{"embeddable":true,"href":"https:\/\/vimaterial.de\/es\/wp-json\/wp\/v2\/comments?post=1015099"}],"wp:featuredmedia":[{"embeddable":true,"href":"https:\/\/vimaterial.de\/es\/wp-json\/wp\/v2\/media\/1001916"}],"wp:attachment":[{"href":"https:\/\/vimaterial.de\/es\/wp-json\/wp\/v2\/media?parent=1015099"}],"wp:term":[{"taxonomy":"product_brand","embeddable":true,"href":"https:\/\/vimaterial.de\/es\/wp-json\/wp\/v2\/product_brand?post=1015099"},{"taxonomy":"product_cat","embeddable":true,"href":"https:\/\/vimaterial.de\/es\/wp-json\/wp\/v2\/product_cat?post=1015099"},{"taxonomy":"product_tag","embeddable":true,"href":"https:\/\/vimaterial.de\/es\/wp-json\/wp\/v2\/product_tag?post=1015099"}],"curies":[{"name":"wp","href":"https:\/\/api.w.org\/{rel}","templated":true}]}}