{"id":1015073,"date":"2024-06-17T14:43:15","date_gmt":"2024-06-17T06:43:15","guid":{"rendered":"https:\/\/vimaterial.de\/product\/sulfuro-de-hierro-6\/"},"modified":"2025-04-16T14:48:54","modified_gmt":"2025-04-16T06:48:54","slug":"sulfuro-de-hierro-6","status":"publish","type":"product","link":"https:\/\/vimaterial.de\/es\/product\/sulfuro-de-hierro-6\/","title":{"rendered":"Sulfuro de hierro"},"content":{"rendered":"<p>Los gr\u00e1nulos <span style=\"color: #0000ff;\"><a style=\"color: #0000ff;\" href=\"https:\/\/vimaterial.de\/en\/product\/iron-sulfide-3\/\">de sulfuro de hierro<\/a><\/span> son gr\u00e1nulos s\u00f3lidos de color negro o marr\u00f3n oscuro, el componente principal es el sulfuro ferroso, con propiedades qu\u00edmicas como insoluble en agua, soluble en \u00e1cido, y tiene una amplia gama de aplicaciones en la industria, la protecci\u00f3n del medio ambiente y otros campos.<\/p>\n<p>VIMATERIAL proporciona gr\u00e1nulos de sulfuro de hierro, nuestros gr\u00e1nulos son uniformes y estables en composici\u00f3n, de alta pureza, fuertes en dureza, controlables en tama\u00f1o de part\u00edcula, etc. Y podemos aceptar productos y experimentos personalizados, contamos con un equipo profesional de investigaci\u00f3n y desarrollo t\u00e9cnico,<span style=\"color: #0000ff;\"><a style=\"color: #0000ff;\" href=\"https:\/\/vimaterial.de\/en\/contact-us\/\"> cont\u00e1ctenos<\/a><\/span> pronto. <\/p>\n<h2><span style=\"font-size: 14pt;\">Propiedades f\u00edsicas<\/span><\/h2>\n<p>F\u00f3rmula molecular: FeS<\/p>\n<p>Peso molecular: 87.91<\/p>\n<p>Aspecto: generalmente cristales hexagonales de color negro-marr\u00f3n<\/p>\n<p>Densidad: aprox. 4,84 g\/cm\u00b3.<\/p>\n<p>Punto de fusi\u00f3n: alrededor de 1194 \u00b0C<\/p>\n<p>Estructura cristalina: pertenece al sistema cristalino hexagonal, su estructura cristalina determina que sus propiedades f\u00edsicas y qu\u00edmicas puedan diferir en diferentes direcciones.<\/p>\n<h2><span style=\"font-size: 14pt;\">Aplicaci\u00f3n<\/span><\/h2>\n<p>Campo industrial: En la industria, se puede utilizar como una materia prima importante para la preparaci\u00f3n de sales de hierro como el sulfato ferroso, que se usa ampliamente en las industrias de purificaci\u00f3n de agua, aditivos para piensos y pigmentos.<\/p>\n<p>Agricultura: En la agricultura, se puede agregar al suelo como fertilizante de azufre para proporcionar elementos de azufre para los cultivos amantes del azufre, mejorar la resistencia y la calidad de los cultivos y ayudar a la producci\u00f3n agr\u00edcola.<\/p>\n<p>Campo de protecci\u00f3n del medio ambiente: en la protecci\u00f3n del medio ambiente, tiene cierta propiedad reductora y se puede utilizar para tratar aguas residuales que contienen iones de metales pesados, a trav\u00e9s de una reacci\u00f3n qu\u00edmica para convertir parte de los iones de metales pesados en precipitaci\u00f3n, a fin de reducir el grado de contaminaci\u00f3n de las aguas residuales y desempe\u00f1ar un papel en la purificaci\u00f3n de la calidad del agua.<\/p>\n<h2><span style=\"font-size: 14pt;\">Control de calidad<\/span><\/h2>\n<p><span style=\"color: #0000ff;\"><a style=\"color: #0000ff;\" href=\"https:\/\/vimaterial.de\/en\/quality-control\/\">Cada lote<\/a><\/span> de productos protege estrictamente la calidad, desde la selecci\u00f3n de los proveedores de materias primas, hasta el uso de equipos de prueba avanzados para monitorear con precisi\u00f3n todo el proceso de producci\u00f3n, hasta el producto terminado a trav\u00e9s de muchas rondas de muestreo severo y certificaci\u00f3n autorizada de terceros, para garantizar que cada lote de productos cumpla y supere los altos est\u00e1ndares de la industria con un  Sistema de control de calidad de tolerancia cero, para proporcionar a nuestros clientes la mejor calidad y los productos m\u00e1s estables.<\/p>\n<h2><span style=\"font-size: 14pt;\">Embalaje y almacenamiento<\/span><\/h2>\n<p>Los gr\u00e1nulos de sulfuro de hierro se envasan en bolsas de vac\u00edo o botellas de vac\u00edo con cajas de cart\u00f3n exteriores.<\/p>\n<p>Los gr\u00e1nulos de sulfuro de hierro deben almacenarse en un lugar seco, fresco y bien ventilado, lejos del aire, el agua y los oxidantes fuertes para evitar la oxidaci\u00f3n, la hidr\u00f3lisis y el deterioro.<\/p>\n","protected":false},"excerpt":{"rendered":"<p>Los gr\u00e1nulos <span style=\"color: #0000ff;\"><a style=\"color: #0000ff;\" href=\"https:\/\/vimaterial.de\/en\/product\/iron-sulfide-3\/\">de sulfuro de hierro<\/a><\/span> son gr\u00e1nulos s\u00f3lidos de color negro o marr\u00f3n oscuro, el componente principal es el sulfuro ferroso, con propiedades qu\u00edmicas como insoluble en agua, soluble en \u00e1cido, y tiene una amplia gama de aplicaciones en la industria, la protecci\u00f3n del medio ambiente y otros campos.<\/p>\n","protected":false},"featured_media":1001946,"comment_status":"open","ping_status":"closed","template":"","meta":{"_acf_changed":false},"product_brand":[],"product_cat":[179],"product_tag":[],"class_list":{"0":"post-1015073","1":"product","2":"type-product","3":"status-publish","4":"has-post-thumbnail","6":"product_cat-materiales-de-evaporacion","8":"first","9":"instock","10":"shipping-taxable","11":"product-type-variable"},"acf":[],"_links":{"self":[{"href":"https:\/\/vimaterial.de\/es\/wp-json\/wp\/v2\/product\/1015073","targetHints":{"allow":["GET"]}}],"collection":[{"href":"https:\/\/vimaterial.de\/es\/wp-json\/wp\/v2\/product"}],"about":[{"href":"https:\/\/vimaterial.de\/es\/wp-json\/wp\/v2\/types\/product"}],"replies":[{"embeddable":true,"href":"https:\/\/vimaterial.de\/es\/wp-json\/wp\/v2\/comments?post=1015073"}],"wp:featuredmedia":[{"embeddable":true,"href":"https:\/\/vimaterial.de\/es\/wp-json\/wp\/v2\/media\/1001946"}],"wp:attachment":[{"href":"https:\/\/vimaterial.de\/es\/wp-json\/wp\/v2\/media?parent=1015073"}],"wp:term":[{"taxonomy":"product_brand","embeddable":true,"href":"https:\/\/vimaterial.de\/es\/wp-json\/wp\/v2\/product_brand?post=1015073"},{"taxonomy":"product_cat","embeddable":true,"href":"https:\/\/vimaterial.de\/es\/wp-json\/wp\/v2\/product_cat?post=1015073"},{"taxonomy":"product_tag","embeddable":true,"href":"https:\/\/vimaterial.de\/es\/wp-json\/wp\/v2\/product_tag?post=1015073"}],"curies":[{"name":"wp","href":"https:\/\/api.w.org\/{rel}","templated":true}]}}