{"id":1015057,"date":"2024-06-17T14:43:15","date_gmt":"2024-06-17T06:43:15","guid":{"rendered":"https:\/\/vimaterial.de\/product\/sulfuro-de-hierro-4\/"},"modified":"2025-04-16T14:45:30","modified_gmt":"2025-04-16T06:45:30","slug":"sulfuro-de-hierro-4","status":"publish","type":"product","link":"https:\/\/vimaterial.de\/es\/product\/sulfuro-de-hierro-4\/","title":{"rendered":"Sulfuro de hierro"},"content":{"rendered":"<p><span style=\"color: #0000ff;\"><a style=\"color: #0000ff;\" href=\"https:\/\/vimaterial.de\/en\/product\/iron-sulfide-3\/\">El polvo de sulfuro de hierro<\/a><\/span> es un polvo de color marr\u00f3n oscuro, compuesto principalmente de hierro y azufre, con un cierto brillo met\u00e1lico, insoluble en agua, se puede utilizar como materia prima para la preparaci\u00f3n de otros compuestos de hierro en la industria qu\u00edmica, y tambi\u00e9n se utiliza en el campo del tratamiento de aguas residuales y la fabricaci\u00f3n de pigmentos.<\/p>\n<p>VIAMTERIAL suministra polvo de sulfuro de hierro, nuestro polvo tiene las caracter\u00edsticas de alta pureza, tama\u00f1o de part\u00edcula uniforme, buena fluidez, propiedades qu\u00edmicas estables, etc. Tambi\u00e9n admitimos el embalaje y la realizaci\u00f3n de pedidos en lotes peque\u00f1os. Contamos con un equipo profesional de investigaci\u00f3n y desarrollo t\u00e9cnico, aceptamos la personalizaci\u00f3n y experimentaci\u00f3n del producto, <span style=\"color: #0000ff;\"><a style=\"color: #0000ff;\" href=\"https:\/\/vimaterial.de\/en\/contact-us\/\">cont\u00e1ctenos.<\/a><\/span>  <\/p>\n<h2><span style=\"font-size: 14pt;\">Propiedades f\u00edsicas<\/span><\/h2>\n<p>F\u00f3rmula molecular: FeS<\/p>\n<p>Peso molecular: alrededor de 87.91<\/p>\n<p>Aspecto: Aparece como polvo de color marr\u00f3n negruzco con un tenue brillo met\u00e1lico<\/p>\n<p>Densidad: aprox. 4,84 g\/cm\u00b3<\/p>\n<p>Punto de fusi\u00f3n: alrededor de 1194 \u00b0C<\/p>\n<p>Estructura cristalina: Tiene una estructura cristalina hexagonal, que afecta sus propiedades f\u00edsicas y qu\u00edmicas, como las propiedades el\u00e9ctricas y magn\u00e9ticas.<\/p>\n<h2><span style=\"font-size: 14pt;\">Aplicaciones<\/span><\/h2>\n<p>Campo de tratamiento de aguas residuales: El polvo de sulfuro de hierro se utiliza en el tratamiento de aguas residuales, que puede eliminar los iones de metales pesados en las aguas residuales a trav\u00e9s de la precipitaci\u00f3n, formar precipitaci\u00f3n de sulfuro de metal insoluble, purificar eficazmente la calidad del agua, cumplir con el est\u00e1ndar de descarga y ayudar al enlace de tratamiento de aguas residuales en el negocio de protecci\u00f3n ambiental.<\/p>\n<p>Industria metal\u00fargica: en el proceso de fundici\u00f3n de hierro y acero, el polvo de sulfuro de hierro, como una especie de agente sulfurante, puede ajustar el contenido de azufre en el hierro y el acero, para mejorar las propiedades mec\u00e1nicas y de corte del hierro y el acero, y satisfacer los requisitos espec\u00edficos de los materiales de hierro y acero para diferentes aplicaciones industriales.<\/p>\n<h2><span style=\"font-size: 14pt;\">Control de calidad<\/span><\/h2>\n<p><span style=\"color: #0000ff;\"><a style=\"color: #0000ff;\" href=\"https:\/\/vimaterial.de\/en\/quality-control\/\">El control de calidad<\/a><\/span> de cada lote de productos se lleva a cabo a lo largo de todo el proceso de adquisici\u00f3n de materias primas, producci\u00f3n y procesamiento, pruebas e inspecci\u00f3n y embalaje, siguiendo estrictamente los est\u00e1ndares internacionales y las normas de la industria. Contamos con equipos de prueba avanzados, equipo profesional de control de calidad y un estricto sistema de control de calidad para garantizar la calidad del producto. <\/p>\n<h2><span style=\"font-size: 14pt;\">Embalaje y almacenamiento<\/span><\/h2>\n<p>El polvo de sulfuro de hierro se empaqueta en una bolsa de vac\u00edo de doble capa o en una botella de vac\u00edo de doble capa, y el paquete exterior se empaqueta en una caja de cart\u00f3n.<\/p>\n<p>El polvo de sulfuro de hierro debe almacenarse en un ambiente seco, fresco y bien ventilado, sellado, evitando el contacto con agentes oxidantes y \u00e1cidos, evitando la humedad, la oxidaci\u00f3n y las posibles reacciones qu\u00edmicas, y colocado de acuerdo con las normas sobre almacenamiento qu\u00edmico.<\/p>\n","protected":false},"excerpt":{"rendered":"<p><span style=\"color: #0000ff;\"><a style=\"color: #0000ff;\" href=\"https:\/\/vimaterial.de\/en\/product\/iron-sulfide-3\/\">El polvo de sulfuro de hierro<\/a><\/span> es un polvo de color marr\u00f3n oscuro, compuesto principalmente de hierro y azufre, con un cierto brillo met\u00e1lico, insoluble en agua, se puede utilizar como materia prima para la preparaci\u00f3n de otros compuestos de hierro en la industria qu\u00edmica, y tambi\u00e9n se utiliza en el campo del tratamiento de aguas residuales y la fabricaci\u00f3n de pigmentos.<\/p>\n","protected":false},"featured_media":1001953,"comment_status":"open","ping_status":"closed","template":"","meta":{"_acf_changed":false},"product_brand":[],"product_cat":[181],"product_tag":[],"class_list":{"0":"post-1015057","1":"product","2":"type-product","3":"status-publish","4":"has-post-thumbnail","6":"product_cat-materiales-calcogenuros","8":"first","9":"instock","10":"shipping-taxable","11":"purchasable","12":"product-type-variable"},"acf":[],"_links":{"self":[{"href":"https:\/\/vimaterial.de\/es\/wp-json\/wp\/v2\/product\/1015057","targetHints":{"allow":["GET"]}}],"collection":[{"href":"https:\/\/vimaterial.de\/es\/wp-json\/wp\/v2\/product"}],"about":[{"href":"https:\/\/vimaterial.de\/es\/wp-json\/wp\/v2\/types\/product"}],"replies":[{"embeddable":true,"href":"https:\/\/vimaterial.de\/es\/wp-json\/wp\/v2\/comments?post=1015057"}],"wp:featuredmedia":[{"embeddable":true,"href":"https:\/\/vimaterial.de\/es\/wp-json\/wp\/v2\/media\/1001953"}],"wp:attachment":[{"href":"https:\/\/vimaterial.de\/es\/wp-json\/wp\/v2\/media?parent=1015057"}],"wp:term":[{"taxonomy":"product_brand","embeddable":true,"href":"https:\/\/vimaterial.de\/es\/wp-json\/wp\/v2\/product_brand?post=1015057"},{"taxonomy":"product_cat","embeddable":true,"href":"https:\/\/vimaterial.de\/es\/wp-json\/wp\/v2\/product_cat?post=1015057"},{"taxonomy":"product_tag","embeddable":true,"href":"https:\/\/vimaterial.de\/es\/wp-json\/wp\/v2\/product_tag?post=1015057"}],"curies":[{"name":"wp","href":"https:\/\/api.w.org\/{rel}","templated":true}]}}