{"id":1015041,"date":"2024-06-17T14:56:24","date_gmt":"2024-06-17T06:56:24","guid":{"rendered":"https:\/\/vimaterial.de\/product\/oxido-cuproso-i-2\/"},"modified":"2025-04-14T16:09:58","modified_gmt":"2025-04-14T08:09:58","slug":"oxido-cuproso-i-2","status":"publish","type":"product","link":"https:\/\/vimaterial.de\/es\/product\/oxido-cuproso-i-2\/","title":{"rendered":"\u00d3xido cuproso (I)"},"content":{"rendered":"<p>Los polvos <span style=\"color: #0000ff;\"><a style=\"color: #0000ff;\" href=\"https:\/\/vimaterial.de\/es\/product\/oxido-cuproso-i\/\">de \u00f3xido cuproso (I) son de<\/a><\/span> color rojo o rojo oscuro, insolubles en agua, qu\u00edmicamente estables, semiconductores y tienen aplicaciones importantes en energ\u00eda fotovoltaica, cat\u00e1lisis, recubrimientos antiincrustantes y muchas otras \u00e1reas.<\/p>\n<p>Suministramos una amplia gama de polvos de \u00f3xido de cuproso (I) con alta pureza, bajo contenido de impurezas, tama\u00f1o de part\u00edcula fino, distribuci\u00f3n controlada del tama\u00f1o de part\u00edcula y precio bajo. Los polvos de \u00f3xido cuproso (I) est\u00e1n disponibles en stock con un MOQ peque\u00f1o y un buen servicio postventa. Contamos con un equipo profesional de investigaci\u00f3n y desarrollo t\u00e9cnico, puede<span style=\"color: #0000ff;\"><a style=\"color: #0000ff;\" href=\"https:\/\/vimaterial.de\/es\/contacto\/\"> contactarnos<\/a><\/span> si tiene alguna pregunta.<\/p>\n<h2><span style=\"font-size: 14pt;\">Propiedades f\u00edsicas<\/span><\/h2>\n<p>F\u00f3rmula molecular: Cu\u2082O<\/p>\n<p>Peso molecular: 143,09 g\/mol<\/p>\n<p>Aspecto: s\u00f3lido de color rojo parduzco.<\/p>\n<p>Densidad: 6,0 g\/cm\u00b3.<\/p>\n<p>Punto de fusi\u00f3n: 1232\u00b0C<\/p>\n<p>Punto de ebullici\u00f3n: 1800\u00b0C<\/p>\n<p>Estructura cristalina: Sistema cristalino c\u00fabico, pertenece a la estructura del tipo hematita, hay ligando tipo mancuerna (Cu-O\u2082)\u00b3- y ligando tetra\u00e9drico (O-Cu\u2084)\u00b3\u207a en los cristales, y las cuatro esquinas apicales del tetraedro est\u00e1n asociadas con el ox\u00edgeno, constituyendo un ani\u00f3n complejo (Cu) con estructura c\u00fabica. \u2084O\u2085)\u2076-, siendo el cubo equivalente a una celda de cristal.<\/p>\n<h2><span style=\"font-size: 14pt;\">Aplicaciones<\/span><\/h2>\n<p>Campo fotovoltaico: se puede utilizar para preparar la capa de absorci\u00f3n de luz de las c\u00e9lulas solares, y su ancho de banda prohibido adecuado puede absorber eficazmente la luz solar, promover el proceso de conversi\u00f3n fotoel\u00e9ctrica y mejorar la eficiencia de la c\u00e9lula.<\/p>\n<p>Cat\u00e1lisis: En reacciones catal\u00edticas, como ciertas reacciones de oxidaci\u00f3n en s\u00edntesis org\u00e1nica, como catalizador, puede reducir la energ\u00eda de activaci\u00f3n de la reacci\u00f3n, acelerar el proceso de reacci\u00f3n y mejorar la selectividad de la reacci\u00f3n.<\/p>\n<p>Recubrimientos antiincrustantes: Cuando se agrega a los recubrimientos antiincrustantes para barcos, libera lentamente iones de cobre, inhibe la adhesi\u00f3n de organismos marinos, prolonga la vida \u00fatil de los barcos y reduce los costos de mantenimiento.<\/p>\n<p>Fabricaci\u00f3n de vidrio: Se puede utilizar en la producci\u00f3n de vidrio coloreado para impartir un tinte rojizo al vidrio, y sus propiedades semiconductoras tienen una aplicaci\u00f3n potencial en el desarrollo de algunos vidrios funcionales especiales para modular las propiedades \u00f3pticas y el\u00e9ctricas del vidrio.<\/p>\n<h2><span style=\"font-size: 14pt;\">Control de calidad<\/span><\/h2>\n<p><span style=\"color: #0000ff;\"><a style=\"color: #0000ff;\" href=\"https:\/\/vimaterial.de\/es\/control-de-calidad\/\">Cada lote<\/a><\/span> de productos implementa el sistema de control de calidad m\u00e1s estricto, hemos completado los registros de productos, la trazabilidad del producto con una estricta garant\u00eda de calidad. Tenemos un proceso completo para el manejo de productos no conformes, y no fluiremos los productos no conformes al siguiente proceso. Proporcionamos muestras para la reinspecci\u00f3n de los clientes, y tambi\u00e9n apoyamos a las organizaciones de inspecci\u00f3n de terceros designadas por los clientes.<\/p>\n<h2><span style=\"font-size: 14pt;\">Embalaje y almacenamiento<\/span><\/h2>\n<p>Los polvos de \u00f3xido cuproso (I) se envasan en bolsas de doble vac\u00edo o botellas de doble vac\u00edo con cajas de cart\u00f3n exteriores. La unidad m\u00ednima de envasado es de 100 g\/botella.<\/p>\n<p>Los polvos de \u00f3xido cuproso (I) deben almacenarse en un ambiente seco, fresco y bien ventilado, protegidos de la luz, sellados, evitando el contacto con \u00e1cidos, \u00e1lcalis y sustancias oxidantes, y lejos de fuentes de ignici\u00f3n y calor, para evitar el deterioro debido a la humedad, la oxidaci\u00f3n o la reacci\u00f3n qu\u00edmica.<\/p>\n","protected":false},"excerpt":{"rendered":"<p>Los polvos <span style=\"color: #0000ff;\"><a style=\"color: #0000ff;\" href=\"https:\/\/vimaterial.de\/es\/product\/oxido-cuproso-i\/\">de \u00f3xido cuproso (I) son de<\/a><\/span> color rojo o rojo oscuro, insolubles en agua, qu\u00edmicamente estables, semiconductores y tienen aplicaciones importantes en energ\u00eda fotovoltaica, cat\u00e1lisis, recubrimientos antiincrustantes y muchas otras \u00e1reas.<\/p>\n<p>Suministramos una amplia gama de polvos de \u00f3xido de cuproso (I) con alta pureza, bajo contenido de impurezas, tama\u00f1o de part\u00edcula fino, distribuci\u00f3n controlada del tama\u00f1o de part\u00edcula y precio bajo. Los polvos de \u00f3xido cuproso (I) est\u00e1n disponibles en stock con un MOQ peque\u00f1o y un buen servicio postventa. Contamos con un equipo profesional de investigaci\u00f3n y desarrollo t\u00e9cnico, puede<span style=\"color: #0000ff;\"><a style=\"color: #0000ff;\" href=\"https:\/\/vimaterial.de\/es\/contacto\/\"> contactarnos<\/a><\/span> si tiene alguna pregunta.<\/p>\n","protected":false},"featured_media":1002965,"comment_status":"open","ping_status":"closed","template":"","meta":{"_acf_changed":false},"product_brand":[],"product_cat":[186],"product_tag":[],"class_list":{"0":"post-1015041","1":"product","2":"type-product","3":"status-publish","4":"has-post-thumbnail","6":"product_cat-materiales-de-oxido-hidroxido","8":"first","9":"instock","10":"shipping-taxable","11":"purchasable","12":"product-type-variable"},"acf":[],"_links":{"self":[{"href":"https:\/\/vimaterial.de\/es\/wp-json\/wp\/v2\/product\/1015041","targetHints":{"allow":["GET"]}}],"collection":[{"href":"https:\/\/vimaterial.de\/es\/wp-json\/wp\/v2\/product"}],"about":[{"href":"https:\/\/vimaterial.de\/es\/wp-json\/wp\/v2\/types\/product"}],"replies":[{"embeddable":true,"href":"https:\/\/vimaterial.de\/es\/wp-json\/wp\/v2\/comments?post=1015041"}],"wp:featuredmedia":[{"embeddable":true,"href":"https:\/\/vimaterial.de\/es\/wp-json\/wp\/v2\/media\/1002965"}],"wp:attachment":[{"href":"https:\/\/vimaterial.de\/es\/wp-json\/wp\/v2\/media?parent=1015041"}],"wp:term":[{"taxonomy":"product_brand","embeddable":true,"href":"https:\/\/vimaterial.de\/es\/wp-json\/wp\/v2\/product_brand?post=1015041"},{"taxonomy":"product_cat","embeddable":true,"href":"https:\/\/vimaterial.de\/es\/wp-json\/wp\/v2\/product_cat?post=1015041"},{"taxonomy":"product_tag","embeddable":true,"href":"https:\/\/vimaterial.de\/es\/wp-json\/wp\/v2\/product_tag?post=1015041"}],"curies":[{"name":"wp","href":"https:\/\/api.w.org\/{rel}","templated":true}]}}