{"id":1015011,"date":"2024-06-17T14:56:24","date_gmt":"2024-06-17T06:56:24","guid":{"rendered":"https:\/\/vimaterial.de\/product\/oxido-cuproso-i\/"},"modified":"2025-04-14T10:11:48","modified_gmt":"2025-04-14T02:11:48","slug":"oxido-cuproso-i","status":"publish","type":"product","link":"https:\/\/vimaterial.de\/es\/product\/oxido-cuproso-i\/","title":{"rendered":"\u00d3xido cuproso (I)"},"content":{"rendered":"<p>El objetivo de pulverizaci\u00f3n <span style=\"color: #0000ff;\"><a style=\"color: #0000ff;\" href=\"https:\/\/vimaterial.de\/es\/product\/oxido-cuproso-i-2\/\">cat\u00f3dica de \u00f3xido cuproso (I)<\/a> <\/span>es un proceso de pulverizaci\u00f3n cat\u00f3dica utilizado en la deposici\u00f3n f\u00edsica de vapor (PVD) para depositar pel\u00edculas delgadas de \u00f3xido cuproso de alta calidad en la superficie del sustrato, que desempe\u00f1a un papel importante en muchos campos, como la electr\u00f3nica y la \u00f3ptica.<\/p>\n<p>VIMATERIAL suministra objetivos de pulverizaci\u00f3n cat\u00f3dica de \u00f3xido cuproso (I) de alta pureza y alta calidad con estructura densa, pulverizaci\u00f3n cat\u00f3dica uniforme, alta pureza, bajas impurezas, rendimiento estable del producto y puede proporcionar un servicio de uni\u00f3n de objetivos. Nuestra empresa cuenta con un equipo profesional del R&amp;D y acepta todo tipo de servicios personalizados, por favor <span style=\"color: #0000ff;\"><a style=\"color: #0000ff;\" href=\"https:\/\/vimaterial.de\/es\/contacto\/\">cont\u00e1ctenos<\/a><\/span>.<\/p>\n<h2><span style=\"font-size: 14pt;\">Propiedades f\u00edsicas<\/span><\/h2>\n<p>F\u00f3rmula molecular: Cu\u2082O<\/p>\n<p>Peso molecular: 143.08<\/p>\n<p>Aspecto: generalmente objetivo de color rojo oscuro<\/p>\n<p>Densidad: 6,04 g\/cm\u00b3 (20\u00b0C)<\/p>\n<p>Punto de fusi\u00f3n: 1235 \u00b0C<\/p>\n<p>Estructura cristalina: sistema de cristal c\u00fabico<\/p>\n<h2><span style=\"font-size: 14pt;\">Aplicaciones<\/span><\/h2>\n<p>Campo de c\u00e9lulas solares: ayuda a la preparaci\u00f3n de pel\u00edculas de conversi\u00f3n fotoel\u00e9ctrica de alta eficiencia, mejora la eficiencia del uso de la energ\u00eda solar.<\/p>\n<p>En la fabricaci\u00f3n de productos electr\u00f3nicos: Los objetivos de pulverizaci\u00f3n cat\u00f3dica de \u00f3xido cuproso (I) se utilizan para la deposici\u00f3n de pel\u00edculas conductoras especiales, que son clave para optimizar el rendimiento de los circuitos de precisi\u00f3n.<\/p>\n<p>Recubrimiento \u00f3ptico: puede crear pel\u00edculas delgadas con propiedades \u00f3pticas \u00fanicas, que se usan ampliamente en lentes de instrumentos \u00f3pticos para aumentar la transparencia y filtrar la luz.<\/p>\n<p>Fabricaci\u00f3n de sensores: Los objetivos de pulverizaci\u00f3n cat\u00f3dica de \u00f3xido cuproso (I) permiten la deposici\u00f3n de pel\u00edculas delgadas funcionales en la superficie de componentes sensibles, mejorando con precisi\u00f3n la sensibilidad y la estabilidad de los sensores.<\/p>\n<h2><span style=\"font-size: 14pt;\">Control de calidad<\/span><\/h2>\n<p>Se implementa <span style=\"color: #0000ff;\"><a style=\"color: #0000ff;\" href=\"https:\/\/vimaterial.de\/es\/control-de-calidad\/\">el m\u00e1s estricto<\/a><\/span> sistema de gesti\u00f3n de calidad para cada lote de productos, con registros completos desde las materias primas hasta los productos finales para facilitar la trazabilidad del producto. Contamos con estrictas medidas de segregaci\u00f3n para el manejo de productos no conformes para garantizar que ning\u00fan producto no conforme pueda dejarse para el siguiente proceso.<\/p>\n<h2><span style=\"font-size: 14pt;\">Embalaje y almacenamiento<\/span><\/h2>\n<p>Los objetivos de pulverizaci\u00f3n cat\u00f3dica de \u00f3xido cuproso (I) se empaquetan en bolsas de vac\u00edo dobles y luego se empaquetan.<\/p>\n<p>Los objetivos de pulverizaci\u00f3n cat\u00f3dica de \u00f3xido cuproso (I) deben almacenarse en un ambiente seco, fresco y bien ventilado, protegidos de la humedad, la oxidaci\u00f3n y el contacto con sustancias corrosivas, y protegidos del impacto f\u00edsico y la compresi\u00f3n.<\/p>\n","protected":false},"excerpt":{"rendered":"<p>El objetivo de pulverizaci\u00f3n cat\u00f3dica de \u00f3xido cuproso (I) es un proceso de pulverizaci\u00f3n cat\u00f3dica utilizado en la deposici\u00f3n f\u00edsica de vapor (PVD) para depositar pel\u00edculas delgadas de \u00f3xido cuproso de alta calidad en la superficie del sustrato, que desempe\u00f1a un papel importante en muchos campos, como la electr\u00f3nica y la \u00f3ptica.<\/p>\n<p>VIMATERIAL suministra objetivos de pulverizaci\u00f3n cat\u00f3dica de \u00f3xido cuproso (I) de alta pureza y alta calidad con estructura densa, pulverizaci\u00f3n cat\u00f3dica uniforme, alta pureza, bajas impurezas, rendimiento estable del producto y puede proporcionar un servicio de uni\u00f3n de objetivos. Nuestra empresa cuenta con un equipo profesional del R&amp;D y acepta todo tipo de servicios personalizados, por favor cont\u00e1ctenos.<\/p>\n","protected":false},"featured_media":1002974,"comment_status":"open","ping_status":"closed","template":"","meta":{"_acf_changed":false},"product_brand":[],"product_cat":[178],"product_tag":[],"class_list":{"0":"post-1015011","1":"product","2":"type-product","3":"status-publish","4":"has-post-thumbnail","6":"product_cat-catodos-para-sputtering-planar","8":"first","9":"instock","10":"shipping-taxable","11":"purchasable","12":"product-type-variable"},"acf":[],"_links":{"self":[{"href":"https:\/\/vimaterial.de\/es\/wp-json\/wp\/v2\/product\/1015011","targetHints":{"allow":["GET"]}}],"collection":[{"href":"https:\/\/vimaterial.de\/es\/wp-json\/wp\/v2\/product"}],"about":[{"href":"https:\/\/vimaterial.de\/es\/wp-json\/wp\/v2\/types\/product"}],"replies":[{"embeddable":true,"href":"https:\/\/vimaterial.de\/es\/wp-json\/wp\/v2\/comments?post=1015011"}],"wp:featuredmedia":[{"embeddable":true,"href":"https:\/\/vimaterial.de\/es\/wp-json\/wp\/v2\/media\/1002974"}],"wp:attachment":[{"href":"https:\/\/vimaterial.de\/es\/wp-json\/wp\/v2\/media?parent=1015011"}],"wp:term":[{"taxonomy":"product_brand","embeddable":true,"href":"https:\/\/vimaterial.de\/es\/wp-json\/wp\/v2\/product_brand?post=1015011"},{"taxonomy":"product_cat","embeddable":true,"href":"https:\/\/vimaterial.de\/es\/wp-json\/wp\/v2\/product_cat?post=1015011"},{"taxonomy":"product_tag","embeddable":true,"href":"https:\/\/vimaterial.de\/es\/wp-json\/wp\/v2\/product_tag?post=1015011"}],"curies":[{"name":"wp","href":"https:\/\/api.w.org\/{rel}","templated":true}]}}