{"id":1015001,"date":"2024-06-17T14:56:26","date_gmt":"2024-06-17T06:56:26","guid":{"rendered":"https:\/\/vimaterial.de\/product\/seleniuro-de-cobre-4\/"},"modified":"2025-04-14T09:44:16","modified_gmt":"2025-04-14T01:44:16","slug":"seleniuro-de-cobre-4","status":"publish","type":"product","link":"https:\/\/vimaterial.de\/es\/product\/seleniuro-de-cobre-4\/","title":{"rendered":"Seleniuro de cobre"},"content":{"rendered":"<p>Los gr\u00e1nulos <span style=\"color: #0000ff;\"><a style=\"color: #0000ff;\" href=\"https:\/\/vimaterial.de\/es\/product\/seleniuro-de-cobre-5\/\">de seleniuro de cobre<\/a><\/span> son part\u00edculas s\u00f3lidas compuestas de cobre y selenio con propiedades fisicoqu\u00edmicas espec\u00edficas, que se encuentran com\u00fanmente en cristales c\u00fabicos negros y otras formas, que tienen aplicaciones importantes en optoelectr\u00f3nica, semiconductores y otros campos.<\/p>\n<p>Suministramos gr\u00e1nulos de seleniuro de cobre, nuestros pellets de seleniuro de cobre tienen alta eficiencia termoel\u00e9ctrica, bajo precio, alta estabilidad del producto, estricto control de calidad del producto y MOQ peque\u00f1o. Contamos con un equipo profesional de investigaci\u00f3n y desarrollo t\u00e9cnico, puede <span style=\"color: #0000ff;\"><a style=\"color: #0000ff;\" href=\"https:\/\/vimaterial.de\/es\/contacto\/\">contactarnos<\/a><\/span> si tiene alguna pregunta.<\/p>\n<h2><span style=\"font-size: 14pt;\">Propiedades f\u00edsicas<\/span><\/h2>\n<p>F\u00f3rmula molecular: Cu\u2082Se<\/p>\n<p>Peso molecular: alrededor de 206.0520<\/p>\n<p>Aspecto: generalmente part\u00edculas de cristal de color azul oscuro a negro<\/p>\n<p>Densidad: 6,84 g\/mL<\/p>\n<p>Punto de fusi\u00f3n: 1113 \u00b0C<\/p>\n<p>Estructura cristalina: Estructura cristalina tetragonal, en la que los \u00e1tomos de cobre y selenio forman una red cristalina regular en una disposici\u00f3n espec\u00edfica, esta estructura le da al seleniuro de cobre propiedades f\u00edsicas y qu\u00edmicas \u00fanicas.<\/p>\n<h2><span style=\"font-size: 14pt;\">Aplicaciones<\/span><\/h2>\n<p>Termoelectricidad: En el campo de la termoelectricidad, se puede utilizar en la fabricaci\u00f3n de generadores termoel\u00e9ctricos y equipos de refrigeraci\u00f3n, que pueden convertir eficientemente el calor y la electricidad en virtud de sus buenas propiedades termoel\u00e9ctricas.<\/p>\n<p>Campo fotovoltaico: En las c\u00e9lulas solares, el Cu\u2082Se, como material de la capa de absorci\u00f3n, puede absorber eficazmente la luz solar y generar portadores, lo que se espera que mejore la eficiencia de conversi\u00f3n fotoel\u00e9ctrica de las c\u00e9lulas fotovoltaicas.<\/p>\n<p>Dispositivos electr\u00f3nicos: Se puede utilizar como material de contacto en la fabricaci\u00f3n de componentes electr\u00f3nicos, como transistores y diodos, y sus propiedades el\u00e9ctricas se pueden utilizar para mejorar el rendimiento de los dispositivos electr\u00f3nicos, por ejemplo, reduciendo la resistencia de contacto.<\/p>\n<p>Campo de dispositivos optoelectr\u00f3nicos: En el campo de los dispositivos optoelectr\u00f3nicos, se puede utilizar para fabricar fotodetectores para detectar y convertir se\u00f1ales de luz en un rango de longitud de onda espec\u00edfico, que desempe\u00f1a un papel en las comunicaciones \u00f3pticas y otros campos.<\/p>\n<p>Cat\u00e1lisis: En las reacciones catal\u00edticas, especialmente las que implican la generaci\u00f3n de hidr\u00f3geno o la s\u00edntesis org\u00e1nica, el Cu\u2082Se puede utilizar como catalizador para acelerar el proceso de reacci\u00f3n utilizando los sitios activos de su superficie.<\/p>\n<h2><span style=\"font-size: 14pt;\">Control de calidad<\/span><\/h2>\n<p><span style=\"color: #0000ff;\"><a style=\"color: #0000ff;\" href=\"https:\/\/vimaterial.de\/es\/control-de-calidad\/\">Cada lote<\/a><\/span> de productos implementa el sistema de control de calidad m\u00e1s estricto, hemos completado los registros de productos, la trazabilidad del producto con una estricta garant\u00eda de calidad. Tenemos un proceso completo para el manejo de productos no conformes, y no fluiremos los productos no conformes al siguiente proceso. Proporcionamos muestras para la reinspecci\u00f3n de los clientes, y tambi\u00e9n apoyamos a las organizaciones de inspecci\u00f3n de terceros designadas por los clientes.<\/p>\n<h2><span style=\"font-size: 14pt;\">Embalaje y almacenamiento<\/span><\/h2>\n<p>Los gr\u00e1nulos de selenuro de cobre se envasan en bolsas de doble vac\u00edo o botellas de doble vac\u00edo con cajas de cart\u00f3n exteriores. La unidad m\u00ednima de envasado es de 100 g\/botella.<\/p>\n<p>Los gr\u00e1nulos de seleniuro de cobre deben almacenarse en un ambiente seco, fresco, resistente a la luz y bien sellado, preferiblemente en recipientes llenos de gas inerte, evitando el contacto con el aire, la humedad, los \u00e1cidos fuertes y los agentes oxidantes fuertes, para evitar la oxidaci\u00f3n, la delicuescencia o las reacciones qu\u00edmicas que podr\u00edan alterar sus propiedades.<\/p>\n","protected":false},"excerpt":{"rendered":"<p>Los gr\u00e1nulos <span style=\"color: #0000ff;\"><a style=\"color: #0000ff;\" href=\"https:\/\/vimaterial.de\/es\/product\/seleniuro-de-cobre-5\/\">de seleniuro de cobre<\/a><\/span> son part\u00edculas s\u00f3lidas compuestas de cobre y selenio con propiedades fisicoqu\u00edmicas espec\u00edficas, que se encuentran com\u00fanmente en cristales c\u00fabicos negros y otras formas, que tienen aplicaciones importantes en optoelectr\u00f3nica, semiconductores y otros campos.<\/p>\n<p>Suministramos gr\u00e1nulos de seleniuro de cobre, nuestros pellets de seleniuro de cobre tienen alta eficiencia termoel\u00e9ctrica, bajo precio, alta estabilidad del producto, estricto control de calidad del producto y MOQ peque\u00f1o. Contamos con un equipo profesional de investigaci\u00f3n y desarrollo t\u00e9cnico, puede <span style=\"color: #0000ff;\"><a style=\"color: #0000ff;\" href=\"https:\/\/vimaterial.de\/es\/contacto\/\">contactarnos<\/a><\/span> si tiene alguna pregunta.<\/p>\n","protected":false},"featured_media":1003000,"comment_status":"open","ping_status":"closed","template":"","meta":{"_acf_changed":false},"product_brand":[],"product_cat":[179],"product_tag":[],"class_list":{"0":"post-1015001","1":"product","2":"type-product","3":"status-publish","4":"has-post-thumbnail","6":"product_cat-materiales-de-evaporacion","8":"first","9":"instock","10":"shipping-taxable","11":"product-type-variable"},"acf":[],"_links":{"self":[{"href":"https:\/\/vimaterial.de\/es\/wp-json\/wp\/v2\/product\/1015001","targetHints":{"allow":["GET"]}}],"collection":[{"href":"https:\/\/vimaterial.de\/es\/wp-json\/wp\/v2\/product"}],"about":[{"href":"https:\/\/vimaterial.de\/es\/wp-json\/wp\/v2\/types\/product"}],"replies":[{"embeddable":true,"href":"https:\/\/vimaterial.de\/es\/wp-json\/wp\/v2\/comments?post=1015001"}],"wp:featuredmedia":[{"embeddable":true,"href":"https:\/\/vimaterial.de\/es\/wp-json\/wp\/v2\/media\/1003000"}],"wp:attachment":[{"href":"https:\/\/vimaterial.de\/es\/wp-json\/wp\/v2\/media?parent=1015001"}],"wp:term":[{"taxonomy":"product_brand","embeddable":true,"href":"https:\/\/vimaterial.de\/es\/wp-json\/wp\/v2\/product_brand?post=1015001"},{"taxonomy":"product_cat","embeddable":true,"href":"https:\/\/vimaterial.de\/es\/wp-json\/wp\/v2\/product_cat?post=1015001"},{"taxonomy":"product_tag","embeddable":true,"href":"https:\/\/vimaterial.de\/es\/wp-json\/wp\/v2\/product_tag?post=1015001"}],"curies":[{"name":"wp","href":"https:\/\/api.w.org\/{rel}","templated":true}]}}