{"id":1014990,"date":"2024-06-17T14:56:26","date_gmt":"2024-06-17T06:56:26","guid":{"rendered":"https:\/\/vimaterial.de\/product\/sulfuro-de-cobre\/"},"modified":"2025-04-14T09:52:44","modified_gmt":"2025-04-14T01:52:44","slug":"sulfuro-de-cobre","status":"publish","type":"product","link":"https:\/\/vimaterial.de\/es\/product\/sulfuro-de-cobre\/","title":{"rendered":"Sulfuro de cobre"},"content":{"rendered":"<p>El objetivo de pulverizaci\u00f3n cat\u00f3dica <span style=\"color: #0000ff;\"><a style=\"color: #0000ff;\" href=\"https:\/\/vimaterial.de\/es\/product\/sulfuro-de-cobre-2\/\">de sulfuro de cobre<\/a><\/span> se compone principalmente de Cu\u2082S. En t\u00e9rminos de aplicaci\u00f3n, se utiliza en la tecnolog\u00eda de deposici\u00f3n f\u00edsica de vapor, en semiconductores, fotovoltaica, recubrimiento \u00f3ptico, fabricaci\u00f3n de dispositivos electr\u00f3nicos y otros campos, a trav\u00e9s de la deposici\u00f3n de pel\u00edculas delgadas para lograr el aumento de la eficiencia de la conversi\u00f3n fotovoltaica, la mejora del rendimiento el\u00e9ctrico, la fabricaci\u00f3n de componentes \u00f3pticos y otras funciones.<\/p>\n<p>VIMATERIAL suministra objetivos de pulverizaci\u00f3n cat\u00f3dica de sulfuro de cobre, contamos con un equipo profesional del R&amp;D para apoyar su personalizaci\u00f3n de objetivos y servicio de uni\u00f3n de objetivos, <span style=\"color: #0000ff;\"><a style=\"color: #0000ff;\" href=\"https:\/\/vimaterial.de\/es\/contacto\/\">cont\u00e1ctenos<\/a><\/span> si tiene alguna pregunta.<\/p>\n<h2><span style=\"font-size: 14pt;\">Propiedades f\u00edsicas<\/span><\/h2>\n<p>F\u00f3rmula molecular: Cu\u2082S<\/p>\n<p>Peso molecular: 159.16<\/p>\n<p>Aspecto: gris-negro brillante s\u00f3lido<\/p>\n<p>Densidad: 5,6 g\/cm\u00b3<\/p>\n<p>Punto de fusi\u00f3n: 1130\u00b0C<\/p>\n<p>Estructura cristalina: Sistema de cristal c\u00fabico<\/p>\n<h2><span style=\"font-size: 14pt;\">Aplicaciones<\/span><\/h2>\n<p>Campo semiconductor: Se utiliza en la deposici\u00f3n de pel\u00edcula delgada en la fabricaci\u00f3n de circuitos integrados, proporcionando a las pel\u00edculas semiconductoras funciones espec\u00edficas para los chips.<\/p>\n<p>Campo fotovoltaico: como uno de los materiales para las c\u00e9lulas solares, puede mejorar la eficiencia de conversi\u00f3n fotoel\u00e9ctrica de las c\u00e9lulas.<\/p>\n<p>Dispositivos electr\u00f3nicos: se utilizan para fabricar electrodos conductores para proporcionar una buena conductividad a los dispositivos electr\u00f3nicos.<\/p>\n<p>Campo \u00f3ptico: se utiliza en la fabricaci\u00f3n de componentes \u00f3pticos como dispositivos de conversi\u00f3n fotot\u00e9rmica y polarizadores de radiaci\u00f3n infrarroja.<\/p>\n<h2><span style=\"font-size: 14pt;\">Control de calidad<\/span><\/h2>\n<p><span style=\"color: #0000ff;\"><a style=\"color: #0000ff;\" href=\"https:\/\/vimaterial.de\/es\/control-de-calidad\/\">Cada lote<\/a><\/span> de productos implementa el sistema de control de calidad m\u00e1s estricto, hemos completado los registros de productos, la trazabilidad del producto con una estricta garant\u00eda de calidad. Tenemos un proceso completo para el manejo de productos no conformes, y no fluiremos los productos no conformes al siguiente proceso. Proporcionamos muestras para la reinspecci\u00f3n de los clientes, y tambi\u00e9n apoyamos a las organizaciones de inspecci\u00f3n de terceros designadas por los clientes.<\/p>\n<h2><span style=\"font-size: 14pt;\">Embalaje y almacenamiento<\/span><\/h2>\n<p>Los objetivos de pulverizaci\u00f3n cat\u00f3dica de sulfuro de cobre se empaquetan en bolsas de vac\u00edo dobles y luego se empaquetan para su protecci\u00f3n.<\/p>\n<p>Los blancos de pulverizaci\u00f3n cat\u00f3dica de sulfuro de cobre deben almacenarse en un ambiente seco, fresco y bien ventilado, protegidos de la luz, colocados en recipientes sellados, preferiblemente llenos de gas inerte, y almacenados separados de oxidantes fuertes, \u00e1cidos y otras sustancias susceptibles a reacciones qu\u00edmicas, para evitar la humedad, la oxidaci\u00f3n y la contaminaci\u00f3n por impurezas, para garantizar que sus propiedades f\u00edsicas y qu\u00edmicas sean estables.<\/p>\n","protected":false},"excerpt":{"rendered":"<p>El objetivo de pulverizaci\u00f3n cat\u00f3dica <span style=\"color: #0000ff;\"><a style=\"color: #0000ff;\" href=\"https:\/\/vimaterial.de\/es\/product\/sulfuro-de-cobre-2\/\">de sulfuro de cobre<\/a><\/span> se compone principalmente de Cu\u2082S. En t\u00e9rminos de aplicaci\u00f3n, se utiliza en la tecnolog\u00eda de deposici\u00f3n f\u00edsica de vapor, en semiconductores, fotovoltaica, recubrimiento \u00f3ptico, fabricaci\u00f3n de dispositivos electr\u00f3nicos y otros campos, a trav\u00e9s de la deposici\u00f3n de pel\u00edculas delgadas para lograr el aumento de la eficiencia de la conversi\u00f3n fotovoltaica, la mejora del rendimiento el\u00e9ctrico, la fabricaci\u00f3n de componentes \u00f3pticos y otras funciones.<\/p>\n<p>VIMATERIAL suministra objetivos de pulverizaci\u00f3n cat\u00f3dica de sulfuro de cobre, contamos con un equipo profesional del R&amp;D para apoyar su personalizaci\u00f3n de objetivos y servicio de uni\u00f3n de objetivos, <span style=\"color: #0000ff;\"><a style=\"color: #0000ff;\" href=\"https:\/\/vimaterial.de\/es\/contacto\/\">cont\u00e1ctenos<\/a><\/span> si tiene alguna pregunta.<\/p>\n","protected":false},"featured_media":1002991,"comment_status":"open","ping_status":"closed","template":"","meta":{"_acf_changed":false},"product_brand":[],"product_cat":[178],"product_tag":[],"class_list":{"0":"post-1014990","1":"product","2":"type-product","3":"status-publish","4":"has-post-thumbnail","6":"product_cat-catodos-para-sputtering-planar","8":"first","9":"instock","10":"shipping-taxable","11":"product-type-variable"},"acf":[],"_links":{"self":[{"href":"https:\/\/vimaterial.de\/es\/wp-json\/wp\/v2\/product\/1014990","targetHints":{"allow":["GET"]}}],"collection":[{"href":"https:\/\/vimaterial.de\/es\/wp-json\/wp\/v2\/product"}],"about":[{"href":"https:\/\/vimaterial.de\/es\/wp-json\/wp\/v2\/types\/product"}],"replies":[{"embeddable":true,"href":"https:\/\/vimaterial.de\/es\/wp-json\/wp\/v2\/comments?post=1014990"}],"wp:featuredmedia":[{"embeddable":true,"href":"https:\/\/vimaterial.de\/es\/wp-json\/wp\/v2\/media\/1002991"}],"wp:attachment":[{"href":"https:\/\/vimaterial.de\/es\/wp-json\/wp\/v2\/media?parent=1014990"}],"wp:term":[{"taxonomy":"product_brand","embeddable":true,"href":"https:\/\/vimaterial.de\/es\/wp-json\/wp\/v2\/product_brand?post=1014990"},{"taxonomy":"product_cat","embeddable":true,"href":"https:\/\/vimaterial.de\/es\/wp-json\/wp\/v2\/product_cat?post=1014990"},{"taxonomy":"product_tag","embeddable":true,"href":"https:\/\/vimaterial.de\/es\/wp-json\/wp\/v2\/product_tag?post=1014990"}],"curies":[{"name":"wp","href":"https:\/\/api.w.org\/{rel}","templated":true}]}}